{"id":20983,"date":"2025-08-27T13:39:53","date_gmt":"2025-08-27T10:39:53","guid":{"rendered":"https:\/\/keluvo.com\/se\/product\/ergonomisk-kudde\/"},"modified":"2025-08-27T13:40:03","modified_gmt":"2025-08-27T10:40:03","slug":"ergonomisk-kudde","status":"publish","type":"product","link":"https:\/\/keluvo.com\/se\/product\/ergonomisk-kudde\/","title":{"rendered":"Ergonomisk kudde"},"content":{"rendered":"<h2 style=\"text-align: center\">Ergonomisk Design F\u00f6r Komfort<\/h2>\n<p style=\"text-align: center\">Den ergonomiska kudden \u00e4r speciellt formad f\u00f6r att passa den naturliga kurvan p\u00e5 ditt huvud, nacke och axlar. Den ger ett stabilt och bekv\u00e4mt st\u00f6d som hj\u00e4lper till att lindra tryck och f\u00f6rb\u00e4ttra din s\u00f6mnkvalitet.<\/p>\n<p><img decoding=\"async\" class=\"alignnone size-medium wp-image-9585 aligncenter\" src=\"https:\/\/keluvo.com\/template\/wp-content\/uploads\/sites\/5\/2025\/01\/S92e4a57232d14d76b59bfe05bfdceb29R.jpg_960x960q75.jpg_.jpeg\" alt=\"\" \/><\/p>\n<h2 style=\"text-align: center\">L\u00e4mplig F\u00f6r Alla Sovande<\/h2>\n<p style=\"text-align: center\">Den h\u00e4r kudden \u00e4r utformad f\u00f6r alla sovst\u00e4llningar och \u00e4r perfekt f\u00f6r dem som sover p\u00e5 sidan, ryggen eller magen. Den \u00f6ronformade designen minskar trycket p\u00e5 \u00f6rat, vilket g\u00f6r den till ett utm\u00e4rkt val f\u00f6r en vilsam natts s\u00f6mn.<\/p>\n<p><img decoding=\"async\" class=\"alignnone size-medium wp-image-9582 aligncenter\" src=\"https:\/\/keluvo.com\/template\/wp-content\/uploads\/sites\/5\/2025\/01\/Sec1ae11af24e47c78160c5c2a79204829.jpg_960x960q75.jpg_.jpeg\" alt=\"\" \/><\/p>\n","protected":false},"excerpt":{"rendered":"<p>Ergonomisk Design F\u00f6r Komfort Den ergonomiska kudden \u00e4r speciellt formad f\u00f6r att passa den naturliga kurvan p\u00e5 ditt huvud, nacke [&hellip;]<\/p>\n","protected":false},"featured_media":20979,"comment_status":"open","ping_status":"closed","template":"","meta":{"site-sidebar-layout":"default","site-content-layout":"","ast-site-content-layout":"default","site-content-style":"default","site-sidebar-style":"default","ast-global-header-display":"","ast-banner-title-visibility":"","ast-main-header-display":"","ast-hfb-above-header-display":"","ast-hfb-below-header-display":"","ast-hfb-mobile-header-display":"","site-post-title":"","ast-breadcrumbs-content":"","ast-featured-img":"","footer-sml-layout":"","theme-transparent-header-meta":"default","adv-header-id-meta":"","stick-header-meta":"","header-above-stick-meta":"","header-main-stick-meta":"","header-below-stick-meta":"","astra-migrate-meta-layouts":"set","ast-page-background-enabled":"default","ast-page-background-meta":{"desktop":{"background-color":"var(--ast-global-color-4)","background-image":"","background-repeat":"repeat","background-position":"center center","background-size":"auto","background-attachment":"scroll","background-type":"","background-media":"","overlay-type":"","overlay-color":"","overlay-opacity":"","overlay-gradient":""},"tablet":{"background-color":"","background-image":"","background-repeat":"repeat","background-position":"center center","background-size":"auto","background-attachment":"scroll","background-type":"","background-media":"","overlay-type":"","overlay-color":"","overlay-opacity":"","overlay-gradient":""},"mobile":{"background-color":"","background-image":"","background-repeat":"repeat","background-position":"center center","background-size":"auto","background-attachment":"scroll","background-type":"","background-media":"","overlay-type":"","overlay-color":"","overlay-opacity":"","overlay-gradient":""}},"ast-content-background-meta":{"desktop":{"background-color":"var(--ast-global-color-5)","background-image":"","background-repeat":"repeat","background-position":"center center","background-size":"auto","background-attachment":"scroll","background-type":"","background-media":"","overlay-type":"","overlay-color":"","overlay-opacity":"","overlay-gradient":""},"tablet":{"background-color":"var(--ast-global-color-5)","background-image":"","background-repeat":"repeat","background-position":"center center","background-size":"auto","background-attachment":"scroll","background-type":"","background-media":"","overlay-type":"","overlay-color":"","overlay-opacity":"","overlay-gradient":""},"mobile":{"background-color":"var(--ast-global-color-5)","background-image":"","background-repeat":"repeat","background-position":"center center","background-size":"auto","background-attachment":"scroll","background-type":"","background-media":"","overlay-type":"","overlay-color":"","overlay-opacity":"","overlay-gradient":""}}},"product_brand":[],"product_cat":[993],"product_tag":[],"class_list":{"0":"post-20983","1":"product","2":"type-product","3":"status-publish","4":"has-post-thumbnail","6":"product_cat-footwear-accessories","7":"pa_43053_9y0pzgj1-gra","8":"pa_43053_9y0pzgj1-vit","9":"desktop-align-left","10":"tablet-align-left","11":"mobile-align-left","13":"first","14":"instock","15":"shipping-taxable","16":"purchasable","17":"product-type-variable"},"_links":{"self":[{"href":"https:\/\/keluvo.com\/se\/wp-json\/wp\/v2\/product\/20983","targetHints":{"allow":["GET"]}}],"collection":[{"href":"https:\/\/keluvo.com\/se\/wp-json\/wp\/v2\/product"}],"about":[{"href":"https:\/\/keluvo.com\/se\/wp-json\/wp\/v2\/types\/product"}],"replies":[{"embeddable":true,"href":"https:\/\/keluvo.com\/se\/wp-json\/wp\/v2\/comments?post=20983"}],"wp:featuredmedia":[{"embeddable":true,"href":"https:\/\/keluvo.com\/se\/wp-json\/wp\/v2\/media\/20979"}],"wp:attachment":[{"href":"https:\/\/keluvo.com\/se\/wp-json\/wp\/v2\/media?parent=20983"}],"wp:term":[{"taxonomy":"product_brand","embeddable":true,"href":"https:\/\/keluvo.com\/se\/wp-json\/wp\/v2\/product_brand?post=20983"},{"taxonomy":"product_cat","embeddable":true,"href":"https:\/\/keluvo.com\/se\/wp-json\/wp\/v2\/product_cat?post=20983"},{"taxonomy":"product_tag","embeddable":true,"href":"https:\/\/keluvo.com\/se\/wp-json\/wp\/v2\/product_tag?post=20983"}],"curies":[{"name":"wp","href":"https:\/\/api.w.org\/{rel}","templated":true}]}}