{"id":20957,"date":"2025-08-27T13:38:45","date_gmt":"2025-08-27T10:38:45","guid":{"rendered":"https:\/\/keluvo.com\/se\/product\/spetsspanne\/"},"modified":"2025-08-27T13:39:14","modified_gmt":"2025-08-27T10:39:14","slug":"spetsspanne","status":"publish","type":"product","link":"https:\/\/keluvo.com\/se\/product\/spetsspanne\/","title":{"rendered":"Spetssp\u00e4nne"},"content":{"rendered":"<h2 style=\"text-align: center\" data-start=\"0\" data-end=\"32\">H\u00e5ller Skosn\u00f6rena P\u00e5 Plats<\/h2>\n<p style=\"text-align: center\" data-start=\"33\" data-end=\"246\">Sn\u00f6rsp\u00e4nnet har ett l\u00e5ssystem som h\u00e5ller dina skosn\u00f6ren p\u00e5 plats. Du beh\u00f6ver inte l\u00e4ngre oroa dig f\u00f6r l\u00f6sa skosn\u00f6ren n\u00e4r du g\u00e5r eller springer. Det ger ett starkt grepp s\u00e5 att dina skor sitter bekv\u00e4mt och s\u00e4kert hela dagen.<\/p>\n<p style=\"text-align: center\" data-start=\"33\" data-end=\"246\"><img decoding=\"async\" class=\"alignnone size-medium wp-image-12689\" src=\"https:\/\/keluvo.com\/template\/wp-content\/uploads\/sites\/5\/2025\/03\/Sf4be79d3788c4c46a1831a5689af8b885.jpg_960x960q75.jpg_.jpeg\" alt=\"\" \/><\/p>\n<h2 style=\"text-align: center\" data-start=\"248\" data-end=\"280\">L\u00e4tt Att Anv\u00e4nda Och Justera<\/h2>\n<p style=\"text-align: center\" data-start=\"281\" data-end=\"481\">Det h\u00e4r sp\u00e4nnet \u00e4r enkelt att installera och justera till \u00f6nskad passform. F\u00f6r bara skosn\u00f6rena genom sp\u00e4nnet och dra \u00e5t efter behov. Det sparar tid och g\u00f6r det snabbt och problemfritt att ta p\u00e5 sig skorna.<\/p>\n<p data-start=\"281\" data-end=\"481\"><img decoding=\"async\" class=\"alignnone size-medium wp-image-12687 aligncenter\" src=\"https:\/\/keluvo.com\/template\/wp-content\/uploads\/sites\/5\/2025\/03\/Sb0510ac590ce4e21b3fada8d596847a3Q.jpg_960x960q75.jpg_.jpeg\" alt=\"\" \/><\/p>\n","protected":false},"excerpt":{"rendered":"<p>H\u00e5ller Skosn\u00f6rena P\u00e5 Plats Sn\u00f6rsp\u00e4nnet har ett l\u00e5ssystem som h\u00e5ller dina skosn\u00f6ren p\u00e5 plats. Du beh\u00f6ver inte l\u00e4ngre oroa dig [&hellip;]<\/p>\n","protected":false},"featured_media":20953,"comment_status":"open","ping_status":"closed","template":"","meta":{"site-sidebar-layout":"default","site-content-layout":"","ast-site-content-layout":"default","site-content-style":"default","site-sidebar-style":"default","ast-global-header-display":"","ast-banner-title-visibility":"","ast-main-header-display":"","ast-hfb-above-header-display":"","ast-hfb-below-header-display":"","ast-hfb-mobile-header-display":"","site-post-title":"","ast-breadcrumbs-content":"","ast-featured-img":"","footer-sml-layout":"","theme-transparent-header-meta":"default","adv-header-id-meta":"","stick-header-meta":"","header-above-stick-meta":"","header-main-stick-meta":"","header-below-stick-meta":"","astra-migrate-meta-layouts":"set","ast-page-background-enabled":"default","ast-page-background-meta":{"desktop":{"background-color":"var(--ast-global-color-4)","background-image":"","background-repeat":"repeat","background-position":"center center","background-size":"auto","background-attachment":"scroll","background-type":"","background-media":"","overlay-type":"","overlay-color":"","overlay-opacity":"","overlay-gradient":""},"tablet":{"background-color":"","background-image":"","background-repeat":"repeat","background-position":"center center","background-size":"auto","background-attachment":"scroll","background-type":"","background-media":"","overlay-type":"","overlay-color":"","overlay-opacity":"","overlay-gradient":""},"mobile":{"background-color":"","background-image":"","background-repeat":"repeat","background-position":"center center","background-size":"auto","background-attachment":"scroll","background-type":"","background-media":"","overlay-type":"","overlay-color":"","overlay-opacity":"","overlay-gradient":""}},"ast-content-background-meta":{"desktop":{"background-color":"var(--ast-global-color-5)","background-image":"","background-repeat":"repeat","background-position":"center center","background-size":"auto","background-attachment":"scroll","background-type":"","background-media":"","overlay-type":"","overlay-color":"","overlay-opacity":"","overlay-gradient":""},"tablet":{"background-color":"var(--ast-global-color-5)","background-image":"","background-repeat":"repeat","background-position":"center center","background-size":"auto","background-attachment":"scroll","background-type":"","background-media":"","overlay-type":"","overlay-color":"","overlay-opacity":"","overlay-gradient":""},"mobile":{"background-color":"var(--ast-global-color-5)","background-image":"","background-repeat":"repeat","background-position":"center center","background-size":"auto","background-attachment":"scroll","background-type":"","background-media":"","overlay-type":"","overlay-color":"","overlay-opacity":"","overlay-gradient":""}}},"product_brand":[],"product_cat":[993],"product_tag":[],"class_list":{"0":"post-20957","1":"product","2":"type-product","3":"status-publish","4":"has-post-thumbnail","6":"product_cat-footwear-accessories","7":"pa_31905_n6349gl8-bla","8":"pa_31905_n6349gl8-gron","9":"pa_31905_n6349gl8-gul","10":"pa_31905_n6349gl8-orange","11":"pa_31905_n6349gl8-rod","12":"pa_31905_n6349gl8-rosa","13":"pa_31905_n6349gl8-svart","14":"pa_31905_n6349gl8-vit","15":"desktop-align-left","16":"tablet-align-left","17":"mobile-align-left","19":"first","20":"instock","21":"shipping-taxable","22":"purchasable","23":"product-type-variable"},"_links":{"self":[{"href":"https:\/\/keluvo.com\/se\/wp-json\/wp\/v2\/product\/20957","targetHints":{"allow":["GET"]}}],"collection":[{"href":"https:\/\/keluvo.com\/se\/wp-json\/wp\/v2\/product"}],"about":[{"href":"https:\/\/keluvo.com\/se\/wp-json\/wp\/v2\/types\/product"}],"replies":[{"embeddable":true,"href":"https:\/\/keluvo.com\/se\/wp-json\/wp\/v2\/comments?post=20957"}],"wp:featuredmedia":[{"embeddable":true,"href":"https:\/\/keluvo.com\/se\/wp-json\/wp\/v2\/media\/20953"}],"wp:attachment":[{"href":"https:\/\/keluvo.com\/se\/wp-json\/wp\/v2\/media?parent=20957"}],"wp:term":[{"taxonomy":"product_brand","embeddable":true,"href":"https:\/\/keluvo.com\/se\/wp-json\/wp\/v2\/product_brand?post=20957"},{"taxonomy":"product_cat","embeddable":true,"href":"https:\/\/keluvo.com\/se\/wp-json\/wp\/v2\/product_cat?post=20957"},{"taxonomy":"product_tag","embeddable":true,"href":"https:\/\/keluvo.com\/se\/wp-json\/wp\/v2\/product_tag?post=20957"}],"curies":[{"name":"wp","href":"https:\/\/api.w.org\/{rel}","templated":true}]}}