{"id":20942,"date":"2025-08-27T13:37:54","date_gmt":"2025-08-27T10:37:54","guid":{"rendered":"https:\/\/keluvo.com\/se\/product\/form-for-aggomelett\/"},"modified":"2025-08-27T13:38:16","modified_gmt":"2025-08-27T10:38:16","slug":"form-for-aggomelett","status":"publish","type":"product","link":"https:\/\/keluvo.com\/se\/product\/form-for-aggomelett\/","title":{"rendered":"Form f\u00f6r \u00e4ggomelett"},"content":{"rendered":"<h2 style=\"text-align: center\" data-start=\"0\" data-end=\"34\">Roliga Former Till Frukost<\/h2>\n<p style=\"text-align: center\" data-start=\"35\" data-end=\"210\">G\u00f6r dina morgnar sp\u00e4nnande med \u00e4ggomelettformen. Den formar \u00e4ggen till s\u00f6ta m\u00f6nster som ugglor, d\u00f6dskallar och blommor. Perfekt f\u00f6r barn och vuxna som \u00e4lskar kreativa m\u00e5ltider.<\/p>\n<p data-start=\"35\" data-end=\"210\"><img decoding=\"async\" class=\"alignnone size-medium wp-image-12734 aligncenter\" src=\"https:\/\/keluvo.com\/template\/wp-content\/uploads\/sites\/5\/2025\/03\/77a0ea56-e5da-46e7-a929-92420d414cbf.webp\" alt=\"\" \/><\/p>\n<h2 style=\"text-align: center\" data-start=\"212\" data-end=\"242\">S\u00e4ker Och Enkel Att Anv\u00e4nda<\/h2>\n<p style=\"text-align: center\" data-start=\"243\" data-end=\"453\">\u00c4ggomelettformen \u00e4r tillverkad av livsmedelsklassad silikon och \u00e4r s\u00e4ker och non-stick. Den klarar b\u00e5de h\u00f6ga och l\u00e5ga temperaturer, vilket g\u00f6r den perfekt f\u00f6r att steka \u00e4gg och pannkakor. Reng\u00f6ring g\u00e5r snabbt och enkelt med bara vatten.<\/p>\n<p data-start=\"243\" data-end=\"453\"><img decoding=\"async\" class=\"alignnone size-medium wp-image-12737 aligncenter\" src=\"https:\/\/keluvo.com\/template\/wp-content\/uploads\/sites\/5\/2025\/03\/H47a1d251c28a4aa9bb35b717cd104a04W.jpg_960x960q75.jpg_.jpeg\" alt=\"\" \/><\/p>\n","protected":false},"excerpt":{"rendered":"<p>Roliga Former Till Frukost G\u00f6r dina morgnar sp\u00e4nnande med \u00e4ggomelettformen. Den formar \u00e4ggen till s\u00f6ta m\u00f6nster som ugglor, d\u00f6dskallar och [&hellip;]<\/p>\n","protected":false},"featured_media":20938,"comment_status":"open","ping_status":"closed","template":"","meta":{"site-sidebar-layout":"default","site-content-layout":"","ast-site-content-layout":"default","site-content-style":"default","site-sidebar-style":"default","ast-global-header-display":"","ast-banner-title-visibility":"","ast-main-header-display":"","ast-hfb-above-header-display":"","ast-hfb-below-header-display":"","ast-hfb-mobile-header-display":"","site-post-title":"","ast-breadcrumbs-content":"","ast-featured-img":"","footer-sml-layout":"","theme-transparent-header-meta":"default","adv-header-id-meta":"","stick-header-meta":"","header-above-stick-meta":"","header-main-stick-meta":"","header-below-stick-meta":"","astra-migrate-meta-layouts":"set","ast-page-background-enabled":"default","ast-page-background-meta":{"desktop":{"background-color":"var(--ast-global-color-4)","background-image":"","background-repeat":"repeat","background-position":"center center","background-size":"auto","background-attachment":"scroll","background-type":"","background-media":"","overlay-type":"","overlay-color":"","overlay-opacity":"","overlay-gradient":""},"tablet":{"background-color":"","background-image":"","background-repeat":"repeat","background-position":"center center","background-size":"auto","background-attachment":"scroll","background-type":"","background-media":"","overlay-type":"","overlay-color":"","overlay-opacity":"","overlay-gradient":""},"mobile":{"background-color":"","background-image":"","background-repeat":"repeat","background-position":"center center","background-size":"auto","background-attachment":"scroll","background-type":"","background-media":"","overlay-type":"","overlay-color":"","overlay-opacity":"","overlay-gradient":""}},"ast-content-background-meta":{"desktop":{"background-color":"var(--ast-global-color-5)","background-image":"","background-repeat":"repeat","background-position":"center center","background-size":"auto","background-attachment":"scroll","background-type":"","background-media":"","overlay-type":"","overlay-color":"","overlay-opacity":"","overlay-gradient":""},"tablet":{"background-color":"var(--ast-global-color-5)","background-image":"","background-repeat":"repeat","background-position":"center center","background-size":"auto","background-attachment":"scroll","background-type":"","background-media":"","overlay-type":"","overlay-color":"","overlay-opacity":"","overlay-gradient":""},"mobile":{"background-color":"var(--ast-global-color-5)","background-image":"","background-repeat":"repeat","background-position":"center center","background-size":"auto","background-attachment":"scroll","background-type":"","background-media":"","overlay-type":"","overlay-color":"","overlay-opacity":"","overlay-gradient":""}}},"product_brand":[],"product_cat":[1001],"product_tag":[],"class_list":{"0":"post-20942","1":"product","2":"type-product","3":"status-publish","4":"has-post-thumbnail","6":"product_cat-household-goods","7":"pa_30342_7deelxa1-ansikte","8":"pa_30342_7deelxa1-dodskalle","9":"pa_30342_7deelxa1-kanin","10":"pa_30342_7deelxa1-solros","11":"pa_30342_7deelxa1-uggla","12":"desktop-align-left","13":"tablet-align-left","14":"mobile-align-left","16":"first","17":"instock","18":"shipping-taxable","19":"purchasable","20":"product-type-variable"},"_links":{"self":[{"href":"https:\/\/keluvo.com\/se\/wp-json\/wp\/v2\/product\/20942","targetHints":{"allow":["GET"]}}],"collection":[{"href":"https:\/\/keluvo.com\/se\/wp-json\/wp\/v2\/product"}],"about":[{"href":"https:\/\/keluvo.com\/se\/wp-json\/wp\/v2\/types\/product"}],"replies":[{"embeddable":true,"href":"https:\/\/keluvo.com\/se\/wp-json\/wp\/v2\/comments?post=20942"}],"wp:featuredmedia":[{"embeddable":true,"href":"https:\/\/keluvo.com\/se\/wp-json\/wp\/v2\/media\/20938"}],"wp:attachment":[{"href":"https:\/\/keluvo.com\/se\/wp-json\/wp\/v2\/media?parent=20942"}],"wp:term":[{"taxonomy":"product_brand","embeddable":true,"href":"https:\/\/keluvo.com\/se\/wp-json\/wp\/v2\/product_brand?post=20942"},{"taxonomy":"product_cat","embeddable":true,"href":"https:\/\/keluvo.com\/se\/wp-json\/wp\/v2\/product_cat?post=20942"},{"taxonomy":"product_tag","embeddable":true,"href":"https:\/\/keluvo.com\/se\/wp-json\/wp\/v2\/product_tag?post=20942"}],"curies":[{"name":"wp","href":"https:\/\/api.w.org\/{rel}","templated":true}]}}