{"id":20928,"date":"2025-08-27T13:37:07","date_gmt":"2025-08-27T10:37:07","guid":{"rendered":"https:\/\/keluvo.com\/se\/product\/rengoringsmedel-for-oljeflackar\/"},"modified":"2025-08-27T13:37:16","modified_gmt":"2025-08-27T10:37:16","slug":"rengoringsmedel-for-oljeflackar","status":"publish","type":"product","link":"https:\/\/keluvo.com\/se\/product\/rengoringsmedel-for-oljeflackar\/","title":{"rendered":"Reng\u00f6ringsmedel f\u00f6r oljefl\u00e4ckar"},"content":{"rendered":"<h2 style=\"text-align: center\" data-start=\"0\" data-end=\"34\">Tar bort sv\u00e5ra oljefl\u00e4ckar<\/h2>\n<p style=\"text-align: center\" data-start=\"35\" data-end=\"246\">Oil stain cleaner \u00e4r utformad f\u00f6r att enkelt ta bort envis fett och smuts. Det verkar djupt in i ytorna och g\u00f6r att k\u00f6ksfl\u00e4ktar, spisar och kastruller ser rena ut igen. Spraya och torka f\u00f6r en fettfri yta.<\/p>\n<p data-start=\"35\" data-end=\"246\"><img decoding=\"async\" class=\"alignnone size-medium wp-image-12648 aligncenter\" src=\"https:\/\/keluvo.com\/template\/wp-content\/uploads\/sites\/5\/2025\/03\/2a13d44e-981d-4f83-932a-0f76bd9db5d1.webp\" alt=\"\" \/><\/p>\n<h2 style=\"text-align: center\" data-start=\"248\" data-end=\"280\">Fungerar p\u00e5 m\u00e5nga ytor<\/h2>\n<p style=\"text-align: center\" data-start=\"281\" data-end=\"474\">Den h\u00e4r reng\u00f6ringen \u00e4r perfekt f\u00f6r k\u00f6ksmaskiner, v\u00e4ggar och k\u00f6ksredskap. Det tar bort oljefl\u00e4ckar fr\u00e5n k\u00f6ksfl\u00e4ktar, kranar och k\u00f6ksfl\u00e4ktar. Anv\u00e4nd den \u00f6verallt d\u00e4r fett ansamlas f\u00f6r ett fl\u00e4ckfritt hem.<\/p>\n<p data-start=\"281\" data-end=\"474\"><img decoding=\"async\" class=\"alignnone size-medium wp-image-12647 aligncenter\" src=\"https:\/\/keluvo.com\/template\/wp-content\/uploads\/sites\/5\/2025\/03\/0d4dd3c0-8b47-4d85-a3bf-1d01a4d54bb7.webp\" alt=\"\" \/><\/p>\n","protected":false},"excerpt":{"rendered":"<p>Tar bort sv\u00e5ra oljefl\u00e4ckar Oil stain cleaner \u00e4r utformad f\u00f6r att enkelt ta bort envis fett och smuts. Det verkar [&hellip;]<\/p>\n","protected":false},"featured_media":20924,"comment_status":"open","ping_status":"closed","template":"","meta":{"site-sidebar-layout":"default","site-content-layout":"","ast-site-content-layout":"default","site-content-style":"default","site-sidebar-style":"default","ast-global-header-display":"","ast-banner-title-visibility":"","ast-main-header-display":"","ast-hfb-above-header-display":"","ast-hfb-below-header-display":"","ast-hfb-mobile-header-display":"","site-post-title":"","ast-breadcrumbs-content":"","ast-featured-img":"","footer-sml-layout":"","theme-transparent-header-meta":"default","adv-header-id-meta":"","stick-header-meta":"","header-above-stick-meta":"","header-main-stick-meta":"","header-below-stick-meta":"","astra-migrate-meta-layouts":"set","ast-page-background-enabled":"default","ast-page-background-meta":{"desktop":{"background-color":"var(--ast-global-color-4)","background-image":"","background-repeat":"repeat","background-position":"center center","background-size":"auto","background-attachment":"scroll","background-type":"","background-media":"","overlay-type":"","overlay-color":"","overlay-opacity":"","overlay-gradient":""},"tablet":{"background-color":"","background-image":"","background-repeat":"repeat","background-position":"center center","background-size":"auto","background-attachment":"scroll","background-type":"","background-media":"","overlay-type":"","overlay-color":"","overlay-opacity":"","overlay-gradient":""},"mobile":{"background-color":"","background-image":"","background-repeat":"repeat","background-position":"center center","background-size":"auto","background-attachment":"scroll","background-type":"","background-media":"","overlay-type":"","overlay-color":"","overlay-opacity":"","overlay-gradient":""}},"ast-content-background-meta":{"desktop":{"background-color":"var(--ast-global-color-5)","background-image":"","background-repeat":"repeat","background-position":"center center","background-size":"auto","background-attachment":"scroll","background-type":"","background-media":"","overlay-type":"","overlay-color":"","overlay-opacity":"","overlay-gradient":""},"tablet":{"background-color":"var(--ast-global-color-5)","background-image":"","background-repeat":"repeat","background-position":"center center","background-size":"auto","background-attachment":"scroll","background-type":"","background-media":"","overlay-type":"","overlay-color":"","overlay-opacity":"","overlay-gradient":""},"mobile":{"background-color":"var(--ast-global-color-5)","background-image":"","background-repeat":"repeat","background-position":"center center","background-size":"auto","background-attachment":"scroll","background-type":"","background-media":"","overlay-type":"","overlay-color":"","overlay-opacity":"","overlay-gradient":""}}},"product_brand":[],"product_cat":[993],"product_tag":[],"class_list":{"0":"post-20928","1":"product","2":"type-product","3":"status-publish","4":"has-post-thumbnail","6":"product_cat-footwear-accessories","7":"pa_24279_mpq6418a-30-ml","8":"pa_24279_mpq6418a-100-ml","9":"desktop-align-left","10":"tablet-align-left","11":"mobile-align-left","13":"first","14":"instock","15":"shipping-taxable","16":"purchasable","17":"product-type-variable"},"_links":{"self":[{"href":"https:\/\/keluvo.com\/se\/wp-json\/wp\/v2\/product\/20928","targetHints":{"allow":["GET"]}}],"collection":[{"href":"https:\/\/keluvo.com\/se\/wp-json\/wp\/v2\/product"}],"about":[{"href":"https:\/\/keluvo.com\/se\/wp-json\/wp\/v2\/types\/product"}],"replies":[{"embeddable":true,"href":"https:\/\/keluvo.com\/se\/wp-json\/wp\/v2\/comments?post=20928"}],"wp:featuredmedia":[{"embeddable":true,"href":"https:\/\/keluvo.com\/se\/wp-json\/wp\/v2\/media\/20924"}],"wp:attachment":[{"href":"https:\/\/keluvo.com\/se\/wp-json\/wp\/v2\/media?parent=20928"}],"wp:term":[{"taxonomy":"product_brand","embeddable":true,"href":"https:\/\/keluvo.com\/se\/wp-json\/wp\/v2\/product_brand?post=20928"},{"taxonomy":"product_cat","embeddable":true,"href":"https:\/\/keluvo.com\/se\/wp-json\/wp\/v2\/product_cat?post=20928"},{"taxonomy":"product_tag","embeddable":true,"href":"https:\/\/keluvo.com\/se\/wp-json\/wp\/v2\/product_tag?post=20928"}],"curies":[{"name":"wp","href":"https:\/\/api.w.org\/{rel}","templated":true}]}}