{"id":20923,"date":"2025-08-27T13:36:41","date_gmt":"2025-08-27T10:36:41","guid":{"rendered":"https:\/\/keluvo.com\/se\/product\/nallebjorn-i-plysch\/"},"modified":"2025-09-13T15:43:25","modified_gmt":"2025-09-13T12:43:25","slug":"nallebjorn-i-plysch","status":"publish","type":"product","link":"https:\/\/keluvo.com\/se\/product\/nallebjorn-i-plysch\/","title":{"rendered":"Nallebj\u00f6rn i plysch"},"content":{"rendered":"<h2 style=\"text-align: center;\" data-start=\"0\" data-end=\"32\">Mjuk och gosig k\u00e4nsla<\/h2>\n<p style=\"text-align: center;\" data-start=\"33\" data-end=\"256\">Nallebj\u00f6rnsgosedjuret \u00e4r tillverkat av mjukt tyg, vilket g\u00f6r det perfekt att gosa med. Dess mjuka textur k\u00e4nns mysig och varm, vilket ger tr\u00f6st till b\u00e5de barn och vuxna. En fantastisk f\u00f6ljeslagare f\u00f6r l\u00e4ggdags, lek eller avkoppling.<\/p>\n<p data-start=\"33\" data-end=\"256\"><img decoding=\"async\" class=\"alignnone size-medium wp-image-12755 aligncenter\" src=\"https:\/\/keluvo.com\/template\/wp-content\/uploads\/sites\/5\/2025\/03\/48a9bdd1-fc13-4cc5-8db5-36f7e9e22778.webp\" alt=\"\" \/><\/p>\n<h2 style=\"text-align: center;\" data-start=\"258\" data-end=\"295\">Bed\u00e5rande och realistiskt utseende<\/h2>\n<p style=\"text-align: center;\" data-start=\"296\" data-end=\"529\">Designad med verklighetstrogna detaljer har teddybj\u00f6rnens plysch ett charmigt uttryck och s\u00f6ta drag. Dess klassiska bruna f\u00e4rg och gl\u00e4nsande \u00f6gon g\u00f6r den \u00e4nnu mer \u00e4lskv\u00e4rd. En perfekt dekoration f\u00f6r alla rum eller en speciell present till n\u00e4ra och k\u00e4ra.<\/p>\n<p data-start=\"296\" data-end=\"529\"><img decoding=\"async\" class=\"alignnone size-medium wp-image-12757 aligncenter\" src=\"https:\/\/keluvo.com\/template\/wp-content\/uploads\/sites\/5\/2025\/03\/f2d87b34-1f9c-4e45-aa62-5c8d57beb461.webp\" alt=\"\" \/><\/p>\n","protected":false},"excerpt":{"rendered":"<p>Mjuk och gosig k\u00e4nsla Nallebj\u00f6rnsgosedjuret \u00e4r tillverkat av mjukt tyg, vilket g\u00f6r det perfekt att gosa med. Dess mjuka textur [&hellip;]<\/p>\n","protected":false},"featured_media":20919,"comment_status":"open","ping_status":"closed","template":"","meta":{"site-sidebar-layout":"default","site-content-layout":"","ast-site-content-layout":"default","site-content-style":"default","site-sidebar-style":"default","ast-global-header-display":"","ast-banner-title-visibility":"","ast-main-header-display":"","ast-hfb-above-header-display":"","ast-hfb-below-header-display":"","ast-hfb-mobile-header-display":"","site-post-title":"","ast-breadcrumbs-content":"","ast-featured-img":"","footer-sml-layout":"","theme-transparent-header-meta":"default","adv-header-id-meta":"","stick-header-meta":"","header-above-stick-meta":"","header-main-stick-meta":"","header-below-stick-meta":"","astra-migrate-meta-layouts":"set","ast-page-background-enabled":"default","ast-page-background-meta":{"desktop":{"background-color":"var(--ast-global-color-4)","background-image":"","background-repeat":"repeat","background-position":"center center","background-size":"auto","background-attachment":"scroll","background-type":"","background-media":"","overlay-type":"","overlay-color":"","overlay-opacity":"","overlay-gradient":""},"tablet":{"background-color":"","background-image":"","background-repeat":"repeat","background-position":"center center","background-size":"auto","background-attachment":"scroll","background-type":"","background-media":"","overlay-type":"","overlay-color":"","overlay-opacity":"","overlay-gradient":""},"mobile":{"background-color":"","background-image":"","background-repeat":"repeat","background-position":"center center","background-size":"auto","background-attachment":"scroll","background-type":"","background-media":"","overlay-type":"","overlay-color":"","overlay-opacity":"","overlay-gradient":""}},"ast-content-background-meta":{"desktop":{"background-color":"var(--ast-global-color-5)","background-image":"","background-repeat":"repeat","background-position":"center center","background-size":"auto","background-attachment":"scroll","background-type":"","background-media":"","overlay-type":"","overlay-color":"","overlay-opacity":"","overlay-gradient":""},"tablet":{"background-color":"var(--ast-global-color-5)","background-image":"","background-repeat":"repeat","background-position":"center center","background-size":"auto","background-attachment":"scroll","background-type":"","background-media":"","overlay-type":"","overlay-color":"","overlay-opacity":"","overlay-gradient":""},"mobile":{"background-color":"var(--ast-global-color-5)","background-image":"","background-repeat":"repeat","background-position":"center center","background-size":"auto","background-attachment":"scroll","background-type":"","background-media":"","overlay-type":"","overlay-color":"","overlay-opacity":"","overlay-gradient":""}}},"product_brand":[],"product_cat":[990],"product_tag":[],"class_list":{"0":"post-20923","1":"product","2":"type-product","3":"status-publish","4":"has-post-thumbnail","6":"product_cat-toys-childrens-and-baby-products","7":"desktop-align-left","8":"tablet-align-left","9":"mobile-align-left","11":"first","12":"instock","13":"shipping-taxable","14":"purchasable","15":"product-type-simple"},"_links":{"self":[{"href":"https:\/\/keluvo.com\/se\/wp-json\/wp\/v2\/product\/20923","targetHints":{"allow":["GET"]}}],"collection":[{"href":"https:\/\/keluvo.com\/se\/wp-json\/wp\/v2\/product"}],"about":[{"href":"https:\/\/keluvo.com\/se\/wp-json\/wp\/v2\/types\/product"}],"replies":[{"embeddable":true,"href":"https:\/\/keluvo.com\/se\/wp-json\/wp\/v2\/comments?post=20923"}],"wp:featuredmedia":[{"embeddable":true,"href":"https:\/\/keluvo.com\/se\/wp-json\/wp\/v2\/media\/20919"}],"wp:attachment":[{"href":"https:\/\/keluvo.com\/se\/wp-json\/wp\/v2\/media?parent=20923"}],"wp:term":[{"taxonomy":"product_brand","embeddable":true,"href":"https:\/\/keluvo.com\/se\/wp-json\/wp\/v2\/product_brand?post=20923"},{"taxonomy":"product_cat","embeddable":true,"href":"https:\/\/keluvo.com\/se\/wp-json\/wp\/v2\/product_cat?post=20923"},{"taxonomy":"product_tag","embeddable":true,"href":"https:\/\/keluvo.com\/se\/wp-json\/wp\/v2\/product_tag?post=20923"}],"curies":[{"name":"wp","href":"https:\/\/api.w.org\/{rel}","templated":true}]}}