{"id":20882,"date":"2025-08-27T13:35:27","date_gmt":"2025-08-27T10:35:27","guid":{"rendered":"https:\/\/keluvo.com\/se\/product\/konstgjord-blomma\/"},"modified":"2025-08-27T13:36:24","modified_gmt":"2025-08-27T10:36:24","slug":"konstgjord-blomma","status":"publish","type":"product","link":"https:\/\/keluvo.com\/se\/product\/konstgjord-blomma\/","title":{"rendered":"Konstgjord blomma"},"content":{"rendered":"<h2 style=\"text-align: center\" data-start=\"0\" data-end=\"36\">Vacker och l\u00e5ngvarig<\/h2>\n<p style=\"text-align: center\" data-start=\"37\" data-end=\"235\">Den h\u00e4r konstgjorda blomman beh\u00e5ller sin sk\u00f6nhet f\u00f6r alltid, vilket g\u00f6r den till en perfekt dekoration eller present. Till skillnad fr\u00e5n riktiga blommor bleknar eller vissnar den inte med tiden. Njut av dess eleganta utseende i flera \u00e5r utan n\u00e5gon sk\u00f6tsel.<\/p>\n<p data-start=\"37\" data-end=\"235\"><img decoding=\"async\" class=\"alignnone size-medium wp-image-12669 aligncenter\" src=\"https:\/\/keluvo.com\/template\/wp-content\/uploads\/sites\/5\/2025\/03\/Sfa2df99b501b4b909b968504f6954e17F.jpg_960x960q75.jpg_.jpeg\" alt=\"\" \/><\/p>\n<h2 style=\"text-align: center\" data-start=\"237\" data-end=\"274\">Perfekt f\u00f6r speciella stunder<\/h2>\n<p style=\"text-align: center\" data-start=\"275\" data-end=\"494\">Den h\u00e4r blomman \u00e4r perfekt f\u00f6r br\u00f6llop, \u00e5rsdagar och romantiska g\u00e5vor och ger charm till alla tillf\u00e4llen. Dess tidl\u00f6sa design g\u00f6r den till en underbar symbol f\u00f6r k\u00e4rlek och uppskattning. \u00d6verraska dina n\u00e4ra och k\u00e4ra med en g\u00e5va som varar.<\/p>\n<p data-start=\"275\" data-end=\"494\"><img decoding=\"async\" class=\"alignnone size-medium wp-image-12660 aligncenter\" src=\"https:\/\/keluvo.com\/template\/wp-content\/uploads\/sites\/5\/2025\/03\/S310d133e469d423f8686826a553a694eC.jpg_960x960q75.jpg_.jpeg\" alt=\"\" \/><\/p>\n","protected":false},"excerpt":{"rendered":"<p>Vacker och l\u00e5ngvarig Den h\u00e4r konstgjorda blomman beh\u00e5ller sin sk\u00f6nhet f\u00f6r alltid, vilket g\u00f6r den till en perfekt dekoration eller [&hellip;]<\/p>\n","protected":false},"featured_media":20878,"comment_status":"open","ping_status":"closed","template":"","meta":{"site-sidebar-layout":"default","site-content-layout":"","ast-site-content-layout":"default","site-content-style":"default","site-sidebar-style":"default","ast-global-header-display":"","ast-banner-title-visibility":"","ast-main-header-display":"","ast-hfb-above-header-display":"","ast-hfb-below-header-display":"","ast-hfb-mobile-header-display":"","site-post-title":"","ast-breadcrumbs-content":"","ast-featured-img":"","footer-sml-layout":"","theme-transparent-header-meta":"default","adv-header-id-meta":"","stick-header-meta":"","header-above-stick-meta":"","header-main-stick-meta":"","header-below-stick-meta":"","astra-migrate-meta-layouts":"set","ast-page-background-enabled":"default","ast-page-background-meta":{"desktop":{"background-color":"var(--ast-global-color-4)","background-image":"","background-repeat":"repeat","background-position":"center center","background-size":"auto","background-attachment":"scroll","background-type":"","background-media":"","overlay-type":"","overlay-color":"","overlay-opacity":"","overlay-gradient":""},"tablet":{"background-color":"","background-image":"","background-repeat":"repeat","background-position":"center center","background-size":"auto","background-attachment":"scroll","background-type":"","background-media":"","overlay-type":"","overlay-color":"","overlay-opacity":"","overlay-gradient":""},"mobile":{"background-color":"","background-image":"","background-repeat":"repeat","background-position":"center center","background-size":"auto","background-attachment":"scroll","background-type":"","background-media":"","overlay-type":"","overlay-color":"","overlay-opacity":"","overlay-gradient":""}},"ast-content-background-meta":{"desktop":{"background-color":"var(--ast-global-color-5)","background-image":"","background-repeat":"repeat","background-position":"center center","background-size":"auto","background-attachment":"scroll","background-type":"","background-media":"","overlay-type":"","overlay-color":"","overlay-opacity":"","overlay-gradient":""},"tablet":{"background-color":"var(--ast-global-color-5)","background-image":"","background-repeat":"repeat","background-position":"center center","background-size":"auto","background-attachment":"scroll","background-type":"","background-media":"","overlay-type":"","overlay-color":"","overlay-opacity":"","overlay-gradient":""},"mobile":{"background-color":"var(--ast-global-color-5)","background-image":"","background-repeat":"repeat","background-position":"center center","background-size":"auto","background-attachment":"scroll","background-type":"","background-media":"","overlay-type":"","overlay-color":"","overlay-opacity":"","overlay-gradient":""}}},"product_brand":[],"product_cat":[993],"product_tag":[],"class_list":{"0":"post-20882","1":"product","2":"type-product","3":"status-publish","4":"has-post-thumbnail","6":"product_cat-footwear-accessories","7":"pa_19375_h1bzkpah-1-st","8":"pa_19375_h1bzkpah-5-st","9":"pa_19375_h1bzkpah-10-st","10":"pa_19375_sa27bqdp-bla","11":"pa_19375_sa27bqdp-guld","12":"pa_19375_sa27bqdp-lila","13":"pa_19375_sa27bqdp-orange","14":"pa_19375_sa27bqdp-rod","15":"pa_19375_sa27bqdp-rosa","16":"pa_19375_sa27bqdp-vit","17":"desktop-align-left","18":"tablet-align-left","19":"mobile-align-left","21":"first","22":"instock","23":"shipping-taxable","24":"purchasable","25":"product-type-variable","26":"has-default-attributes"},"_links":{"self":[{"href":"https:\/\/keluvo.com\/se\/wp-json\/wp\/v2\/product\/20882","targetHints":{"allow":["GET"]}}],"collection":[{"href":"https:\/\/keluvo.com\/se\/wp-json\/wp\/v2\/product"}],"about":[{"href":"https:\/\/keluvo.com\/se\/wp-json\/wp\/v2\/types\/product"}],"replies":[{"embeddable":true,"href":"https:\/\/keluvo.com\/se\/wp-json\/wp\/v2\/comments?post=20882"}],"wp:featuredmedia":[{"embeddable":true,"href":"https:\/\/keluvo.com\/se\/wp-json\/wp\/v2\/media\/20878"}],"wp:attachment":[{"href":"https:\/\/keluvo.com\/se\/wp-json\/wp\/v2\/media?parent=20882"}],"wp:term":[{"taxonomy":"product_brand","embeddable":true,"href":"https:\/\/keluvo.com\/se\/wp-json\/wp\/v2\/product_brand?post=20882"},{"taxonomy":"product_cat","embeddable":true,"href":"https:\/\/keluvo.com\/se\/wp-json\/wp\/v2\/product_cat?post=20882"},{"taxonomy":"product_tag","embeddable":true,"href":"https:\/\/keluvo.com\/se\/wp-json\/wp\/v2\/product_tag?post=20882"}],"curies":[{"name":"wp","href":"https:\/\/api.w.org\/{rel}","templated":true}]}}