{"id":20867,"date":"2025-08-27T13:33:49","date_gmt":"2025-08-27T10:33:49","guid":{"rendered":"https:\/\/keluvo.com\/se\/product\/mini-crossbody-vaska\/"},"modified":"2025-08-27T13:34:06","modified_gmt":"2025-08-27T10:34:06","slug":"mini-crossbody-vaska","status":"publish","type":"product","link":"https:\/\/keluvo.com\/se\/product\/mini-crossbody-vaska\/","title":{"rendered":"Mini crossbody-v\u00e4ska"},"content":{"rendered":"<h2 style=\"text-align: center\">Kompakt och snygg design<\/h2>\n<p style=\"text-align: center\">Minicrossbody-v\u00e4skan \u00e4r designad f\u00f6r moderna mode\u00e4lskare som v\u00e4rdes\u00e4tter enkelhet och elegans. Dess kompakta storlek g\u00f6r den l\u00e4tt att b\u00e4ra samtidigt som den erbjuder tillr\u00e4ckligt med utrymme f\u00f6r dina viktigaste saker som telefon, nycklar och pl\u00e5nbok. Denna v\u00e4ska \u00e4r den perfekta blandningen av funktionalitet och stil f\u00f6r daglig anv\u00e4ndning eller avslappnade utflykter.<\/p>\n<p><img decoding=\"async\" class=\"alignnone size-medium wp-image-6401 aligncenter\" src=\"https:\/\/keluvo.com\/template\/wp-content\/uploads\/sites\/5\/2025\/01\/S154a5c44bf4d49e682d08fcf27d2e7af4.png_960x960.png_.jpeg\" alt=\"\" \/><\/p>\n<h2 style=\"text-align: center\">Flera f\u00f6rvaringslager<\/h2>\n<p style=\"text-align: center\">Med flera fack hj\u00e4lper mini crossbody-v\u00e4skan till att h\u00e5lla dina tillh\u00f6righeter organiserade. De separata sektionerna g\u00f6r det enkelt att komma \u00e5t dina saker, vilket g\u00f6r det bekv\u00e4mt att f\u00f6rvara smink, kort eller andra sm\u00e5 n\u00f6dv\u00e4ndigheter. H\u00e5ll dig snygg och stilren vart du \u00e4n g\u00e5r.<\/p>\n<p><img decoding=\"async\" class=\"alignnone size-medium wp-image-6403 aligncenter\" src=\"https:\/\/keluvo.com\/template\/wp-content\/uploads\/sites\/5\/2025\/01\/S2be6577cae5c441f82aa6865caade6efX.jpg_960x960q75.jpg_.jpeg\" alt=\"\" \/><\/p>\n","protected":false},"excerpt":{"rendered":"<p>Kompakt och snygg design Minicrossbody-v\u00e4skan \u00e4r designad f\u00f6r moderna mode\u00e4lskare som v\u00e4rdes\u00e4tter enkelhet och elegans. Dess kompakta storlek g\u00f6r den [&hellip;]<\/p>\n","protected":false},"featured_media":20863,"comment_status":"open","ping_status":"closed","template":"","meta":{"site-sidebar-layout":"default","site-content-layout":"","ast-site-content-layout":"default","site-content-style":"default","site-sidebar-style":"default","ast-global-header-display":"","ast-banner-title-visibility":"","ast-main-header-display":"","ast-hfb-above-header-display":"","ast-hfb-below-header-display":"","ast-hfb-mobile-header-display":"","site-post-title":"","ast-breadcrumbs-content":"","ast-featured-img":"","footer-sml-layout":"","theme-transparent-header-meta":"default","adv-header-id-meta":"","stick-header-meta":"","header-above-stick-meta":"","header-main-stick-meta":"","header-below-stick-meta":"","astra-migrate-meta-layouts":"set","ast-page-background-enabled":"default","ast-page-background-meta":{"desktop":{"background-color":"var(--ast-global-color-4)","background-image":"","background-repeat":"repeat","background-position":"center center","background-size":"auto","background-attachment":"scroll","background-type":"","background-media":"","overlay-type":"","overlay-color":"","overlay-opacity":"","overlay-gradient":""},"tablet":{"background-color":"","background-image":"","background-repeat":"repeat","background-position":"center center","background-size":"auto","background-attachment":"scroll","background-type":"","background-media":"","overlay-type":"","overlay-color":"","overlay-opacity":"","overlay-gradient":""},"mobile":{"background-color":"","background-image":"","background-repeat":"repeat","background-position":"center center","background-size":"auto","background-attachment":"scroll","background-type":"","background-media":"","overlay-type":"","overlay-color":"","overlay-opacity":"","overlay-gradient":""}},"ast-content-background-meta":{"desktop":{"background-color":"var(--ast-global-color-5)","background-image":"","background-repeat":"repeat","background-position":"center center","background-size":"auto","background-attachment":"scroll","background-type":"","background-media":"","overlay-type":"","overlay-color":"","overlay-opacity":"","overlay-gradient":""},"tablet":{"background-color":"var(--ast-global-color-5)","background-image":"","background-repeat":"repeat","background-position":"center center","background-size":"auto","background-attachment":"scroll","background-type":"","background-media":"","overlay-type":"","overlay-color":"","overlay-opacity":"","overlay-gradient":""},"mobile":{"background-color":"var(--ast-global-color-5)","background-image":"","background-repeat":"repeat","background-position":"center center","background-size":"auto","background-attachment":"scroll","background-type":"","background-media":"","overlay-type":"","overlay-color":"","overlay-opacity":"","overlay-gradient":""}}},"product_brand":[],"product_cat":[993],"product_tag":[],"class_list":{"0":"post-20867","1":"product","2":"type-product","3":"status-publish","4":"has-post-thumbnail","6":"product_cat-footwear-accessories","7":"pa_16248_o4xva8ea-beige","8":"pa_16248_o4xva8ea-gron","9":"pa_16248_o4xva8ea-khaki","10":"pa_16248_o4xva8ea-rod","11":"pa_16248_o4xva8ea-svart","12":"desktop-align-left","13":"tablet-align-left","14":"mobile-align-left","16":"first","17":"instock","18":"shipping-taxable","19":"purchasable","20":"product-type-variable"},"_links":{"self":[{"href":"https:\/\/keluvo.com\/se\/wp-json\/wp\/v2\/product\/20867","targetHints":{"allow":["GET"]}}],"collection":[{"href":"https:\/\/keluvo.com\/se\/wp-json\/wp\/v2\/product"}],"about":[{"href":"https:\/\/keluvo.com\/se\/wp-json\/wp\/v2\/types\/product"}],"replies":[{"embeddable":true,"href":"https:\/\/keluvo.com\/se\/wp-json\/wp\/v2\/comments?post=20867"}],"wp:featuredmedia":[{"embeddable":true,"href":"https:\/\/keluvo.com\/se\/wp-json\/wp\/v2\/media\/20863"}],"wp:attachment":[{"href":"https:\/\/keluvo.com\/se\/wp-json\/wp\/v2\/media?parent=20867"}],"wp:term":[{"taxonomy":"product_brand","embeddable":true,"href":"https:\/\/keluvo.com\/se\/wp-json\/wp\/v2\/product_brand?post=20867"},{"taxonomy":"product_cat","embeddable":true,"href":"https:\/\/keluvo.com\/se\/wp-json\/wp\/v2\/product_cat?post=20867"},{"taxonomy":"product_tag","embeddable":true,"href":"https:\/\/keluvo.com\/se\/wp-json\/wp\/v2\/product_tag?post=20867"}],"curies":[{"name":"wp","href":"https:\/\/api.w.org\/{rel}","templated":true}]}}