{"id":20746,"date":"2025-08-25T15:57:16","date_gmt":"2025-08-25T12:57:16","guid":{"rendered":"https:\/\/keluvo.com\/se\/product\/polermedel-for-mobler-2\/"},"modified":"2025-08-25T15:58:02","modified_gmt":"2025-08-25T12:58:02","slug":"polermedel-for-mobler-2","status":"publish","type":"product","link":"https:\/\/keluvo.com\/se\/product\/polermedel-for-mobler-2\/","title":{"rendered":"Polermedel f\u00f6r m\u00f6bler"},"content":{"rendered":"<h2 style=\"text-align: center\" data-start=\"0\" data-end=\"36\">\u00c5terst\u00e4ller och skyddar ytor<\/h2>\n<p style=\"text-align: center\" data-start=\"37\" data-end=\"249\">Denna m\u00f6belpolish hj\u00e4lper till att ge nytt liv \u00e5t slitet tr\u00e4 och l\u00e4der. Det ger n\u00e4ring p\u00e5 djupet till ytorna och minskar sprickor och torrhet. Det skyddande skiktet hj\u00e4lper till att f\u00f6rhindra skador fr\u00e5n damm, fukt och dagligt slitage.<\/p>\n<p data-start=\"37\" data-end=\"249\"><img decoding=\"async\" class=\"alignnone size-medium wp-image-12133 aligncenter\" src=\"https:\/\/keluvo.com\/template\/wp-content\/uploads\/sites\/5\/2025\/03\/S21c3ce5e84a14853b4dd39d8e6825619T.jpeg\" alt=\"\" \/><\/p>\n<h2 style=\"text-align: center\" data-start=\"251\" data-end=\"281\">L\u00e4tt att applicera med borste<\/h2>\n<p style=\"text-align: center\" data-start=\"282\" data-end=\"489\">Den medf\u00f6ljande borsten g\u00f6r det snabbt och enkelt att applicera m\u00f6belpolishen. Den sprider sig j\u00e4mnt och ser till att varje del av ytan blir behandlad. Ingen r\u00f6ra, inget kr\u00e5ngel &#8211; bara smidig och enkel v\u00e5rd av dina m\u00f6bler.<\/p>\n<p data-start=\"282\" data-end=\"489\"><img decoding=\"async\" class=\"alignnone size-medium wp-image-12138 aligncenter\" src=\"https:\/\/keluvo.com\/template\/wp-content\/uploads\/sites\/5\/2025\/03\/Sdc658d3c2185487dbf459e60c9fe3368T.jpeg\" alt=\"\" \/><\/p>\n","protected":false},"excerpt":{"rendered":"<p>\u00c5terst\u00e4ller och skyddar ytor Denna m\u00f6belpolish hj\u00e4lper till att ge nytt liv \u00e5t slitet tr\u00e4 och l\u00e4der. Det ger n\u00e4ring [&hellip;]<\/p>\n","protected":false},"featured_media":20742,"comment_status":"open","ping_status":"closed","template":"","meta":{"site-sidebar-layout":"default","site-content-layout":"","ast-site-content-layout":"default","site-content-style":"default","site-sidebar-style":"default","ast-global-header-display":"","ast-banner-title-visibility":"","ast-main-header-display":"","ast-hfb-above-header-display":"","ast-hfb-below-header-display":"","ast-hfb-mobile-header-display":"","site-post-title":"","ast-breadcrumbs-content":"","ast-featured-img":"","footer-sml-layout":"","theme-transparent-header-meta":"default","adv-header-id-meta":"","stick-header-meta":"","header-above-stick-meta":"","header-main-stick-meta":"","header-below-stick-meta":"","astra-migrate-meta-layouts":"set","ast-page-background-enabled":"default","ast-page-background-meta":{"desktop":{"background-color":"var(--ast-global-color-4)","background-image":"","background-repeat":"repeat","background-position":"center center","background-size":"auto","background-attachment":"scroll","background-type":"","background-media":"","overlay-type":"","overlay-color":"","overlay-opacity":"","overlay-gradient":""},"tablet":{"background-color":"","background-image":"","background-repeat":"repeat","background-position":"center center","background-size":"auto","background-attachment":"scroll","background-type":"","background-media":"","overlay-type":"","overlay-color":"","overlay-opacity":"","overlay-gradient":""},"mobile":{"background-color":"","background-image":"","background-repeat":"repeat","background-position":"center center","background-size":"auto","background-attachment":"scroll","background-type":"","background-media":"","overlay-type":"","overlay-color":"","overlay-opacity":"","overlay-gradient":""}},"ast-content-background-meta":{"desktop":{"background-color":"var(--ast-global-color-5)","background-image":"","background-repeat":"repeat","background-position":"center center","background-size":"auto","background-attachment":"scroll","background-type":"","background-media":"","overlay-type":"","overlay-color":"","overlay-opacity":"","overlay-gradient":""},"tablet":{"background-color":"var(--ast-global-color-5)","background-image":"","background-repeat":"repeat","background-position":"center center","background-size":"auto","background-attachment":"scroll","background-type":"","background-media":"","overlay-type":"","overlay-color":"","overlay-opacity":"","overlay-gradient":""},"mobile":{"background-color":"var(--ast-global-color-5)","background-image":"","background-repeat":"repeat","background-position":"center center","background-size":"auto","background-attachment":"scroll","background-type":"","background-media":"","overlay-type":"","overlay-color":"","overlay-opacity":"","overlay-gradient":""}}},"product_brand":[],"product_cat":[993],"product_tag":[],"class_list":{"0":"post-20746","1":"product","2":"type-product","3":"status-publish","4":"has-post-thumbnail","6":"product_cat-footwear-accessories","7":"pa_29920_oodm7kl5-120-ml","8":"pa_29920_oodm7kl5-120ml-med-borste","9":"pa_29920_oodm7kl5-240-ml","10":"pa_29920_oodm7kl5-240-ml-med-borste","11":"desktop-align-left","12":"tablet-align-left","13":"mobile-align-left","15":"first","16":"instock","17":"shipping-taxable","18":"purchasable","19":"product-type-variable"},"_links":{"self":[{"href":"https:\/\/keluvo.com\/se\/wp-json\/wp\/v2\/product\/20746","targetHints":{"allow":["GET"]}}],"collection":[{"href":"https:\/\/keluvo.com\/se\/wp-json\/wp\/v2\/product"}],"about":[{"href":"https:\/\/keluvo.com\/se\/wp-json\/wp\/v2\/types\/product"}],"replies":[{"embeddable":true,"href":"https:\/\/keluvo.com\/se\/wp-json\/wp\/v2\/comments?post=20746"}],"wp:featuredmedia":[{"embeddable":true,"href":"https:\/\/keluvo.com\/se\/wp-json\/wp\/v2\/media\/20742"}],"wp:attachment":[{"href":"https:\/\/keluvo.com\/se\/wp-json\/wp\/v2\/media?parent=20746"}],"wp:term":[{"taxonomy":"product_brand","embeddable":true,"href":"https:\/\/keluvo.com\/se\/wp-json\/wp\/v2\/product_brand?post=20746"},{"taxonomy":"product_cat","embeddable":true,"href":"https:\/\/keluvo.com\/se\/wp-json\/wp\/v2\/product_cat?post=20746"},{"taxonomy":"product_tag","embeddable":true,"href":"https:\/\/keluvo.com\/se\/wp-json\/wp\/v2\/product_tag?post=20746"}],"curies":[{"name":"wp","href":"https:\/\/api.w.org\/{rel}","templated":true}]}}