{"id":20557,"date":"2025-08-21T18:09:49","date_gmt":"2025-08-21T15:09:49","guid":{"rendered":"https:\/\/keluvo.com\/se\/product\/reflekterande-skosnoren-2\/"},"modified":"2025-08-21T18:10:04","modified_gmt":"2025-08-21T15:10:04","slug":"reflekterande-skosnoren-2","status":"publish","type":"product","link":"https:\/\/keluvo.com\/se\/product\/reflekterande-skosnoren-2\/","title":{"rendered":"Reflekterande skosn\u00f6ren"},"content":{"rendered":"<h2 style=\"text-align: center\">Snygg Och Diskret Design<\/h2>\n<p style=\"text-align: center\">Reflekterande skosn\u00f6ren erbjuder ett subtilt s\u00e4tt att l\u00e4gga till reflexer p\u00e5 din utrustning. Med ett neutralt f\u00e4rgm\u00f6nster sm\u00e4lter dessa skosn\u00f6ren s\u00f6ml\u00f6st in i de flesta outfits och ger ett diskret men funktionellt s\u00e4tt att h\u00e5lla sig synlig. Perfekt f\u00f6r dig som vill ha f\u00f6rdelarna med reflexer utan att offra stilen.<\/p>\n<p><img decoding=\"async\" class=\"alignnone size-medium wp-image-4364 aligncenter\" src=\"https:\/\/keluvo.com\/template\/wp-content\/uploads\/sites\/5\/2024\/11\/f3474b0e-da8c-415a-8654-6fe2307252bc.webp\" alt=\"\" \/><\/p>\n<h2 style=\"text-align: center\">M\u00e5ngsidiga Och Enkla Att F\u00e4sta<\/h2>\n<p style=\"text-align: center\">De reflekterande sn\u00f6rena \u00e4r enkla att f\u00e4sta p\u00e5 olika f\u00f6rem\u00e5l som jackor, hattar, ryggs\u00e4ckar eller skor. Varje snodd m\u00e4ter 25 cm och \u00e4r s\u00e4krad med plastdubbar i b\u00e5da \u00e4ndar f\u00f6r enkel installation. Detta g\u00f6r det till ett bekv\u00e4mt tillbeh\u00f6r f\u00f6r ett brett utbud av utrustning.<\/p>\n<p><img decoding=\"async\" class=\"alignnone size-medium wp-image-4357 aligncenter\" src=\"https:\/\/keluvo.com\/template\/wp-content\/uploads\/sites\/5\/2024\/11\/b6b5db46-78a1-4678-bcf4-bd0d53084859.webp\" alt=\"\" \/><\/p>\n","protected":false},"excerpt":{"rendered":"<p>Snygg Och Diskret Design Reflekterande skosn\u00f6ren erbjuder ett subtilt s\u00e4tt att l\u00e4gga till reflexer p\u00e5 din utrustning. Med ett neutralt [&hellip;]<\/p>\n","protected":false},"featured_media":20553,"comment_status":"open","ping_status":"closed","template":"","meta":{"site-sidebar-layout":"default","site-content-layout":"","ast-site-content-layout":"default","site-content-style":"default","site-sidebar-style":"default","ast-global-header-display":"","ast-banner-title-visibility":"","ast-main-header-display":"","ast-hfb-above-header-display":"","ast-hfb-below-header-display":"","ast-hfb-mobile-header-display":"","site-post-title":"","ast-breadcrumbs-content":"","ast-featured-img":"","footer-sml-layout":"","theme-transparent-header-meta":"default","adv-header-id-meta":"","stick-header-meta":"","header-above-stick-meta":"","header-main-stick-meta":"","header-below-stick-meta":"","astra-migrate-meta-layouts":"set","ast-page-background-enabled":"default","ast-page-background-meta":{"desktop":{"background-color":"var(--ast-global-color-4)","background-image":"","background-repeat":"repeat","background-position":"center center","background-size":"auto","background-attachment":"scroll","background-type":"","background-media":"","overlay-type":"","overlay-color":"","overlay-opacity":"","overlay-gradient":""},"tablet":{"background-color":"","background-image":"","background-repeat":"repeat","background-position":"center center","background-size":"auto","background-attachment":"scroll","background-type":"","background-media":"","overlay-type":"","overlay-color":"","overlay-opacity":"","overlay-gradient":""},"mobile":{"background-color":"","background-image":"","background-repeat":"repeat","background-position":"center center","background-size":"auto","background-attachment":"scroll","background-type":"","background-media":"","overlay-type":"","overlay-color":"","overlay-opacity":"","overlay-gradient":""}},"ast-content-background-meta":{"desktop":{"background-color":"var(--ast-global-color-5)","background-image":"","background-repeat":"repeat","background-position":"center center","background-size":"auto","background-attachment":"scroll","background-type":"","background-media":"","overlay-type":"","overlay-color":"","overlay-opacity":"","overlay-gradient":""},"tablet":{"background-color":"var(--ast-global-color-5)","background-image":"","background-repeat":"repeat","background-position":"center center","background-size":"auto","background-attachment":"scroll","background-type":"","background-media":"","overlay-type":"","overlay-color":"","overlay-opacity":"","overlay-gradient":""},"mobile":{"background-color":"var(--ast-global-color-5)","background-image":"","background-repeat":"repeat","background-position":"center center","background-size":"auto","background-attachment":"scroll","background-type":"","background-media":"","overlay-type":"","overlay-color":"","overlay-opacity":"","overlay-gradient":""}}},"product_brand":[],"product_cat":[993],"product_tag":[],"class_list":{"0":"post-20557","1":"product","2":"type-product","3":"status-publish","4":"has-post-thumbnail","6":"product_cat-footwear-accessories","7":"pa_16385_a5rucato-svart","8":"pa_16385_a5rucato-vit","9":"pa_16385_prc7ty55-1-par","10":"pa_16385_prc7ty55-3-par","11":"desktop-align-left","12":"tablet-align-left","13":"mobile-align-left","15":"first","16":"instock","17":"shipping-taxable","18":"purchasable","19":"product-type-variable","20":"has-default-attributes"},"_links":{"self":[{"href":"https:\/\/keluvo.com\/se\/wp-json\/wp\/v2\/product\/20557","targetHints":{"allow":["GET"]}}],"collection":[{"href":"https:\/\/keluvo.com\/se\/wp-json\/wp\/v2\/product"}],"about":[{"href":"https:\/\/keluvo.com\/se\/wp-json\/wp\/v2\/types\/product"}],"replies":[{"embeddable":true,"href":"https:\/\/keluvo.com\/se\/wp-json\/wp\/v2\/comments?post=20557"}],"wp:featuredmedia":[{"embeddable":true,"href":"https:\/\/keluvo.com\/se\/wp-json\/wp\/v2\/media\/20553"}],"wp:attachment":[{"href":"https:\/\/keluvo.com\/se\/wp-json\/wp\/v2\/media?parent=20557"}],"wp:term":[{"taxonomy":"product_brand","embeddable":true,"href":"https:\/\/keluvo.com\/se\/wp-json\/wp\/v2\/product_brand?post=20557"},{"taxonomy":"product_cat","embeddable":true,"href":"https:\/\/keluvo.com\/se\/wp-json\/wp\/v2\/product_cat?post=20557"},{"taxonomy":"product_tag","embeddable":true,"href":"https:\/\/keluvo.com\/se\/wp-json\/wp\/v2\/product_tag?post=20557"}],"curies":[{"name":"wp","href":"https:\/\/api.w.org\/{rel}","templated":true}]}}