{"id":20426,"date":"2025-08-20T16:03:57","date_gmt":"2025-08-20T13:03:57","guid":{"rendered":"https:\/\/keluvo.com\/se\/product\/halsband-2\/"},"modified":"2025-08-20T16:04:07","modified_gmt":"2025-08-20T13:04:07","slug":"halsband-2","status":"publish","type":"product","link":"https:\/\/keluvo.com\/se\/product\/halsband-2\/","title":{"rendered":"Halsband"},"content":{"rendered":"<p style=\"text-align: center\" data-start=\"101\" data-end=\"145\"><strong>En Hj\u00e4rtlig G\u00e5va Som S\u00e4ger Allt \ud83d\udc99\ud83d\udc8e<\/strong><\/p>\n<p style=\"text-align: center\" data-start=\"146\" data-end=\"354\">Visa din mamma hur mycket hon betyder f\u00f6r dig med detta vackra halsband och r\u00f6rande kort. Varje g\u00e5ng hon b\u00e4r det kommer hon att bli p\u00e5mind om din k\u00e4rlek, uppskattning och det obrytbara band ni delar. Perfekt f\u00f6r mors dag, f\u00f6delsedagar eller bara f\u00f6r att.<\/p>\n<p data-start=\"146\" data-end=\"354\"><img decoding=\"async\" class=\"size-full wp-image-31194 aligncenter\" src=\"https:\/\/keluvo.com\/template\/wp-content\/uploads\/sites\/5\/2025\/08\/asset_4365_transformation_13901_be1dc3c2-0d01-4ee0-8221-547786da17a1.jpg\" alt=\"\" \/><\/p>\n<h2 style=\"text-align: center\" data-start=\"416\" data-end=\"438\">\ud83d\udca5 Huvudf\u00f6rdelar<\/h2>\n<p data-start=\"441\" data-end=\"499\">\ud83d\udc99 Levereras med ett sentimentalt kort fr\u00e5n sonen till mamma<\/p>\n<p data-start=\"502\" data-end=\"551\">\u2728 Elegant h\u00e4nge med gnistrande kubiska zirkoner<\/p>\n<p data-start=\"554\" data-end=\"596\">\ud83c\udf81 Redo att ge bort i en lyxig smyckeskrin<\/p>\n<p data-start=\"599\" data-end=\"640\">\ud83e\uddf5 Justerbar kedja f\u00f6r perfekt passform<\/p>\n<p data-start=\"643\" data-end=\"692\">\ud83d\udc96 En tidl\u00f6s minnessak som hon kan v\u00e4rdes\u00e4tta f\u00f6r alltid<\/p>\n<p data-start=\"643\" data-end=\"692\"><img decoding=\"async\" class=\"size-full wp-image-31197 aligncenter\" src=\"https:\/\/keluvo.com\/template\/wp-content\/uploads\/sites\/5\/2025\/08\/asset_4365_transformation_12718_4e660542-12dd-4707-8421-197a2ddde112.webp\" alt=\"\" \/><\/p>\n<h2 style=\"text-align: center\" data-start=\"699\" data-end=\"718\">\ud83e\uddfc Hur Man Anv\u00e4nder<\/h2>\n<ol data-start=\"719\" data-end=\"900\">\n<li data-start=\"719\" data-end=\"790\">\n<p data-start=\"722\" data-end=\"790\">Presentera det f\u00f6r din mamma som en \u00f6verraskning eller vid ett speciellt tillf\u00e4lle.<\/p>\n<\/li>\n<li data-start=\"791\" data-end=\"835\">\n<p data-start=\"794\" data-end=\"835\">Justera kedjan f\u00f6r en bekv\u00e4m passform.<\/p>\n<\/li>\n<li data-start=\"836\" data-end=\"900\">\n<p data-start=\"839\" data-end=\"900\">f\u00f6rvara i smyckeskrinet n\u00e4r det inte anv\u00e4nds f\u00f6r att bevara glansen.<\/p>\n<\/li>\n<\/ol>\n<h2 style=\"text-align: center\" data-start=\"907\" data-end=\"931\">\ud83d\udccf Produktdetaljer<\/h2>\n<ul data-start=\"932\" data-end=\"1136\">\n<li data-start=\"932\" data-end=\"971\">\n<p data-start=\"934\" data-end=\"971\">H\u00e4ngsmycke storlek: Ca 2 cm<\/p>\n<\/li>\n<li data-start=\"972\" data-end=\"1020\">\n<p data-start=\"974\" data-end=\"1020\">Kedjel\u00e4ngd: 45,72 cm &#8211; 55,88 cm<\/p>\n<\/li>\n<li data-start=\"1021\" data-end=\"1090\">\n<p data-start=\"1023\" data-end=\"1090\">Material: H\u00f6gkvalitativt rostfritt st\u00e5l med cubic zirconia-stenar<\/p>\n<\/li>\n<li data-start=\"1091\" data-end=\"1136\">\n<p data-start=\"1093\" data-end=\"1136\">Inklusive: Presentf\u00f6rpackning + tryckt meddelandekort<\/p>\n<\/li>\n<\/ul>\n<h2 style=\"text-align: center\" data-start=\"1143\" data-end=\"1168\">\ud83d\udce6 F\u00f6rpackningen Inneh\u00e5ller<\/h2>\n<ul data-start=\"1169\" data-end=\"1260\">\n<li data-start=\"1169\" data-end=\"1197\">\n<p data-start=\"1171\" data-end=\"1197\">1x halsband med h\u00e4nge<\/p>\n<\/li>\n<li data-start=\"1198\" data-end=\"1237\">\n<p data-start=\"1200\" data-end=\"1237\">1x meddelandekort: &#8221;Till min mamma&#8221; design<\/p>\n<\/li>\n<li data-start=\"1238\" data-end=\"1260\">\n<p data-start=\"1240\" data-end=\"1260\">1x presentf\u00f6rpackning.<\/p>\n<\/li>\n<\/ul>\n","protected":false},"excerpt":{"rendered":"<p>En Hj\u00e4rtlig G\u00e5va Som S\u00e4ger Allt \ud83d\udc99\ud83d\udc8e Visa din mamma hur mycket hon betyder f\u00f6r dig med detta vackra halsband [&hellip;]<\/p>\n","protected":false},"featured_media":20422,"comment_status":"open","ping_status":"closed","template":"","meta":{"site-sidebar-layout":"default","site-content-layout":"","ast-site-content-layout":"default","site-content-style":"default","site-sidebar-style":"default","ast-global-header-display":"","ast-banner-title-visibility":"","ast-main-header-display":"","ast-hfb-above-header-display":"","ast-hfb-below-header-display":"","ast-hfb-mobile-header-display":"","site-post-title":"","ast-breadcrumbs-content":"","ast-featured-img":"","footer-sml-layout":"","theme-transparent-header-meta":"default","adv-header-id-meta":"","stick-header-meta":"","header-above-stick-meta":"","header-main-stick-meta":"","header-below-stick-meta":"","astra-migrate-meta-layouts":"set","ast-page-background-enabled":"default","ast-page-background-meta":{"desktop":{"background-color":"var(--ast-global-color-4)","background-image":"","background-repeat":"repeat","background-position":"center center","background-size":"auto","background-attachment":"scroll","background-type":"","background-media":"","overlay-type":"","overlay-color":"","overlay-opacity":"","overlay-gradient":""},"tablet":{"background-color":"","background-image":"","background-repeat":"repeat","background-position":"center center","background-size":"auto","background-attachment":"scroll","background-type":"","background-media":"","overlay-type":"","overlay-color":"","overlay-opacity":"","overlay-gradient":""},"mobile":{"background-color":"","background-image":"","background-repeat":"repeat","background-position":"center center","background-size":"auto","background-attachment":"scroll","background-type":"","background-media":"","overlay-type":"","overlay-color":"","overlay-opacity":"","overlay-gradient":""}},"ast-content-background-meta":{"desktop":{"background-color":"var(--ast-global-color-5)","background-image":"","background-repeat":"repeat","background-position":"center center","background-size":"auto","background-attachment":"scroll","background-type":"","background-media":"","overlay-type":"","overlay-color":"","overlay-opacity":"","overlay-gradient":""},"tablet":{"background-color":"var(--ast-global-color-5)","background-image":"","background-repeat":"repeat","background-position":"center center","background-size":"auto","background-attachment":"scroll","background-type":"","background-media":"","overlay-type":"","overlay-color":"","overlay-opacity":"","overlay-gradient":""},"mobile":{"background-color":"var(--ast-global-color-5)","background-image":"","background-repeat":"repeat","background-position":"center center","background-size":"auto","background-attachment":"scroll","background-type":"","background-media":"","overlay-type":"","overlay-color":"","overlay-opacity":"","overlay-gradient":""}}},"product_brand":[],"product_cat":[993],"product_tag":[],"class_list":{"0":"post-20426","1":"product","2":"type-product","3":"status-publish","4":"has-post-thumbnail","6":"product_cat-footwear-accessories","7":"pa_48258_3ryt0rna-guld","8":"pa_48258_3ryt0rna-silver","9":"desktop-align-left","10":"tablet-align-left","11":"mobile-align-left","13":"first","14":"instock","15":"shipping-taxable","16":"purchasable","17":"product-type-variable"},"_links":{"self":[{"href":"https:\/\/keluvo.com\/se\/wp-json\/wp\/v2\/product\/20426","targetHints":{"allow":["GET"]}}],"collection":[{"href":"https:\/\/keluvo.com\/se\/wp-json\/wp\/v2\/product"}],"about":[{"href":"https:\/\/keluvo.com\/se\/wp-json\/wp\/v2\/types\/product"}],"replies":[{"embeddable":true,"href":"https:\/\/keluvo.com\/se\/wp-json\/wp\/v2\/comments?post=20426"}],"wp:featuredmedia":[{"embeddable":true,"href":"https:\/\/keluvo.com\/se\/wp-json\/wp\/v2\/media\/20422"}],"wp:attachment":[{"href":"https:\/\/keluvo.com\/se\/wp-json\/wp\/v2\/media?parent=20426"}],"wp:term":[{"taxonomy":"product_brand","embeddable":true,"href":"https:\/\/keluvo.com\/se\/wp-json\/wp\/v2\/product_brand?post=20426"},{"taxonomy":"product_cat","embeddable":true,"href":"https:\/\/keluvo.com\/se\/wp-json\/wp\/v2\/product_cat?post=20426"},{"taxonomy":"product_tag","embeddable":true,"href":"https:\/\/keluvo.com\/se\/wp-json\/wp\/v2\/product_tag?post=20426"}],"curies":[{"name":"wp","href":"https:\/\/api.w.org\/{rel}","templated":true}]}}