{"id":20415,"date":"2025-08-20T16:02:40","date_gmt":"2025-08-20T13:02:40","guid":{"rendered":"https:\/\/keluvo.com\/se\/product\/ortopedisk-separator\/"},"modified":"2025-08-20T16:03:11","modified_gmt":"2025-08-20T13:03:11","slug":"ortopedisk-separator","status":"publish","type":"product","link":"https:\/\/keluvo.com\/se\/product\/ortopedisk-separator\/","title":{"rendered":"Ortopedisk separator"},"content":{"rendered":"<p style=\"text-align: center\" data-start=\"117\" data-end=\"164\"><strong>Lindra Fotsm\u00e4rta Och F\u00f6rhindra Kn\u00f6lar \ud83d\udc63\u2728<\/strong><\/p>\n<p style=\"text-align: center\" data-start=\"165\" data-end=\"417\">Den h\u00e4r ortopediska separatorn \u00e4r utformad f\u00f6r att f\u00f6rsiktigt rikta in t\u00e5rna, minska trycket p\u00e5 lederna och stoppa utvecklingen av hallux valgus (kn\u00f6lar). Den \u00e4r mjuk, bekv\u00e4m och l\u00e4tt att b\u00e4ra och \u00e4r den perfekta l\u00f6sningen f\u00f6r daglig lindring och l\u00e5ngsiktig foth\u00e4lsa. Anv\u00e4nd den med eller utan skor &#8211; n\u00e4r som helst, var som helst.<\/p>\n<p data-start=\"165\" data-end=\"417\"><img decoding=\"async\" class=\"size-full wp-image-31180 aligncenter\" src=\"https:\/\/keluvo.com\/template\/wp-content\/uploads\/sites\/5\/2025\/08\/gf3.gif\" alt=\"\" \/><\/p>\n<h2 style=\"text-align: center\" data-start=\"476\" data-end=\"498\">\ud83d\udca5 Huvudf\u00f6rdelar<\/h2>\n<p data-start=\"501\" data-end=\"545\">\ud83e\uddb6 Hj\u00e4lper till att f\u00f6rebygga och korrigera hallux valgus<\/p>\n<p data-start=\"548\" data-end=\"601\">\ud83e\uddf5 Mjukt, hudv\u00e4nligt material f\u00f6r hela dagen comfort<\/p>\n<p data-start=\"604\" data-end=\"635\">\u267b\ufe0f \u00c5teranv\u00e4ndbar och l\u00e4tt att reng\u00f6ra<\/p>\n<p data-start=\"638\" data-end=\"679\">\ud83d\udc5f Kan b\u00e4ras med de flesta typer av skor<\/p>\n<p data-start=\"682\" data-end=\"742\">\ud83d\udcc5 Se resultat p\u00e5 s\u00e5 lite som 3 veckor vid regelbunden anv\u00e4ndning<\/p>\n<p data-start=\"682\" data-end=\"742\"><img decoding=\"async\" class=\"size-full wp-image-31179 aligncenter\" src=\"https:\/\/keluvo.com\/template\/wp-content\/uploads\/sites\/5\/2025\/08\/gif-5.gif\" alt=\"\" \/><\/p>\n<h2 style=\"text-align: center\" data-start=\"749\" data-end=\"768\">\ud83e\uddfc Hur Man Anv\u00e4nder<\/h2>\n<ol data-start=\"769\" data-end=\"980\">\n<li data-start=\"769\" data-end=\"850\">\n<p data-start=\"772\" data-end=\"850\">Slida separatorn p\u00e5 foten s\u00e5 att den d\u00e4mpade dynan vilar p\u00e5 kn\u00f6len.<\/p>\n<\/li>\n<li data-start=\"851\" data-end=\"891\">\n<p data-start=\"854\" data-end=\"891\">Justera f\u00f6r en \u00e5tsittande, bekv\u00e4m passform.<\/p>\n<\/li>\n<li data-start=\"892\" data-end=\"932\">\n<p data-start=\"895\" data-end=\"932\">anv\u00e4nd dagligen hemma eller inuti skorna.<\/p>\n<\/li>\n<li data-start=\"933\" data-end=\"980\">\n<p data-start=\"936\" data-end=\"980\">tv\u00e4tta med mild tv\u00e5l och lufttorka efter anv\u00e4ndning.<\/p>\n<\/li>\n<\/ol>\n<h2 style=\"text-align: center\" data-start=\"987\" data-end=\"1011\">\ud83d\udccf Produktdetaljer<\/h2>\n<ul data-start=\"1012\" data-end=\"1234\">\n<li data-start=\"1012\" data-end=\"1055\">\n<p data-start=\"1014\" data-end=\"1055\">Storlek: Universal (passar de flesta fotformer)<\/p>\n<\/li>\n<li data-start=\"1056\" data-end=\"1119\">\n<p data-start=\"1058\" data-end=\"1119\">Material: Mjukt, elastiskt och andningsbart tyg + gelinsats<\/p>\n<\/li>\n<li data-start=\"1120\" data-end=\"1173\">\n<p data-start=\"1122\" data-end=\"1173\">Kvantitet: Upps\u00e4ttning med 2 separatorer (v\u00e4nster &amp; h\u00f6ger fot)<\/p>\n<\/li>\n<li data-start=\"1174\" data-end=\"1202\">\n<p data-start=\"1176\" data-end=\"1202\">F\u00e4rg: Neutral hudton<\/p>\n<\/li>\n<li data-start=\"1203\" data-end=\"1234\">\n<p data-start=\"1205\" data-end=\"1234\">L\u00e4mplig f\u00f6r: M\u00e4n och kvinnor<\/p>\n<\/li>\n<\/ul>\n<h2 style=\"text-align: center\" data-start=\"1241\" data-end=\"1266\">\ud83d\udce6 Paketet Inneh\u00e5ller<\/h2>\n<ul data-start=\"1267\" data-end=\"1333\">\n<li data-start=\"1267\" data-end=\"1299\">\n<p data-start=\"1269\" data-end=\"1299\">1, 2, 3x par ortopediska separatorer (v\u00e4nster och h\u00f6ger).<\/p>\n<\/li>\n<\/ul>\n","protected":false},"excerpt":{"rendered":"<p>Lindra Fotsm\u00e4rta Och F\u00f6rhindra Kn\u00f6lar \ud83d\udc63\u2728 Den h\u00e4r ortopediska separatorn \u00e4r utformad f\u00f6r att f\u00f6rsiktigt rikta in t\u00e5rna, minska trycket [&hellip;]<\/p>\n","protected":false},"featured_media":20411,"comment_status":"open","ping_status":"closed","template":"","meta":{"site-sidebar-layout":"default","site-content-layout":"","ast-site-content-layout":"default","site-content-style":"default","site-sidebar-style":"default","ast-global-header-display":"","ast-banner-title-visibility":"","ast-main-header-display":"","ast-hfb-above-header-display":"","ast-hfb-below-header-display":"","ast-hfb-mobile-header-display":"","site-post-title":"","ast-breadcrumbs-content":"","ast-featured-img":"","footer-sml-layout":"","theme-transparent-header-meta":"default","adv-header-id-meta":"","stick-header-meta":"","header-above-stick-meta":"","header-main-stick-meta":"","header-below-stick-meta":"","astra-migrate-meta-layouts":"set","ast-page-background-enabled":"default","ast-page-background-meta":{"desktop":{"background-color":"var(--ast-global-color-4)","background-image":"","background-repeat":"repeat","background-position":"center center","background-size":"auto","background-attachment":"scroll","background-type":"","background-media":"","overlay-type":"","overlay-color":"","overlay-opacity":"","overlay-gradient":""},"tablet":{"background-color":"","background-image":"","background-repeat":"repeat","background-position":"center center","background-size":"auto","background-attachment":"scroll","background-type":"","background-media":"","overlay-type":"","overlay-color":"","overlay-opacity":"","overlay-gradient":""},"mobile":{"background-color":"","background-image":"","background-repeat":"repeat","background-position":"center center","background-size":"auto","background-attachment":"scroll","background-type":"","background-media":"","overlay-type":"","overlay-color":"","overlay-opacity":"","overlay-gradient":""}},"ast-content-background-meta":{"desktop":{"background-color":"var(--ast-global-color-5)","background-image":"","background-repeat":"repeat","background-position":"center center","background-size":"auto","background-attachment":"scroll","background-type":"","background-media":"","overlay-type":"","overlay-color":"","overlay-opacity":"","overlay-gradient":""},"tablet":{"background-color":"var(--ast-global-color-5)","background-image":"","background-repeat":"repeat","background-position":"center center","background-size":"auto","background-attachment":"scroll","background-type":"","background-media":"","overlay-type":"","overlay-color":"","overlay-opacity":"","overlay-gradient":""},"mobile":{"background-color":"var(--ast-global-color-5)","background-image":"","background-repeat":"repeat","background-position":"center center","background-size":"auto","background-attachment":"scroll","background-type":"","background-media":"","overlay-type":"","overlay-color":"","overlay-opacity":"","overlay-gradient":""}}},"product_brand":[],"product_cat":[991,993],"product_tag":[],"class_list":{"0":"post-20415","1":"product","2":"type-product","3":"status-publish","4":"has-post-thumbnail","6":"product_cat-health-care-supplies","7":"product_cat-footwear-accessories","8":"pa_48257_s4wbdu8v-1-st","9":"pa_48257_s4wbdu8v-2-st","10":"pa_48257_s4wbdu8v-3-st","11":"desktop-align-left","12":"tablet-align-left","13":"mobile-align-left","15":"first","16":"instock","17":"shipping-taxable","18":"purchasable","19":"product-type-variable"},"_links":{"self":[{"href":"https:\/\/keluvo.com\/se\/wp-json\/wp\/v2\/product\/20415","targetHints":{"allow":["GET"]}}],"collection":[{"href":"https:\/\/keluvo.com\/se\/wp-json\/wp\/v2\/product"}],"about":[{"href":"https:\/\/keluvo.com\/se\/wp-json\/wp\/v2\/types\/product"}],"replies":[{"embeddable":true,"href":"https:\/\/keluvo.com\/se\/wp-json\/wp\/v2\/comments?post=20415"}],"wp:featuredmedia":[{"embeddable":true,"href":"https:\/\/keluvo.com\/se\/wp-json\/wp\/v2\/media\/20411"}],"wp:attachment":[{"href":"https:\/\/keluvo.com\/se\/wp-json\/wp\/v2\/media?parent=20415"}],"wp:term":[{"taxonomy":"product_brand","embeddable":true,"href":"https:\/\/keluvo.com\/se\/wp-json\/wp\/v2\/product_brand?post=20415"},{"taxonomy":"product_cat","embeddable":true,"href":"https:\/\/keluvo.com\/se\/wp-json\/wp\/v2\/product_cat?post=20415"},{"taxonomy":"product_tag","embeddable":true,"href":"https:\/\/keluvo.com\/se\/wp-json\/wp\/v2\/product_tag?post=20415"}],"curies":[{"name":"wp","href":"https:\/\/api.w.org\/{rel}","templated":true}]}}