{"id":20331,"date":"2025-08-20T15:58:43","date_gmt":"2025-08-20T12:58:43","guid":{"rendered":"https:\/\/keluvo.com\/se\/product\/fjarilskollektion\/"},"modified":"2025-08-20T15:58:59","modified_gmt":"2025-08-20T12:58:59","slug":"fjarilskollektion","status":"publish","type":"product","link":"https:\/\/keluvo.com\/se\/product\/fjarilskollektion\/","title":{"rendered":"Fj\u00e4rilskollektion"},"content":{"rendered":"<p style=\"text-align: center\" data-start=\"107\" data-end=\"148\"><strong>B\u00e4r Med Dig En Gnutta Magi \ud83e\udd8b\u2728<\/strong><\/p>\n<p style=\"text-align: center\" data-start=\"149\" data-end=\"410\">Den h\u00e4r <span data-sheets-root=\"1\">fj\u00e4rilskollektionen<\/span> \u00e4r mer \u00e4n bara smycken &#8211; det \u00e4r ett konstverk som lyser mjukt i m\u00f6rkret och ger din stil en dr\u00f6msk charm.<span style=\"font-size: 16px\">\u00a0<\/span><span style=\"font-size: 16px\">Perfekt f\u00f6r romantiska kv\u00e4llar, speciella tillf\u00e4llen eller helt enkelt f\u00f6r att g\u00f6ra din vardagsoutfit of\u00f6rgl\u00f6mlig.<\/span><\/p>\n<p data-start=\"149\" data-end=\"410\"><img decoding=\"async\" class=\"size-full wp-image-31086 aligncenter\" src=\"https:\/\/keluvo.com\/template\/wp-content\/uploads\/sites\/5\/2025\/08\/20250729_2146_Glowing_Butterfly_Necklace_remix_01k1bqwd4we1tvw6ykkdz8ndp6.webp\" alt=\"\" \/><\/p>\n<h2 style=\"text-align: center\" data-start=\"521\" data-end=\"543\"><strong>Huvudf\u00f6rdelar<\/strong><\/h2>\n<p data-start=\"546\" data-end=\"606\">\ud83e\udd8b Unik fj\u00e4rilsdesign med gl\u00f6dande effekt i m\u00f6rkret<\/p>\n<p data-start=\"609\" data-end=\"667\">\u2728 Elegant och m\u00e5ngsidig f\u00f6r b\u00e5de avslappnade och formella looks<\/p>\n<p data-start=\"609\" data-end=\"667\">\ud83c\udf19 Absorberar ljus under dagen f\u00f6r att lysa vackert p\u00e5 natten<\/p>\n<p data-start=\"670\" data-end=\"732\">\ud83d\udc8e L\u00e4tt och bekv\u00e4m att b\u00e4ra hela dagen<\/p>\n<p data-start=\"786\" data-end=\"823\">\ud83c\udf81 Perfekt present till n\u00e5gon speciell<\/p>\n<p data-start=\"786\" data-end=\"823\"><img decoding=\"async\" class=\"size-full wp-image-31085 aligncenter\" src=\"https:\/\/keluvo.com\/template\/wp-content\/uploads\/sites\/5\/2025\/08\/WhatsApp_Image_2025-01-16_at_11.59.51.webp\" alt=\"\" \/><\/p>\n<h2 style=\"text-align: center\" data-start=\"830\" data-end=\"849\"><strong>Hur Man Anv\u00e4nder<\/strong><\/h2>\n<ol data-start=\"850\" data-end=\"1074\">\n<li data-start=\"850\" data-end=\"929\">\n<p data-start=\"853\" data-end=\"929\">B\u00e4r under dagen f\u00f6r att l\u00e5ta smycket absorbera naturligt eller artificiellt ljus.<\/p>\n<\/li>\n<li data-start=\"930\" data-end=\"977\">\n<p data-start=\"933\" data-end=\"977\">Njut av den magiska gl\u00f6dande effekten i m\u00f6rkret.<\/p>\n<\/li>\n<li data-start=\"978\" data-end=\"1037\">\n<p data-start=\"981\" data-end=\"1037\">f\u00f6rvara i ett smyckeskrin f\u00f6r att skydda det fr\u00e5n repor.<\/p>\n<\/li>\n<li data-start=\"1038\" data-end=\"1074\">\n<p data-start=\"1041\" data-end=\"1074\">reng\u00f6r f\u00f6rsiktigt med en mjuk trasa.<\/p>\n<\/li>\n<\/ol>\n<h2 style=\"text-align: center\" data-start=\"1081\" data-end=\"1105\"><strong>Produktdetaljer<\/strong><\/h2>\n<ul data-start=\"1106\" data-end=\"1347\">\n<li data-start=\"1106\" data-end=\"1160\">\n<p data-start=\"1108\" data-end=\"1160\">Material: H\u00f6gkvalitativ legering med sj\u00e4lvlysande bel\u00e4ggning<\/p>\n<\/li>\n<li data-start=\"1161\" data-end=\"1207\">\n<p data-start=\"1163\" data-end=\"1207\">Kedjel\u00e4ngd: Justerbar f\u00f6r en perfekt passform<\/p>\n<\/li>\n<li data-start=\"1243\" data-end=\"1293\">\n<p data-start=\"1245\" data-end=\"1293\">F\u00e4rger: Silverkedja med ljusbl\u00e5 fj\u00e4ril<\/p>\n<\/li>\n<li data-start=\"1294\" data-end=\"1347\">\n<p data-start=\"1296\" data-end=\"1347\">Gl\u00f6dande varaktighet: Flera timmar efter ljusexponering<\/p>\n<\/li>\n<\/ul>\n<h2 style=\"text-align: center\" data-start=\"1354\" data-end=\"1379\"><strong>F\u00f6rpackningen Inneh\u00e5ller<\/strong><\/h2>\n<ul data-start=\"1380\" data-end=\"1433\">\n<li data-start=\"1380\" data-end=\"1414\">\n<p data-start=\"1382\" data-end=\"1414\">1x fj\u00e4rilshalsband\/armband\/ring eller \u00f6rh\u00e4ngen.<\/p>\n<\/li>\n<li data-start=\"1415\" data-end=\"1433\">\n<p data-start=\"1417\" data-end=\"1433\">1x smyckeskrin.<\/p>\n<\/li>\n<\/ul>\n","protected":false},"excerpt":{"rendered":"<p>B\u00e4r Med Dig En Gnutta Magi \ud83e\udd8b\u2728 Den h\u00e4r fj\u00e4rilskollektionen \u00e4r mer \u00e4n bara smycken &#8211; det \u00e4r ett konstverk [&hellip;]<\/p>\n","protected":false},"featured_media":20327,"comment_status":"open","ping_status":"closed","template":"","meta":{"site-sidebar-layout":"default","site-content-layout":"","ast-site-content-layout":"default","site-content-style":"default","site-sidebar-style":"default","ast-global-header-display":"","ast-banner-title-visibility":"","ast-main-header-display":"","ast-hfb-above-header-display":"","ast-hfb-below-header-display":"","ast-hfb-mobile-header-display":"","site-post-title":"","ast-breadcrumbs-content":"","ast-featured-img":"","footer-sml-layout":"","theme-transparent-header-meta":"default","adv-header-id-meta":"","stick-header-meta":"","header-above-stick-meta":"","header-main-stick-meta":"","header-below-stick-meta":"","astra-migrate-meta-layouts":"set","ast-page-background-enabled":"default","ast-page-background-meta":{"desktop":{"background-color":"var(--ast-global-color-4)","background-image":"","background-repeat":"repeat","background-position":"center center","background-size":"auto","background-attachment":"scroll","background-type":"","background-media":"","overlay-type":"","overlay-color":"","overlay-opacity":"","overlay-gradient":""},"tablet":{"background-color":"","background-image":"","background-repeat":"repeat","background-position":"center center","background-size":"auto","background-attachment":"scroll","background-type":"","background-media":"","overlay-type":"","overlay-color":"","overlay-opacity":"","overlay-gradient":""},"mobile":{"background-color":"","background-image":"","background-repeat":"repeat","background-position":"center center","background-size":"auto","background-attachment":"scroll","background-type":"","background-media":"","overlay-type":"","overlay-color":"","overlay-opacity":"","overlay-gradient":""}},"ast-content-background-meta":{"desktop":{"background-color":"var(--ast-global-color-5)","background-image":"","background-repeat":"repeat","background-position":"center center","background-size":"auto","background-attachment":"scroll","background-type":"","background-media":"","overlay-type":"","overlay-color":"","overlay-opacity":"","overlay-gradient":""},"tablet":{"background-color":"var(--ast-global-color-5)","background-image":"","background-repeat":"repeat","background-position":"center center","background-size":"auto","background-attachment":"scroll","background-type":"","background-media":"","overlay-type":"","overlay-color":"","overlay-opacity":"","overlay-gradient":""},"mobile":{"background-color":"var(--ast-global-color-5)","background-image":"","background-repeat":"repeat","background-position":"center center","background-size":"auto","background-attachment":"scroll","background-type":"","background-media":"","overlay-type":"","overlay-color":"","overlay-opacity":"","overlay-gradient":""}}},"product_brand":[],"product_cat":[993],"product_tag":[],"class_list":{"0":"post-20331","1":"product","2":"type-product","3":"status-publish","4":"has-post-thumbnail","6":"product_cat-footwear-accessories","7":"pa_48255_cok0xr36-armband","8":"pa_48255_cok0xr36-halsband","9":"pa_48255_cok0xr36-orhangen","10":"pa_48255_cok0xr36-ring","11":"desktop-align-left","12":"tablet-align-left","13":"mobile-align-left","15":"first","16":"instock","17":"shipping-taxable","18":"purchasable","19":"product-type-variable"},"_links":{"self":[{"href":"https:\/\/keluvo.com\/se\/wp-json\/wp\/v2\/product\/20331","targetHints":{"allow":["GET"]}}],"collection":[{"href":"https:\/\/keluvo.com\/se\/wp-json\/wp\/v2\/product"}],"about":[{"href":"https:\/\/keluvo.com\/se\/wp-json\/wp\/v2\/types\/product"}],"replies":[{"embeddable":true,"href":"https:\/\/keluvo.com\/se\/wp-json\/wp\/v2\/comments?post=20331"}],"wp:featuredmedia":[{"embeddable":true,"href":"https:\/\/keluvo.com\/se\/wp-json\/wp\/v2\/media\/20327"}],"wp:attachment":[{"href":"https:\/\/keluvo.com\/se\/wp-json\/wp\/v2\/media?parent=20331"}],"wp:term":[{"taxonomy":"product_brand","embeddable":true,"href":"https:\/\/keluvo.com\/se\/wp-json\/wp\/v2\/product_brand?post=20331"},{"taxonomy":"product_cat","embeddable":true,"href":"https:\/\/keluvo.com\/se\/wp-json\/wp\/v2\/product_cat?post=20331"},{"taxonomy":"product_tag","embeddable":true,"href":"https:\/\/keluvo.com\/se\/wp-json\/wp\/v2\/product_tag?post=20331"}],"curies":[{"name":"wp","href":"https:\/\/api.w.org\/{rel}","templated":true}]}}