{"id":20309,"date":"2025-08-20T15:56:36","date_gmt":"2025-08-20T12:56:36","guid":{"rendered":"https:\/\/keluvo.com\/se\/product\/handskar-for-harborttagning-fran-husdjur\/"},"modified":"2025-08-20T15:56:45","modified_gmt":"2025-08-20T12:56:45","slug":"handskar-for-harborttagning-fran-husdjur","status":"publish","type":"product","link":"https:\/\/keluvo.com\/se\/product\/handskar-for-harborttagning-fran-husdjur\/","title":{"rendered":"Handskar f\u00f6r h\u00e5rborttagning fr\u00e5n husdjur"},"content":{"rendered":"<p style=\"text-align: center\" data-start=\"269\" data-end=\"307\"><strong data-start=\"269\" data-end=\"307\">S\u00e4g Adj\u00f6 Till Djurh\u00e5r F\u00f6r Alltid \ud83d\udc3e<\/strong><\/p>\n<p style=\"text-align: center\" data-start=\"309\" data-end=\"571\">Pet&#8217;s h\u00e5rborttagningshandske \u00e4r ett m\u00e5ste f\u00f6r alla djur\u00e4gare. Den \u00e4r utformad f\u00f6r att snabbt ta bort envis p\u00e4ls fr\u00e5n kl\u00e4der, m\u00f6bler och bils\u00e4ten, \u00e4r milj\u00f6v\u00e4nlig, \u00e5teranv\u00e4ndbar och byggd f\u00f6r att h\u00e5lla. Inga fler klibbiga rullar eller \u00e4ndl\u00f6s reng\u00f6ring &#8211; bara snabba, effektiva resultat.<\/p>\n<p data-start=\"309\" data-end=\"571\"><img decoding=\"async\" class=\"size-full wp-image-29880 aligncenter\" src=\"https:\/\/keluvo.com\/template\/wp-content\/uploads\/sites\/5\/2025\/08\/072110-ezgif.com-video-to-webp-converter.webp\" alt=\"\" \/><\/p>\n<h2 style=\"text-align: center\" data-start=\"573\" data-end=\"592\">Huvudf\u00f6rdelar \u2728<\/h2>\n<p data-start=\"595\" data-end=\"653\">\ud83d\udc08 Fungerar p\u00e5 alla typer av djurh\u00e5r (katter, hundar m.m.)<\/p>\n<p data-start=\"656\" data-end=\"723\">\ud83d\udecb\ufe0f Tar bort p\u00e4ls fr\u00e5n m\u00f6bler, kl\u00e4der och bils\u00e4ten p\u00e5 n\u00e5gra sekunder<\/p>\n<p data-start=\"726\" data-end=\"794\">\ud83c\udf0d Milj\u00f6v\u00e4nlig och \u00e5teranv\u00e4ndbar &#8211; inga eng\u00e5ngsdelar eller klibbiga tejper<\/p>\n<p data-start=\"797\" data-end=\"850\">\ud83d\udcaa Starkt, h\u00e5llbart material byggt f\u00f6r l\u00e5ngvarig anv\u00e4ndning<\/p>\n<p data-start=\"853\" data-end=\"895\">\u23f1\ufe0f Sparar tid och anstr\u00e4ngning vid reng\u00f6ring<\/p>\n<p data-start=\"853\" data-end=\"895\"><img decoding=\"async\" class=\"size-full wp-image-29884 aligncenter\" src=\"https:\/\/keluvo.com\/template\/wp-content\/uploads\/sites\/5\/2025\/08\/dewdewdewdew_6828255b-10dc-4a32-a29b-d390ee350152_720x.jpg\" alt=\"\" \/><\/p>\n<h2 style=\"text-align: center\" data-start=\"897\" data-end=\"915\">Hur Man Anv\u00e4nder \ud83d\udc31<\/h2>\n<ol data-start=\"916\" data-end=\"1042\">\n<li data-start=\"916\" data-end=\"953\">\n<p data-start=\"919\" data-end=\"953\">H\u00e5ll handsken i handen.<\/p>\n<\/li>\n<li data-start=\"954\" data-end=\"998\">\n<p data-start=\"957\" data-end=\"998\">Dra den \u00f6ver ytan med djurh\u00e5r.<\/p>\n<\/li>\n<li data-start=\"999\" data-end=\"1042\">\n<p data-start=\"1002\" data-end=\"1042\">Samla upp och sl\u00e4ng p\u00e4lsen &#8211; klart!<\/p>\n<\/li>\n<\/ol>\n<h2 style=\"text-align: center\" data-start=\"1044\" data-end=\"1068\">Produktdetaljer \ud83d\udccb<\/h2>\n<ul data-start=\"1069\" data-end=\"1328\">\n<li data-start=\"1069\" data-end=\"1118\">\n<p data-start=\"1071\" data-end=\"1118\">Material: Premium ABS med en mjuk gummikant<\/p>\n<\/li>\n<li data-start=\"1119\" data-end=\"1168\">\n<p data-start=\"1121\" data-end=\"1168\">Storlek: Kompakt, l\u00e4tt att b\u00e4ra och l\u00e4ttvikt<\/p>\n<\/li>\n<li data-start=\"1169\" data-end=\"1242\">\n<p data-start=\"1171\" data-end=\"1242\">L\u00e4mplig f\u00f6r: M\u00f6bler, mattor, kl\u00e4der, s\u00e4ngkl\u00e4der och bilinredning<\/p>\n<\/li>\n<li data-start=\"1243\" data-end=\"1294\">\n<p data-start=\"1245\" data-end=\"1294\">Reng\u00f6ring: Sk\u00f6lj under vatten och \u00e5teranv\u00e4nd i o\u00e4ndlighet<\/p>\n<\/li>\n<\/ul>\n<h2 style=\"text-align: center\" data-start=\"1330\" data-end=\"1355\">Paketet Inneh\u00e5ller \ud83d\udce6<\/h2>\n<ul data-start=\"1356\" data-end=\"1386\">\n<li data-start=\"1356\" data-end=\"1386\">\n<p data-start=\"1358\" data-end=\"1386\">1, 2, 4x handskar f\u00f6r borttagning av husdjursh\u00e5r.<\/p>\n<\/li>\n<\/ul>\n","protected":false},"excerpt":{"rendered":"<p>S\u00e4g Adj\u00f6 Till Djurh\u00e5r F\u00f6r Alltid \ud83d\udc3e Pet&#8217;s h\u00e5rborttagningshandske \u00e4r ett m\u00e5ste f\u00f6r alla djur\u00e4gare. Den \u00e4r utformad f\u00f6r att [&hellip;]<\/p>\n","protected":false},"featured_media":20305,"comment_status":"open","ping_status":"closed","template":"","meta":{"site-sidebar-layout":"default","site-content-layout":"","ast-site-content-layout":"default","site-content-style":"default","site-sidebar-style":"default","ast-global-header-display":"","ast-banner-title-visibility":"","ast-main-header-display":"","ast-hfb-above-header-display":"","ast-hfb-below-header-display":"","ast-hfb-mobile-header-display":"","site-post-title":"","ast-breadcrumbs-content":"","ast-featured-img":"","footer-sml-layout":"","theme-transparent-header-meta":"default","adv-header-id-meta":"","stick-header-meta":"","header-above-stick-meta":"","header-main-stick-meta":"","header-below-stick-meta":"","astra-migrate-meta-layouts":"set","ast-page-background-enabled":"default","ast-page-background-meta":{"desktop":{"background-color":"var(--ast-global-color-4)","background-image":"","background-repeat":"repeat","background-position":"center center","background-size":"auto","background-attachment":"scroll","background-type":"","background-media":"","overlay-type":"","overlay-color":"","overlay-opacity":"","overlay-gradient":""},"tablet":{"background-color":"","background-image":"","background-repeat":"repeat","background-position":"center center","background-size":"auto","background-attachment":"scroll","background-type":"","background-media":"","overlay-type":"","overlay-color":"","overlay-opacity":"","overlay-gradient":""},"mobile":{"background-color":"","background-image":"","background-repeat":"repeat","background-position":"center center","background-size":"auto","background-attachment":"scroll","background-type":"","background-media":"","overlay-type":"","overlay-color":"","overlay-opacity":"","overlay-gradient":""}},"ast-content-background-meta":{"desktop":{"background-color":"var(--ast-global-color-5)","background-image":"","background-repeat":"repeat","background-position":"center center","background-size":"auto","background-attachment":"scroll","background-type":"","background-media":"","overlay-type":"","overlay-color":"","overlay-opacity":"","overlay-gradient":""},"tablet":{"background-color":"var(--ast-global-color-5)","background-image":"","background-repeat":"repeat","background-position":"center center","background-size":"auto","background-attachment":"scroll","background-type":"","background-media":"","overlay-type":"","overlay-color":"","overlay-opacity":"","overlay-gradient":""},"mobile":{"background-color":"var(--ast-global-color-5)","background-image":"","background-repeat":"repeat","background-position":"center center","background-size":"auto","background-attachment":"scroll","background-type":"","background-media":"","overlay-type":"","overlay-color":"","overlay-opacity":"","overlay-gradient":""}}},"product_brand":[],"product_cat":[997],"product_tag":[],"class_list":{"0":"post-20309","1":"product","2":"type-product","3":"status-publish","4":"has-post-thumbnail","6":"product_cat-pets-products","7":"pa_48253_2kw2v5nn-1-st","8":"pa_48253_2kw2v5nn-2-st","9":"pa_48253_2kw2v5nn-4-st","10":"desktop-align-left","11":"tablet-align-left","12":"mobile-align-left","14":"first","15":"instock","16":"shipping-taxable","17":"purchasable","18":"product-type-variable"},"_links":{"self":[{"href":"https:\/\/keluvo.com\/se\/wp-json\/wp\/v2\/product\/20309","targetHints":{"allow":["GET"]}}],"collection":[{"href":"https:\/\/keluvo.com\/se\/wp-json\/wp\/v2\/product"}],"about":[{"href":"https:\/\/keluvo.com\/se\/wp-json\/wp\/v2\/types\/product"}],"replies":[{"embeddable":true,"href":"https:\/\/keluvo.com\/se\/wp-json\/wp\/v2\/comments?post=20309"}],"wp:featuredmedia":[{"embeddable":true,"href":"https:\/\/keluvo.com\/se\/wp-json\/wp\/v2\/media\/20305"}],"wp:attachment":[{"href":"https:\/\/keluvo.com\/se\/wp-json\/wp\/v2\/media?parent=20309"}],"wp:term":[{"taxonomy":"product_brand","embeddable":true,"href":"https:\/\/keluvo.com\/se\/wp-json\/wp\/v2\/product_brand?post=20309"},{"taxonomy":"product_cat","embeddable":true,"href":"https:\/\/keluvo.com\/se\/wp-json\/wp\/v2\/product_cat?post=20309"},{"taxonomy":"product_tag","embeddable":true,"href":"https:\/\/keluvo.com\/se\/wp-json\/wp\/v2\/product_tag?post=20309"}],"curies":[{"name":"wp","href":"https:\/\/api.w.org\/{rel}","templated":true}]}}