{"id":20129,"date":"2025-08-18T10:40:45","date_gmt":"2025-08-18T08:40:45","guid":{"rendered":"https:\/\/keluvo.com\/se\/product\/ringarmband-2\/"},"modified":"2025-08-18T10:41:10","modified_gmt":"2025-08-18T08:41:10","slug":"ringarmband-2","status":"publish","type":"product","link":"https:\/\/keluvo.com\/se\/product\/ringarmband-2\/","title":{"rendered":"Ringarmband"},"content":{"rendered":"<p style=\"text-align: center\" data-start=\"148\" data-end=\"214\"><strong>Lys Upp Med Ett Snyggt Ringarmband Som Passar Perfekt!<\/strong><\/p>\n<p style=\"text-align: center\" data-start=\"216\" data-end=\"371\">Detta moderna ringarmband \u00e4r designat f\u00f6r b\u00e5de sk\u00f6nhet och komfort, med en perfekt justerbar passform och glittrande berlocker som passar alla kl\u00e4der och tillf\u00e4llen. Det \u00e4r tillverkat av h\u00e5llbart rostfritt st\u00e5l och har tre rader med cubic zirconia, vilket g\u00f6r att det kombinerar elegans med vardaglig b\u00e4rbarhet. Dess inf\u00e4llbara design s\u00e4kerst\u00e4ller en passform f\u00f6r olika fingerstorlekar, vilket g\u00f6r den till en m\u00e5ste-ha modeaccessoar.<\/p>\n<p data-start=\"216\" data-end=\"371\"><img decoding=\"async\" class=\"size-full wp-image-24415 aligncenter\" src=\"https:\/\/keluvo.com\/template\/wp-content\/uploads\/sites\/5\/2024\/11\/0619-ezgif.com-video-to-webp-converter.webp\" alt=\"\" \/><\/p>\n<h2 style=\"text-align: center\" data-start=\"618\" data-end=\"640\">\ud83c\udf1f Huvudf\u00f6rdelar<\/h2>\n<p data-start=\"737\" data-end=\"819\">\ud83e\uddf2 <strong data-start=\"740\" data-end=\"758\">Justerbar Passform<\/strong> \u2013 Inf\u00e4llbar design passar fingerstorlekar fr\u00e5n 1,8 cm &#8211; 7 cm.<\/p>\n<p data-start=\"822\" data-end=\"901\">\ud83d\udee1\ufe0f <strong data-start=\"826\" data-end=\"853\">H\u00e5llbart Rostfritt St\u00e5l<\/strong> \u2013 Kommer inte att blekna, rosta eller b\u00f6jas vid regelbunden anv\u00e4ndning.<\/p>\n<p data-start=\"904\" data-end=\"986\">\ud83d\udc85 <strong data-start=\"907\" data-end=\"929\">Modern &amp; M\u00e5ngsidig<\/strong> \u2013 Perfekt f\u00f6r fester, vardagskl\u00e4der eller speciella evenemang.<\/p>\n<p data-start=\"989\" data-end=\"1069\">\ud83c\udf81 <strong data-start=\"992\" data-end=\"1015\">Snyggt Presentalternativ<\/strong> \u2013 Perfekt f\u00f6r f\u00f6delsedagar, helgdagar eller som en personlig g\u00e5va.<\/p>\n<p data-start=\"989\" data-end=\"1069\"><img decoding=\"async\" class=\"size-full wp-image-24416 aligncenter\" src=\"https:\/\/keluvo.com\/template\/wp-content\/uploads\/sites\/5\/2024\/11\/3e214883-16c9-465e-898c-a546306ecd41-2.webp\" alt=\"\" \/><\/p>\n<h2 style=\"text-align: center\" data-start=\"1076\" data-end=\"1095\">\ud83d\udd27 Hur Man Anv\u00e4nder<\/h2>\n<ol data-start=\"1096\" data-end=\"1285\">\n<li data-start=\"1096\" data-end=\"1158\">\n<p data-start=\"1099\" data-end=\"1158\">Dra eller tryck f\u00f6rsiktigt p\u00e5 ringarmbandet f\u00f6r att justera storleken.<\/p>\n<\/li>\n<li data-start=\"1159\" data-end=\"1230\">\n<p data-start=\"1162\" data-end=\"1230\">Skjut det p\u00e5 fingret och justera f\u00f6r en s\u00e4ker, bekv\u00e4m passform.<\/p>\n<\/li>\n<li data-start=\"1231\" data-end=\"1285\">\n<p data-start=\"1234\" data-end=\"1285\">Styla med dina favoritkl\u00e4der f\u00f6r extra glitter!<\/p>\n<\/li>\n<\/ol>\n<h2 style=\"text-align: center\" data-start=\"1292\" data-end=\"1316\">\ud83d\udccf Produktdetaljer<\/h2>\n<ul data-start=\"1317\" data-end=\"1553\">\n<li data-start=\"1317\" data-end=\"1363\">\n<p data-start=\"1319\" data-end=\"1363\"><strong data-start=\"1319\" data-end=\"1332\">Material:<\/strong> H\u00f6gkvalitativt rostfritt st\u00e5l<\/p>\n<\/li>\n<li data-start=\"1413\" data-end=\"1456\">\n<p data-start=\"1415\" data-end=\"1456\"><strong data-start=\"1415\" data-end=\"1441\">Justerbart Storleksintervall:<\/strong> 1,8 cm \u2013 7 cm<\/p>\n<\/li>\n<li data-start=\"1457\" data-end=\"1496\">\n<p data-start=\"1459\" data-end=\"1496\"><strong data-start=\"1459\" data-end=\"1469\">Stil:<\/strong> Modern, gl\u00e4nsande, m\u00e5ngsidig<\/p>\n<\/li>\n<li data-start=\"1497\" data-end=\"1553\">\n<p data-start=\"1499\" data-end=\"1553\"><strong data-start=\"1499\" data-end=\"1507\">Anv\u00e4ndning:<\/strong> Modekl\u00e4der, speciella evenemang, daglig accessoar<\/p>\n<\/li>\n<\/ul>\n<h2 style=\"text-align: center\" data-start=\"1560\" data-end=\"1585\">\ud83d\udce6 Paketet Inneh\u00e5ller<\/h2>\n<ul data-start=\"1586\" data-end=\"1635\">\n<li data-start=\"1586\" data-end=\"1635\">\n<p data-start=\"1588\" data-end=\"1635\">1x ringarmband.<\/p>\n<\/li>\n<\/ul>\n","protected":false},"excerpt":{"rendered":"<p>Lys Upp Med Ett Snyggt Ringarmband Som Passar Perfekt! Detta moderna ringarmband \u00e4r designat f\u00f6r b\u00e5de sk\u00f6nhet och komfort, med [&hellip;]<\/p>\n","protected":false},"featured_media":20125,"comment_status":"open","ping_status":"closed","template":"","meta":{"site-sidebar-layout":"default","site-content-layout":"","ast-site-content-layout":"default","site-content-style":"default","site-sidebar-style":"default","ast-global-header-display":"","ast-banner-title-visibility":"","ast-main-header-display":"","ast-hfb-above-header-display":"","ast-hfb-below-header-display":"","ast-hfb-mobile-header-display":"","site-post-title":"","ast-breadcrumbs-content":"","ast-featured-img":"","footer-sml-layout":"","theme-transparent-header-meta":"default","adv-header-id-meta":"","stick-header-meta":"","header-above-stick-meta":"","header-main-stick-meta":"","header-below-stick-meta":"","astra-migrate-meta-layouts":"set","ast-page-background-enabled":"default","ast-page-background-meta":{"desktop":{"background-color":"var(--ast-global-color-4)","background-image":"","background-repeat":"repeat","background-position":"center center","background-size":"auto","background-attachment":"scroll","background-type":"","background-media":"","overlay-type":"","overlay-color":"","overlay-opacity":"","overlay-gradient":""},"tablet":{"background-color":"","background-image":"","background-repeat":"repeat","background-position":"center center","background-size":"auto","background-attachment":"scroll","background-type":"","background-media":"","overlay-type":"","overlay-color":"","overlay-opacity":"","overlay-gradient":""},"mobile":{"background-color":"","background-image":"","background-repeat":"repeat","background-position":"center center","background-size":"auto","background-attachment":"scroll","background-type":"","background-media":"","overlay-type":"","overlay-color":"","overlay-opacity":"","overlay-gradient":""}},"ast-content-background-meta":{"desktop":{"background-color":"var(--ast-global-color-5)","background-image":"","background-repeat":"repeat","background-position":"center center","background-size":"auto","background-attachment":"scroll","background-type":"","background-media":"","overlay-type":"","overlay-color":"","overlay-opacity":"","overlay-gradient":""},"tablet":{"background-color":"var(--ast-global-color-5)","background-image":"","background-repeat":"repeat","background-position":"center center","background-size":"auto","background-attachment":"scroll","background-type":"","background-media":"","overlay-type":"","overlay-color":"","overlay-opacity":"","overlay-gradient":""},"mobile":{"background-color":"var(--ast-global-color-5)","background-image":"","background-repeat":"repeat","background-position":"center center","background-size":"auto","background-attachment":"scroll","background-type":"","background-media":"","overlay-type":"","overlay-color":"","overlay-opacity":"","overlay-gradient":""}}},"product_brand":[],"product_cat":[993],"product_tag":[],"class_list":{"0":"post-20129","1":"product","2":"type-product","3":"status-publish","4":"has-post-thumbnail","6":"product_cat-footwear-accessories","7":"pa_15931_yq9ymgoa-bla","8":"pa_15931_yq9ymgoa-guld","9":"pa_15931_yq9ymgoa-rod","10":"pa_15931_yq9ymgoa-vit","11":"desktop-align-left","12":"tablet-align-left","13":"mobile-align-left","15":"first","16":"instock","17":"shipping-taxable","18":"purchasable","19":"product-type-variable"},"_links":{"self":[{"href":"https:\/\/keluvo.com\/se\/wp-json\/wp\/v2\/product\/20129","targetHints":{"allow":["GET"]}}],"collection":[{"href":"https:\/\/keluvo.com\/se\/wp-json\/wp\/v2\/product"}],"about":[{"href":"https:\/\/keluvo.com\/se\/wp-json\/wp\/v2\/types\/product"}],"replies":[{"embeddable":true,"href":"https:\/\/keluvo.com\/se\/wp-json\/wp\/v2\/comments?post=20129"}],"wp:featuredmedia":[{"embeddable":true,"href":"https:\/\/keluvo.com\/se\/wp-json\/wp\/v2\/media\/20125"}],"wp:attachment":[{"href":"https:\/\/keluvo.com\/se\/wp-json\/wp\/v2\/media?parent=20129"}],"wp:term":[{"taxonomy":"product_brand","embeddable":true,"href":"https:\/\/keluvo.com\/se\/wp-json\/wp\/v2\/product_brand?post=20129"},{"taxonomy":"product_cat","embeddable":true,"href":"https:\/\/keluvo.com\/se\/wp-json\/wp\/v2\/product_cat?post=20129"},{"taxonomy":"product_tag","embeddable":true,"href":"https:\/\/keluvo.com\/se\/wp-json\/wp\/v2\/product_tag?post=20129"}],"curies":[{"name":"wp","href":"https:\/\/api.w.org\/{rel}","templated":true}]}}