{"id":19856,"date":"2025-08-14T14:12:08","date_gmt":"2025-08-14T12:12:08","guid":{"rendered":"https:\/\/keluvo.com\/se\/product\/silar-for-engangsbruk-for-dusch-2\/"},"modified":"2025-08-14T14:12:16","modified_gmt":"2025-08-14T12:12:16","slug":"silar-for-engangsbruk-for-dusch-2","status":"publish","type":"product","link":"https:\/\/keluvo.com\/se\/product\/silar-for-engangsbruk-for-dusch-2\/","title":{"rendered":"Silar f\u00f6r eng\u00e5ngsbruk f\u00f6r dusch"},"content":{"rendered":"<p style=\"text-align: center\"><strong>Har Du Problem Med Ett Igensatt Avlopp P\u00e5 Grund Av H\u00e5r?<\/strong><\/p>\n<p style=\"text-align: center\">En praktisk avloppssk\u00e4rm kan f\u00e5nga h\u00e5r och hindra det fr\u00e5n att komma in i r\u00f6ren. Detta \u00e4r s\u00e4rskilt anv\u00e4ndbart om du vill h\u00e5lla o\u00f6nskade buggar borta fr\u00e5n ditt hem som kan komma genom VVS.<\/p>\n<p><img fetchpriority=\"high\" decoding=\"async\" class=\" wp-image-24395 aligncenter\" src=\"https:\/\/keluvo.com\/template\/wp-content\/uploads\/sites\/5\/2024\/12\/29d0fd0513062d04496fffeb34c5dc33f8a81d5b.webp\" alt=\"\" width=\"471\" height=\"589\" \/><\/p>\n<h2 style=\"text-align: center\"><strong>Hur Man Anv\u00e4nder<\/strong><\/h2>\n<p style=\"text-align: center\">Att applicera n\u00e4tet \u00e4r enkelt! Reng\u00f6r bara r\u00f6ren f\u00f6rst med en speciell reng\u00f6ringsmedel. F\u00f6r att hj\u00e4lpa n\u00e4tet att f\u00e4sta bra, torka bort smuts runt gallret med en torr trasa. Det \u00e4r en bra id\u00e9 att byta ut n\u00e4tet var 2-3:e vecka. Limmet som anv\u00e4nds f\u00f6r n\u00e4tet \u00e4r vattenbest\u00e4ndigt. Genom att anv\u00e4nda det h\u00e4r n\u00e4tet kan vattnet rinna av snabbt! Det fungerar utm\u00e4rkt f\u00f6r badrums- och k\u00f6kshandfat samt duschavlopp.<\/p>\n<p><img decoding=\"async\" class=\"size-full wp-image-24394 aligncenter\" src=\"https:\/\/keluvo.com\/template\/wp-content\/uploads\/sites\/5\/2024\/12\/ac6d120a9c793dd771fa531147b51e7997f51e8a.avif\" alt=\"\" \/><\/p>\n<h2 style=\"text-align: center\"><strong>Specifikationer<\/strong><\/h2>\n<ul>\n<li>Material: glasfiber + oljelim<\/li>\n<li>Storlek: 10 cm x 10 cm.<\/li>\n<\/ul>\n<h2 style=\"text-align: center\"><strong>Paketet Inneh\u00e5ller<\/strong><\/h2>\n<ul>\n<li>10\/20\/40 duschavloppsgaller.<\/li>\n<\/ul>\n","protected":false},"excerpt":{"rendered":"<p>Har Du Problem Med Ett Igensatt Avlopp P\u00e5 Grund Av H\u00e5r? En praktisk avloppssk\u00e4rm kan f\u00e5nga h\u00e5r och hindra det [&hellip;]<\/p>\n","protected":false},"featured_media":19852,"comment_status":"open","ping_status":"closed","template":"","meta":{"site-sidebar-layout":"default","site-content-layout":"","ast-site-content-layout":"default","site-content-style":"default","site-sidebar-style":"default","ast-global-header-display":"","ast-banner-title-visibility":"","ast-main-header-display":"","ast-hfb-above-header-display":"","ast-hfb-below-header-display":"","ast-hfb-mobile-header-display":"","site-post-title":"","ast-breadcrumbs-content":"","ast-featured-img":"","footer-sml-layout":"","theme-transparent-header-meta":"default","adv-header-id-meta":"","stick-header-meta":"","header-above-stick-meta":"","header-main-stick-meta":"","header-below-stick-meta":"","astra-migrate-meta-layouts":"set","ast-page-background-enabled":"default","ast-page-background-meta":{"desktop":{"background-color":"var(--ast-global-color-4)","background-image":"","background-repeat":"repeat","background-position":"center center","background-size":"auto","background-attachment":"scroll","background-type":"","background-media":"","overlay-type":"","overlay-color":"","overlay-opacity":"","overlay-gradient":""},"tablet":{"background-color":"","background-image":"","background-repeat":"repeat","background-position":"center center","background-size":"auto","background-attachment":"scroll","background-type":"","background-media":"","overlay-type":"","overlay-color":"","overlay-opacity":"","overlay-gradient":""},"mobile":{"background-color":"","background-image":"","background-repeat":"repeat","background-position":"center center","background-size":"auto","background-attachment":"scroll","background-type":"","background-media":"","overlay-type":"","overlay-color":"","overlay-opacity":"","overlay-gradient":""}},"ast-content-background-meta":{"desktop":{"background-color":"var(--ast-global-color-5)","background-image":"","background-repeat":"repeat","background-position":"center center","background-size":"auto","background-attachment":"scroll","background-type":"","background-media":"","overlay-type":"","overlay-color":"","overlay-opacity":"","overlay-gradient":""},"tablet":{"background-color":"var(--ast-global-color-5)","background-image":"","background-repeat":"repeat","background-position":"center center","background-size":"auto","background-attachment":"scroll","background-type":"","background-media":"","overlay-type":"","overlay-color":"","overlay-opacity":"","overlay-gradient":""},"mobile":{"background-color":"var(--ast-global-color-5)","background-image":"","background-repeat":"repeat","background-position":"center center","background-size":"auto","background-attachment":"scroll","background-type":"","background-media":"","overlay-type":"","overlay-color":"","overlay-opacity":"","overlay-gradient":""}}},"product_brand":[],"product_cat":[1001],"product_tag":[],"class_list":{"0":"post-19856","1":"product","2":"type-product","3":"status-publish","4":"has-post-thumbnail","6":"product_cat-household-goods","7":"pa_18726_ymk53bff-10-st","8":"pa_18726_ymk53bff-20-st","9":"pa_18726_ymk53bff-40-st","10":"desktop-align-left","11":"tablet-align-left","12":"mobile-align-left","14":"first","15":"instock","16":"shipping-taxable","17":"purchasable","18":"product-type-variable"},"_links":{"self":[{"href":"https:\/\/keluvo.com\/se\/wp-json\/wp\/v2\/product\/19856","targetHints":{"allow":["GET"]}}],"collection":[{"href":"https:\/\/keluvo.com\/se\/wp-json\/wp\/v2\/product"}],"about":[{"href":"https:\/\/keluvo.com\/se\/wp-json\/wp\/v2\/types\/product"}],"replies":[{"embeddable":true,"href":"https:\/\/keluvo.com\/se\/wp-json\/wp\/v2\/comments?post=19856"}],"wp:featuredmedia":[{"embeddable":true,"href":"https:\/\/keluvo.com\/se\/wp-json\/wp\/v2\/media\/19852"}],"wp:attachment":[{"href":"https:\/\/keluvo.com\/se\/wp-json\/wp\/v2\/media?parent=19856"}],"wp:term":[{"taxonomy":"product_brand","embeddable":true,"href":"https:\/\/keluvo.com\/se\/wp-json\/wp\/v2\/product_brand?post=19856"},{"taxonomy":"product_cat","embeddable":true,"href":"https:\/\/keluvo.com\/se\/wp-json\/wp\/v2\/product_cat?post=19856"},{"taxonomy":"product_tag","embeddable":true,"href":"https:\/\/keluvo.com\/se\/wp-json\/wp\/v2\/product_tag?post=19856"}],"curies":[{"name":"wp","href":"https:\/\/api.w.org\/{rel}","templated":true}]}}