{"id":19723,"date":"2025-08-12T12:02:09","date_gmt":"2025-08-12T10:02:09","guid":{"rendered":"https:\/\/keluvo.com\/se\/product\/kombinerade-oronsnackor-for-smartklocka\/"},"modified":"2025-09-05T10:57:52","modified_gmt":"2025-09-05T07:57:52","slug":"kombinerade-oronsnackor-for-smartklocka","status":"publish","type":"product","link":"https:\/\/keluvo.com\/se\/product\/kombinerade-oronsnackor-for-smartklocka\/","title":{"rendered":"Kombinerade \u00f6ronsn\u00e4ckor f\u00f6r smartklocka"},"content":{"rendered":"<h2 style=\"text-align: center\">Smartwatch och \u00f6ronsn\u00e4ckor i ett<\/h2>\n<p style=\"text-align: center\">Smartwatch-\u00f6ronsn\u00e4ckor kombinerar en fitness tracker och tr\u00e5dl\u00f6sa \u00f6ronsn\u00e4ckor i en och samma enhet. \u00d6ronsn\u00e4ckorna f\u00f6rvaras och laddas i klockan, vilket g\u00f6r dem l\u00e4tta att b\u00e4ra med sig och alltid redo att anv\u00e4ndas. Njut av musik, samtal och fitnesssp\u00e5rning utan att b\u00e4ra med dig extra enheter.<\/p>\n<p><img decoding=\"async\" class=\"alignnone size-medium wp-image-4864 aligncenter\" src=\"https:\/\/keluvo.com\/template\/wp-content\/uploads\/sites\/5\/2024\/12\/S5338d5b03e354c00ab776d5ab9b52a16d.jpg_960x960q75.jpg_.avif\" alt=\"\" \/><\/p>\n<h2 style=\"text-align: center\">Fitnesssp\u00e5rning p\u00e5 ett enkelt s\u00e4tt<\/h2>\n<p style=\"text-align: center\">Med 24-timmars \u00f6vervakning av hj\u00e4rtfrekvens, blodtryck och s\u00f6mn hj\u00e4lper smartwatch-\u00f6ronsn\u00e4ckorna dig att h\u00e5lla koll p\u00e5 din h\u00e4lsa. Den registrerar ocks\u00e5 steg, avst\u00e5nd och f\u00f6rbr\u00e4nda kalorier under tr\u00e4ningspass. H\u00e5ll dig informerad om dina tr\u00e4nings- och h\u00e4lsom\u00e5l med en smart enhet.<\/p>\n<p><img decoding=\"async\" class=\"alignnone size-medium wp-image-4869 aligncenter\" src=\"https:\/\/keluvo.com\/template\/wp-content\/uploads\/sites\/5\/2024\/12\/S91676741b9b34231af97bed26fcf4b47M.jpg_960x960q75.jpg_.avif\" alt=\"\" \/><\/p>\n<h2 style=\"text-align: center\">S\u00f6ml\u00f6s Bluetooth-anslutning<\/h2>\n<p style=\"text-align: center\">Smartwatch \u00f6ronsn\u00e4ckor combo st\u00f6der Bluetooth 5.2 f\u00f6r smidiga anslutningar till din telefon. Njut av handsfree-samtal, musikuppspelning och snabba aviseringar direkt fr\u00e5n din handled. Oavsett om du \u00e4r p\u00e5 jobbet eller p\u00e5 gymmet h\u00e5ller den h\u00e4r kombinationen dig ansluten och underh\u00e5llen.<\/p>\n<p><img decoding=\"async\" class=\"size-medium wp-image-4860 aligncenter\" src=\"https:\/\/keluvo.com\/template\/wp-content\/uploads\/sites\/5\/2024\/12\/S93f3ed80c5d543c492d1c565b3dcd7f1i.jpg_960x960q75.jpg_.avif\" alt=\"\" \/><\/p>\n","protected":false},"excerpt":{"rendered":"<p>Smartwatch och \u00f6ronsn\u00e4ckor i ett Smartwatch-\u00f6ronsn\u00e4ckor kombinerar en fitness tracker och tr\u00e5dl\u00f6sa \u00f6ronsn\u00e4ckor i en och samma enhet. \u00d6ronsn\u00e4ckorna f\u00f6rvaras [&hellip;]<\/p>\n","protected":false},"featured_media":19719,"comment_status":"open","ping_status":"closed","template":"","meta":{"site-sidebar-layout":"default","site-content-layout":"","ast-site-content-layout":"default","site-content-style":"default","site-sidebar-style":"default","ast-global-header-display":"","ast-banner-title-visibility":"","ast-main-header-display":"","ast-hfb-above-header-display":"","ast-hfb-below-header-display":"","ast-hfb-mobile-header-display":"","site-post-title":"","ast-breadcrumbs-content":"","ast-featured-img":"","footer-sml-layout":"","theme-transparent-header-meta":"default","adv-header-id-meta":"","stick-header-meta":"","header-above-stick-meta":"","header-main-stick-meta":"","header-below-stick-meta":"","astra-migrate-meta-layouts":"set","ast-page-background-enabled":"default","ast-page-background-meta":{"desktop":{"background-color":"var(--ast-global-color-4)","background-image":"","background-repeat":"repeat","background-position":"center center","background-size":"auto","background-attachment":"scroll","background-type":"","background-media":"","overlay-type":"","overlay-color":"","overlay-opacity":"","overlay-gradient":""},"tablet":{"background-color":"","background-image":"","background-repeat":"repeat","background-position":"center center","background-size":"auto","background-attachment":"scroll","background-type":"","background-media":"","overlay-type":"","overlay-color":"","overlay-opacity":"","overlay-gradient":""},"mobile":{"background-color":"","background-image":"","background-repeat":"repeat","background-position":"center center","background-size":"auto","background-attachment":"scroll","background-type":"","background-media":"","overlay-type":"","overlay-color":"","overlay-opacity":"","overlay-gradient":""}},"ast-content-background-meta":{"desktop":{"background-color":"var(--ast-global-color-5)","background-image":"","background-repeat":"repeat","background-position":"center center","background-size":"auto","background-attachment":"scroll","background-type":"","background-media":"","overlay-type":"","overlay-color":"","overlay-opacity":"","overlay-gradient":""},"tablet":{"background-color":"var(--ast-global-color-5)","background-image":"","background-repeat":"repeat","background-position":"center center","background-size":"auto","background-attachment":"scroll","background-type":"","background-media":"","overlay-type":"","overlay-color":"","overlay-opacity":"","overlay-gradient":""},"mobile":{"background-color":"var(--ast-global-color-5)","background-image":"","background-repeat":"repeat","background-position":"center center","background-size":"auto","background-attachment":"scroll","background-type":"","background-media":"","overlay-type":"","overlay-color":"","overlay-opacity":"","overlay-gradient":""}}},"product_brand":[],"product_cat":[993],"product_tag":[],"class_list":{"0":"post-19723","1":"product","2":"type-product","3":"status-publish","4":"has-post-thumbnail","6":"product_cat-footwear-accessories","7":"pa_21959_adoceoi6-brun","8":"pa_21959_adoceoi6-rosa","9":"pa_21959_adoceoi6-silver","10":"pa_21959_adoceoi6-svart","11":"desktop-align-left","12":"tablet-align-left","13":"mobile-align-left","15":"first","16":"instock","17":"shipping-taxable","18":"purchasable","19":"product-type-variable"},"_links":{"self":[{"href":"https:\/\/keluvo.com\/se\/wp-json\/wp\/v2\/product\/19723","targetHints":{"allow":["GET"]}}],"collection":[{"href":"https:\/\/keluvo.com\/se\/wp-json\/wp\/v2\/product"}],"about":[{"href":"https:\/\/keluvo.com\/se\/wp-json\/wp\/v2\/types\/product"}],"replies":[{"embeddable":true,"href":"https:\/\/keluvo.com\/se\/wp-json\/wp\/v2\/comments?post=19723"}],"wp:featuredmedia":[{"embeddable":true,"href":"https:\/\/keluvo.com\/se\/wp-json\/wp\/v2\/media\/19719"}],"wp:attachment":[{"href":"https:\/\/keluvo.com\/se\/wp-json\/wp\/v2\/media?parent=19723"}],"wp:term":[{"taxonomy":"product_brand","embeddable":true,"href":"https:\/\/keluvo.com\/se\/wp-json\/wp\/v2\/product_brand?post=19723"},{"taxonomy":"product_cat","embeddable":true,"href":"https:\/\/keluvo.com\/se\/wp-json\/wp\/v2\/product_cat?post=19723"},{"taxonomy":"product_tag","embeddable":true,"href":"https:\/\/keluvo.com\/se\/wp-json\/wp\/v2\/product_tag?post=19723"}],"curies":[{"name":"wp","href":"https:\/\/api.w.org\/{rel}","templated":true}]}}