{"id":19710,"date":"2025-08-12T12:01:24","date_gmt":"2025-08-12T10:01:24","guid":{"rendered":"https:\/\/keluvo.com\/se\/product\/kladhangare\/"},"modified":"2025-08-12T12:01:33","modified_gmt":"2025-08-12T10:01:33","slug":"kladhangare","status":"publish","type":"product","link":"https:\/\/keluvo.com\/se\/product\/kladhangare\/","title":{"rendered":"Kl\u00e4dh\u00e4ngare"},"content":{"rendered":"<h2 style=\"text-align: center\">Utrymmesbesparande Design<\/h2>\n<p style=\"text-align: center\">Byxst\u00e4llet har en smart, utrymmesbesparande design som g\u00f6r att du kan organisera dina byxor snyggt. Dess inf\u00e4llbara och vikbara struktur hj\u00e4lper dig att maximera garderobsutrymmet genom att h\u00e5lla byxorna i ett kompakt och prydligt arrangemang.<\/p>\n<p><img fetchpriority=\"high\" decoding=\"async\" width=\"800\" height=\"800\" class=\"alignnone size-medium wp-image-3872 aligncenter\" src=\"https:\/\/keluvo.com\/template\/wp-content\/uploads\/sites\/5\/2024\/11\/Stainless-Steel-Retractable-Trouser-Rack-Folding-Multi-functional-Space-Saving-Pants-Hangers-Foldable-Closet-Organizer-Wardrobe.jpg_-1.png\" alt=\"\" srcset=\"https:\/\/keluvo.com\/se\/wp-content\/uploads\/sites\/12\/2024\/11\/Stainless-Steel-Retractable-Trouser-Rack-Folding-Multi-functional-Space-Saving-Pants-Hangers-Foldable-Closet-Organizer-Wardrobe.jpg_-1.png 800w, https:\/\/keluvo.com\/se\/wp-content\/uploads\/sites\/12\/2024\/11\/Stainless-Steel-Retractable-Trouser-Rack-Folding-Multi-functional-Space-Saving-Pants-Hangers-Foldable-Closet-Organizer-Wardrobe.jpg_-1-300x300.png 300w, https:\/\/keluvo.com\/se\/wp-content\/uploads\/sites\/12\/2024\/11\/Stainless-Steel-Retractable-Trouser-Rack-Folding-Multi-functional-Space-Saving-Pants-Hangers-Foldable-Closet-Organizer-Wardrobe.jpg_-1-150x150.png 150w, https:\/\/keluvo.com\/se\/wp-content\/uploads\/sites\/12\/2024\/11\/Stainless-Steel-Retractable-Trouser-Rack-Folding-Multi-functional-Space-Saving-Pants-Hangers-Foldable-Closet-Organizer-Wardrobe.jpg_-1-768x768.png 768w, https:\/\/keluvo.com\/se\/wp-content\/uploads\/sites\/12\/2024\/11\/Stainless-Steel-Retractable-Trouser-Rack-Folding-Multi-functional-Space-Saving-Pants-Hangers-Foldable-Closet-Organizer-Wardrobe.jpg_-1-600x600.png 600w, https:\/\/keluvo.com\/se\/wp-content\/uploads\/sites\/12\/2024\/11\/Stainless-Steel-Retractable-Trouser-Rack-Folding-Multi-functional-Space-Saving-Pants-Hangers-Foldable-Closet-Organizer-Wardrobe.jpg_-1-100x100.png 100w, https:\/\/keluvo.com\/se\/wp-content\/uploads\/sites\/12\/2024\/11\/Stainless-Steel-Retractable-Trouser-Rack-Folding-Multi-functional-Space-Saving-Pants-Hangers-Foldable-Closet-Organizer-Wardrobe.jpg_-1-50x50.png 50w\" sizes=\"(max-width: 800px) 100vw, 800px\" \/><\/p>\n<h2 style=\"text-align: center\">M\u00e5ngsidiga Upph\u00e4ngningsalternativ<\/h2>\n<p style=\"text-align: center\">Med sin unika 5-i-1-design erbjuder detta byxst\u00e4ll flexibla upph\u00e4ngningsalternativ. Du kan v\u00e4lja att h\u00e4nga den horisontellt eller vertikalt beroende p\u00e5 ditt utrymme, s\u00e5 att du enkelt kan anpassa hur du organiserar dina byxor.<\/p>\n<p style=\"text-align: center\"><img decoding=\"async\" width=\"800\" height=\"800\" class=\"alignnone size-medium wp-image-3873\" src=\"https:\/\/keluvo.com\/template\/wp-content\/uploads\/sites\/5\/2024\/11\/Stainless-Steel-Retractable-Trouser-Rack-Folding-Multi-functional-Space-Saving-Pants-Hangers-Foldable-Closet-Organizer-Wardrobe.jpg_.png\" alt=\"\" srcset=\"https:\/\/keluvo.com\/se\/wp-content\/uploads\/sites\/12\/2024\/11\/Stainless-Steel-Retractable-Trouser-Rack-Folding-Multi-functional-Space-Saving-Pants-Hangers-Foldable-Closet-Organizer-Wardrobe.jpg_.png 800w, https:\/\/keluvo.com\/se\/wp-content\/uploads\/sites\/12\/2024\/11\/Stainless-Steel-Retractable-Trouser-Rack-Folding-Multi-functional-Space-Saving-Pants-Hangers-Foldable-Closet-Organizer-Wardrobe.jpg_-300x300.png 300w, https:\/\/keluvo.com\/se\/wp-content\/uploads\/sites\/12\/2024\/11\/Stainless-Steel-Retractable-Trouser-Rack-Folding-Multi-functional-Space-Saving-Pants-Hangers-Foldable-Closet-Organizer-Wardrobe.jpg_-150x150.png 150w, https:\/\/keluvo.com\/se\/wp-content\/uploads\/sites\/12\/2024\/11\/Stainless-Steel-Retractable-Trouser-Rack-Folding-Multi-functional-Space-Saving-Pants-Hangers-Foldable-Closet-Organizer-Wardrobe.jpg_-768x768.png 768w, https:\/\/keluvo.com\/se\/wp-content\/uploads\/sites\/12\/2024\/11\/Stainless-Steel-Retractable-Trouser-Rack-Folding-Multi-functional-Space-Saving-Pants-Hangers-Foldable-Closet-Organizer-Wardrobe.jpg_-600x600.png 600w, https:\/\/keluvo.com\/se\/wp-content\/uploads\/sites\/12\/2024\/11\/Stainless-Steel-Retractable-Trouser-Rack-Folding-Multi-functional-Space-Saving-Pants-Hangers-Foldable-Closet-Organizer-Wardrobe.jpg_-100x100.png 100w, https:\/\/keluvo.com\/se\/wp-content\/uploads\/sites\/12\/2024\/11\/Stainless-Steel-Retractable-Trouser-Rack-Folding-Multi-functional-Space-Saving-Pants-Hangers-Foldable-Closet-Organizer-Wardrobe.jpg_-50x50.png 50w\" sizes=\"(max-width: 800px) 100vw, 800px\" \/><\/p>\n","protected":false},"excerpt":{"rendered":"<p>Utrymmesbesparande Design Byxst\u00e4llet har en smart, utrymmesbesparande design som g\u00f6r att du kan organisera dina byxor snyggt. Dess inf\u00e4llbara och [&hellip;]<\/p>\n","protected":false},"featured_media":19706,"comment_status":"open","ping_status":"closed","template":"","meta":{"site-sidebar-layout":"default","site-content-layout":"","ast-site-content-layout":"default","site-content-style":"default","site-sidebar-style":"default","ast-global-header-display":"","ast-banner-title-visibility":"","ast-main-header-display":"","ast-hfb-above-header-display":"","ast-hfb-below-header-display":"","ast-hfb-mobile-header-display":"","site-post-title":"","ast-breadcrumbs-content":"","ast-featured-img":"","footer-sml-layout":"","theme-transparent-header-meta":"default","adv-header-id-meta":"","stick-header-meta":"","header-above-stick-meta":"","header-main-stick-meta":"","header-below-stick-meta":"","astra-migrate-meta-layouts":"set","ast-page-background-enabled":"default","ast-page-background-meta":{"desktop":{"background-color":"var(--ast-global-color-4)","background-image":"","background-repeat":"repeat","background-position":"center center","background-size":"auto","background-attachment":"scroll","background-type":"","background-media":"","overlay-type":"","overlay-color":"","overlay-opacity":"","overlay-gradient":""},"tablet":{"background-color":"","background-image":"","background-repeat":"repeat","background-position":"center center","background-size":"auto","background-attachment":"scroll","background-type":"","background-media":"","overlay-type":"","overlay-color":"","overlay-opacity":"","overlay-gradient":""},"mobile":{"background-color":"","background-image":"","background-repeat":"repeat","background-position":"center center","background-size":"auto","background-attachment":"scroll","background-type":"","background-media":"","overlay-type":"","overlay-color":"","overlay-opacity":"","overlay-gradient":""}},"ast-content-background-meta":{"desktop":{"background-color":"var(--ast-global-color-5)","background-image":"","background-repeat":"repeat","background-position":"center center","background-size":"auto","background-attachment":"scroll","background-type":"","background-media":"","overlay-type":"","overlay-color":"","overlay-opacity":"","overlay-gradient":""},"tablet":{"background-color":"var(--ast-global-color-5)","background-image":"","background-repeat":"repeat","background-position":"center center","background-size":"auto","background-attachment":"scroll","background-type":"","background-media":"","overlay-type":"","overlay-color":"","overlay-opacity":"","overlay-gradient":""},"mobile":{"background-color":"var(--ast-global-color-5)","background-image":"","background-repeat":"repeat","background-position":"center center","background-size":"auto","background-attachment":"scroll","background-type":"","background-media":"","overlay-type":"","overlay-color":"","overlay-opacity":"","overlay-gradient":""}}},"product_brand":[],"product_cat":[1001],"product_tag":[],"class_list":{"0":"post-19710","1":"product","2":"type-product","3":"status-publish","4":"has-post-thumbnail","6":"product_cat-household-goods","7":"pa_21448_1akjbblr-bla","8":"pa_21448_1akjbblr-rosa","9":"pa_21448_1akjbblr-svart","10":"pa_21448_1akjbblr-vit","11":"desktop-align-left","12":"tablet-align-left","13":"mobile-align-left","15":"first","16":"instock","17":"shipping-taxable","18":"purchasable","19":"product-type-variable"},"_links":{"self":[{"href":"https:\/\/keluvo.com\/se\/wp-json\/wp\/v2\/product\/19710","targetHints":{"allow":["GET"]}}],"collection":[{"href":"https:\/\/keluvo.com\/se\/wp-json\/wp\/v2\/product"}],"about":[{"href":"https:\/\/keluvo.com\/se\/wp-json\/wp\/v2\/types\/product"}],"replies":[{"embeddable":true,"href":"https:\/\/keluvo.com\/se\/wp-json\/wp\/v2\/comments?post=19710"}],"wp:featuredmedia":[{"embeddable":true,"href":"https:\/\/keluvo.com\/se\/wp-json\/wp\/v2\/media\/19706"}],"wp:attachment":[{"href":"https:\/\/keluvo.com\/se\/wp-json\/wp\/v2\/media?parent=19710"}],"wp:term":[{"taxonomy":"product_brand","embeddable":true,"href":"https:\/\/keluvo.com\/se\/wp-json\/wp\/v2\/product_brand?post=19710"},{"taxonomy":"product_cat","embeddable":true,"href":"https:\/\/keluvo.com\/se\/wp-json\/wp\/v2\/product_cat?post=19710"},{"taxonomy":"product_tag","embeddable":true,"href":"https:\/\/keluvo.com\/se\/wp-json\/wp\/v2\/product_tag?post=19710"}],"curies":[{"name":"wp","href":"https:\/\/api.w.org\/{rel}","templated":true}]}}