{"id":19699,"date":"2025-08-12T12:00:53","date_gmt":"2025-08-12T10:00:53","guid":{"rendered":"https:\/\/keluvo.com\/se\/product\/handskar-med-led-ficklampa\/"},"modified":"2025-08-12T12:01:01","modified_gmt":"2025-08-12T10:01:01","slug":"handskar-med-led-ficklampa","status":"publish","type":"product","link":"https:\/\/keluvo.com\/se\/product\/handskar-med-led-ficklampa\/","title":{"rendered":"Handskar med LED-ficklampa"},"content":{"rendered":"<h2 style=\"text-align: center\" data-start=\"0\" data-end=\"34\">Handsfree-l\u00f6sning f\u00f6r belysning<\/h2>\n<p style=\"text-align: center\" data-start=\"35\" data-end=\"266\">LED-ficklampans handskar ger starkt ljus precis d\u00e4r du beh\u00f6ver det. Du beh\u00f6ver inte h\u00e5lla i en separat ficklampa &#8211; r\u00f6r bara h\u00e4nderna f\u00f6r att rikta ljusstr\u00e5len. Perfekt f\u00f6r arbete i m\u00f6rka utrymmen, fiske eller utomhusaktiviteter p\u00e5 natten.<\/p>\n<p data-start=\"35\" data-end=\"266\"><img decoding=\"async\" class=\"alignnone size-medium wp-image-11758 aligncenter\" src=\"https:\/\/keluvo.com\/template\/wp-content\/uploads\/sites\/5\/2025\/02\/HTB1rRkFFx9YBuNjy0Ffq6xIsVXaG.jpeg\" alt=\"\" \/><\/p>\n<h2 style=\"text-align: center\" data-start=\"268\" data-end=\"304\">Justerbar och bekv\u00e4m passform<\/h2>\n<p style=\"text-align: center\" data-start=\"305\" data-end=\"549\">Tillverkade av mjukt, stretchigt material passar LED-ficklamphandskarna bekv\u00e4mt p\u00e5 alla h\u00e4nder. Den justerbara remmen garanterar en s\u00e4ker passform, vilket g\u00f6r dem l\u00e4tta att b\u00e4ra under l\u00e5nga perioder. De \u00e4r l\u00e4tta och flexibla och kommer inte att vara i v\u00e4gen f\u00f6r dina uppgifter.<\/p>\n<p data-start=\"305\" data-end=\"549\"><img decoding=\"async\" class=\"alignnone size-medium wp-image-11757 aligncenter\" src=\"https:\/\/keluvo.com\/template\/wp-content\/uploads\/sites\/5\/2025\/02\/HTB1QcZCFxSYBuNjSspjq6x73VXaZ.jpeg\" alt=\"\" \/><\/p>\n","protected":false},"excerpt":{"rendered":"<p>Handsfree-l\u00f6sning f\u00f6r belysning LED-ficklampans handskar ger starkt ljus precis d\u00e4r du beh\u00f6ver det. Du beh\u00f6ver inte h\u00e5lla i en separat [&hellip;]<\/p>\n","protected":false},"featured_media":19695,"comment_status":"open","ping_status":"closed","template":"","meta":{"site-sidebar-layout":"default","site-content-layout":"","ast-site-content-layout":"default","site-content-style":"default","site-sidebar-style":"default","ast-global-header-display":"","ast-banner-title-visibility":"","ast-main-header-display":"","ast-hfb-above-header-display":"","ast-hfb-below-header-display":"","ast-hfb-mobile-header-display":"","site-post-title":"","ast-breadcrumbs-content":"","ast-featured-img":"","footer-sml-layout":"","theme-transparent-header-meta":"default","adv-header-id-meta":"","stick-header-meta":"","header-above-stick-meta":"","header-main-stick-meta":"","header-below-stick-meta":"","astra-migrate-meta-layouts":"set","ast-page-background-enabled":"default","ast-page-background-meta":{"desktop":{"background-color":"var(--ast-global-color-4)","background-image":"","background-repeat":"repeat","background-position":"center center","background-size":"auto","background-attachment":"scroll","background-type":"","background-media":"","overlay-type":"","overlay-color":"","overlay-opacity":"","overlay-gradient":""},"tablet":{"background-color":"","background-image":"","background-repeat":"repeat","background-position":"center center","background-size":"auto","background-attachment":"scroll","background-type":"","background-media":"","overlay-type":"","overlay-color":"","overlay-opacity":"","overlay-gradient":""},"mobile":{"background-color":"","background-image":"","background-repeat":"repeat","background-position":"center center","background-size":"auto","background-attachment":"scroll","background-type":"","background-media":"","overlay-type":"","overlay-color":"","overlay-opacity":"","overlay-gradient":""}},"ast-content-background-meta":{"desktop":{"background-color":"var(--ast-global-color-5)","background-image":"","background-repeat":"repeat","background-position":"center center","background-size":"auto","background-attachment":"scroll","background-type":"","background-media":"","overlay-type":"","overlay-color":"","overlay-opacity":"","overlay-gradient":""},"tablet":{"background-color":"var(--ast-global-color-5)","background-image":"","background-repeat":"repeat","background-position":"center center","background-size":"auto","background-attachment":"scroll","background-type":"","background-media":"","overlay-type":"","overlay-color":"","overlay-opacity":"","overlay-gradient":""},"mobile":{"background-color":"var(--ast-global-color-5)","background-image":"","background-repeat":"repeat","background-position":"center center","background-size":"auto","background-attachment":"scroll","background-type":"","background-media":"","overlay-type":"","overlay-color":"","overlay-opacity":"","overlay-gradient":""}}},"product_brand":[],"product_cat":[993],"product_tag":[],"class_list":{"0":"post-19699","1":"product","2":"type-product","3":"status-publish","4":"has-post-thumbnail","6":"product_cat-footwear-accessories","7":"pa_18481_5bmioiuk-par","8":"pa_18481_5bmioiuk-ratt","9":"pa_18481_5bmioiuk-vanster","10":"desktop-align-left","11":"tablet-align-left","12":"mobile-align-left","14":"first","15":"instock","16":"shipping-taxable","17":"purchasable","18":"product-type-variable"},"_links":{"self":[{"href":"https:\/\/keluvo.com\/se\/wp-json\/wp\/v2\/product\/19699","targetHints":{"allow":["GET"]}}],"collection":[{"href":"https:\/\/keluvo.com\/se\/wp-json\/wp\/v2\/product"}],"about":[{"href":"https:\/\/keluvo.com\/se\/wp-json\/wp\/v2\/types\/product"}],"replies":[{"embeddable":true,"href":"https:\/\/keluvo.com\/se\/wp-json\/wp\/v2\/comments?post=19699"}],"wp:featuredmedia":[{"embeddable":true,"href":"https:\/\/keluvo.com\/se\/wp-json\/wp\/v2\/media\/19695"}],"wp:attachment":[{"href":"https:\/\/keluvo.com\/se\/wp-json\/wp\/v2\/media?parent=19699"}],"wp:term":[{"taxonomy":"product_brand","embeddable":true,"href":"https:\/\/keluvo.com\/se\/wp-json\/wp\/v2\/product_brand?post=19699"},{"taxonomy":"product_cat","embeddable":true,"href":"https:\/\/keluvo.com\/se\/wp-json\/wp\/v2\/product_cat?post=19699"},{"taxonomy":"product_tag","embeddable":true,"href":"https:\/\/keluvo.com\/se\/wp-json\/wp\/v2\/product_tag?post=19699"}],"curies":[{"name":"wp","href":"https:\/\/api.w.org\/{rel}","templated":true}]}}