{"id":19688,"date":"2025-08-12T12:00:22","date_gmt":"2025-08-12T10:00:22","guid":{"rendered":"https:\/\/keluvo.com\/se\/product\/montessori-pussel-set\/"},"modified":"2025-08-12T12:00:29","modified_gmt":"2025-08-12T10:00:29","slug":"montessori-pussel-set","status":"publish","type":"product","link":"https:\/\/keluvo.com\/se\/product\/montessori-pussel-set\/","title":{"rendered":"Montessori pussel set"},"content":{"rendered":"<h2 style=\"text-align: center\">Engagerande och roligt l\u00e4rande<\/h2>\n<p style=\"text-align: center\">Montessori-pusselsetet \u00e4r utformat f\u00f6r att utmana och underh\u00e5lla b\u00e5de barn och vuxna. Varje pussel uppmuntrar till logiskt t\u00e4nkande och probleml\u00f6sning, vilket g\u00f6r det till ett perfekt verktyg f\u00f6r pedagogisk lek. Den engagerande designen hj\u00e4lper till att minska stress samtidigt som den \u00f6kar mentalt fokus.<\/p>\n<p><img decoding=\"async\" class=\"alignnone size-medium wp-image-4570 aligncenter\" src=\"https:\/\/keluvo.com\/template\/wp-content\/uploads\/sites\/5\/2024\/12\/Iq-Test-Puzzle-Ring-Metal-Puzzle-Ring-Brain-Teaser-Set-for-Kids-Adults-3d-Wire-Puzzle.jpg_-1.webp\" alt=\"\" \/><\/p>\n<h2 style=\"text-align: center\">H\u00e5llbara och s\u00e4kra material<\/h2>\n<p style=\"text-align: center\">Montessori-pusselsetet \u00e4r tillverkat av h\u00f6gkvalitativ metall och \u00e4r b\u00e5de robust och h\u00e5llbart. De sl\u00e4ta kanterna garanterar s\u00e4kerhet f\u00f6r barn fr\u00e5n 3 \u00e5r och upp\u00e5t. Det \u00e4r tillverkat f\u00f6r att t\u00e5la upprepad anv\u00e4ndning samtidigt som det bibeh\u00e5ller sitt utm\u00e4rkta skick.<\/p>\n<p><img decoding=\"async\" class=\"alignnone size-medium wp-image-4572 aligncenter\" src=\"https:\/\/keluvo.com\/template\/wp-content\/uploads\/sites\/5\/2024\/12\/8Pcs-Set-Metal-Montessori-Puzzle-Wire-IQ-Logical-Ability-Training-Stress-Relief-Toy-for-Children-Adults.jpg_-3.webp\" alt=\"\" \/><\/p>\n","protected":false},"excerpt":{"rendered":"<p>Engagerande och roligt l\u00e4rande Montessori-pusselsetet \u00e4r utformat f\u00f6r att utmana och underh\u00e5lla b\u00e5de barn och vuxna. Varje pussel uppmuntrar till [&hellip;]<\/p>\n","protected":false},"featured_media":19684,"comment_status":"open","ping_status":"closed","template":"","meta":{"site-sidebar-layout":"default","site-content-layout":"","ast-site-content-layout":"default","site-content-style":"default","site-sidebar-style":"default","ast-global-header-display":"","ast-banner-title-visibility":"","ast-main-header-display":"","ast-hfb-above-header-display":"","ast-hfb-below-header-display":"","ast-hfb-mobile-header-display":"","site-post-title":"","ast-breadcrumbs-content":"","ast-featured-img":"","footer-sml-layout":"","theme-transparent-header-meta":"default","adv-header-id-meta":"","stick-header-meta":"","header-above-stick-meta":"","header-main-stick-meta":"","header-below-stick-meta":"","astra-migrate-meta-layouts":"set","ast-page-background-enabled":"default","ast-page-background-meta":{"desktop":{"background-color":"var(--ast-global-color-4)","background-image":"","background-repeat":"repeat","background-position":"center center","background-size":"auto","background-attachment":"scroll","background-type":"","background-media":"","overlay-type":"","overlay-color":"","overlay-opacity":"","overlay-gradient":""},"tablet":{"background-color":"","background-image":"","background-repeat":"repeat","background-position":"center center","background-size":"auto","background-attachment":"scroll","background-type":"","background-media":"","overlay-type":"","overlay-color":"","overlay-opacity":"","overlay-gradient":""},"mobile":{"background-color":"","background-image":"","background-repeat":"repeat","background-position":"center center","background-size":"auto","background-attachment":"scroll","background-type":"","background-media":"","overlay-type":"","overlay-color":"","overlay-opacity":"","overlay-gradient":""}},"ast-content-background-meta":{"desktop":{"background-color":"var(--ast-global-color-5)","background-image":"","background-repeat":"repeat","background-position":"center center","background-size":"auto","background-attachment":"scroll","background-type":"","background-media":"","overlay-type":"","overlay-color":"","overlay-opacity":"","overlay-gradient":""},"tablet":{"background-color":"var(--ast-global-color-5)","background-image":"","background-repeat":"repeat","background-position":"center center","background-size":"auto","background-attachment":"scroll","background-type":"","background-media":"","overlay-type":"","overlay-color":"","overlay-opacity":"","overlay-gradient":""},"mobile":{"background-color":"var(--ast-global-color-5)","background-image":"","background-repeat":"repeat","background-position":"center center","background-size":"auto","background-attachment":"scroll","background-type":"","background-media":"","overlay-type":"","overlay-color":"","overlay-opacity":"","overlay-gradient":""}}},"product_brand":[],"product_cat":[990],"product_tag":[],"class_list":{"0":"post-19688","1":"product","2":"type-product","3":"status-publish","4":"has-post-thumbnail","6":"product_cat-toys-childrens-and-baby-products","7":"pa_17901_cua5zxnp-bla","8":"pa_17901_cua5zxnp-gul","9":"pa_17901_cua5zxnp-rosa","10":"desktop-align-left","11":"tablet-align-left","12":"mobile-align-left","14":"first","15":"instock","16":"shipping-taxable","17":"purchasable","18":"product-type-variable"},"_links":{"self":[{"href":"https:\/\/keluvo.com\/se\/wp-json\/wp\/v2\/product\/19688","targetHints":{"allow":["GET"]}}],"collection":[{"href":"https:\/\/keluvo.com\/se\/wp-json\/wp\/v2\/product"}],"about":[{"href":"https:\/\/keluvo.com\/se\/wp-json\/wp\/v2\/types\/product"}],"replies":[{"embeddable":true,"href":"https:\/\/keluvo.com\/se\/wp-json\/wp\/v2\/comments?post=19688"}],"wp:featuredmedia":[{"embeddable":true,"href":"https:\/\/keluvo.com\/se\/wp-json\/wp\/v2\/media\/19684"}],"wp:attachment":[{"href":"https:\/\/keluvo.com\/se\/wp-json\/wp\/v2\/media?parent=19688"}],"wp:term":[{"taxonomy":"product_brand","embeddable":true,"href":"https:\/\/keluvo.com\/se\/wp-json\/wp\/v2\/product_brand?post=19688"},{"taxonomy":"product_cat","embeddable":true,"href":"https:\/\/keluvo.com\/se\/wp-json\/wp\/v2\/product_cat?post=19688"},{"taxonomy":"product_tag","embeddable":true,"href":"https:\/\/keluvo.com\/se\/wp-json\/wp\/v2\/product_tag?post=19688"}],"curies":[{"name":"wp","href":"https:\/\/api.w.org\/{rel}","templated":true}]}}