{"id":19675,"date":"2025-08-12T11:59:45","date_gmt":"2025-08-12T09:59:45","guid":{"rendered":"https:\/\/keluvo.com\/se\/product\/kaffemugg-i-keramik-320-ml\/"},"modified":"2025-08-12T11:59:55","modified_gmt":"2025-08-12T09:59:55","slug":"kaffemugg-i-keramik-320-ml","status":"publish","type":"product","link":"https:\/\/keluvo.com\/se\/product\/kaffemugg-i-keramik-320-ml\/","title":{"rendered":"Kaffemugg i keramik (320 ml)"},"content":{"rendered":"<h2 style=\"text-align: center\">Stor Kapacitet Och Praktisk Design<\/h2>\n<p style=\"text-align: center\">Med en kapacitet p\u00e5 320 ml \u00e4r den h\u00e4r muggen perfekt f\u00f6r att njuta av morgonkaffet, mj\u00f6lken eller teet. Den breda munstycket g\u00f6r det enkelt att dricka och g\u00f6r den idealisk f\u00f6r daglig anv\u00e4ndning, vilket ger b\u00e5de komfort och stil i din dagliga rutin.<\/p>\n<p><img fetchpriority=\"high\" decoding=\"async\" width=\"1000\" height=\"1000\" class=\"alignnone size-medium wp-image-3943 aligncenter\" src=\"https:\/\/keluvo.com\/template\/wp-content\/uploads\/sites\/5\/2024\/11\/15333cd3-acee-405e-8a1d-3e935f10ff49.webp\" alt=\"\" srcset=\"https:\/\/keluvo.com\/se\/wp-content\/uploads\/sites\/12\/2024\/11\/15333cd3-acee-405e-8a1d-3e935f10ff49.webp 1000w, https:\/\/keluvo.com\/se\/wp-content\/uploads\/sites\/12\/2024\/11\/15333cd3-acee-405e-8a1d-3e935f10ff49-300x300.webp 300w, https:\/\/keluvo.com\/se\/wp-content\/uploads\/sites\/12\/2024\/11\/15333cd3-acee-405e-8a1d-3e935f10ff49-150x150.webp 150w, https:\/\/keluvo.com\/se\/wp-content\/uploads\/sites\/12\/2024\/11\/15333cd3-acee-405e-8a1d-3e935f10ff49-768x768.webp 768w, https:\/\/keluvo.com\/se\/wp-content\/uploads\/sites\/12\/2024\/11\/15333cd3-acee-405e-8a1d-3e935f10ff49-600x600.webp 600w, https:\/\/keluvo.com\/se\/wp-content\/uploads\/sites\/12\/2024\/11\/15333cd3-acee-405e-8a1d-3e935f10ff49-100x100.webp 100w, https:\/\/keluvo.com\/se\/wp-content\/uploads\/sites\/12\/2024\/11\/15333cd3-acee-405e-8a1d-3e935f10ff49-50x50.webp 50w\" sizes=\"(max-width: 1000px) 100vw, 1000px\" \/><\/p>\n<h2 style=\"text-align: center\">Bra Present Till N\u00e4ra Och K\u00e4ra<\/h2>\n<p style=\"text-align: center\">Den handgjorda keramiska kaffemuggen \u00e4r en tankev\u00e4ckande och kreativ present till v\u00e4nner, familj eller te- och kaffeentusiaster. Dess retroestetik och h\u00e5llbara konstruktion g\u00f6r den till en varaktig och speciell present f\u00f6r alla tillf\u00e4llen.<\/p>\n<p><img decoding=\"async\" width=\"1000\" height=\"1000\" class=\"alignnone size-medium wp-image-3942 aligncenter\" src=\"https:\/\/keluvo.com\/template\/wp-content\/uploads\/sites\/5\/2024\/11\/36e41e27-3338-43df-9d3e-c21019ef3c5f.webp\" alt=\"\" srcset=\"https:\/\/keluvo.com\/se\/wp-content\/uploads\/sites\/12\/2024\/11\/36e41e27-3338-43df-9d3e-c21019ef3c5f.webp 1000w, https:\/\/keluvo.com\/se\/wp-content\/uploads\/sites\/12\/2024\/11\/36e41e27-3338-43df-9d3e-c21019ef3c5f-300x300.webp 300w, https:\/\/keluvo.com\/se\/wp-content\/uploads\/sites\/12\/2024\/11\/36e41e27-3338-43df-9d3e-c21019ef3c5f-150x150.webp 150w, https:\/\/keluvo.com\/se\/wp-content\/uploads\/sites\/12\/2024\/11\/36e41e27-3338-43df-9d3e-c21019ef3c5f-768x768.webp 768w, https:\/\/keluvo.com\/se\/wp-content\/uploads\/sites\/12\/2024\/11\/36e41e27-3338-43df-9d3e-c21019ef3c5f-600x600.webp 600w, https:\/\/keluvo.com\/se\/wp-content\/uploads\/sites\/12\/2024\/11\/36e41e27-3338-43df-9d3e-c21019ef3c5f-100x100.webp 100w, https:\/\/keluvo.com\/se\/wp-content\/uploads\/sites\/12\/2024\/11\/36e41e27-3338-43df-9d3e-c21019ef3c5f-50x50.webp 50w\" sizes=\"(max-width: 1000px) 100vw, 1000px\" \/><\/p>\n","protected":false},"excerpt":{"rendered":"<p>Stor Kapacitet Och Praktisk Design Med en kapacitet p\u00e5 320 ml \u00e4r den h\u00e4r muggen perfekt f\u00f6r att njuta av [&hellip;]<\/p>\n","protected":false},"featured_media":19671,"comment_status":"open","ping_status":"closed","template":"","meta":{"site-sidebar-layout":"default","site-content-layout":"","ast-site-content-layout":"default","site-content-style":"default","site-sidebar-style":"default","ast-global-header-display":"","ast-banner-title-visibility":"","ast-main-header-display":"","ast-hfb-above-header-display":"","ast-hfb-below-header-display":"","ast-hfb-mobile-header-display":"","site-post-title":"","ast-breadcrumbs-content":"","ast-featured-img":"","footer-sml-layout":"","theme-transparent-header-meta":"default","adv-header-id-meta":"","stick-header-meta":"","header-above-stick-meta":"","header-main-stick-meta":"","header-below-stick-meta":"","astra-migrate-meta-layouts":"set","ast-page-background-enabled":"default","ast-page-background-meta":{"desktop":{"background-color":"var(--ast-global-color-4)","background-image":"","background-repeat":"repeat","background-position":"center center","background-size":"auto","background-attachment":"scroll","background-type":"","background-media":"","overlay-type":"","overlay-color":"","overlay-opacity":"","overlay-gradient":""},"tablet":{"background-color":"","background-image":"","background-repeat":"repeat","background-position":"center center","background-size":"auto","background-attachment":"scroll","background-type":"","background-media":"","overlay-type":"","overlay-color":"","overlay-opacity":"","overlay-gradient":""},"mobile":{"background-color":"","background-image":"","background-repeat":"repeat","background-position":"center center","background-size":"auto","background-attachment":"scroll","background-type":"","background-media":"","overlay-type":"","overlay-color":"","overlay-opacity":"","overlay-gradient":""}},"ast-content-background-meta":{"desktop":{"background-color":"var(--ast-global-color-5)","background-image":"","background-repeat":"repeat","background-position":"center center","background-size":"auto","background-attachment":"scroll","background-type":"","background-media":"","overlay-type":"","overlay-color":"","overlay-opacity":"","overlay-gradient":""},"tablet":{"background-color":"var(--ast-global-color-5)","background-image":"","background-repeat":"repeat","background-position":"center center","background-size":"auto","background-attachment":"scroll","background-type":"","background-media":"","overlay-type":"","overlay-color":"","overlay-opacity":"","overlay-gradient":""},"mobile":{"background-color":"var(--ast-global-color-5)","background-image":"","background-repeat":"repeat","background-position":"center center","background-size":"auto","background-attachment":"scroll","background-type":"","background-media":"","overlay-type":"","overlay-color":"","overlay-opacity":"","overlay-gradient":""}}},"product_brand":[],"product_cat":[1001],"product_tag":[],"class_list":{"0":"post-19675","1":"product","2":"type-product","3":"status-publish","4":"has-post-thumbnail","6":"product_cat-household-goods","7":"pa_16764_4jmw7mo0-brun","8":"pa_16764_4jmw7mo0-gron","9":"pa_16764_4jmw7mo0-kaffe","10":"pa_16764_4jmw7mo0-vit","11":"desktop-align-left","12":"tablet-align-left","13":"mobile-align-left","15":"first","16":"instock","17":"shipping-taxable","18":"purchasable","19":"product-type-variable"},"_links":{"self":[{"href":"https:\/\/keluvo.com\/se\/wp-json\/wp\/v2\/product\/19675","targetHints":{"allow":["GET"]}}],"collection":[{"href":"https:\/\/keluvo.com\/se\/wp-json\/wp\/v2\/product"}],"about":[{"href":"https:\/\/keluvo.com\/se\/wp-json\/wp\/v2\/types\/product"}],"replies":[{"embeddable":true,"href":"https:\/\/keluvo.com\/se\/wp-json\/wp\/v2\/comments?post=19675"}],"wp:featuredmedia":[{"embeddable":true,"href":"https:\/\/keluvo.com\/se\/wp-json\/wp\/v2\/media\/19671"}],"wp:attachment":[{"href":"https:\/\/keluvo.com\/se\/wp-json\/wp\/v2\/media?parent=19675"}],"wp:term":[{"taxonomy":"product_brand","embeddable":true,"href":"https:\/\/keluvo.com\/se\/wp-json\/wp\/v2\/product_brand?post=19675"},{"taxonomy":"product_cat","embeddable":true,"href":"https:\/\/keluvo.com\/se\/wp-json\/wp\/v2\/product_cat?post=19675"},{"taxonomy":"product_tag","embeddable":true,"href":"https:\/\/keluvo.com\/se\/wp-json\/wp\/v2\/product_tag?post=19675"}],"curies":[{"name":"wp","href":"https:\/\/api.w.org\/{rel}","templated":true}]}}