{"id":19366,"date":"2025-08-08T13:57:34","date_gmt":"2025-08-08T11:57:34","guid":{"rendered":"https:\/\/keluvo.com\/se\/product\/koksutrustning-for-barn\/"},"modified":"2025-08-08T15:55:46","modified_gmt":"2025-08-08T13:55:46","slug":"koksutrustning-for-barn","status":"publish","type":"product","link":"https:\/\/keluvo.com\/se\/product\/koksutrustning-for-barn\/","title":{"rendered":"K\u00f6ksutrustning f\u00f6r barn"},"content":{"rendered":"<p style=\"text-align: center;\" data-start=\"115\" data-end=\"176\"><strong>L\u00e5t Ditt Barn Utforska Matlagningsgl\u00e4djen P\u00e5 Ett S\u00e4kert S\u00e4tt \ud83c\udf4e\ud83d\udd2a<\/strong><\/p>\n<p style=\"text-align: center;\" data-start=\"177\" data-end=\"408\">Det h\u00e4r matlagningskitet f\u00f6r barn \u00e4r den perfekta introduktionen till k\u00f6ket f\u00f6r ditt barn. Det \u00e4r s\u00e4rskilt utformat med s\u00e4kerhet i \u00e5tanke och g\u00f6r det m\u00f6jligt f\u00f6r sm\u00e5barn att hacka, sk\u00e4ra och tillaga mat utan risk &#8211; samtidigt som de l\u00e4r sig och har roligt! Bygg upp motoriken, st\u00e4rk sj\u00e4lvf\u00f6rtroendet och njut av of\u00f6rgl\u00f6mliga stunder tillsammans med familjen.<\/p>\n<p data-start=\"177\" data-end=\"408\"><img decoding=\"async\" class=\"size-full wp-image-31066 aligncenter\" src=\"https:\/\/keluvo.com\/template\/wp-content\/uploads\/sites\/5\/2025\/08\/4c5a5bab507846d0ba4ed261053d5ddf.HD-720p-1.6Mbps-37044802-ezgif.com-video-to-webp-converter.webp\" alt=\"\" \/><\/p>\n<h2 style=\"text-align: center;\" data-start=\"503\" data-end=\"525\">Huvudf\u00f6rdelar<\/h2>\n<p data-start=\"528\" data-end=\"592\">\ud83d\udd90\ufe0f Barns\u00e4kra knivar f\u00f6rhindrar sk\u00e4rs\u00e5r samtidigt som de till\u00e5ter riktig skivning<\/p>\n<p data-start=\"595\" data-end=\"646\">\ud83e\udde0 Fr\u00e4mjar koordination, sj\u00e4lvst\u00e4ndighet, och fokus<\/p>\n<p data-start=\"649\" data-end=\"700\">\ud83e\udd55 Uppmuntrar till h\u00e4lsosam kost genom praktiska \u00f6vningar fun<\/p>\n<p data-start=\"703\" data-end=\"756\">\ud83d\udc68\u200d\ud83d\udc69\u200d\ud83d\udc67\u200d\ud83d\udc66 Perfekt f\u00f6r att umg\u00e5s i k\u00f6ket<\/p>\n<p data-start=\"759\" data-end=\"825\">\ud83c\udf08 Ljusa f\u00e4rger och barnv\u00e4nlig design g\u00f6r den sp\u00e4nnande att anv\u00e4nda<\/p>\n<p data-start=\"759\" data-end=\"825\"><img decoding=\"async\" class=\"size-full wp-image-31065 aligncenter\" src=\"https:\/\/keluvo.com\/template\/wp-content\/uploads\/sites\/5\/2025\/08\/96ccdd1e23454dddbbbc1b349aac0cb3.HD-720p-4.5Mbps-33659096-ezgif.com-video-to-webp-converter.webp\" alt=\"\" \/><\/p>\n<h2 style=\"text-align: center;\" data-start=\"832\" data-end=\"851\"><strong>S\u00e5 H\u00e4r Anv\u00e4nder Du Den<\/strong><\/h2>\n<ol data-start=\"852\" data-end=\"1087\">\n<li data-start=\"852\" data-end=\"913\">\n<p data-start=\"855\" data-end=\"913\">Skapa en trygg plats i k\u00f6ket med en sk\u00e4rbr\u00e4da.<\/p>\n<\/li>\n<li data-start=\"914\" data-end=\"970\">\n<p data-start=\"917\" data-end=\"970\">L\u00e5t ditt barn v\u00e4lja frukt eller gr\u00f6nsaker att tillaga.<\/p>\n<\/li>\n<li data-start=\"971\" data-end=\"1031\">\n<p data-start=\"974\" data-end=\"1031\">V\u00e4gled dem i hur de ska h\u00e5lla och sk\u00e4ra med de s\u00e4kra verktygen.<\/p>\n<\/li>\n<li data-start=\"1032\" data-end=\"1087\">\n<p data-start=\"1035\" data-end=\"1087\">Tv\u00e4tta efter anv\u00e4ndning och f\u00f6rvara till n\u00e4sta familjem\u00e5ltid!<\/p>\n<\/li>\n<\/ol>\n<h2 style=\"text-align: center;\" data-start=\"1094\" data-end=\"1118\"><strong>Produktdetaljer<\/strong><\/h2>\n<ul data-start=\"1119\" data-end=\"1342\">\n<li data-start=\"1119\" data-end=\"1177\">\n<p data-start=\"1121\" data-end=\"1177\">Material: BPA-fri plast, s\u00e4kerhetsknivar med rundad kant<\/p>\n<\/li>\n<li data-start=\"1178\" data-end=\"1216\">\n<p data-start=\"1180\" data-end=\"1216\">\u00c5lder: L\u00e4mplig f\u00f6r barn fr\u00e5n 2 \u00e5r och upp\u00e5t<\/p>\n<\/li>\n<li data-start=\"1217\" data-end=\"1296\">\n<p data-start=\"1219\" data-end=\"1296\">Utvecklingsfokus: Finmotorik, hand-\u00f6ga-koordination och sj\u00e4lvf\u00f6rtroende<\/p>\n<\/li>\n<li data-start=\"1297\" data-end=\"1342\">\n<p data-start=\"1299\" data-end=\"1342\">F\u00e4rger: Verktyg och tillbeh\u00f6r i flera f\u00e4rger<\/p>\n<\/li>\n<\/ul>\n<h2 style=\"text-align: center;\" data-start=\"1349\" data-end=\"1374\"><strong>I Paketet Ing\u00e5r<\/strong><\/h2>\n<ul data-start=\"1375\" data-end=\"1497\">\n<li data-start=\"1375\" data-end=\"1395\">\n<p data-start=\"1377\" data-end=\"1395\">1x sk\u00e4rbr\u00e4da<\/p>\n<\/li>\n<li data-start=\"1396\" data-end=\"1415\">\n<p data-start=\"1398\" data-end=\"1415\">1x fingerskydd<\/p>\n<\/li>\n<li data-start=\"1416\" data-end=\"1429\">\n<p data-start=\"1418\" data-end=\"1429\">1x skalare<\/p>\n<\/li>\n<li data-start=\"1430\" data-end=\"1448\">\n<p data-start=\"1432\" data-end=\"1448\">1x s\u00e4ker skivare.<\/p>\n<\/li>\n<\/ul>\n","protected":false},"excerpt":{"rendered":"<p>L\u00e5t Ditt Barn Utforska Matlagningsgl\u00e4djen P\u00e5 Ett S\u00e4kert S\u00e4tt \ud83c\udf4e\ud83d\udd2a Det h\u00e4r matlagningskitet f\u00f6r barn \u00e4r den perfekta introduktionen till [&hellip;]<\/p>\n","protected":false},"featured_media":19362,"comment_status":"open","ping_status":"closed","template":"","meta":{"site-sidebar-layout":"default","site-content-layout":"","ast-site-content-layout":"default","site-content-style":"default","site-sidebar-style":"default","ast-global-header-display":"","ast-banner-title-visibility":"","ast-main-header-display":"","ast-hfb-above-header-display":"","ast-hfb-below-header-display":"","ast-hfb-mobile-header-display":"","site-post-title":"","ast-breadcrumbs-content":"","ast-featured-img":"","footer-sml-layout":"","theme-transparent-header-meta":"default","adv-header-id-meta":"","stick-header-meta":"","header-above-stick-meta":"","header-main-stick-meta":"","header-below-stick-meta":"","astra-migrate-meta-layouts":"set","ast-page-background-enabled":"default","ast-page-background-meta":{"desktop":{"background-color":"var(--ast-global-color-4)","background-image":"","background-repeat":"repeat","background-position":"center center","background-size":"auto","background-attachment":"scroll","background-type":"","background-media":"","overlay-type":"","overlay-color":"","overlay-opacity":"","overlay-gradient":""},"tablet":{"background-color":"","background-image":"","background-repeat":"repeat","background-position":"center center","background-size":"auto","background-attachment":"scroll","background-type":"","background-media":"","overlay-type":"","overlay-color":"","overlay-opacity":"","overlay-gradient":""},"mobile":{"background-color":"","background-image":"","background-repeat":"repeat","background-position":"center center","background-size":"auto","background-attachment":"scroll","background-type":"","background-media":"","overlay-type":"","overlay-color":"","overlay-opacity":"","overlay-gradient":""}},"ast-content-background-meta":{"desktop":{"background-color":"var(--ast-global-color-5)","background-image":"","background-repeat":"repeat","background-position":"center center","background-size":"auto","background-attachment":"scroll","background-type":"","background-media":"","overlay-type":"","overlay-color":"","overlay-opacity":"","overlay-gradient":""},"tablet":{"background-color":"var(--ast-global-color-5)","background-image":"","background-repeat":"repeat","background-position":"center center","background-size":"auto","background-attachment":"scroll","background-type":"","background-media":"","overlay-type":"","overlay-color":"","overlay-opacity":"","overlay-gradient":""},"mobile":{"background-color":"var(--ast-global-color-5)","background-image":"","background-repeat":"repeat","background-position":"center center","background-size":"auto","background-attachment":"scroll","background-type":"","background-media":"","overlay-type":"","overlay-color":"","overlay-opacity":"","overlay-gradient":""}}},"product_brand":[],"product_cat":[15],"product_tag":[],"class_list":{"0":"post-19366","1":"product","2":"type-product","3":"status-publish","4":"has-post-thumbnail","6":"product_cat-uncategorized","7":"desktop-align-left","8":"tablet-align-left","9":"mobile-align-left","11":"first","12":"instock","13":"shipping-taxable","14":"purchasable","15":"product-type-simple"},"_links":{"self":[{"href":"https:\/\/keluvo.com\/se\/wp-json\/wp\/v2\/product\/19366","targetHints":{"allow":["GET"]}}],"collection":[{"href":"https:\/\/keluvo.com\/se\/wp-json\/wp\/v2\/product"}],"about":[{"href":"https:\/\/keluvo.com\/se\/wp-json\/wp\/v2\/types\/product"}],"replies":[{"embeddable":true,"href":"https:\/\/keluvo.com\/se\/wp-json\/wp\/v2\/comments?post=19366"}],"wp:featuredmedia":[{"embeddable":true,"href":"https:\/\/keluvo.com\/se\/wp-json\/wp\/v2\/media\/19362"}],"wp:attachment":[{"href":"https:\/\/keluvo.com\/se\/wp-json\/wp\/v2\/media?parent=19366"}],"wp:term":[{"taxonomy":"product_brand","embeddable":true,"href":"https:\/\/keluvo.com\/se\/wp-json\/wp\/v2\/product_brand?post=19366"},{"taxonomy":"product_cat","embeddable":true,"href":"https:\/\/keluvo.com\/se\/wp-json\/wp\/v2\/product_cat?post=19366"},{"taxonomy":"product_tag","embeddable":true,"href":"https:\/\/keluvo.com\/se\/wp-json\/wp\/v2\/product_tag?post=19366"}],"curies":[{"name":"wp","href":"https:\/\/api.w.org\/{rel}","templated":true}]}}