{"id":19281,"date":"2025-08-08T13:53:09","date_gmt":"2025-08-08T11:53:09","guid":{"rendered":"https:\/\/keluvo.com\/se\/product\/kamborste\/"},"modified":"2025-08-08T15:53:32","modified_gmt":"2025-08-08T13:53:32","slug":"kamborste","status":"publish","type":"product","link":"https:\/\/keluvo.com\/se\/product\/kamborste\/","title":{"rendered":"Kamborste"},"content":{"rendered":"<p style=\"text-align: center;\" data-start=\"100\" data-end=\"145\"><strong>Sk\u00f6t Om Ditt Husdjur Som Ett Proffs Hemma \ud83d\udc36\ud83d\udc31\u2728<\/strong><\/p>\n<p style=\"text-align: center;\" data-start=\"146\" data-end=\"331\">Den h\u00e4r multifunktionella kamborsten f\u00f6r husdjur avl\u00e4gsnar f\u00f6rsiktigt trassel, l\u00f6st h\u00e5r och smuts &#8211; samtidigt som den ger din h\u00e5riga v\u00e4n en lugnande massage. Den \u00e4r perfekt f\u00f6r katter, hundar och till och med fluffiga valpar. Grooming blir enkelt, smutsfritt och njutbart f\u00f6r b\u00e5de dig och ditt husdjur!<\/p>\n<p data-start=\"146\" data-end=\"331\"><img decoding=\"async\" class=\"size-full wp-image-30983 aligncenter\" src=\"https:\/\/keluvo.com\/template\/wp-content\/uploads\/sites\/5\/2025\/08\/Sf701e1d925b54170b874198f732c16bc5.jpg_960x960q75.jpg_.avif\" alt=\"\" \/><\/p>\n<h2 style=\"text-align: center;\" data-start=\"411\" data-end=\"433\">\ud83d\udca5 Huvudf\u00f6rdelar<\/h2>\n<p data-start=\"436\" data-end=\"478\">\ud83e\udeae L\u00f6ser upp knutar och tar bort l\u00f6s p\u00e4ls<\/p>\n<p data-start=\"481\" data-end=\"523\">\ud83e\uddfc H\u00e5ller ditt husdjurs p\u00e4ls ren och glansig<\/p>\n<p data-start=\"526\" data-end=\"573\">\ud83d\udc3e Mjuka rundade t\u00e4nder f\u00f6rhindrar hudirritation<\/p>\n<p data-start=\"576\" data-end=\"636\">\ud83d\udc36 Fungerar f\u00f6r alla p\u00e4lstyper &#8211; l\u00e5ng, kort, tjock eller lockig<\/p>\n<p data-start=\"639\" data-end=\"686\">\ud83d\udc96 Massageeffekten h\u00e5ller husdjuret lugnt och avslappnat<\/p>\n<p data-start=\"639\" data-end=\"686\"><img decoding=\"async\" class=\"size-full wp-image-30985 aligncenter\" src=\"https:\/\/keluvo.com\/template\/wp-content\/uploads\/sites\/5\/2025\/08\/S7fda43ba2de2414a9d3da7bf2d529a64X.jpg_960x960q75.jpg_.avif\" alt=\"\" \/><\/p>\n<h2 style=\"text-align: center;\" data-start=\"693\" data-end=\"712\">\ud83e\uddfc Hur Man Anv\u00e4nder<\/h2>\n<ol data-start=\"713\" data-end=\"930\">\n<li data-start=\"713\" data-end=\"779\">\n<p data-start=\"716\" data-end=\"779\">Borsta f\u00f6rsiktigt ditt husdjurs p\u00e4ls i h\u00e5rets v\u00e4xtriktning.<\/p>\n<\/li>\n<li data-start=\"780\" data-end=\"836\">\n<p data-start=\"783\" data-end=\"836\">Anv\u00e4nd korta drag f\u00f6r att ta bort l\u00f6st h\u00e5r och trassel.<\/p>\n<\/li>\n<li data-start=\"837\" data-end=\"898\">\n<p data-start=\"840\" data-end=\"898\">Tryck p\u00e5 knappen f\u00f6r att sl\u00e4ppa uppsamlad p\u00e4ls fr\u00e5n kammen.<\/p>\n<\/li>\n<li data-start=\"899\" data-end=\"930\">\n<p data-start=\"902\" data-end=\"930\">Reng\u00f6r och f\u00f6rvara efter anv\u00e4ndning.<\/p>\n<\/li>\n<\/ol>\n<h2 style=\"text-align: center;\" data-start=\"937\" data-end=\"961\">\ud83d\udccf Produktdetaljer<\/h2>\n<ul data-start=\"962\" data-end=\"1104\">\n<li data-start=\"962\" data-end=\"1021\">\n<p data-start=\"964\" data-end=\"1021\">Material: S\u00e4ker, husdjursv\u00e4nlig plast med mjuka borst<\/p>\n<\/li>\n<li data-start=\"1022\" data-end=\"1056\">\n<p data-start=\"1024\" data-end=\"1056\">Storlek: Kompakt och l\u00e4tt att h\u00e5lla<\/p>\n<\/li>\n<li data-start=\"1057\" data-end=\"1104\">\n<p data-start=\"1059\" data-end=\"1104\">L\u00e4mplig f\u00f6r: Katter, hundar och sm\u00e5djur<\/p>\n<\/li>\n<li data-start=\"1057\" data-end=\"1104\">Storlek: S: 14 cm, L: 18,5 cm.<\/li>\n<\/ul>\n<h2 style=\"text-align: center;\" data-start=\"1111\" data-end=\"1136\">\ud83d\udce6 Paketet Inneh\u00e5ller<\/h2>\n<ul data-start=\"1137\" data-end=\"1177\">\n<li data-start=\"1137\" data-end=\"1177\">\n<p data-start=\"1139\" data-end=\"1177\">1x kamborste.<\/p>\n<\/li>\n<\/ul>\n","protected":false},"excerpt":{"rendered":"<p>Sk\u00f6t Om Ditt Husdjur Som Ett Proffs Hemma \ud83d\udc36\ud83d\udc31\u2728 Den h\u00e4r multifunktionella kamborsten f\u00f6r husdjur avl\u00e4gsnar f\u00f6rsiktigt trassel, l\u00f6st h\u00e5r [&hellip;]<\/p>\n","protected":false},"featured_media":19277,"comment_status":"open","ping_status":"closed","template":"","meta":{"site-sidebar-layout":"default","site-content-layout":"","ast-site-content-layout":"default","site-content-style":"default","site-sidebar-style":"default","ast-global-header-display":"","ast-banner-title-visibility":"","ast-main-header-display":"","ast-hfb-above-header-display":"","ast-hfb-below-header-display":"","ast-hfb-mobile-header-display":"","site-post-title":"","ast-breadcrumbs-content":"","ast-featured-img":"","footer-sml-layout":"","theme-transparent-header-meta":"default","adv-header-id-meta":"","stick-header-meta":"","header-above-stick-meta":"","header-main-stick-meta":"","header-below-stick-meta":"","astra-migrate-meta-layouts":"set","ast-page-background-enabled":"default","ast-page-background-meta":{"desktop":{"background-color":"var(--ast-global-color-4)","background-image":"","background-repeat":"repeat","background-position":"center center","background-size":"auto","background-attachment":"scroll","background-type":"","background-media":"","overlay-type":"","overlay-color":"","overlay-opacity":"","overlay-gradient":""},"tablet":{"background-color":"","background-image":"","background-repeat":"repeat","background-position":"center center","background-size":"auto","background-attachment":"scroll","background-type":"","background-media":"","overlay-type":"","overlay-color":"","overlay-opacity":"","overlay-gradient":""},"mobile":{"background-color":"","background-image":"","background-repeat":"repeat","background-position":"center center","background-size":"auto","background-attachment":"scroll","background-type":"","background-media":"","overlay-type":"","overlay-color":"","overlay-opacity":"","overlay-gradient":""}},"ast-content-background-meta":{"desktop":{"background-color":"var(--ast-global-color-5)","background-image":"","background-repeat":"repeat","background-position":"center center","background-size":"auto","background-attachment":"scroll","background-type":"","background-media":"","overlay-type":"","overlay-color":"","overlay-opacity":"","overlay-gradient":""},"tablet":{"background-color":"var(--ast-global-color-5)","background-image":"","background-repeat":"repeat","background-position":"center center","background-size":"auto","background-attachment":"scroll","background-type":"","background-media":"","overlay-type":"","overlay-color":"","overlay-opacity":"","overlay-gradient":""},"mobile":{"background-color":"var(--ast-global-color-5)","background-image":"","background-repeat":"repeat","background-position":"center center","background-size":"auto","background-attachment":"scroll","background-type":"","background-media":"","overlay-type":"","overlay-color":"","overlay-opacity":"","overlay-gradient":""}}},"product_brand":[],"product_cat":[997],"product_tag":[],"class_list":{"0":"post-19281","1":"product","2":"type-product","3":"status-publish","4":"has-post-thumbnail","6":"product_cat-pets-products","7":"pa_47058_vqp6s9em-bla","8":"pa_47058_vqp6s9em-gron","9":"pa_47058_vqp6s9em-gul","10":"pa_47058_vqp6s9em-lila","11":"pa_47058_vqp6s9em-rosa","12":"pa_47058_vqp6s9em-vit","13":"pa_47058_wf1br5rc-s","14":"pa_47058_wf1br5rc-l","15":"desktop-align-left","16":"tablet-align-left","17":"mobile-align-left","19":"first","20":"instock","21":"shipping-taxable","22":"purchasable","23":"product-type-variable","24":"has-default-attributes"},"_links":{"self":[{"href":"https:\/\/keluvo.com\/se\/wp-json\/wp\/v2\/product\/19281","targetHints":{"allow":["GET"]}}],"collection":[{"href":"https:\/\/keluvo.com\/se\/wp-json\/wp\/v2\/product"}],"about":[{"href":"https:\/\/keluvo.com\/se\/wp-json\/wp\/v2\/types\/product"}],"replies":[{"embeddable":true,"href":"https:\/\/keluvo.com\/se\/wp-json\/wp\/v2\/comments?post=19281"}],"wp:featuredmedia":[{"embeddable":true,"href":"https:\/\/keluvo.com\/se\/wp-json\/wp\/v2\/media\/19277"}],"wp:attachment":[{"href":"https:\/\/keluvo.com\/se\/wp-json\/wp\/v2\/media?parent=19281"}],"wp:term":[{"taxonomy":"product_brand","embeddable":true,"href":"https:\/\/keluvo.com\/se\/wp-json\/wp\/v2\/product_brand?post=19281"},{"taxonomy":"product_cat","embeddable":true,"href":"https:\/\/keluvo.com\/se\/wp-json\/wp\/v2\/product_cat?post=19281"},{"taxonomy":"product_tag","embeddable":true,"href":"https:\/\/keluvo.com\/se\/wp-json\/wp\/v2\/product_tag?post=19281"}],"curies":[{"name":"wp","href":"https:\/\/api.w.org\/{rel}","templated":true}]}}