{"id":19260,"date":"2025-08-08T13:52:06","date_gmt":"2025-08-08T11:52:06","guid":{"rendered":"https:\/\/keluvo.com\/se\/product\/forvaringslada\/"},"modified":"2025-08-08T15:53:01","modified_gmt":"2025-08-08T13:53:01","slug":"forvaringslada","status":"publish","type":"product","link":"https:\/\/keluvo.com\/se\/product\/forvaringslada\/","title":{"rendered":"F\u00f6rvaringsl\u00e5da"},"content":{"rendered":"<p style=\"text-align: center;\" data-start=\"106\" data-end=\"158\"><strong>Inga Fler Borttappade F\u00f6rem\u00e5l Mellan Dina Bils\u00e4ten \ud83d\ude97\ud83e\uddfc<\/strong><\/p>\n<p style=\"text-align: center;\" data-start=\"159\" data-end=\"410\">H\u00e5ll dina v\u00e4sentligheter organiserade och alltid inom r\u00e4ckh\u00e5ll med denna eleganta f\u00f6rvaringsl\u00e5da f\u00f6r bils\u00e4tesgap. Den \u00e4r tillverkad av italienskt premiuml\u00e4der och tillf\u00f6r lyx och funktion till alla bilinteri\u00f6rer &#8211; samtidigt som den f\u00f6rhindrar att sm\u00e5 f\u00f6rem\u00e5l faller ner i sv\u00e5r\u00e5tkomliga luckor. Perfekt f\u00f6r telefoner, pl\u00e5nb\u00f6cker, kort, mynt, nycklar, drycker och mycket mer.<\/p>\n<p data-start=\"159\" data-end=\"410\"><img decoding=\"async\" class=\"size-full wp-image-30956 aligncenter\" src=\"https:\/\/keluvo.com\/template\/wp-content\/uploads\/sites\/5\/2025\/08\/3f42fd701a9371750b7837d7d057d730.gif\" alt=\"\" \/><\/p>\n<h2 style=\"text-align: center;\" data-start=\"483\" data-end=\"505\"><strong>Huvudf\u00f6rdelar<\/strong><\/h2>\n<p data-start=\"508\" data-end=\"575\">\ud83d\udc5c Ger omedelbart extra f\u00f6rvaring mellan bils\u00e4tet och mittkonsolen<\/p>\n<p data-start=\"578\" data-end=\"636\">\ud83e\uddf4 Inkluderar muggh\u00e5llare f\u00f6r flaskor, drycker eller desinfektionsmedel<\/p>\n<p data-start=\"639\" data-end=\"686\">\ud83e\ude84 Hindrar f\u00f6rem\u00e5l fr\u00e5n att falla ner i s\u00e4tets springor<\/p>\n<p data-start=\"689\" data-end=\"740\">\ud83e\uddf5 Tillverkad av h\u00f6gkvalitativt italienskt kohudl\u00e4der<\/p>\n<p data-start=\"743\" data-end=\"804\">\ud83c\udfa8 Finns i 4 eleganta f\u00e4rger f\u00f6r att matcha din bilinredning<\/p>\n<p data-start=\"743\" data-end=\"804\"><img decoding=\"async\" class=\"size-full wp-image-30957 aligncenter\" src=\"https:\/\/keluvo.com\/template\/wp-content\/uploads\/sites\/5\/2025\/08\/f62046a1379ff12d96b2c7b02f3fc7b5.gif\" alt=\"\" \/><\/p>\n<h2 style=\"text-align: center;\" data-start=\"811\" data-end=\"830\"><strong>Hur Man Anv\u00e4nder<\/strong><\/h2>\n<ol data-start=\"831\" data-end=\"1048\">\n<li data-start=\"831\" data-end=\"899\">\n<p data-start=\"834\" data-end=\"899\">Flytta f\u00f6rvaringsboxen mellan bils\u00e4tet och mittkonsolen.<\/p>\n<\/li>\n<li data-start=\"900\" data-end=\"957\">\n<p data-start=\"903\" data-end=\"957\">Justera tills den sitter ordentligt &#8211; inga verktyg eller installation beh\u00f6vs.<\/p>\n<\/li>\n<li data-start=\"958\" data-end=\"1010\">\n<p data-start=\"961\" data-end=\"1010\">F\u00f6rvara dina f\u00f6rem\u00e5l och njut av en st\u00f6kfri resa.<\/p>\n<\/li>\n<li data-start=\"1011\" data-end=\"1048\">\n<p data-start=\"1014\" data-end=\"1048\">Ta bort och torka rent efter behov.<\/p>\n<\/li>\n<\/ol>\n<h2 style=\"text-align: center;\" data-start=\"1055\" data-end=\"1079\"><strong>Produktdetaljer<\/strong><\/h2>\n<ul data-start=\"1080\" data-end=\"1298\">\n<li data-start=\"1080\" data-end=\"1109\">\n<p data-start=\"1082\" data-end=\"1109\">Material: Premiuml\u00e4der<\/p>\n<\/li>\n<li data-start=\"1141\" data-end=\"1198\">\n<p data-start=\"1143\" data-end=\"1198\">Passar de flesta fordon med standardavst\u00e5nd mellan s\u00e4te och konsol<\/p>\n<\/li>\n<li data-start=\"1199\" data-end=\"1241\">\n<p data-start=\"1201\" data-end=\"1241\">F\u00e4rger: Svart, r\u00f6d, brun och beige<\/p>\n<\/li>\n<li data-start=\"1242\" data-end=\"1298\">\n<p data-start=\"1244\" data-end=\"1298\">Funktioner: Fyller s\u00e4tesgapet och ger organiserad f\u00f6rvaring<\/p>\n<\/li>\n<\/ul>\n<h2 style=\"text-align: center;\" data-start=\"1305\" data-end=\"1330\"><strong>Paketet Inneh\u00e5ller<\/strong><\/h2>\n<ul data-start=\"1331\" data-end=\"1370\">\n<li data-start=\"1331\" data-end=\"1370\">\n<p data-start=\"1333\" data-end=\"1370\">1x f\u00f6rvaringsl\u00e5da.<\/p>\n<\/li>\n<\/ul>\n","protected":false},"excerpt":{"rendered":"<p>Inga Fler Borttappade F\u00f6rem\u00e5l Mellan Dina Bils\u00e4ten \ud83d\ude97\ud83e\uddfc H\u00e5ll dina v\u00e4sentligheter organiserade och alltid inom r\u00e4ckh\u00e5ll med denna eleganta f\u00f6rvaringsl\u00e5da [&hellip;]<\/p>\n","protected":false},"featured_media":19256,"comment_status":"open","ping_status":"closed","template":"","meta":{"site-sidebar-layout":"default","site-content-layout":"","ast-site-content-layout":"default","site-content-style":"default","site-sidebar-style":"default","ast-global-header-display":"","ast-banner-title-visibility":"","ast-main-header-display":"","ast-hfb-above-header-display":"","ast-hfb-below-header-display":"","ast-hfb-mobile-header-display":"","site-post-title":"","ast-breadcrumbs-content":"","ast-featured-img":"","footer-sml-layout":"","theme-transparent-header-meta":"default","adv-header-id-meta":"","stick-header-meta":"","header-above-stick-meta":"","header-main-stick-meta":"","header-below-stick-meta":"","astra-migrate-meta-layouts":"set","ast-page-background-enabled":"default","ast-page-background-meta":{"desktop":{"background-color":"var(--ast-global-color-4)","background-image":"","background-repeat":"repeat","background-position":"center center","background-size":"auto","background-attachment":"scroll","background-type":"","background-media":"","overlay-type":"","overlay-color":"","overlay-opacity":"","overlay-gradient":""},"tablet":{"background-color":"","background-image":"","background-repeat":"repeat","background-position":"center center","background-size":"auto","background-attachment":"scroll","background-type":"","background-media":"","overlay-type":"","overlay-color":"","overlay-opacity":"","overlay-gradient":""},"mobile":{"background-color":"","background-image":"","background-repeat":"repeat","background-position":"center center","background-size":"auto","background-attachment":"scroll","background-type":"","background-media":"","overlay-type":"","overlay-color":"","overlay-opacity":"","overlay-gradient":""}},"ast-content-background-meta":{"desktop":{"background-color":"var(--ast-global-color-5)","background-image":"","background-repeat":"repeat","background-position":"center center","background-size":"auto","background-attachment":"scroll","background-type":"","background-media":"","overlay-type":"","overlay-color":"","overlay-opacity":"","overlay-gradient":""},"tablet":{"background-color":"var(--ast-global-color-5)","background-image":"","background-repeat":"repeat","background-position":"center center","background-size":"auto","background-attachment":"scroll","background-type":"","background-media":"","overlay-type":"","overlay-color":"","overlay-opacity":"","overlay-gradient":""},"mobile":{"background-color":"var(--ast-global-color-5)","background-image":"","background-repeat":"repeat","background-position":"center center","background-size":"auto","background-attachment":"scroll","background-type":"","background-media":"","overlay-type":"","overlay-color":"","overlay-opacity":"","overlay-gradient":""}}},"product_brand":[],"product_cat":[998],"product_tag":[],"class_list":{"0":"post-19260","1":"product","2":"type-product","3":"status-publish","4":"has-post-thumbnail","6":"product_cat-automotive-products","7":"pa_29756_vxb0vygl-beige","8":"pa_29756_vxb0vygl-brun","9":"pa_29756_vxb0vygl-rod","10":"pa_29756_vxb0vygl-svart","11":"pa_29756_wjd9l0fh-a","12":"pa_29756_wjd9l0fh-b","13":"desktop-align-left","14":"tablet-align-left","15":"mobile-align-left","17":"first","18":"instock","19":"shipping-taxable","20":"purchasable","21":"product-type-variable","22":"has-default-attributes"},"_links":{"self":[{"href":"https:\/\/keluvo.com\/se\/wp-json\/wp\/v2\/product\/19260","targetHints":{"allow":["GET"]}}],"collection":[{"href":"https:\/\/keluvo.com\/se\/wp-json\/wp\/v2\/product"}],"about":[{"href":"https:\/\/keluvo.com\/se\/wp-json\/wp\/v2\/types\/product"}],"replies":[{"embeddable":true,"href":"https:\/\/keluvo.com\/se\/wp-json\/wp\/v2\/comments?post=19260"}],"wp:featuredmedia":[{"embeddable":true,"href":"https:\/\/keluvo.com\/se\/wp-json\/wp\/v2\/media\/19256"}],"wp:attachment":[{"href":"https:\/\/keluvo.com\/se\/wp-json\/wp\/v2\/media?parent=19260"}],"wp:term":[{"taxonomy":"product_brand","embeddable":true,"href":"https:\/\/keluvo.com\/se\/wp-json\/wp\/v2\/product_brand?post=19260"},{"taxonomy":"product_cat","embeddable":true,"href":"https:\/\/keluvo.com\/se\/wp-json\/wp\/v2\/product_cat?post=19260"},{"taxonomy":"product_tag","embeddable":true,"href":"https:\/\/keluvo.com\/se\/wp-json\/wp\/v2\/product_tag?post=19260"}],"curies":[{"name":"wp","href":"https:\/\/api.w.org\/{rel}","templated":true}]}}