{"id":19243,"date":"2025-08-08T13:51:10","date_gmt":"2025-08-08T11:51:10","guid":{"rendered":"https:\/\/keluvo.com\/se\/product\/interaktiv-boll-for-husdjur\/"},"modified":"2025-09-13T13:32:22","modified_gmt":"2025-09-13T10:32:22","slug":"interaktiv-boll-for-husdjur","status":"publish","type":"product","link":"https:\/\/keluvo.com\/se\/product\/interaktiv-boll-for-husdjur\/","title":{"rendered":"Interaktiv boll f\u00f6r husdjur"},"content":{"rendered":"<p style=\"text-align: center\" data-start=\"91\" data-end=\"140\"><strong>H\u00e5ll Din Katt Underh\u00e5llen Hela Dagen \ud83d\udc3e\ud83c\udf89<\/strong><\/p>\n<p style=\"text-align: center\" data-start=\"141\" data-end=\"382\">Den h\u00e4r interaktiva bollleksaken r\u00f6r sig, lyser upp och undviker hinder &#8211; vilket ger din katt timmar av skoj och motion. Den \u00e4r utformad f\u00f6r att efterlikna ett byte, stimulerar naturliga jaktinstinkter och h\u00e5ller din lurviga v\u00e4n engagerad, \u00e4ven n\u00e4r du inte \u00e4r i n\u00e4rheten. Perfekt f\u00f6r b\u00e5de lekfulla kattungar och nyfikna vuxna katter!<\/p>\n<p data-start=\"141\" data-end=\"382\"><img decoding=\"async\" class=\"size-full wp-image-30937 aligncenter\" src=\"https:\/\/keluvo.com\/template\/wp-content\/uploads\/sites\/5\/2025\/08\/07215-ezgif.com-video-to-webp-converter.webp\" alt=\"\" \/><\/p>\n<h2 style=\"text-align: center\" data-start=\"448\" data-end=\"470\"><strong>Huvudf\u00f6rdelar<\/strong><\/h2>\n<p data-start=\"473\" data-end=\"516\">\ud83d\udc31 R\u00f6r sig av sig sj\u00e4lv f\u00f6r att underh\u00e5lla din katt<\/p>\n<p data-start=\"519\" data-end=\"579\">\ud83d\udca1 3 interaktiva ljusl\u00e4gen (snabbt, l\u00e5ngsamt och interaktivt)<\/p>\n<p data-start=\"582\" data-end=\"639\">\ud83d\udd01 Undviker hinder och \u00e4ndrar riktning automatiskt<\/p>\n<p data-start=\"642\" data-end=\"685\">\ud83d\udd07 Rullar tyst s\u00e5 att den inte st\u00f6r dig<\/p>\n<p data-start=\"688\" data-end=\"730\">\ud83d\udd0b USB-laddningsbar f\u00f6r o\u00e4ndlig lektid<\/p>\n<p data-start=\"688\" data-end=\"730\"><img decoding=\"async\" class=\"size-full wp-image-30939 aligncenter\" src=\"https:\/\/keluvo.com\/template\/wp-content\/uploads\/sites\/5\/2025\/08\/S9e839431089b4678b2a0541b7310fc47n.jpg\" alt=\"\" \/><\/p>\n<h2 style=\"text-align: center\" data-start=\"737\" data-end=\"756\"><strong>Anv\u00e4ndning<\/strong><\/h2>\n<ol data-start=\"757\" data-end=\"950\">\n<li data-start=\"757\" data-end=\"805\">\n<p data-start=\"760\" data-end=\"805\">Ladda leksaken med den medf\u00f6ljande USB-kabeln.<\/p>\n<\/li>\n<li data-start=\"806\" data-end=\"860\">\n<p data-start=\"809\" data-end=\"860\">Tryck p\u00e5 knappen f\u00f6r att v\u00e4lja ljus-\/r\u00f6relsel\u00e4ge.<\/p>\n<\/li>\n<li data-start=\"861\" data-end=\"911\">\n<p data-start=\"864\" data-end=\"911\">Placera den p\u00e5 golvet och l\u00e5t din katt jaga!<\/p>\n<\/li>\n<li data-start=\"912\" data-end=\"950\">\n<p data-start=\"915\" data-end=\"950\">St\u00e4ng av eller ladda n\u00e4r det beh\u00f6vs.<\/p>\n<\/li>\n<\/ol>\n<h2 style=\"text-align: center\" data-start=\"957\" data-end=\"981\"><strong>Produktdetaljer<\/strong><\/h2>\n<ul data-start=\"982\" data-end=\"1162\">\n<li data-start=\"982\" data-end=\"1014\">\n<p data-start=\"984\" data-end=\"1014\">Storlek: 7 cm boll + 23 cm svans<\/p>\n<\/li>\n<li data-start=\"1015\" data-end=\"1050\">\n<p data-start=\"1017\" data-end=\"1050\">Power: USB-laddningsbart batteri<\/p>\n<\/li>\n<li data-start=\"1051\" data-end=\"1110\">\n<p data-start=\"1053\" data-end=\"1110\">Moder: Bl\u00e5 (snabb), lila (l\u00e5ngsam), gul (interaktiv)<\/p>\n<\/li>\n<li data-start=\"1111\" data-end=\"1162\">\n<p data-start=\"1113\" data-end=\"1162\">Material: H\u00e5llbar, husdjurss\u00e4ker plast och gummi<\/p>\n<\/li>\n<\/ul>\n<h2 style=\"text-align: center\" data-start=\"1169\" data-end=\"1194\"><strong>F\u00f6rpackningen Inneh\u00e5ller<\/strong><\/h2>\n<ul data-start=\"1195\" data-end=\"1252\">\n<li data-start=\"1195\" data-end=\"1226\">\n<p data-start=\"1197\" data-end=\"1226\">1x interaktiv kattboll<\/p>\n<\/li>\n<li data-start=\"1227\" data-end=\"1252\">\n<p data-start=\"1229\" data-end=\"1252\">1x USB-laddningskabel.<\/p>\n<\/li>\n<\/ul>\n","protected":false},"excerpt":{"rendered":"<p>H\u00e5ll Din Katt Underh\u00e5llen Hela Dagen \ud83d\udc3e\ud83c\udf89 Den h\u00e4r interaktiva bollleksaken r\u00f6r sig, lyser upp och undviker hinder &#8211; vilket [&hellip;]<\/p>\n","protected":false},"featured_media":19239,"comment_status":"open","ping_status":"closed","template":"","meta":{"site-sidebar-layout":"default","site-content-layout":"","ast-site-content-layout":"default","site-content-style":"default","site-sidebar-style":"default","ast-global-header-display":"","ast-banner-title-visibility":"","ast-main-header-display":"","ast-hfb-above-header-display":"","ast-hfb-below-header-display":"","ast-hfb-mobile-header-display":"","site-post-title":"","ast-breadcrumbs-content":"","ast-featured-img":"","footer-sml-layout":"","theme-transparent-header-meta":"default","adv-header-id-meta":"","stick-header-meta":"","header-above-stick-meta":"","header-main-stick-meta":"","header-below-stick-meta":"","astra-migrate-meta-layouts":"set","ast-page-background-enabled":"default","ast-page-background-meta":{"desktop":{"background-color":"var(--ast-global-color-4)","background-image":"","background-repeat":"repeat","background-position":"center center","background-size":"auto","background-attachment":"scroll","background-type":"","background-media":"","overlay-type":"","overlay-color":"","overlay-opacity":"","overlay-gradient":""},"tablet":{"background-color":"","background-image":"","background-repeat":"repeat","background-position":"center center","background-size":"auto","background-attachment":"scroll","background-type":"","background-media":"","overlay-type":"","overlay-color":"","overlay-opacity":"","overlay-gradient":""},"mobile":{"background-color":"","background-image":"","background-repeat":"repeat","background-position":"center center","background-size":"auto","background-attachment":"scroll","background-type":"","background-media":"","overlay-type":"","overlay-color":"","overlay-opacity":"","overlay-gradient":""}},"ast-content-background-meta":{"desktop":{"background-color":"var(--ast-global-color-5)","background-image":"","background-repeat":"repeat","background-position":"center center","background-size":"auto","background-attachment":"scroll","background-type":"","background-media":"","overlay-type":"","overlay-color":"","overlay-opacity":"","overlay-gradient":""},"tablet":{"background-color":"var(--ast-global-color-5)","background-image":"","background-repeat":"repeat","background-position":"center center","background-size":"auto","background-attachment":"scroll","background-type":"","background-media":"","overlay-type":"","overlay-color":"","overlay-opacity":"","overlay-gradient":""},"mobile":{"background-color":"var(--ast-global-color-5)","background-image":"","background-repeat":"repeat","background-position":"center center","background-size":"auto","background-attachment":"scroll","background-type":"","background-media":"","overlay-type":"","overlay-color":"","overlay-opacity":"","overlay-gradient":""}}},"product_brand":[],"product_cat":[997],"product_tag":[],"class_list":{"0":"post-19243","1":"product","2":"type-product","3":"status-publish","4":"has-post-thumbnail","6":"product_cat-pets-products","7":"pa_46545_kawimcaq-bla","8":"pa_46545_kawimcaq-gra","9":"pa_46545_kawimcaq-gron","10":"pa_46545_kawimcaq-gul","11":"pa_46545_kawimcaq-rod","12":"pa_46545_kawimcaq-rosa","13":"desktop-align-left","14":"tablet-align-left","15":"mobile-align-left","17":"first","18":"instock","19":"shipping-taxable","20":"purchasable","21":"product-type-variable"},"_links":{"self":[{"href":"https:\/\/keluvo.com\/se\/wp-json\/wp\/v2\/product\/19243","targetHints":{"allow":["GET"]}}],"collection":[{"href":"https:\/\/keluvo.com\/se\/wp-json\/wp\/v2\/product"}],"about":[{"href":"https:\/\/keluvo.com\/se\/wp-json\/wp\/v2\/types\/product"}],"replies":[{"embeddable":true,"href":"https:\/\/keluvo.com\/se\/wp-json\/wp\/v2\/comments?post=19243"}],"wp:featuredmedia":[{"embeddable":true,"href":"https:\/\/keluvo.com\/se\/wp-json\/wp\/v2\/media\/19239"}],"wp:attachment":[{"href":"https:\/\/keluvo.com\/se\/wp-json\/wp\/v2\/media?parent=19243"}],"wp:term":[{"taxonomy":"product_brand","embeddable":true,"href":"https:\/\/keluvo.com\/se\/wp-json\/wp\/v2\/product_brand?post=19243"},{"taxonomy":"product_cat","embeddable":true,"href":"https:\/\/keluvo.com\/se\/wp-json\/wp\/v2\/product_cat?post=19243"},{"taxonomy":"product_tag","embeddable":true,"href":"https:\/\/keluvo.com\/se\/wp-json\/wp\/v2\/product_tag?post=19243"}],"curies":[{"name":"wp","href":"https:\/\/api.w.org\/{rel}","templated":true}]}}