{"id":19219,"date":"2025-08-08T13:49:30","date_gmt":"2025-08-08T11:49:30","guid":{"rendered":"https:\/\/keluvo.com\/se\/product\/matare-for-husdjur\/"},"modified":"2025-08-08T13:49:40","modified_gmt":"2025-08-08T11:49:40","slug":"matare-for-husdjur","status":"publish","type":"product","link":"https:\/\/keluvo.com\/se\/product\/matare-for-husdjur\/","title":{"rendered":"Matare f\u00f6r husdjur"},"content":{"rendered":"<p style=\"text-align: center\" data-start=\"85\" data-end=\"143\"><strong>F\u00e4rskt Vatten, Alltid Redo F\u00f6r Din H\u00e5riga V\u00e4n \ud83d\udc36\ud83d\udca7<\/strong><\/p>\n<p style=\"text-align: center\" data-start=\"144\" data-end=\"358\">Den h\u00e4r smarta automatiska vattenautomaten h\u00e5ller ditt husdjurs vatten rent, svalt och fl\u00f6dande &#8211; utan behov av elektricitet eller komplicerad installation. Perfekt f\u00f6r upptagna djurf\u00f6r\u00e4ldrar som vill h\u00e5lla v\u00e4tskebalansen enkel och stressfri. Perfekt f\u00f6r b\u00e5de hundar och katter hemma.<\/p>\n<p data-start=\"144\" data-end=\"358\"><img decoding=\"async\" class=\"size-full wp-image-30909 aligncenter\" src=\"https:\/\/keluvo.com\/template\/wp-content\/uploads\/sites\/5\/2025\/08\/wCHfCats-Double-Bowls-Water-Automatic-Feeder-Raised-Stand-For-Cats-Pet-Drinking-Fountain-Food-Dispenser-Bowl.webp\" alt=\"\" \/><\/p>\n<h2 style=\"text-align: center\" data-start=\"404\" data-end=\"426\"><strong>Huvudf\u00f6rdelar<\/strong><\/h2>\n<p data-start=\"429\" data-end=\"481\">\ud83d\udca7 Fyller automatiskt p\u00e5 sk\u00e5len med f\u00e4rskt vatten<\/p>\n<p data-start=\"484\" data-end=\"525\">\ud83d\udc3e Uppmuntrar ditt husdjur att h\u00e5lla sig hydrerat<\/p>\n<p data-start=\"528\" data-end=\"567\">\ud83d\udd01 Ingen el eller batterier beh\u00f6vs<\/p>\n<p data-start=\"528\" data-end=\"567\">\ud83e\uddfc L\u00e4tt att reng\u00f6ra och montera<\/p>\n<p data-start=\"604\" data-end=\"658\">\ud83d\udc31\ud83d\udc36 L\u00e4mplig f\u00f6r b\u00e5de katter och sm\u00e5 till medelstora hundar<\/p>\n<p data-start=\"604\" data-end=\"658\"><img decoding=\"async\" class=\"size-full wp-image-30911 aligncenter\" src=\"https:\/\/keluvo.com\/template\/wp-content\/uploads\/sites\/5\/2025\/08\/JMY4Cats-Double-Bowls-Water-Automatic-Feeder-Raised-Stand-For-Cats-Pet-Drinking-Fountain-Food-Dispenser-Bowl.webp\" alt=\"\" \/><\/p>\n<h2 style=\"text-align: center\" data-start=\"665\" data-end=\"684\"><strong>Hur Man Anv\u00e4nder<\/strong><\/h2>\n<ol data-start=\"685\" data-end=\"885\">\n<li data-start=\"685\" data-end=\"760\">\n<p data-start=\"688\" data-end=\"760\">Fyll en flaska med rent vatten och placera den upp och ner i h\u00e5llaren.<\/p>\n<\/li>\n<li data-start=\"761\" data-end=\"811\">\n<p data-start=\"764\" data-end=\"811\">Sk\u00e5len fylls p\u00e5 automatiskt n\u00e4r ditt husdjur dricker.<\/p>\n<\/li>\n<li data-start=\"812\" data-end=\"847\">\n<p data-start=\"815\" data-end=\"847\">fyll p\u00e5 flaskan n\u00e4r det beh\u00f6vs.<\/p>\n<\/li>\n<li data-start=\"848\" data-end=\"885\">\n<p data-start=\"851\" data-end=\"885\">tv\u00e4tta regelbundet f\u00f6r b\u00e4sta hygien.<\/p>\n<\/li>\n<\/ol>\n<h2 style=\"text-align: center\" data-start=\"892\" data-end=\"916\"><strong>Produktdetaljer<\/strong><\/h2>\n<ul data-start=\"917\" data-end=\"1071\">\n<li data-start=\"917\" data-end=\"947\">\n<p data-start=\"919\" data-end=\"947\">Material: BPA-fri plast<\/p>\n<\/li>\n<li data-start=\"948\" data-end=\"975\">\n<p data-start=\"950\" data-end=\"975\">Flaskans kapacitet: 500 ml<\/p>\n<\/li>\n<li data-start=\"976\" data-end=\"1002\">\n<p data-start=\"978\" data-end=\"1002\">Storlek: 28,5 \u00d7 14 \u00d7 8 cm<\/p>\n<\/li>\n<li data-start=\"1003\" data-end=\"1047\">\n<p data-start=\"1005\" data-end=\"1047\">F\u00e4rger: Flera f\u00e4rgalternativ tillg\u00e4ngliga<\/p>\n<\/li>\n<li data-start=\"1048\" data-end=\"1071\">\n<p data-start=\"1050\" data-end=\"1071\">Bara f\u00f6r inomhusbruk<\/p>\n<\/li>\n<\/ul>\n<h2 style=\"text-align: center\" data-start=\"1078\" data-end=\"1103\"><strong>I Paketet Ing\u00e5r<\/strong><\/h2>\n<ul data-start=\"1104\" data-end=\"1151\">\n<li data-start=\"1104\" data-end=\"1131\">\n<p data-start=\"1106\" data-end=\"1131\">1x automatisk vattenmatare<\/p>\n<\/li>\n<li data-start=\"1132\" data-end=\"1151\">\n<p data-start=\"1134\" data-end=\"1151\">1x vattenflaska.<\/p>\n<\/li>\n<\/ul>\n","protected":false},"excerpt":{"rendered":"<p>F\u00e4rskt Vatten, Alltid Redo F\u00f6r Din H\u00e5riga V\u00e4n \ud83d\udc36\ud83d\udca7 Den h\u00e4r smarta automatiska vattenautomaten h\u00e5ller ditt husdjurs vatten rent, svalt [&hellip;]<\/p>\n","protected":false},"featured_media":19215,"comment_status":"open","ping_status":"closed","template":"","meta":{"site-sidebar-layout":"default","site-content-layout":"","ast-site-content-layout":"default","site-content-style":"default","site-sidebar-style":"default","ast-global-header-display":"","ast-banner-title-visibility":"","ast-main-header-display":"","ast-hfb-above-header-display":"","ast-hfb-below-header-display":"","ast-hfb-mobile-header-display":"","site-post-title":"","ast-breadcrumbs-content":"","ast-featured-img":"","footer-sml-layout":"","theme-transparent-header-meta":"default","adv-header-id-meta":"","stick-header-meta":"","header-above-stick-meta":"","header-main-stick-meta":"","header-below-stick-meta":"","astra-migrate-meta-layouts":"set","ast-page-background-enabled":"default","ast-page-background-meta":{"desktop":{"background-color":"var(--ast-global-color-4)","background-image":"","background-repeat":"repeat","background-position":"center center","background-size":"auto","background-attachment":"scroll","background-type":"","background-media":"","overlay-type":"","overlay-color":"","overlay-opacity":"","overlay-gradient":""},"tablet":{"background-color":"","background-image":"","background-repeat":"repeat","background-position":"center center","background-size":"auto","background-attachment":"scroll","background-type":"","background-media":"","overlay-type":"","overlay-color":"","overlay-opacity":"","overlay-gradient":""},"mobile":{"background-color":"","background-image":"","background-repeat":"repeat","background-position":"center center","background-size":"auto","background-attachment":"scroll","background-type":"","background-media":"","overlay-type":"","overlay-color":"","overlay-opacity":"","overlay-gradient":""}},"ast-content-background-meta":{"desktop":{"background-color":"var(--ast-global-color-5)","background-image":"","background-repeat":"repeat","background-position":"center center","background-size":"auto","background-attachment":"scroll","background-type":"","background-media":"","overlay-type":"","overlay-color":"","overlay-opacity":"","overlay-gradient":""},"tablet":{"background-color":"var(--ast-global-color-5)","background-image":"","background-repeat":"repeat","background-position":"center center","background-size":"auto","background-attachment":"scroll","background-type":"","background-media":"","overlay-type":"","overlay-color":"","overlay-opacity":"","overlay-gradient":""},"mobile":{"background-color":"var(--ast-global-color-5)","background-image":"","background-repeat":"repeat","background-position":"center center","background-size":"auto","background-attachment":"scroll","background-type":"","background-media":"","overlay-type":"","overlay-color":"","overlay-opacity":"","overlay-gradient":""}}},"product_brand":[],"product_cat":[997],"product_tag":[],"class_list":{"0":"post-19219","1":"product","2":"type-product","3":"status-publish","4":"has-post-thumbnail","6":"product_cat-pets-products","7":"pa_23669_mrfn8ksj-bla","8":"pa_23669_mrfn8ksj-gra","9":"pa_23669_mrfn8ksj-gron","10":"pa_23669_mrfn8ksj-rosa","11":"pa_23669_mrfn8ksj-vit","12":"desktop-align-left","13":"tablet-align-left","14":"mobile-align-left","16":"first","17":"instock","18":"shipping-taxable","19":"purchasable","20":"product-type-variable"},"_links":{"self":[{"href":"https:\/\/keluvo.com\/se\/wp-json\/wp\/v2\/product\/19219","targetHints":{"allow":["GET"]}}],"collection":[{"href":"https:\/\/keluvo.com\/se\/wp-json\/wp\/v2\/product"}],"about":[{"href":"https:\/\/keluvo.com\/se\/wp-json\/wp\/v2\/types\/product"}],"replies":[{"embeddable":true,"href":"https:\/\/keluvo.com\/se\/wp-json\/wp\/v2\/comments?post=19219"}],"wp:featuredmedia":[{"embeddable":true,"href":"https:\/\/keluvo.com\/se\/wp-json\/wp\/v2\/media\/19215"}],"wp:attachment":[{"href":"https:\/\/keluvo.com\/se\/wp-json\/wp\/v2\/media?parent=19219"}],"wp:term":[{"taxonomy":"product_brand","embeddable":true,"href":"https:\/\/keluvo.com\/se\/wp-json\/wp\/v2\/product_brand?post=19219"},{"taxonomy":"product_cat","embeddable":true,"href":"https:\/\/keluvo.com\/se\/wp-json\/wp\/v2\/product_cat?post=19219"},{"taxonomy":"product_tag","embeddable":true,"href":"https:\/\/keluvo.com\/se\/wp-json\/wp\/v2\/product_tag?post=19219"}],"curies":[{"name":"wp","href":"https:\/\/api.w.org\/{rel}","templated":true}]}}