{"id":19127,"date":"2025-08-08T13:45:57","date_gmt":"2025-08-08T11:45:57","guid":{"rendered":"https:\/\/keluvo.com\/se\/product\/regnskydd\/"},"modified":"2025-08-08T15:50:14","modified_gmt":"2025-08-08T13:50:14","slug":"regnskydd","status":"publish","type":"product","link":"https:\/\/keluvo.com\/se\/product\/regnskydd\/","title":{"rendered":"Regnskydd"},"content":{"rendered":"<p style=\"text-align: center;\" data-start=\"92\" data-end=\"155\"><strong>H\u00e5ll Din Ryggs\u00e4ck Torr Och Skyddad I Alla V\u00e4der \ud83c\udf27\ufe0f\ud83c\udf92<\/strong><\/p>\n<p style=\"text-align: center;\" data-start=\"156\" data-end=\"314\">Det h\u00e4r regnskyddet skyddar din v\u00e4ska fr\u00e5n kraftigt regn, damm och repor, vilket g\u00f6r den till ett m\u00e5ste f\u00f6r utomhus\u00e4ventyr, resor eller dagliga pendlingar. L\u00e4tt, t\u00e5ligt och enkelt att b\u00e4ra &#8211; det sitter t\u00e4tt och h\u00e5ller sig p\u00e5 plats oavsett v\u00e4der.<\/p>\n<p data-start=\"156\" data-end=\"314\"><img decoding=\"async\" class=\"size-full wp-image-30645 aligncenter\" src=\"https:\/\/keluvo.com\/template\/wp-content\/uploads\/sites\/5\/2025\/08\/07213-ezgif.com-video-to-webp-converter.webp\" alt=\"\" \/><\/p>\n<h2 style=\"text-align: center;\" data-start=\"424\" data-end=\"446\">Huvudf\u00f6rdelar<\/h2>\n<p data-start=\"449\" data-end=\"503\">\ud83c\udf27\ufe0f 100% vattent\u00e4tt skydd mot regn och snow<\/p>\n<p data-start=\"506\" data-end=\"550\">\ud83d\udee1\ufe0f Skyddar mot damm, smuts och repor<\/p>\n<p data-start=\"553\" data-end=\"597\">\ud83d\udd04 Elastisk kant f\u00f6r en s\u00e4ker och t\u00e4t fit<\/p>\n<p data-start=\"600\" data-end=\"648\">\ud83c\udfde\ufe0f Perfekt f\u00f6r vandring, camping och resor<\/p>\n<p data-start=\"651\" data-end=\"694\">\ud83c\udfa8 Finns i flera f\u00e4rger och storlekar<\/p>\n<p data-start=\"651\" data-end=\"694\"><img decoding=\"async\" class=\"size-full wp-image-30644 aligncenter\" src=\"https:\/\/keluvo.com\/template\/wp-content\/uploads\/sites\/5\/2025\/08\/Sc4551314eb9c424b9658d7f8170f3723u.jpg_960x960q75.jpg_.jpg\" alt=\"\" \/><\/p>\n<h2 style=\"text-align: center;\" data-start=\"701\" data-end=\"720\"><strong>Hur Man Anv\u00e4nder<\/strong><\/h2>\n<ol data-start=\"721\" data-end=\"929\">\n<li data-start=\"721\" data-end=\"772\">\n<p data-start=\"724\" data-end=\"772\">V\u00e4lj r\u00e4tt storlek f\u00f6r din ryggs\u00e4ck.<\/p>\n<\/li>\n<li data-start=\"773\" data-end=\"826\">\n<p data-start=\"776\" data-end=\"826\">Str\u00e4ck skyddet \u00f6ver ryggs\u00e4ckens ovansida.<\/p>\n<\/li>\n<li data-start=\"827\" data-end=\"875\">\n<p data-start=\"830\" data-end=\"875\">Justera de elastiska kanterna f\u00f6r att s\u00e4kra passformen.<\/p>\n<\/li>\n<li data-start=\"876\" data-end=\"929\">\n<p data-start=\"879\" data-end=\"929\">Vik ihop och f\u00f6rvara det i v\u00e4skfickan efter anv\u00e4ndning.<\/p>\n<\/li>\n<\/ol>\n<h2 style=\"text-align: center;\" data-start=\"936\" data-end=\"960\"><strong>Produktdetaljer<\/strong><\/h2>\n<ul data-start=\"961\" data-end=\"1151\">\n<li data-start=\"961\" data-end=\"1014\">\n<p data-start=\"963\" data-end=\"1014\">Material: H\u00f6gkvalitativ 190T\/210T vattent\u00e4t nylon<\/p>\n<\/li>\n<li data-start=\"1015\" data-end=\"1073\">\n<p data-start=\"1017\" data-end=\"1073\">Storlekar: 20L, 30-40L , 50-70L<\/p>\n<\/li>\n<li data-start=\"1074\" data-end=\"1119\">\n<p data-start=\"1076\" data-end=\"1119\">Ultra l\u00e4tt och kompakt f\u00f6r enkel transport<\/p>\n<\/li>\n<li data-start=\"1120\" data-end=\"1151\">\n<p data-start=\"1122\" data-end=\"1151\">Resistent mot rivningar och slitage<\/p>\n<\/li>\n<\/ul>\n<h2 style=\"text-align: center;\" data-start=\"1158\" data-end=\"1183\"><strong>Paketet Inneh\u00e5ller<\/strong><\/h2>\n<ul data-start=\"1184\" data-end=\"1216\">\n<li data-start=\"1184\" data-end=\"1216\">\n<p data-start=\"1186\" data-end=\"1216\">1x regnskydd.<\/p>\n<\/li>\n<\/ul>\n","protected":false},"excerpt":{"rendered":"<p>H\u00e5ll Din Ryggs\u00e4ck Torr Och Skyddad I Alla V\u00e4der \ud83c\udf27\ufe0f\ud83c\udf92 Det h\u00e4r regnskyddet skyddar din v\u00e4ska fr\u00e5n kraftigt regn, damm [&hellip;]<\/p>\n","protected":false},"featured_media":19123,"comment_status":"open","ping_status":"closed","template":"","meta":{"site-sidebar-layout":"default","site-content-layout":"","ast-site-content-layout":"default","site-content-style":"default","site-sidebar-style":"default","ast-global-header-display":"","ast-banner-title-visibility":"","ast-main-header-display":"","ast-hfb-above-header-display":"","ast-hfb-below-header-display":"","ast-hfb-mobile-header-display":"","site-post-title":"","ast-breadcrumbs-content":"","ast-featured-img":"","footer-sml-layout":"","theme-transparent-header-meta":"default","adv-header-id-meta":"","stick-header-meta":"","header-above-stick-meta":"","header-main-stick-meta":"","header-below-stick-meta":"","astra-migrate-meta-layouts":"set","ast-page-background-enabled":"default","ast-page-background-meta":{"desktop":{"background-color":"var(--ast-global-color-4)","background-image":"","background-repeat":"repeat","background-position":"center center","background-size":"auto","background-attachment":"scroll","background-type":"","background-media":"","overlay-type":"","overlay-color":"","overlay-opacity":"","overlay-gradient":""},"tablet":{"background-color":"","background-image":"","background-repeat":"repeat","background-position":"center center","background-size":"auto","background-attachment":"scroll","background-type":"","background-media":"","overlay-type":"","overlay-color":"","overlay-opacity":"","overlay-gradient":""},"mobile":{"background-color":"","background-image":"","background-repeat":"repeat","background-position":"center center","background-size":"auto","background-attachment":"scroll","background-type":"","background-media":"","overlay-type":"","overlay-color":"","overlay-opacity":"","overlay-gradient":""}},"ast-content-background-meta":{"desktop":{"background-color":"var(--ast-global-color-5)","background-image":"","background-repeat":"repeat","background-position":"center center","background-size":"auto","background-attachment":"scroll","background-type":"","background-media":"","overlay-type":"","overlay-color":"","overlay-opacity":"","overlay-gradient":""},"tablet":{"background-color":"var(--ast-global-color-5)","background-image":"","background-repeat":"repeat","background-position":"center center","background-size":"auto","background-attachment":"scroll","background-type":"","background-media":"","overlay-type":"","overlay-color":"","overlay-opacity":"","overlay-gradient":""},"mobile":{"background-color":"var(--ast-global-color-5)","background-image":"","background-repeat":"repeat","background-position":"center center","background-size":"auto","background-attachment":"scroll","background-type":"","background-media":"","overlay-type":"","overlay-color":"","overlay-opacity":"","overlay-gradient":""}}},"product_brand":[],"product_cat":[1000],"product_tag":[],"class_list":{"0":"post-19127","1":"product","2":"type-product","3":"status-publish","4":"has-post-thumbnail","6":"product_cat-hiking-camping-and-leisure-goods","7":"pa_16311_abo7praa-20l","8":"pa_16311_abo7praa-30-40l","9":"pa_16311_abo7praa-50-70l","10":"pa_16311_q90qw4p5-armegron","11":"pa_16311_q90qw4p5-bla","12":"pa_16311_q90qw4p5-gra","13":"pa_16311_q90qw4p5-gron","14":"pa_16311_q90qw4p5-morkbla","15":"pa_16311_q90qw4p5-orange","16":"pa_16311_q90qw4p5-rod","17":"pa_16311_q90qw4p5-rosarod","18":"pa_16311_q90qw4p5-svart","19":"desktop-align-left","20":"tablet-align-left","21":"mobile-align-left","23":"first","24":"instock","25":"shipping-taxable","26":"purchasable","27":"product-type-variable","28":"has-default-attributes"},"_links":{"self":[{"href":"https:\/\/keluvo.com\/se\/wp-json\/wp\/v2\/product\/19127","targetHints":{"allow":["GET"]}}],"collection":[{"href":"https:\/\/keluvo.com\/se\/wp-json\/wp\/v2\/product"}],"about":[{"href":"https:\/\/keluvo.com\/se\/wp-json\/wp\/v2\/types\/product"}],"replies":[{"embeddable":true,"href":"https:\/\/keluvo.com\/se\/wp-json\/wp\/v2\/comments?post=19127"}],"wp:featuredmedia":[{"embeddable":true,"href":"https:\/\/keluvo.com\/se\/wp-json\/wp\/v2\/media\/19123"}],"wp:attachment":[{"href":"https:\/\/keluvo.com\/se\/wp-json\/wp\/v2\/media?parent=19127"}],"wp:term":[{"taxonomy":"product_brand","embeddable":true,"href":"https:\/\/keluvo.com\/se\/wp-json\/wp\/v2\/product_brand?post=19127"},{"taxonomy":"product_cat","embeddable":true,"href":"https:\/\/keluvo.com\/se\/wp-json\/wp\/v2\/product_cat?post=19127"},{"taxonomy":"product_tag","embeddable":true,"href":"https:\/\/keluvo.com\/se\/wp-json\/wp\/v2\/product_tag?post=19127"}],"curies":[{"name":"wp","href":"https:\/\/api.w.org\/{rel}","templated":true}]}}