{"id":19114,"date":"2025-08-08T13:44:56","date_gmt":"2025-08-08T11:44:56","guid":{"rendered":"https:\/\/keluvo.com\/se\/product\/flytutrustning-for-barn\/"},"modified":"2025-08-08T13:45:04","modified_gmt":"2025-08-08T11:45:04","slug":"flytutrustning-for-barn","status":"publish","type":"product","link":"https:\/\/keluvo.com\/se\/product\/flytutrustning-for-barn\/","title":{"rendered":"Flytutrustning f\u00f6r barn"},"content":{"rendered":"<p style=\"text-align: center\" data-start=\"116\" data-end=\"155\"><strong>F\u00f6rvandla Badtiden Till Lektid \ud83d\udec1\ud83d\udc22<\/strong><\/p>\n<p style=\"text-align: center\" data-start=\"156\" data-end=\"346\">Den h\u00e4r flytanordningen f\u00f6r bebisar h\u00e5ller din lilla s\u00e4kert st\u00f6d medan de flyter, plaskar och fnissar i vattnet. Utformad f\u00f6r att hj\u00e4lpa sp\u00e4dbarn att slappna av och f\u00e5 f\u00f6rtroende f\u00f6r badkaret fr\u00e5n en tidig \u00e5lder. Perfekt f\u00f6r dagliga bad, pooltid eller en lugn stund innan s\u00f6mn.<\/p>\n<p data-start=\"156\" data-end=\"346\"><img decoding=\"async\" class=\"size-full wp-image-30630 aligncenter\" src=\"https:\/\/keluvo.com\/template\/wp-content\/uploads\/sites\/5\/2025\/08\/07212-ezgif.com-video-to-webp-converter.webp\" alt=\"\" \/><\/p>\n<h2 style=\"text-align: center\" data-start=\"421\" data-end=\"443\"><strong>Huvudf\u00f6rdelar<\/strong><\/h2>\n<p data-start=\"446\" data-end=\"492\">\ud83d\udedf H\u00e5ller ditt barns huvud s\u00e4kert ovanf\u00f6r vattnet<\/p>\n<p data-start=\"495\" data-end=\"553\">\ud83c\udf7c Fr\u00e4mjar sj\u00e4lvst\u00e4ndighet och avslappning under badstunden<\/p>\n<p data-start=\"556\" data-end=\"608\">\ud83d\ude04 Hj\u00e4lper barn att njuta av vatten och somna snabbare<\/p>\n<p data-start=\"611\" data-end=\"651\">\ud83e\uddf8 Mjukt innerfoder f\u00f6r extra komfort<\/p>\n<p data-start=\"654\" data-end=\"690\">\ud83d\udca7 L\u00e4tt och enkel att bl\u00e5sa upp<\/p>\n<p data-start=\"693\" data-end=\"735\">\ud83c\udfa8 Bed\u00e5rande design med roliga djuransikten<\/p>\n<p data-start=\"693\" data-end=\"735\"><img decoding=\"async\" class=\"size-full wp-image-30628 aligncenter\" src=\"https:\/\/keluvo.com\/template\/wp-content\/uploads\/sites\/5\/2025\/08\/Surete_Airbags_doubles_et_epais-1.jpg\" alt=\"\" \/><\/p>\n<h2 style=\"text-align: center\" data-start=\"742\" data-end=\"761\"><strong>Anv\u00e4ndning<\/strong><\/h2>\n<ol data-start=\"762\" data-end=\"958\">\n<li data-start=\"762\" data-end=\"817\">\n<p data-start=\"765\" data-end=\"817\">Uppbl\u00e5s flott\u00f6ren helt med hj\u00e4lp av de inbyggda ventilerna.<\/p>\n<\/li>\n<li data-start=\"818\" data-end=\"863\">\n<p data-start=\"821\" data-end=\"863\">Placera den f\u00f6rsiktigt runt barnets hals.<\/p>\n<\/li>\n<li data-start=\"864\" data-end=\"901\">\n<p data-start=\"867\" data-end=\"901\">f\u00e4st det dubbla s\u00e4kerhetssp\u00e4nnet.<\/p>\n<\/li>\n<li data-start=\"902\" data-end=\"958\">\n<p data-start=\"905\" data-end=\"958\">l\u00e5t barnet flyta och njut av \u00f6vervakade badstunder!<\/p>\n<\/li>\n<\/ol>\n<h2 style=\"text-align: center\" data-start=\"965\" data-end=\"989\"><strong>Produktdetaljer<\/strong><\/h2>\n<ul data-start=\"990\" data-end=\"1204\">\n<li data-start=\"990\" data-end=\"1033\">\n<p data-start=\"992\" data-end=\"1033\">L\u00e4mplig f\u00f6r barn i \u00e5ldern 0 till 24 m\u00e5nader<\/p>\n<\/li>\n<li data-start=\"1034\" data-end=\"1076\">\n<p data-start=\"1036\" data-end=\"1076\">Dubbla luftkammare f\u00f6r maximal s\u00e4kerhet<\/p>\n<\/li>\n<li data-start=\"1077\" data-end=\"1111\">\n<p data-start=\"1079\" data-end=\"1111\">Justerbar inre omkrets<\/p>\n<\/li>\n<li data-start=\"1112\" data-end=\"1157\">\n<p data-start=\"1114\" data-end=\"1157\">H\u00f6gkvalitativ, BPA-fri, barns\u00e4ker plast<\/p>\n<\/li>\n<li data-start=\"1158\" data-end=\"1204\">\n<p data-start=\"1160\" data-end=\"1204\">Inte en livr\u00e4ddningsanordning &#8211; \u00f6vervaka alltid<\/p>\n<\/li>\n<\/ul>\n<h2 style=\"text-align: center\" data-start=\"1211\" data-end=\"1236\"><strong>F\u00f6rpackningen Inneh\u00e5ller<\/strong><\/h2>\n<ul data-start=\"1237\" data-end=\"1264\">\n<li data-start=\"1237\" data-end=\"1264\">\n<p data-start=\"1239\" data-end=\"1264\">1x babyflytanordning.<\/p>\n<\/li>\n<\/ul>\n","protected":false},"excerpt":{"rendered":"<p>F\u00f6rvandla Badtiden Till Lektid \ud83d\udec1\ud83d\udc22 Den h\u00e4r flytanordningen f\u00f6r bebisar h\u00e5ller din lilla s\u00e4kert st\u00f6d medan de flyter, plaskar och [&hellip;]<\/p>\n","protected":false},"featured_media":19110,"comment_status":"open","ping_status":"closed","template":"","meta":{"site-sidebar-layout":"default","site-content-layout":"","ast-site-content-layout":"default","site-content-style":"default","site-sidebar-style":"default","ast-global-header-display":"","ast-banner-title-visibility":"","ast-main-header-display":"","ast-hfb-above-header-display":"","ast-hfb-below-header-display":"","ast-hfb-mobile-header-display":"","site-post-title":"","ast-breadcrumbs-content":"","ast-featured-img":"","footer-sml-layout":"","theme-transparent-header-meta":"default","adv-header-id-meta":"","stick-header-meta":"","header-above-stick-meta":"","header-main-stick-meta":"","header-below-stick-meta":"","astra-migrate-meta-layouts":"set","ast-page-background-enabled":"default","ast-page-background-meta":{"desktop":{"background-color":"var(--ast-global-color-4)","background-image":"","background-repeat":"repeat","background-position":"center center","background-size":"auto","background-attachment":"scroll","background-type":"","background-media":"","overlay-type":"","overlay-color":"","overlay-opacity":"","overlay-gradient":""},"tablet":{"background-color":"","background-image":"","background-repeat":"repeat","background-position":"center center","background-size":"auto","background-attachment":"scroll","background-type":"","background-media":"","overlay-type":"","overlay-color":"","overlay-opacity":"","overlay-gradient":""},"mobile":{"background-color":"","background-image":"","background-repeat":"repeat","background-position":"center center","background-size":"auto","background-attachment":"scroll","background-type":"","background-media":"","overlay-type":"","overlay-color":"","overlay-opacity":"","overlay-gradient":""}},"ast-content-background-meta":{"desktop":{"background-color":"var(--ast-global-color-5)","background-image":"","background-repeat":"repeat","background-position":"center center","background-size":"auto","background-attachment":"scroll","background-type":"","background-media":"","overlay-type":"","overlay-color":"","overlay-opacity":"","overlay-gradient":""},"tablet":{"background-color":"var(--ast-global-color-5)","background-image":"","background-repeat":"repeat","background-position":"center center","background-size":"auto","background-attachment":"scroll","background-type":"","background-media":"","overlay-type":"","overlay-color":"","overlay-opacity":"","overlay-gradient":""},"mobile":{"background-color":"var(--ast-global-color-5)","background-image":"","background-repeat":"repeat","background-position":"center center","background-size":"auto","background-attachment":"scroll","background-type":"","background-media":"","overlay-type":"","overlay-color":"","overlay-opacity":"","overlay-gradient":""}}},"product_brand":[],"product_cat":[990],"product_tag":[],"class_list":{"0":"post-19114","1":"product","2":"type-product","3":"status-publish","4":"has-post-thumbnail","6":"product_cat-toys-childrens-and-baby-products","7":"pa_37916_7np9tquc-bla","8":"pa_37916_7np9tquc-gron","9":"pa_37916_7np9tquc-orange","10":"pa_37916_7np9tquc-rosa","11":"desktop-align-left","12":"tablet-align-left","13":"mobile-align-left","15":"first","16":"instock","17":"shipping-taxable","18":"purchasable","19":"product-type-variable"},"_links":{"self":[{"href":"https:\/\/keluvo.com\/se\/wp-json\/wp\/v2\/product\/19114","targetHints":{"allow":["GET"]}}],"collection":[{"href":"https:\/\/keluvo.com\/se\/wp-json\/wp\/v2\/product"}],"about":[{"href":"https:\/\/keluvo.com\/se\/wp-json\/wp\/v2\/types\/product"}],"replies":[{"embeddable":true,"href":"https:\/\/keluvo.com\/se\/wp-json\/wp\/v2\/comments?post=19114"}],"wp:featuredmedia":[{"embeddable":true,"href":"https:\/\/keluvo.com\/se\/wp-json\/wp\/v2\/media\/19110"}],"wp:attachment":[{"href":"https:\/\/keluvo.com\/se\/wp-json\/wp\/v2\/media?parent=19114"}],"wp:term":[{"taxonomy":"product_brand","embeddable":true,"href":"https:\/\/keluvo.com\/se\/wp-json\/wp\/v2\/product_brand?post=19114"},{"taxonomy":"product_cat","embeddable":true,"href":"https:\/\/keluvo.com\/se\/wp-json\/wp\/v2\/product_cat?post=19114"},{"taxonomy":"product_tag","embeddable":true,"href":"https:\/\/keluvo.com\/se\/wp-json\/wp\/v2\/product_tag?post=19114"}],"curies":[{"name":"wp","href":"https:\/\/api.w.org\/{rel}","templated":true}]}}