{"id":19029,"date":"2025-08-08T13:42:37","date_gmt":"2025-08-08T11:42:37","guid":{"rendered":"https:\/\/keluvo.com\/se\/product\/sele-for-hund\/"},"modified":"2025-08-08T15:48:00","modified_gmt":"2025-08-08T13:48:00","slug":"sele-for-hund","status":"publish","type":"product","link":"https:\/\/keluvo.com\/se\/product\/sele-for-hund\/","title":{"rendered":"Sele f\u00f6r hund"},"content":{"rendered":"<p style=\"text-align: center;\" data-start=\"110\" data-end=\"151\"><strong>Promenaderna Blev Precis S\u00e4krare Och S\u00f6tare \ud83d\udc3e\ud83d\udc9b<\/strong><\/p>\n<p style=\"text-align: center;\" data-start=\"152\" data-end=\"297\">Den h\u00e4r bed\u00e5rande hundselen h\u00e5ller din hund s\u00e4ker, bekv\u00e4m och snygg under varje promenad. Inget mer dragande, kv\u00e4vande eller obekv\u00e4ma remmar! Utformad f\u00f6r daglig anv\u00e4ndning &#8211; perfekt f\u00f6r promenader, vandringar eller snabba kisspauser.<\/p>\n<p data-start=\"152\" data-end=\"297\"><img decoding=\"async\" class=\"size-full wp-image-30540 aligncenter\" src=\"https:\/\/keluvo.com\/template\/wp-content\/uploads\/sites\/5\/2025\/08\/S4d271bc78fbe4a2fab38942b2078a2979.jpg_960x960q75.jpg_.png\" alt=\"\" \/><\/p>\n<h2 style=\"text-align: center;\" data-start=\"379\" data-end=\"401\">Huvudf\u00f6rdelar<\/h2>\n<p data-start=\"404\" data-end=\"462\">\ud83d\udc15\u200d\ud83e\uddba Dragfri design minskar trycket p\u00e5 hundens hals<\/p>\n<p data-start=\"465\" data-end=\"512\">\ud83c\udf6c S\u00f6tt gummim\u00f6nster f\u00f6r en rolig och lekfull look<\/p>\n<p data-start=\"515\" data-end=\"565\">\u2728 Mjukt, material som andas h\u00e5ller din hund comfy<\/p>\n<p data-start=\"568\" data-end=\"620\">\ud83d\udd90\ufe0f L\u00e4tt att ta p\u00e5 och av med s\u00e4kra buckle<\/p>\n<p data-start=\"623\" data-end=\"662\">\ud83d\udeb6\u200d\u2642\ufe0f Perfekt f\u00f6r sm\u00e5 till stora hundar<\/p>\n<p data-start=\"623\" data-end=\"662\"><img decoding=\"async\" class=\"size-full wp-image-30544 aligncenter\" src=\"https:\/\/keluvo.com\/template\/wp-content\/uploads\/sites\/5\/2025\/08\/FunnyFuzyy_gummy1_6bbcf8e0-21dc-4112-a32c-e0592c73e781.webp\" alt=\"\" \/><\/p>\n<h2 style=\"text-align: center;\" data-start=\"669\" data-end=\"688\"><strong>Hur Man Anv\u00e4nder<\/strong><\/h2>\n<ol data-start=\"689\" data-end=\"868\">\n<li data-start=\"689\" data-end=\"733\">\n<p data-start=\"692\" data-end=\"733\">Glid selen \u00f6ver din hunds huvud.<\/p>\n<\/li>\n<li data-start=\"734\" data-end=\"787\">\n<p data-start=\"737\" data-end=\"787\">Justera remmarna s\u00e5 att de sitter t\u00e4tt men bekv\u00e4mt.<\/p>\n<\/li>\n<li data-start=\"788\" data-end=\"831\">\n<p data-start=\"791\" data-end=\"831\">F\u00e4st sp\u00e4nnet och f\u00e4st kopplet.<\/p>\n<\/li>\n<li data-start=\"832\" data-end=\"868\">\n<p data-start=\"835\" data-end=\"868\">Njut av en smidig och s\u00e4ker promenad!<\/p>\n<\/li>\n<\/ol>\n<h2 style=\"text-align: center;\" data-start=\"875\" data-end=\"899\"><strong>Produktdetaljer<\/strong><\/h2>\n<ul data-start=\"900\" data-end=\"1080\">\n<li data-start=\"900\" data-end=\"949\">\n<p data-start=\"902\" data-end=\"949\">Material: Mjuk polyester med ventilerande mesh<\/p>\n<\/li>\n<li data-start=\"950\" data-end=\"989\">\n<p data-start=\"952\" data-end=\"989\">Justerbara remmar f\u00f6r perfekt passform<\/p>\n<\/li>\n<li data-start=\"990\" data-end=\"1040\">\n<p data-start=\"992\" data-end=\"1040\">Finns i flera storlekar (XS, S, M, L)<\/p>\n<\/li>\n<li data-start=\"1041\" data-end=\"1080\">\n<p data-start=\"1043\" data-end=\"1080\">Perfekt f\u00f6r daglig anv\u00e4ndning och aktiva hundar<\/p>\n<\/li>\n<\/ul>\n<h2 style=\"text-align: center;\" data-start=\"1087\" data-end=\"1112\"><strong>Paketet Inneh\u00e5ller<\/strong><\/h2>\n<ul data-start=\"1113\" data-end=\"1143\">\n<li data-start=\"1113\" data-end=\"1143\">\n<p data-start=\"1115\" data-end=\"1143\">1x hundsele.<\/p>\n<\/li>\n<\/ul>\n","protected":false},"excerpt":{"rendered":"<p>Promenaderna Blev Precis S\u00e4krare Och S\u00f6tare \ud83d\udc3e\ud83d\udc9b Den h\u00e4r bed\u00e5rande hundselen h\u00e5ller din hund s\u00e4ker, bekv\u00e4m och snygg under varje [&hellip;]<\/p>\n","protected":false},"featured_media":19025,"comment_status":"open","ping_status":"closed","template":"","meta":{"site-sidebar-layout":"default","site-content-layout":"","ast-site-content-layout":"default","site-content-style":"default","site-sidebar-style":"default","ast-global-header-display":"","ast-banner-title-visibility":"","ast-main-header-display":"","ast-hfb-above-header-display":"","ast-hfb-below-header-display":"","ast-hfb-mobile-header-display":"","site-post-title":"","ast-breadcrumbs-content":"","ast-featured-img":"","footer-sml-layout":"","theme-transparent-header-meta":"default","adv-header-id-meta":"","stick-header-meta":"","header-above-stick-meta":"","header-main-stick-meta":"","header-below-stick-meta":"","astra-migrate-meta-layouts":"set","ast-page-background-enabled":"default","ast-page-background-meta":{"desktop":{"background-color":"var(--ast-global-color-4)","background-image":"","background-repeat":"repeat","background-position":"center center","background-size":"auto","background-attachment":"scroll","background-type":"","background-media":"","overlay-type":"","overlay-color":"","overlay-opacity":"","overlay-gradient":""},"tablet":{"background-color":"","background-image":"","background-repeat":"repeat","background-position":"center center","background-size":"auto","background-attachment":"scroll","background-type":"","background-media":"","overlay-type":"","overlay-color":"","overlay-opacity":"","overlay-gradient":""},"mobile":{"background-color":"","background-image":"","background-repeat":"repeat","background-position":"center center","background-size":"auto","background-attachment":"scroll","background-type":"","background-media":"","overlay-type":"","overlay-color":"","overlay-opacity":"","overlay-gradient":""}},"ast-content-background-meta":{"desktop":{"background-color":"var(--ast-global-color-5)","background-image":"","background-repeat":"repeat","background-position":"center center","background-size":"auto","background-attachment":"scroll","background-type":"","background-media":"","overlay-type":"","overlay-color":"","overlay-opacity":"","overlay-gradient":""},"tablet":{"background-color":"var(--ast-global-color-5)","background-image":"","background-repeat":"repeat","background-position":"center center","background-size":"auto","background-attachment":"scroll","background-type":"","background-media":"","overlay-type":"","overlay-color":"","overlay-opacity":"","overlay-gradient":""},"mobile":{"background-color":"var(--ast-global-color-5)","background-image":"","background-repeat":"repeat","background-position":"center center","background-size":"auto","background-attachment":"scroll","background-type":"","background-media":"","overlay-type":"","overlay-color":"","overlay-opacity":"","overlay-gradient":""}}},"product_brand":[],"product_cat":[997],"product_tag":[],"class_list":{"0":"post-19029","1":"product","2":"type-product","3":"status-publish","4":"has-post-thumbnail","6":"product_cat-pets-products","7":"pa_34683_4diqpnwe-beige","8":"pa_34683_4diqpnwe-bla","9":"pa_34683_4diqpnwe-brun","10":"pa_34683_4diqpnwe-gron","11":"pa_34683_4diqpnwe-gul","12":"pa_34683_4diqpnwe-lila","13":"pa_34683_4diqpnwe-morkbla","14":"pa_34683_4diqpnwe-rod","15":"pa_34683_4diqpnwe-rosa","16":"pa_34683_4diqpnwe-svart","17":"pa_34683_dp1gysq3-xs","18":"pa_34683_dp1gysq3-s","19":"pa_34683_dp1gysq3-m","20":"pa_34683_dp1gysq3-l","21":"desktop-align-left","22":"tablet-align-left","23":"mobile-align-left","25":"first","26":"instock","27":"shipping-taxable","28":"purchasable","29":"product-type-variable","30":"has-default-attributes"},"_links":{"self":[{"href":"https:\/\/keluvo.com\/se\/wp-json\/wp\/v2\/product\/19029","targetHints":{"allow":["GET"]}}],"collection":[{"href":"https:\/\/keluvo.com\/se\/wp-json\/wp\/v2\/product"}],"about":[{"href":"https:\/\/keluvo.com\/se\/wp-json\/wp\/v2\/types\/product"}],"replies":[{"embeddable":true,"href":"https:\/\/keluvo.com\/se\/wp-json\/wp\/v2\/comments?post=19029"}],"wp:featuredmedia":[{"embeddable":true,"href":"https:\/\/keluvo.com\/se\/wp-json\/wp\/v2\/media\/19025"}],"wp:attachment":[{"href":"https:\/\/keluvo.com\/se\/wp-json\/wp\/v2\/media?parent=19029"}],"wp:term":[{"taxonomy":"product_brand","embeddable":true,"href":"https:\/\/keluvo.com\/se\/wp-json\/wp\/v2\/product_brand?post=19029"},{"taxonomy":"product_cat","embeddable":true,"href":"https:\/\/keluvo.com\/se\/wp-json\/wp\/v2\/product_cat?post=19029"},{"taxonomy":"product_tag","embeddable":true,"href":"https:\/\/keluvo.com\/se\/wp-json\/wp\/v2\/product_tag?post=19029"}],"curies":[{"name":"wp","href":"https:\/\/api.w.org\/{rel}","templated":true}]}}