{"id":18965,"date":"2025-08-08T13:34:36","date_gmt":"2025-08-08T11:34:36","guid":{"rendered":"https:\/\/keluvo.com\/se\/product\/rengoringspulver\/"},"modified":"2025-08-08T13:34:42","modified_gmt":"2025-08-08T11:34:42","slug":"rengoringspulver","status":"publish","type":"product","link":"https:\/\/keluvo.com\/se\/product\/rengoringspulver\/","title":{"rendered":"Reng\u00f6ringspulver"},"content":{"rendered":"<p style=\"text-align: center\" data-start=\"93\" data-end=\"144\"><strong>Tuffa Fl\u00e4ckar? M\u00f6t Din Nya Reng\u00f6ringshj\u00e4lte \ud83e\uddfd\u2728<\/strong><\/p>\n<p style=\"text-align: center\" data-start=\"145\" data-end=\"301\">V\u00e4ck dina kastruller, stekpannor och spish\u00e4llar till liv igen med detta kraftfulla reng\u00f6ringspulver som sk\u00e4r igenom br\u00e4nd smuts, fett och rost p\u00e5 n\u00e5gra minuter. Oavsett om det \u00e4r i k\u00f6ket, diskb\u00e4nken eller till och med i duschen &#8211; det h\u00e4r pulvret avl\u00e4gsnar \u00e5ratal av bel\u00e4ggningar utan att skada ytan. Torka bara av och sk\u00f6lj!<\/p>\n<p data-start=\"145\" data-end=\"301\"><img decoding=\"async\" class=\"size-full wp-image-30474 aligncenter\" src=\"https:\/\/keluvo.com\/template\/wp-content\/uploads\/sites\/5\/2025\/08\/ezgif.com-resize-30.gif\" alt=\"\" \/><\/p>\n<h2 style=\"text-align: center\" data-start=\"452\" data-end=\"474\"><strong>Huvudf\u00f6rdelar<\/strong><\/h2>\n<p data-start=\"477\" data-end=\"530\">\ud83e\uddfd Djupreng\u00f6r br\u00e4nda stekpannor, spisplattor, kakelplattor med mera<\/p>\n<p data-start=\"533\" data-end=\"571\">\ud83d\udca8 Snabba resultat med minimal anstr\u00e4ngning<\/p>\n<p data-start=\"574\" data-end=\"615\">\ud83c\udf31 Giftfritt och s\u00e4kert f\u00f6r milj\u00f6n<\/p>\n<p data-start=\"618\" data-end=\"669\">\ud83d\udcaa \u00c5terst\u00e4ller glansen p\u00e5 rostfritt st\u00e5l och k\u00f6ksredskap<\/p>\n<p data-start=\"672\" data-end=\"701\">\ud83d\udc43 Inga starka kemiska lukter<\/p>\n<p data-start=\"672\" data-end=\"701\"><img decoding=\"async\" class=\"size-full wp-image-30476 aligncenter\" src=\"https:\/\/keluvo.com\/template\/wp-content\/uploads\/sites\/5\/2025\/08\/ezgif.com-resize-58-1.jpg\" alt=\"\" \/><\/p>\n<h2 style=\"text-align: center\" data-start=\"708\" data-end=\"727\"><strong>Hur Man Anv\u00e4nder<\/strong><\/h2>\n<ol data-start=\"728\" data-end=\"910\">\n<li data-start=\"728\" data-end=\"774\">\n<p data-start=\"731\" data-end=\"774\">Ta en liten skopa av reng\u00f6ringspulvret.<\/p>\n<\/li>\n<li data-start=\"775\" data-end=\"832\">\n<p data-start=\"778\" data-end=\"832\">Tills\u00e4tt vatten f\u00f6r att bilda en pasta eller applicera direkt p\u00e5 fl\u00e4cken.<\/p>\n<\/li>\n<li data-start=\"833\" data-end=\"873\">\n<p data-start=\"836\" data-end=\"873\">skrubba f\u00f6rsiktigt med en svamp eller borste.<\/p>\n<\/li>\n<li data-start=\"874\" data-end=\"910\">\n<p data-start=\"877\" data-end=\"910\">sk\u00f6lj med vatten och torka rent.<\/p>\n<\/li>\n<\/ol>\n<h2 style=\"text-align: center\" data-start=\"917\" data-end=\"941\"><strong>Produktdetaljer<\/strong><\/h2>\n<ul data-start=\"942\" data-end=\"1136\">\n<li data-start=\"977\" data-end=\"1036\">\n<p data-start=\"979\" data-end=\"1036\">Skonsam formula f\u00f6r k\u00f6ksredskap, glas, metall och kakel<\/p>\n<\/li>\n<li data-start=\"1037\" data-end=\"1096\">\n<p data-start=\"1039\" data-end=\"1096\">L\u00e4mplig f\u00f6r tuffa fl\u00e4ckar, br\u00e4nt fett, rost och mer<\/p>\n<\/li>\n<li data-start=\"1097\" data-end=\"1136\">\n<p data-start=\"1099\" data-end=\"1136\">Milj\u00f6v\u00e4nlig och s\u00e4ker f\u00f6r daglig anv\u00e4ndning<\/p>\n<\/li>\n<\/ul>\n<h2 style=\"text-align: center\" data-start=\"1143\" data-end=\"1168\"><strong>F\u00f6rpackningen Inneh\u00e5ller<\/strong><\/h2>\n<ul data-start=\"1169\" data-end=\"1207\">\n<li data-start=\"1169\" data-end=\"1207\">\n<p data-start=\"1171\" data-end=\"1207\">1x reng\u00f6ringspulver.<\/p>\n<\/li>\n<\/ul>\n","protected":false},"excerpt":{"rendered":"<p>Tuffa Fl\u00e4ckar? M\u00f6t Din Nya Reng\u00f6ringshj\u00e4lte \ud83e\uddfd\u2728 V\u00e4ck dina kastruller, stekpannor och spish\u00e4llar till liv igen med detta kraftfulla reng\u00f6ringspulver [&hellip;]<\/p>\n","protected":false},"featured_media":18961,"comment_status":"open","ping_status":"closed","template":"","meta":{"site-sidebar-layout":"default","site-content-layout":"","ast-site-content-layout":"default","site-content-style":"default","site-sidebar-style":"default","ast-global-header-display":"","ast-banner-title-visibility":"","ast-main-header-display":"","ast-hfb-above-header-display":"","ast-hfb-below-header-display":"","ast-hfb-mobile-header-display":"","site-post-title":"","ast-breadcrumbs-content":"","ast-featured-img":"","footer-sml-layout":"","theme-transparent-header-meta":"default","adv-header-id-meta":"","stick-header-meta":"","header-above-stick-meta":"","header-main-stick-meta":"","header-below-stick-meta":"","astra-migrate-meta-layouts":"set","ast-page-background-enabled":"default","ast-page-background-meta":{"desktop":{"background-color":"var(--ast-global-color-4)","background-image":"","background-repeat":"repeat","background-position":"center center","background-size":"auto","background-attachment":"scroll","background-type":"","background-media":"","overlay-type":"","overlay-color":"","overlay-opacity":"","overlay-gradient":""},"tablet":{"background-color":"","background-image":"","background-repeat":"repeat","background-position":"center center","background-size":"auto","background-attachment":"scroll","background-type":"","background-media":"","overlay-type":"","overlay-color":"","overlay-opacity":"","overlay-gradient":""},"mobile":{"background-color":"","background-image":"","background-repeat":"repeat","background-position":"center center","background-size":"auto","background-attachment":"scroll","background-type":"","background-media":"","overlay-type":"","overlay-color":"","overlay-opacity":"","overlay-gradient":""}},"ast-content-background-meta":{"desktop":{"background-color":"var(--ast-global-color-5)","background-image":"","background-repeat":"repeat","background-position":"center center","background-size":"auto","background-attachment":"scroll","background-type":"","background-media":"","overlay-type":"","overlay-color":"","overlay-opacity":"","overlay-gradient":""},"tablet":{"background-color":"var(--ast-global-color-5)","background-image":"","background-repeat":"repeat","background-position":"center center","background-size":"auto","background-attachment":"scroll","background-type":"","background-media":"","overlay-type":"","overlay-color":"","overlay-opacity":"","overlay-gradient":""},"mobile":{"background-color":"var(--ast-global-color-5)","background-image":"","background-repeat":"repeat","background-position":"center center","background-size":"auto","background-attachment":"scroll","background-type":"","background-media":"","overlay-type":"","overlay-color":"","overlay-opacity":"","overlay-gradient":""}}},"product_brand":[],"product_cat":[1001],"product_tag":[],"class_list":{"0":"post-18965","1":"product","2":"type-product","3":"status-publish","4":"has-post-thumbnail","6":"product_cat-household-goods","7":"pa_18897_xu4ff7n2-110g","8":"pa_18897_xu4ff7n2-250g","9":"desktop-align-left","10":"tablet-align-left","11":"mobile-align-left","13":"first","14":"instock","15":"shipping-taxable","16":"purchasable","17":"product-type-variable"},"_links":{"self":[{"href":"https:\/\/keluvo.com\/se\/wp-json\/wp\/v2\/product\/18965","targetHints":{"allow":["GET"]}}],"collection":[{"href":"https:\/\/keluvo.com\/se\/wp-json\/wp\/v2\/product"}],"about":[{"href":"https:\/\/keluvo.com\/se\/wp-json\/wp\/v2\/types\/product"}],"replies":[{"embeddable":true,"href":"https:\/\/keluvo.com\/se\/wp-json\/wp\/v2\/comments?post=18965"}],"wp:featuredmedia":[{"embeddable":true,"href":"https:\/\/keluvo.com\/se\/wp-json\/wp\/v2\/media\/18961"}],"wp:attachment":[{"href":"https:\/\/keluvo.com\/se\/wp-json\/wp\/v2\/media?parent=18965"}],"wp:term":[{"taxonomy":"product_brand","embeddable":true,"href":"https:\/\/keluvo.com\/se\/wp-json\/wp\/v2\/product_brand?post=18965"},{"taxonomy":"product_cat","embeddable":true,"href":"https:\/\/keluvo.com\/se\/wp-json\/wp\/v2\/product_cat?post=18965"},{"taxonomy":"product_tag","embeddable":true,"href":"https:\/\/keluvo.com\/se\/wp-json\/wp\/v2\/product_tag?post=18965"}],"curies":[{"name":"wp","href":"https:\/\/api.w.org\/{rel}","templated":true}]}}