{"id":18899,"date":"2025-08-08T13:28:28","date_gmt":"2025-08-08T11:28:28","guid":{"rendered":"https:\/\/keluvo.com\/se\/product\/endoskopkamera\/"},"modified":"2025-08-08T13:28:40","modified_gmt":"2025-08-08T11:28:40","slug":"endoskopkamera","status":"publish","type":"product","link":"https:\/\/keluvo.com\/se\/product\/endoskopkamera\/","title":{"rendered":"Endoskopkamera"},"content":{"rendered":"<p style=\"text-align: center\" data-start=\"150\" data-end=\"185\"><strong data-start=\"150\" data-end=\"185\">Se D\u00e4r Dina \u00d6gon Inte Kan Komma \ud83d\udd0d<\/strong><\/p>\n<p style=\"text-align: center\" data-start=\"187\" data-end=\"418\">Den h\u00e4r vattent\u00e4ta endoskopkameran hj\u00e4lper dig att enkelt inspektera tr\u00e5nga, m\u00f6rka eller sv\u00e5r\u00e5tkomliga omr\u00e5den. Oavsett om du arbetar med r\u00f6rmokeri, bilreparationer eller hemunderh\u00e5ll ger den h\u00e4r flexibla kameran dig en livevy p\u00e5 din smartphone.<\/p>\n<p data-start=\"187\" data-end=\"418\"><img decoding=\"async\" class=\"size-full wp-image-30378 aligncenter\" src=\"https:\/\/keluvo.com\/template\/wp-content\/uploads\/sites\/5\/2025\/08\/Telecamera_endoscopica_LP_2-ezgif.com-video-to-webp-converter.webp\" alt=\"\" \/><\/p>\n<h2 style=\"text-align: center\" data-start=\"420\" data-end=\"439\">Huvudf\u00f6rdelar <strong data-start=\"150\" data-end=\"185\">\ud83d\udd0d<\/strong><\/h2>\n<p data-start=\"442\" data-end=\"492\">\ud83c\udfa5 Livevideofl\u00f6de direkt p\u00e5 din telefonsk\u00e4rm<\/p>\n<p data-start=\"495\" data-end=\"554\">\ud83d\udca7 Vattent\u00e4t design perfekt f\u00f6r r\u00f6r, s\u00e4nkor och avlopp<\/p>\n<p data-start=\"557\" data-end=\"616\">\ud83d\udca1 Justerbara LED-lampor f\u00f6r tydlig synlighet i m\u00f6rker<\/p>\n<p data-start=\"619\" data-end=\"671\">\ud83d\udcf1 Fungerar med Android och iPhone (via WiFi)<\/p>\n<p data-start=\"674\" data-end=\"735\">\ud83e\uddf0 Perfekt f\u00f6r bilmekaniker, hemmagjorda saker och inspektionsuppgifter<\/p>\n<p data-start=\"674\" data-end=\"735\"><img decoding=\"async\" class=\"size-full wp-image-30379 aligncenter\" src=\"https:\/\/keluvo.com\/template\/wp-content\/uploads\/sites\/5\/2025\/08\/072121-ezgif.com-video-to-webp-converter.webp\" alt=\"\" \/><\/p>\n<h2 style=\"text-align: center\" data-start=\"737\" data-end=\"755\">S\u00e5 H\u00e4r Anv\u00e4nder Du \u2728<\/h2>\n<ol data-start=\"756\" data-end=\"933\">\n<li data-start=\"756\" data-end=\"830\">\n<p data-start=\"759\" data-end=\"830\">Anslut endoskopet till din telefon (via WiFi).<\/p>\n<\/li>\n<li data-start=\"831\" data-end=\"878\">\n<p data-start=\"834\" data-end=\"878\">S\u00e4tt in kameran i inspektionsomr\u00e5det.<\/p>\n<\/li>\n<li data-start=\"879\" data-end=\"933\">\n<p data-start=\"882\" data-end=\"933\">visa och spela in realtidsbilder via appen.<\/p>\n<\/li>\n<\/ol>\n<h2 style=\"text-align: center\" data-start=\"935\" data-end=\"959\">Produktdetaljer \ud83d\udccb<\/h2>\n<ul data-start=\"960\" data-end=\"1207\">\n<li data-start=\"960\" data-end=\"1020\">\n<p data-start=\"962\" data-end=\"1020\">Kompatibilitet: Android &amp; iOS<\/p>\n<\/li>\n<li data-start=\"1021\" data-end=\"1070\">\n<p data-start=\"1023\" data-end=\"1070\">Kabell\u00e4ngd: 1m, 2m, 3.5m, 5m och 10m (baserat p\u00e5 val)<\/p>\n<\/li>\n<li data-start=\"1071\" data-end=\"1118\">\n<p data-start=\"1073\" data-end=\"1118\">Kamera: HD 1920P-objektiv med 6 justerbara lysdioder<\/p>\n<\/li>\n<li data-start=\"1119\" data-end=\"1145\">\n<p data-start=\"1121\" data-end=\"1145\">Vattent\u00e4t niv\u00e5: IP67<\/p>\n<\/li>\n<li data-start=\"1146\" data-end=\"1207\">\n<p data-start=\"1148\" data-end=\"1207\">Inkluderade verktyg: Krok, magnet och sidospegelf\u00e4sten<\/p>\n<\/li>\n<\/ul>\n<h2 style=\"text-align: center\" data-start=\"1209\" data-end=\"1234\">Paketet Inneh\u00e5ller \ud83d\udce6<\/h2>\n<ul data-start=\"1235\" data-end=\"1369\">\n<li data-start=\"1235\" data-end=\"1270\">\n<p data-start=\"1237\" data-end=\"1270\">1x upps\u00e4ttning endoskopkamera.<\/p>\n<\/li>\n<\/ul>\n","protected":false},"excerpt":{"rendered":"<p>Se D\u00e4r Dina \u00d6gon Inte Kan Komma \ud83d\udd0d Den h\u00e4r vattent\u00e4ta endoskopkameran hj\u00e4lper dig att enkelt inspektera tr\u00e5nga, m\u00f6rka eller [&hellip;]<\/p>\n","protected":false},"featured_media":18895,"comment_status":"open","ping_status":"closed","template":"","meta":{"site-sidebar-layout":"default","site-content-layout":"","ast-site-content-layout":"default","site-content-style":"default","site-sidebar-style":"default","ast-global-header-display":"","ast-banner-title-visibility":"","ast-main-header-display":"","ast-hfb-above-header-display":"","ast-hfb-below-header-display":"","ast-hfb-mobile-header-display":"","site-post-title":"","ast-breadcrumbs-content":"","ast-featured-img":"","footer-sml-layout":"","theme-transparent-header-meta":"default","adv-header-id-meta":"","stick-header-meta":"","header-above-stick-meta":"","header-main-stick-meta":"","header-below-stick-meta":"","astra-migrate-meta-layouts":"set","ast-page-background-enabled":"default","ast-page-background-meta":{"desktop":{"background-color":"var(--ast-global-color-4)","background-image":"","background-repeat":"repeat","background-position":"center center","background-size":"auto","background-attachment":"scroll","background-type":"","background-media":"","overlay-type":"","overlay-color":"","overlay-opacity":"","overlay-gradient":""},"tablet":{"background-color":"","background-image":"","background-repeat":"repeat","background-position":"center center","background-size":"auto","background-attachment":"scroll","background-type":"","background-media":"","overlay-type":"","overlay-color":"","overlay-opacity":"","overlay-gradient":""},"mobile":{"background-color":"","background-image":"","background-repeat":"repeat","background-position":"center center","background-size":"auto","background-attachment":"scroll","background-type":"","background-media":"","overlay-type":"","overlay-color":"","overlay-opacity":"","overlay-gradient":""}},"ast-content-background-meta":{"desktop":{"background-color":"var(--ast-global-color-5)","background-image":"","background-repeat":"repeat","background-position":"center center","background-size":"auto","background-attachment":"scroll","background-type":"","background-media":"","overlay-type":"","overlay-color":"","overlay-opacity":"","overlay-gradient":""},"tablet":{"background-color":"var(--ast-global-color-5)","background-image":"","background-repeat":"repeat","background-position":"center center","background-size":"auto","background-attachment":"scroll","background-type":"","background-media":"","overlay-type":"","overlay-color":"","overlay-opacity":"","overlay-gradient":""},"mobile":{"background-color":"var(--ast-global-color-5)","background-image":"","background-repeat":"repeat","background-position":"center center","background-size":"auto","background-attachment":"scroll","background-type":"","background-media":"","overlay-type":"","overlay-color":"","overlay-opacity":"","overlay-gradient":""}}},"product_brand":[],"product_cat":[1001],"product_tag":[],"class_list":{"0":"post-18899","1":"product","2":"type-product","3":"status-publish","4":"has-post-thumbnail","6":"product_cat-household-goods","7":"pa_32363_9l37rr7v-1m","8":"pa_32363_9l37rr7v-2m","9":"pa_32363_9l37rr7v-3-5m","10":"pa_32363_9l37rr7v-5m","11":"pa_32363_9l37rr7v-10m","12":"desktop-align-left","13":"tablet-align-left","14":"mobile-align-left","16":"first","17":"instock","18":"shipping-taxable","19":"purchasable","20":"product-type-variable"},"_links":{"self":[{"href":"https:\/\/keluvo.com\/se\/wp-json\/wp\/v2\/product\/18899","targetHints":{"allow":["GET"]}}],"collection":[{"href":"https:\/\/keluvo.com\/se\/wp-json\/wp\/v2\/product"}],"about":[{"href":"https:\/\/keluvo.com\/se\/wp-json\/wp\/v2\/types\/product"}],"replies":[{"embeddable":true,"href":"https:\/\/keluvo.com\/se\/wp-json\/wp\/v2\/comments?post=18899"}],"wp:featuredmedia":[{"embeddable":true,"href":"https:\/\/keluvo.com\/se\/wp-json\/wp\/v2\/media\/18895"}],"wp:attachment":[{"href":"https:\/\/keluvo.com\/se\/wp-json\/wp\/v2\/media?parent=18899"}],"wp:term":[{"taxonomy":"product_brand","embeddable":true,"href":"https:\/\/keluvo.com\/se\/wp-json\/wp\/v2\/product_brand?post=18899"},{"taxonomy":"product_cat","embeddable":true,"href":"https:\/\/keluvo.com\/se\/wp-json\/wp\/v2\/product_cat?post=18899"},{"taxonomy":"product_tag","embeddable":true,"href":"https:\/\/keluvo.com\/se\/wp-json\/wp\/v2\/product_tag?post=18899"}],"curies":[{"name":"wp","href":"https:\/\/api.w.org\/{rel}","templated":true}]}}