{"id":18890,"date":"2025-08-08T13:26:42","date_gmt":"2025-08-08T11:26:42","guid":{"rendered":"https:\/\/keluvo.com\/se\/product\/skidrem\/"},"modified":"2025-08-08T13:26:48","modified_gmt":"2025-08-08T11:26:48","slug":"skidrem","status":"publish","type":"product","link":"https:\/\/keluvo.com\/se\/product\/skidrem\/","title":{"rendered":"Skidrem"},"content":{"rendered":"<p style=\"text-align: center\" data-start=\"0\" data-end=\"96\"><strong data-start=\"0\" data-end=\"96\">B\u00e4r Och Skydda Enkelt Din Skid- Eller Snowboardutrustning Med Den H\u00e4r Justerbara Och H\u00e5llbara Skidremmen! \ud83c\udfbf<\/strong><\/p>\n<p style=\"text-align: center\" data-start=\"98\" data-end=\"441\">Den h\u00e4r skidremmen \u00e4r tillverkad av h\u00f6gkvalitativ nylon och \u00e4r utformad f\u00f6r alla vintersport\u00e4lskare. Den h\u00e5ller dina skidor eller snowboardstavar s\u00e4kert ihopbuntade f\u00f6r enkel transport samtidigt som den skyddar din utrustning och din kropp under utomhusaktiviteter. Oavsett om du \u00e5ker i backen eller \u00e4r p\u00e5 v\u00e4g till f\u00f6rr\u00e5det erbjuder den h\u00e4r remmen en enkel, s\u00e4ker och effektiv l\u00f6sning.<\/p>\n<p data-start=\"98\" data-end=\"441\"><img decoding=\"async\" class=\"size-full wp-image-30367 aligncenter\" src=\"https:\/\/keluvo.com\/template\/wp-content\/uploads\/sites\/5\/2025\/08\/072120-ezgif.com-video-to-webp-converter.webp\" alt=\"\" \/><\/p>\n<h2 style=\"text-align: center\" data-start=\"448\" data-end=\"470\">\ud83c\udf1f Huvudf\u00f6rdelar<\/h2>\n<p data-start=\"473\" data-end=\"547\">\ud83c\udfbf S\u00e4ker transport av utrustning &#8211; h\u00e5ller skidor eller stavar t\u00e4tt ihop<\/p>\n<p data-start=\"550\" data-end=\"618\">\ud83d\udcaa Slitstarkt nylonmaterial &#8211; l\u00e5ngvarigt och slitstarkt<\/p>\n<p data-start=\"621\" data-end=\"693\">\ud83c\udf92 Justerbar l\u00e4ngd &#8211; passar en m\u00e4ngd olika utrustningstyper och storlekar<\/p>\n<p data-start=\"696\" data-end=\"771\">\ud83e\udde4 Skyddsfunktion &#8211; hj\u00e4lper till att skydda ben, armar och utrustning fr\u00e5n skador<\/p>\n<p data-start=\"774\" data-end=\"841\">\ud83d\udda4 Elegant svart design &#8211; ser ren ut och d\u00f6ljer smuts och fl\u00e4ckar<\/p>\n<p data-start=\"774\" data-end=\"841\"><img decoding=\"async\" class=\"size-full wp-image-30371 aligncenter\" src=\"https:\/\/keluvo.com\/template\/wp-content\/uploads\/sites\/5\/2025\/08\/Hc5f2d544c0b841cab2690e54aeb6bfe79.webp\" alt=\"\" \/><\/p>\n<h2 style=\"text-align: center\" data-start=\"848\" data-end=\"867\">\ud83e\udded Hur Man Anv\u00e4nder<\/h2>\n<ol data-start=\"868\" data-end=\"1094\">\n<li data-start=\"868\" data-end=\"923\">\n<p data-start=\"871\" data-end=\"923\">Vikla remmen runt dina skidstavar eller din snowboard.<\/p>\n<\/li>\n<li data-start=\"924\" data-end=\"972\">\n<p data-start=\"927\" data-end=\"972\">Justera remmen till \u00f6nskad \u00e5tdragning.<\/p>\n<\/li>\n<li data-start=\"973\" data-end=\"1034\">\n<p data-start=\"976\" data-end=\"1034\">f\u00e4st med hj\u00e4lp av kardborresystemet f\u00f6r ett s\u00e4kert grepp.<\/p>\n<\/li>\n<li data-start=\"1035\" data-end=\"1094\">\n<p data-start=\"1038\" data-end=\"1094\">anv\u00e4nd surrhandtaget f\u00f6r att enkelt b\u00e4ra din utrustning.<\/p>\n<\/li>\n<\/ol>\n<h2 style=\"text-align: center\" data-start=\"1101\" data-end=\"1125\">\ud83d\udccf Produktdetaljer<\/h2>\n<ul data-start=\"1126\" data-end=\"1311\">\n<li data-start=\"1126\" data-end=\"1158\">\n<p data-start=\"1128\" data-end=\"1158\">Material: H\u00f6gkvalitativ nylon<\/p>\n<\/li>\n<li data-start=\"1159\" data-end=\"1186\">\n<p data-start=\"1161\" data-end=\"1186\">Strapstorlek: 50 x 450 mm<\/p>\n<\/li>\n<li data-start=\"1187\" data-end=\"1226\">\n<p data-start=\"1189\" data-end=\"1226\">Justerbar l\u00e4ngd: Upp till 1,2 meter<\/p>\n<\/li>\n<li data-start=\"1227\" data-end=\"1243\">\n<p data-start=\"1229\" data-end=\"1243\">F\u00e4rg: Svart<\/p>\n<\/li>\n<li data-start=\"1244\" data-end=\"1311\">\n<p data-start=\"1246\" data-end=\"1311\">Anv\u00e4ndning: Skid\u00e5kning, snowboard\u00e5kning, l\u00e4ngdskid\u00e5kning, transport av utrustning<\/p>\n<\/li>\n<\/ul>\n<h2 style=\"text-align: center\" data-start=\"1318\" data-end=\"1343\">\ud83d\udce6 Paketet Inneh\u00e5ller<\/h2>\n<ul data-start=\"1344\" data-end=\"1367\">\n<li data-start=\"1344\" data-end=\"1367\">\n<p data-start=\"1346\" data-end=\"1367\">1, 2x par skidremmar.<\/p>\n<\/li>\n<\/ul>\n","protected":false},"excerpt":{"rendered":"<p>B\u00e4r Och Skydda Enkelt Din Skid- Eller Snowboardutrustning Med Den H\u00e4r Justerbara Och H\u00e5llbara Skidremmen! \ud83c\udfbf Den h\u00e4r skidremmen \u00e4r [&hellip;]<\/p>\n","protected":false},"featured_media":18886,"comment_status":"open","ping_status":"closed","template":"","meta":{"site-sidebar-layout":"default","site-content-layout":"","ast-site-content-layout":"default","site-content-style":"default","site-sidebar-style":"default","ast-global-header-display":"","ast-banner-title-visibility":"","ast-main-header-display":"","ast-hfb-above-header-display":"","ast-hfb-below-header-display":"","ast-hfb-mobile-header-display":"","site-post-title":"","ast-breadcrumbs-content":"","ast-featured-img":"","footer-sml-layout":"","theme-transparent-header-meta":"default","adv-header-id-meta":"","stick-header-meta":"","header-above-stick-meta":"","header-main-stick-meta":"","header-below-stick-meta":"","astra-migrate-meta-layouts":"set","ast-page-background-enabled":"default","ast-page-background-meta":{"desktop":{"background-color":"var(--ast-global-color-4)","background-image":"","background-repeat":"repeat","background-position":"center center","background-size":"auto","background-attachment":"scroll","background-type":"","background-media":"","overlay-type":"","overlay-color":"","overlay-opacity":"","overlay-gradient":""},"tablet":{"background-color":"","background-image":"","background-repeat":"repeat","background-position":"center center","background-size":"auto","background-attachment":"scroll","background-type":"","background-media":"","overlay-type":"","overlay-color":"","overlay-opacity":"","overlay-gradient":""},"mobile":{"background-color":"","background-image":"","background-repeat":"repeat","background-position":"center center","background-size":"auto","background-attachment":"scroll","background-type":"","background-media":"","overlay-type":"","overlay-color":"","overlay-opacity":"","overlay-gradient":""}},"ast-content-background-meta":{"desktop":{"background-color":"var(--ast-global-color-5)","background-image":"","background-repeat":"repeat","background-position":"center center","background-size":"auto","background-attachment":"scroll","background-type":"","background-media":"","overlay-type":"","overlay-color":"","overlay-opacity":"","overlay-gradient":""},"tablet":{"background-color":"var(--ast-global-color-5)","background-image":"","background-repeat":"repeat","background-position":"center center","background-size":"auto","background-attachment":"scroll","background-type":"","background-media":"","overlay-type":"","overlay-color":"","overlay-opacity":"","overlay-gradient":""},"mobile":{"background-color":"var(--ast-global-color-5)","background-image":"","background-repeat":"repeat","background-position":"center center","background-size":"auto","background-attachment":"scroll","background-type":"","background-media":"","overlay-type":"","overlay-color":"","overlay-opacity":"","overlay-gradient":""}}},"product_brand":[],"product_cat":[1000],"product_tag":[],"class_list":{"0":"post-18890","1":"product","2":"type-product","3":"status-publish","4":"has-post-thumbnail","6":"product_cat-hiking-camping-and-leisure-goods","7":"pa_43065_2n5jgjwx-1-par","8":"pa_43065_2n5jgjwx-2-par","9":"desktop-align-left","10":"tablet-align-left","11":"mobile-align-left","13":"first","14":"instock","15":"shipping-taxable","16":"purchasable","17":"product-type-variable"},"_links":{"self":[{"href":"https:\/\/keluvo.com\/se\/wp-json\/wp\/v2\/product\/18890","targetHints":{"allow":["GET"]}}],"collection":[{"href":"https:\/\/keluvo.com\/se\/wp-json\/wp\/v2\/product"}],"about":[{"href":"https:\/\/keluvo.com\/se\/wp-json\/wp\/v2\/types\/product"}],"replies":[{"embeddable":true,"href":"https:\/\/keluvo.com\/se\/wp-json\/wp\/v2\/comments?post=18890"}],"wp:featuredmedia":[{"embeddable":true,"href":"https:\/\/keluvo.com\/se\/wp-json\/wp\/v2\/media\/18886"}],"wp:attachment":[{"href":"https:\/\/keluvo.com\/se\/wp-json\/wp\/v2\/media?parent=18890"}],"wp:term":[{"taxonomy":"product_brand","embeddable":true,"href":"https:\/\/keluvo.com\/se\/wp-json\/wp\/v2\/product_brand?post=18890"},{"taxonomy":"product_cat","embeddable":true,"href":"https:\/\/keluvo.com\/se\/wp-json\/wp\/v2\/product_cat?post=18890"},{"taxonomy":"product_tag","embeddable":true,"href":"https:\/\/keluvo.com\/se\/wp-json\/wp\/v2\/product_tag?post=18890"}],"curies":[{"name":"wp","href":"https:\/\/api.w.org\/{rel}","templated":true}]}}