{"id":18885,"date":"2025-08-08T13:26:06","date_gmt":"2025-08-08T11:26:06","guid":{"rendered":"https:\/\/keluvo.com\/se\/product\/rensningssats-for-avlopp\/"},"modified":"2025-11-11T11:26:58","modified_gmt":"2025-11-11T09:26:58","slug":"rensningssats-for-avlopp","status":"publish","type":"product","link":"https:\/\/keluvo.com\/se\/product\/rensningssats-for-avlopp\/","title":{"rendered":"Rensningssats f\u00f6r avlopp"},"content":{"rendered":"<p style=\"text-align: center;\" data-start=\"136\" data-end=\"192\"><strong>Rensa kylsk\u00e5pet snabbt \u2013 inga fler l\u00e4ckor eller lukter \ud83e\uddca<\/strong><\/p>\n<p style=\"text-align: center;\" data-start=\"194\" data-end=\"419\">Den h\u00e4r dr\u00e4nerings- och reng\u00f6ringssatsen f\u00f6r kylsk\u00e5p hj\u00e4lper dig att rensa blockerade dr\u00e4neringsh\u00e5l och ta bort uppbyggnad p\u00e5 n\u00e5gra sekunder. F\u00f6rhindra l\u00e4ckage, lukt och m\u00f6gel fr\u00e5n att bildas inuti kylen eller frysen med detta enkla och \u00e5teranv\u00e4ndbara verktyg.<\/p>\n<p data-start=\"194\" data-end=\"419\"><img decoding=\"async\" class=\"size-full wp-image-30361 aligncenter\" src=\"https:\/\/keluvo.com\/template\/wp-content\/uploads\/sites\/5\/2025\/08\/23e2ccf8c08a812525af243c34ec3551.webp\" alt=\"\" \/><\/p>\n<h2 style=\"text-align: center;\" data-start=\"421\" data-end=\"440\">Huvudf\u00f6rdelar \ud83e\uddfc<\/h2>\n<p data-start=\"443\" data-end=\"495\">\ud83d\udca6 Rensar snabbt igensatta avloppsr\u00f6r i kylsk\u00e5p.<\/p>\n<p data-start=\"443\" data-end=\"495\">\ud83e\uddfc F\u00f6rhindrar vattenansamling, m\u00f6gel och obehagliga lukter.<\/p>\n<p data-start=\"443\" data-end=\"495\">\ud83c\udf00 Flexibel och tillr\u00e4ckligt l\u00e5ng f\u00f6r att n\u00e5 djupt in i r\u00f6ren.<\/p>\n<p data-start=\"443\" data-end=\"495\">\ud83d\udd01 \u00c5teranv\u00e4ndbar och l\u00e4tt att reng\u00f6ra efter varje anv\u00e4ndning.<\/p>\n<p data-start=\"443\" data-end=\"495\">\ud83d\udee0\ufe0f Anv\u00e4nds \u00e4ven f\u00f6r reng\u00f6ring av akvarieslangar, diskb\u00e4nksr\u00f6r med mera.<\/p>\n<p data-start=\"663\" data-end=\"730\"><img decoding=\"async\" class=\"size-full wp-image-30362 aligncenter\" src=\"https:\/\/keluvo.com\/template\/wp-content\/uploads\/sites\/5\/2025\/08\/818c50def539e4d88eedd78c3b31efff_a08bd075-c8d8-475f-8269-a01b3b97455a.webp\" alt=\"\" \/><\/p>\n<h2 style=\"text-align: center;\" data-start=\"732\" data-end=\"750\">S\u00e5 h\u00e4r g\u00f6r du \u2728<\/h2>\n<ol data-start=\"751\" data-end=\"909\">\n<li data-start=\"751\" data-end=\"808\">\n<p data-start=\"754\" data-end=\"808\">F\u00f6r in borsten eller slangen i det igensatta avloppsh\u00e5let.<\/p>\n<\/li>\n<li data-start=\"751\" data-end=\"808\">\n<p data-start=\"754\" data-end=\"808\">Rotera eller spola f\u00f6rsiktigt med hj\u00e4lp av sprutverktyget.<\/p>\n<\/li>\n<li data-start=\"751\" data-end=\"808\">\n<p data-start=\"754\" data-end=\"808\">Ta bort och sk\u00f6lj efter anv\u00e4ndning \u2013 klart p\u00e5 n\u00e5gra sekunder.<\/p>\n<\/li>\n<\/ol>\n<h2 style=\"text-align: center;\" data-start=\"911\" data-end=\"935\">Produktinformation \ud83d\udccb<\/h2>\n<ul data-start=\"936\" data-end=\"1158\">\n<li data-start=\"936\" data-end=\"989\">\n<p data-start=\"938\" data-end=\"989\">Material: Flexibel st\u00e5ltr\u00e5d + plast + gummi<\/p>\n<\/li>\n<li data-start=\"936\" data-end=\"989\">\n<p data-start=\"938\" data-end=\"989\">L\u00e4ngd: Ca 1,5 m flexibel reng\u00f6ringsborste<\/p>\n<\/li>\n<li data-start=\"936\" data-end=\"989\">\n<p data-start=\"938\" data-end=\"989\">Extras: Inkluderar sprutverktyg f\u00f6r spolning<\/p>\n<\/li>\n<li data-start=\"936\" data-end=\"989\">\n<p data-start=\"938\" data-end=\"989\">M\u00e5ngsidig anv\u00e4ndning: Fungerar f\u00f6r kylsk\u00e5p, luftkonditioneringsanl\u00e4ggningar, akvarier och mycket mer<\/p>\n<\/li>\n<\/ul>\n<h2 style=\"text-align: center;\" data-start=\"1160\" data-end=\"1185\">Paketet inneh\u00e5ller \ud83d\udce6<\/h2>\n<ul data-start=\"1186\" data-end=\"1268\">\n<li data-start=\"1186\" data-end=\"1213\">1x avloppsreng\u00f6ringssats.<\/li>\n<\/ul>\n","protected":false},"excerpt":{"rendered":"<p>Rensa kylsk\u00e5pet snabbt \u2013 inga fler l\u00e4ckor eller lukter \ud83e\uddca Den h\u00e4r dr\u00e4nerings- och reng\u00f6ringssatsen f\u00f6r kylsk\u00e5p hj\u00e4lper dig att [&hellip;]<\/p>\n","protected":false},"featured_media":18881,"comment_status":"open","ping_status":"closed","template":"","meta":{"site-sidebar-layout":"default","site-content-layout":"","ast-site-content-layout":"default","site-content-style":"default","site-sidebar-style":"default","ast-global-header-display":"","ast-banner-title-visibility":"","ast-main-header-display":"","ast-hfb-above-header-display":"","ast-hfb-below-header-display":"","ast-hfb-mobile-header-display":"","site-post-title":"","ast-breadcrumbs-content":"","ast-featured-img":"","footer-sml-layout":"","theme-transparent-header-meta":"default","adv-header-id-meta":"","stick-header-meta":"","header-above-stick-meta":"","header-main-stick-meta":"","header-below-stick-meta":"","astra-migrate-meta-layouts":"set","ast-page-background-enabled":"default","ast-page-background-meta":{"desktop":{"background-color":"var(--ast-global-color-4)","background-image":"","background-repeat":"repeat","background-position":"center center","background-size":"auto","background-attachment":"scroll","background-type":"","background-media":"","overlay-type":"","overlay-color":"","overlay-opacity":"","overlay-gradient":""},"tablet":{"background-color":"","background-image":"","background-repeat":"repeat","background-position":"center center","background-size":"auto","background-attachment":"scroll","background-type":"","background-media":"","overlay-type":"","overlay-color":"","overlay-opacity":"","overlay-gradient":""},"mobile":{"background-color":"","background-image":"","background-repeat":"repeat","background-position":"center center","background-size":"auto","background-attachment":"scroll","background-type":"","background-media":"","overlay-type":"","overlay-color":"","overlay-opacity":"","overlay-gradient":""}},"ast-content-background-meta":{"desktop":{"background-color":"var(--ast-global-color-5)","background-image":"","background-repeat":"repeat","background-position":"center center","background-size":"auto","background-attachment":"scroll","background-type":"","background-media":"","overlay-type":"","overlay-color":"","overlay-opacity":"","overlay-gradient":""},"tablet":{"background-color":"var(--ast-global-color-5)","background-image":"","background-repeat":"repeat","background-position":"center center","background-size":"auto","background-attachment":"scroll","background-type":"","background-media":"","overlay-type":"","overlay-color":"","overlay-opacity":"","overlay-gradient":""},"mobile":{"background-color":"var(--ast-global-color-5)","background-image":"","background-repeat":"repeat","background-position":"center center","background-size":"auto","background-attachment":"scroll","background-type":"","background-media":"","overlay-type":"","overlay-color":"","overlay-opacity":"","overlay-gradient":""}}},"product_brand":[],"product_cat":[1001],"product_tag":[],"class_list":{"0":"post-18885","1":"product","2":"type-product","3":"status-publish","4":"has-post-thumbnail","6":"product_cat-household-goods","7":"desktop-align-left","8":"tablet-align-left","9":"mobile-align-left","11":"first","12":"instock","13":"shipping-taxable","14":"purchasable","15":"product-type-simple"},"_links":{"self":[{"href":"https:\/\/keluvo.com\/se\/wp-json\/wp\/v2\/product\/18885","targetHints":{"allow":["GET"]}}],"collection":[{"href":"https:\/\/keluvo.com\/se\/wp-json\/wp\/v2\/product"}],"about":[{"href":"https:\/\/keluvo.com\/se\/wp-json\/wp\/v2\/types\/product"}],"replies":[{"embeddable":true,"href":"https:\/\/keluvo.com\/se\/wp-json\/wp\/v2\/comments?post=18885"}],"wp:featuredmedia":[{"embeddable":true,"href":"https:\/\/keluvo.com\/se\/wp-json\/wp\/v2\/media\/18881"}],"wp:attachment":[{"href":"https:\/\/keluvo.com\/se\/wp-json\/wp\/v2\/media?parent=18885"}],"wp:term":[{"taxonomy":"product_brand","embeddable":true,"href":"https:\/\/keluvo.com\/se\/wp-json\/wp\/v2\/product_brand?post=18885"},{"taxonomy":"product_cat","embeddable":true,"href":"https:\/\/keluvo.com\/se\/wp-json\/wp\/v2\/product_cat?post=18885"},{"taxonomy":"product_tag","embeddable":true,"href":"https:\/\/keluvo.com\/se\/wp-json\/wp\/v2\/product_tag?post=18885"}],"curies":[{"name":"wp","href":"https:\/\/api.w.org\/{rel}","templated":true}]}}