{"id":18764,"date":"2025-08-08T13:16:21","date_gmt":"2025-08-08T11:16:21","guid":{"rendered":"https:\/\/keluvo.com\/se\/product\/aggkokare-i-silikon\/"},"modified":"2025-10-14T18:35:57","modified_gmt":"2025-10-14T15:35:57","slug":"aggkokare-i-silikon","status":"publish","type":"product","link":"https:\/\/keluvo.com\/se\/product\/aggkokare-i-silikon\/","title":{"rendered":"\u00c4ggkokare i silikon"},"content":{"rendered":"<p style=\"text-align: center\" data-start=\"118\" data-end=\"160\"><strong data-start=\"118\" data-end=\"160\">Perfekta \u00c4gg Utan Skalet \ud83c\udf73<\/strong><\/p>\n<p style=\"text-align: center\" data-start=\"162\" data-end=\"367\">Den h\u00e4r \u00e4ggkokaren i silikon g\u00f6r det enklare \u00e4n n\u00e5gonsin att koka \u00e4gg. Inget mer skalande &#8211; bara kn\u00e4ck, koka och popa ut perfekt formade \u00e4gg p\u00e5 n\u00e5gra minuter. Perfekt f\u00f6r snabba frukostar, m\u00e5ltidsf\u00f6rberedelser eller rolig matlagning med familjen!<\/p>\n<p data-start=\"162\" data-end=\"367\"><img decoding=\"async\" class=\"size-full wp-image-30229 aligncenter\" src=\"https:\/\/keluvo.com\/template\/wp-content\/uploads\/sites\/5\/2025\/08\/egg-2_large.webp\" alt=\"\" \/><\/p>\n<h2 style=\"text-align: center\" data-start=\"369\" data-end=\"388\">Huvudf\u00f6rdelar \ud83e\udd5a<\/h2>\n<p data-start=\"391\" data-end=\"441\">\ud83e\udd5a Koka \u00e4gg utan skal &#8211; inget mer skalande<\/p>\n<p data-start=\"444\" data-end=\"508\">\ud83c\udf73 Skapa \u00e4ggr\u00f6ra, miniomeletter eller \u00e4ggbitar med l\u00e4tthet<\/p>\n<p data-start=\"511\" data-end=\"561\">\ud83e\uddfd Non-stick, BPA-fri silikon \u00e4r l\u00e4tt att reng\u00f6ra<\/p>\n<p data-start=\"564\" data-end=\"610\">\ud83d\udd25 S\u00e4ker f\u00f6r kokande vatten och diskmaskin use<\/p>\n<p data-start=\"613\" data-end=\"665\">\ud83d\udc68\u200d\ud83d\udc69\u200d\ud83d\udc67\u200d\ud83d\udc66 Roligt och kladdfritt f\u00f6r hela familjen<\/p>\n<p data-start=\"613\" data-end=\"665\"><img decoding=\"async\" class=\"size-full wp-image-30230 aligncenter\" src=\"https:\/\/keluvo.com\/template\/wp-content\/uploads\/sites\/5\/2025\/08\/egg-1_large.webp\" alt=\"\" \/><\/p>\n<h2 style=\"text-align: center\" data-start=\"667\" data-end=\"685\">S\u00e5 H\u00e4r Anv\u00e4nder Du \u2728<\/h2>\n<ol data-start=\"686\" data-end=\"891\">\n<li data-start=\"686\" data-end=\"738\">\n<p data-start=\"689\" data-end=\"738\">Stryk ett tunt lager olja inuti \u00e4ggkokaren.<\/p>\n<\/li>\n<li data-start=\"739\" data-end=\"785\">\n<p data-start=\"742\" data-end=\"785\">Kn\u00e4ck \u00e4gget i silikonbeh\u00e5llaren.<\/p>\n<\/li>\n<li data-start=\"786\" data-end=\"831\">\n<p data-start=\"789\" data-end=\"831\">St\u00e4ng locket och koka i en kastrull med vatten.<\/p>\n<\/li>\n<li data-start=\"832\" data-end=\"891\">\n<p data-start=\"835\" data-end=\"891\">L\u00e5t det svalna, \u00f6ppna locket och popa ut ditt kokta \u00e4gg.<\/p>\n<\/li>\n<\/ol>\n<h2 style=\"text-align: center\" data-start=\"893\" data-end=\"917\">Produktdetaljer \ud83d\udccb<\/h2>\n<ul data-start=\"918\" data-end=\"1089\">\n<li data-start=\"918\" data-end=\"960\">\n<p data-start=\"920\" data-end=\"960\">Material: BPA-fri silikon av livsmedelskvalitet<\/p>\n<\/li>\n<li data-start=\"961\" data-end=\"996\">\n<p data-start=\"963\" data-end=\"996\">Kapacitet: Ett \u00e4gg per beh\u00e5llare<\/p>\n<\/li>\n<li data-start=\"997\" data-end=\"1048\">\n<p data-start=\"999\" data-end=\"1048\">S\u00e4ker f\u00f6r: Kokande vatten, diskmaskin och kylsk\u00e5p<\/p>\n<\/li>\n<li data-start=\"1049\" data-end=\"1089\">\n<p data-start=\"1051\" data-end=\"1089\">F\u00e4rg: R\u00f6d topp med transparent botten<\/p>\n<\/li>\n<\/ul>\n<h2 style=\"text-align: center\" data-start=\"1091\" data-end=\"1116\">Paketet Inneh\u00e5ller \ud83d\udce6<\/h2>\n<ul data-start=\"1117\" data-end=\"1176\">\n<li data-start=\"1117\" data-end=\"1176\">\n<p data-start=\"1119\" data-end=\"1176\">1, 3, 6x silikon \u00e4ggkokare.<\/p>\n<\/li>\n<\/ul>\n","protected":false},"excerpt":{"rendered":"<p>Perfekta \u00c4gg Utan Skalet \ud83c\udf73 Den h\u00e4r \u00e4ggkokaren i silikon g\u00f6r det enklare \u00e4n n\u00e5gonsin att koka \u00e4gg. Inget mer [&hellip;]<\/p>\n","protected":false},"featured_media":18760,"comment_status":"open","ping_status":"closed","template":"","meta":{"site-sidebar-layout":"default","site-content-layout":"","ast-site-content-layout":"default","site-content-style":"default","site-sidebar-style":"default","ast-global-header-display":"","ast-banner-title-visibility":"","ast-main-header-display":"","ast-hfb-above-header-display":"","ast-hfb-below-header-display":"","ast-hfb-mobile-header-display":"","site-post-title":"","ast-breadcrumbs-content":"","ast-featured-img":"","footer-sml-layout":"","theme-transparent-header-meta":"default","adv-header-id-meta":"","stick-header-meta":"","header-above-stick-meta":"","header-main-stick-meta":"","header-below-stick-meta":"","astra-migrate-meta-layouts":"set","ast-page-background-enabled":"default","ast-page-background-meta":{"desktop":{"background-color":"var(--ast-global-color-4)","background-image":"","background-repeat":"repeat","background-position":"center center","background-size":"auto","background-attachment":"scroll","background-type":"","background-media":"","overlay-type":"","overlay-color":"","overlay-opacity":"","overlay-gradient":""},"tablet":{"background-color":"","background-image":"","background-repeat":"repeat","background-position":"center center","background-size":"auto","background-attachment":"scroll","background-type":"","background-media":"","overlay-type":"","overlay-color":"","overlay-opacity":"","overlay-gradient":""},"mobile":{"background-color":"","background-image":"","background-repeat":"repeat","background-position":"center center","background-size":"auto","background-attachment":"scroll","background-type":"","background-media":"","overlay-type":"","overlay-color":"","overlay-opacity":"","overlay-gradient":""}},"ast-content-background-meta":{"desktop":{"background-color":"var(--ast-global-color-5)","background-image":"","background-repeat":"repeat","background-position":"center center","background-size":"auto","background-attachment":"scroll","background-type":"","background-media":"","overlay-type":"","overlay-color":"","overlay-opacity":"","overlay-gradient":""},"tablet":{"background-color":"var(--ast-global-color-5)","background-image":"","background-repeat":"repeat","background-position":"center center","background-size":"auto","background-attachment":"scroll","background-type":"","background-media":"","overlay-type":"","overlay-color":"","overlay-opacity":"","overlay-gradient":""},"mobile":{"background-color":"var(--ast-global-color-5)","background-image":"","background-repeat":"repeat","background-position":"center center","background-size":"auto","background-attachment":"scroll","background-type":"","background-media":"","overlay-type":"","overlay-color":"","overlay-opacity":"","overlay-gradient":""}}},"product_brand":[],"product_cat":[1001],"product_tag":[],"class_list":{"0":"post-18764","1":"product","2":"type-product","3":"status-publish","4":"has-post-thumbnail","6":"product_cat-household-goods","7":"pa_30110_7dzdpao9-1-st","8":"pa_30110_7dzdpao9-3-st","9":"pa_30110_7dzdpao9-6-st","10":"desktop-align-left","11":"tablet-align-left","12":"mobile-align-left","14":"first","15":"instock","16":"shipping-taxable","17":"purchasable","18":"product-type-variable"},"_links":{"self":[{"href":"https:\/\/keluvo.com\/se\/wp-json\/wp\/v2\/product\/18764","targetHints":{"allow":["GET"]}}],"collection":[{"href":"https:\/\/keluvo.com\/se\/wp-json\/wp\/v2\/product"}],"about":[{"href":"https:\/\/keluvo.com\/se\/wp-json\/wp\/v2\/types\/product"}],"replies":[{"embeddable":true,"href":"https:\/\/keluvo.com\/se\/wp-json\/wp\/v2\/comments?post=18764"}],"wp:featuredmedia":[{"embeddable":true,"href":"https:\/\/keluvo.com\/se\/wp-json\/wp\/v2\/media\/18760"}],"wp:attachment":[{"href":"https:\/\/keluvo.com\/se\/wp-json\/wp\/v2\/media?parent=18764"}],"wp:term":[{"taxonomy":"product_brand","embeddable":true,"href":"https:\/\/keluvo.com\/se\/wp-json\/wp\/v2\/product_brand?post=18764"},{"taxonomy":"product_cat","embeddable":true,"href":"https:\/\/keluvo.com\/se\/wp-json\/wp\/v2\/product_cat?post=18764"},{"taxonomy":"product_tag","embeddable":true,"href":"https:\/\/keluvo.com\/se\/wp-json\/wp\/v2\/product_tag?post=18764"}],"curies":[{"name":"wp","href":"https:\/\/api.w.org\/{rel}","templated":true}]}}