{"id":18742,"date":"2025-08-08T13:14:46","date_gmt":"2025-08-08T11:14:46","guid":{"rendered":"https:\/\/keluvo.com\/se\/product\/akvarelluppsattning\/"},"modified":"2025-08-08T13:14:56","modified_gmt":"2025-08-08T11:14:56","slug":"akvarelluppsattning","status":"publish","type":"product","link":"https:\/\/keluvo.com\/se\/product\/akvarelluppsattning\/","title":{"rendered":"Akvarellupps\u00e4ttning"},"content":{"rendered":"<p style=\"text-align: center\" data-start=\"134\" data-end=\"190\"><strong data-start=\"134\" data-end=\"190\">F\u00e5 Din Konst Att Lysa Med Livfull Akvarellmagi \ud83c\udfa8<\/strong><\/p>\n<p style=\"text-align: center\" data-start=\"192\" data-end=\"440\">Den h\u00e4r akvarellf\u00e4rgsupps\u00e4ttningen \u00e4r perfekt f\u00f6r konstn\u00e4rer, hobbyister eller nyb\u00f6rjare som vill skapa lysande konstverk med metallisk och p\u00e4rlemorskimrande finish. Med rika pigment, smidig blandning och elegant f\u00f6rpackning \u00e4r det ett m\u00e5ste f\u00f6r alla kreativa sj\u00e4lar.<\/p>\n<p data-start=\"192\" data-end=\"440\"><img decoding=\"async\" class=\"size-full wp-image-30129 aligncenter\" src=\"https:\/\/keluvo.com\/template\/wp-content\/uploads\/sites\/5\/2025\/08\/02e3e04ac0908143076f3695f616447622c93845.webp\" alt=\"\" \/><\/p>\n<h2 style=\"text-align: center\" data-start=\"442\" data-end=\"461\">Huvudf\u00f6rdelar \ud83c\udf08<\/h2>\n<p data-start=\"464\" data-end=\"517\">\ud83c\udf08 Inneh\u00e5ller livfulla metallic- och p\u00e4rlemorskimrande f\u00e4rger<\/p>\n<p data-start=\"520\" data-end=\"577\">\ud83d\udd8c\ufe0f Blandas smidigt f\u00f6r professionella akvarelleffekter<\/p>\n<p data-start=\"580\" data-end=\"632\">\ud83e\uddfc L\u00e4tt att aktivera med vatten &#8211; ingen r\u00f6ra, inget avfall<\/p>\n<p data-start=\"635\" data-end=\"677\">\ud83e\uddf3 Kompakt och b\u00e4rbar &#8211; m\u00e5la var som helst<\/p>\n<p data-start=\"680\" data-end=\"732\">\ud83c\udf81 Vacker present till kreativa v\u00e4nner eller dig sj\u00e4lv<\/p>\n<p data-start=\"680\" data-end=\"732\"><img decoding=\"async\" class=\"size-full wp-image-30130 aligncenter\" src=\"https:\/\/keluvo.com\/template\/wp-content\/uploads\/sites\/5\/2025\/08\/9d06592710a17a394a081c4b6be15171feb1c5c1.webp\" alt=\"\" \/><\/p>\n<h2 style=\"text-align: center\" data-start=\"734\" data-end=\"752\">Anv\u00e4ndning \u2728<\/h2>\n<ol data-start=\"753\" data-end=\"917\">\n<li data-start=\"753\" data-end=\"807\">\n<p data-start=\"756\" data-end=\"807\">Fukta penseln och r\u00f6r f\u00f6rsiktigt vid f\u00e4rgytan.<\/p>\n<\/li>\n<li data-start=\"808\" data-end=\"859\">\n<p data-start=\"811\" data-end=\"859\">Applicera p\u00e5 akvarellpapper och blanda efter \u00f6nskem\u00e5l.<\/p>\n<\/li>\n<li data-start=\"860\" data-end=\"917\">\n<p data-start=\"863\" data-end=\"917\">L\u00e5t din konst torka naturligt f\u00f6r en gl\u00e4nsande, levande finish.<\/p>\n<\/li>\n<\/ol>\n<h2 style=\"text-align: center\" data-start=\"919\" data-end=\"943\">Produktdetaljer \ud83d\udccb<\/h2>\n<ul data-start=\"944\" data-end=\"1246\">\n<li data-start=\"944\" data-end=\"1014\">\n<p data-start=\"946\" data-end=\"1014\">Palettalternativ: 20 eller 24 f\u00e4rger (olika f\u00e4rgscheman tillg\u00e4ngliga)<\/p>\n<\/li>\n<li data-start=\"1015\" data-end=\"1066\">\n<p data-start=\"1017\" data-end=\"1066\">Pigment: H\u00f6gkvalitativt, vattenl\u00f6sligt, giftfritt<\/p>\n<\/li>\n<li data-start=\"1067\" data-end=\"1121\">\n<p data-start=\"1069\" data-end=\"1121\">Etui: H\u00e5llbar plastpalett med transparent lock<\/p>\n<\/li>\n<li data-start=\"1173\" data-end=\"1246\">\n<p data-start=\"1175\" data-end=\"1246\">Ideal f\u00f6r: Gratulationskort, dagboksanteckningar, konst eller f\u00f6r nyb\u00f6rjare<\/p>\n<\/li>\n<\/ul>\n<h2 style=\"text-align: center\" data-start=\"1248\" data-end=\"1273\">Paketet Inneh\u00e5ller \ud83d\udce6<\/h2>\n<ul data-start=\"1274\" data-end=\"1390\">\n<li data-start=\"1274\" data-end=\"1345\">\n<p data-start=\"1276\" data-end=\"1345\">1x akvarellf\u00e4rgset<\/p>\n<\/li>\n<li data-start=\"1346\" data-end=\"1390\">\n<p data-start=\"1348\" data-end=\"1390\">1x pensel.<\/p>\n<\/li>\n<\/ul>\n","protected":false},"excerpt":{"rendered":"<p>F\u00e5 Din Konst Att Lysa Med Livfull Akvarellmagi \ud83c\udfa8 Den h\u00e4r akvarellf\u00e4rgsupps\u00e4ttningen \u00e4r perfekt f\u00f6r konstn\u00e4rer, hobbyister eller nyb\u00f6rjare som [&hellip;]<\/p>\n","protected":false},"featured_media":18738,"comment_status":"open","ping_status":"closed","template":"","meta":{"site-sidebar-layout":"default","site-content-layout":"","ast-site-content-layout":"default","site-content-style":"default","site-sidebar-style":"default","ast-global-header-display":"","ast-banner-title-visibility":"","ast-main-header-display":"","ast-hfb-above-header-display":"","ast-hfb-below-header-display":"","ast-hfb-mobile-header-display":"","site-post-title":"","ast-breadcrumbs-content":"","ast-featured-img":"","footer-sml-layout":"","theme-transparent-header-meta":"default","adv-header-id-meta":"","stick-header-meta":"","header-above-stick-meta":"","header-main-stick-meta":"","header-below-stick-meta":"","astra-migrate-meta-layouts":"set","ast-page-background-enabled":"default","ast-page-background-meta":{"desktop":{"background-color":"var(--ast-global-color-4)","background-image":"","background-repeat":"repeat","background-position":"center center","background-size":"auto","background-attachment":"scroll","background-type":"","background-media":"","overlay-type":"","overlay-color":"","overlay-opacity":"","overlay-gradient":""},"tablet":{"background-color":"","background-image":"","background-repeat":"repeat","background-position":"center center","background-size":"auto","background-attachment":"scroll","background-type":"","background-media":"","overlay-type":"","overlay-color":"","overlay-opacity":"","overlay-gradient":""},"mobile":{"background-color":"","background-image":"","background-repeat":"repeat","background-position":"center center","background-size":"auto","background-attachment":"scroll","background-type":"","background-media":"","overlay-type":"","overlay-color":"","overlay-opacity":"","overlay-gradient":""}},"ast-content-background-meta":{"desktop":{"background-color":"var(--ast-global-color-5)","background-image":"","background-repeat":"repeat","background-position":"center center","background-size":"auto","background-attachment":"scroll","background-type":"","background-media":"","overlay-type":"","overlay-color":"","overlay-opacity":"","overlay-gradient":""},"tablet":{"background-color":"var(--ast-global-color-5)","background-image":"","background-repeat":"repeat","background-position":"center center","background-size":"auto","background-attachment":"scroll","background-type":"","background-media":"","overlay-type":"","overlay-color":"","overlay-opacity":"","overlay-gradient":""},"mobile":{"background-color":"var(--ast-global-color-5)","background-image":"","background-repeat":"repeat","background-position":"center center","background-size":"auto","background-attachment":"scroll","background-type":"","background-media":"","overlay-type":"","overlay-color":"","overlay-opacity":"","overlay-gradient":""}}},"product_brand":[],"product_cat":[990],"product_tag":[],"class_list":{"0":"post-18742","1":"product","2":"type-product","3":"status-publish","4":"has-post-thumbnail","6":"product_cat-toys-childrens-and-baby-products","7":"pa_18734_602wo3h3-a","8":"pa_18734_602wo3h3-b","9":"pa_18734_602wo3h3-c","10":"pa_18734_602wo3h3-d","11":"desktop-align-left","12":"tablet-align-left","13":"mobile-align-left","15":"first","16":"instock","17":"shipping-taxable","18":"purchasable","19":"product-type-variable"},"_links":{"self":[{"href":"https:\/\/keluvo.com\/se\/wp-json\/wp\/v2\/product\/18742","targetHints":{"allow":["GET"]}}],"collection":[{"href":"https:\/\/keluvo.com\/se\/wp-json\/wp\/v2\/product"}],"about":[{"href":"https:\/\/keluvo.com\/se\/wp-json\/wp\/v2\/types\/product"}],"replies":[{"embeddable":true,"href":"https:\/\/keluvo.com\/se\/wp-json\/wp\/v2\/comments?post=18742"}],"wp:featuredmedia":[{"embeddable":true,"href":"https:\/\/keluvo.com\/se\/wp-json\/wp\/v2\/media\/18738"}],"wp:attachment":[{"href":"https:\/\/keluvo.com\/se\/wp-json\/wp\/v2\/media?parent=18742"}],"wp:term":[{"taxonomy":"product_brand","embeddable":true,"href":"https:\/\/keluvo.com\/se\/wp-json\/wp\/v2\/product_brand?post=18742"},{"taxonomy":"product_cat","embeddable":true,"href":"https:\/\/keluvo.com\/se\/wp-json\/wp\/v2\/product_cat?post=18742"},{"taxonomy":"product_tag","embeddable":true,"href":"https:\/\/keluvo.com\/se\/wp-json\/wp\/v2\/product_tag?post=18742"}],"curies":[{"name":"wp","href":"https:\/\/api.w.org\/{rel}","templated":true}]}}