{"id":18694,"date":"2025-08-08T13:12:06","date_gmt":"2025-08-08T11:12:06","guid":{"rendered":"https:\/\/keluvo.com\/se\/product\/smart-termos\/"},"modified":"2025-08-08T13:12:15","modified_gmt":"2025-08-08T11:12:15","slug":"smart-termos","status":"publish","type":"product","link":"https:\/\/keluvo.com\/se\/product\/smart-termos\/","title":{"rendered":"Smart termos"},"content":{"rendered":"<p style=\"text-align: center\" data-start=\"141\" data-end=\"199\"><strong data-start=\"141\" data-end=\"197\">H\u00e5ll Din Dryck Vid Perfekt Temperatur Hela Dagen \u2615<\/strong><\/p>\n<p style=\"text-align: center\" data-start=\"201\" data-end=\"434\">Den h\u00e4r smarta termosen har en digital temperaturdisplay s\u00e5 att du alltid vet hur varm eller kall din dryck \u00e4r. Med dubbel isolering, ett inbyggt filter och en snygg design \u00e4r den perfekt f\u00f6r kaffe\u00e4lskare, tefans eller alla som \u00e4r p\u00e5 spr\u00e5ng.<\/p>\n<p data-start=\"201\" data-end=\"434\"><img decoding=\"async\" class=\"size-full wp-image-30112 aligncenter\" src=\"https:\/\/keluvo.com\/template\/wp-content\/uploads\/sites\/5\/2025\/08\/ca0b88e892216f57dc4f9368790832e588c15478.webp\" alt=\"\" \/><\/p>\n<h2 style=\"text-align: center\" data-start=\"436\" data-end=\"455\">Huvudf\u00f6rdelar <strong data-start=\"141\" data-end=\"197\">\u2615<\/strong><\/h2>\n<p data-start=\"458\" data-end=\"517\">\ud83c\udf21\ufe0f Smart display visar exakt dryckestemperatur direkt<\/p>\n<p data-start=\"520\" data-end=\"581\">\ud83e\uddca H\u00e5ller drycker kalla i 12 timmar och varma i upp till 6 timmar<\/p>\n<p data-start=\"584\" data-end=\"635\">\ud83e\uded6 Inbyggt filter f\u00f6r l\u00f6st te, frukt eller \u00f6rter<\/p>\n<p data-start=\"638\" data-end=\"700\">\ud83d\udd25 Dubbelisolerad v\u00e4gg h\u00e5ller utsidan sval vid ber\u00f6ring<\/p>\n<p data-start=\"703\" data-end=\"749\">\ud83c\udf81 Elegant och praktisk &#8211; perfekt presentid\u00e9<\/p>\n<p data-start=\"703\" data-end=\"749\"><img decoding=\"async\" class=\"size-full wp-image-30113 aligncenter\" src=\"https:\/\/keluvo.com\/template\/wp-content\/uploads\/sites\/5\/2025\/08\/ff40bbeb74dab30576eca68656263f4ba6507eb7.webp\" alt=\"\" \/><\/p>\n<h2 style=\"text-align: center\" data-start=\"751\" data-end=\"769\">Hur Man Anv\u00e4nder \u2728<\/h2>\n<ol data-start=\"770\" data-end=\"958\">\n<li data-start=\"770\" data-end=\"828\">\n<p data-start=\"773\" data-end=\"828\">Fyll termosen med din varma eller kalla favoritdryck.<\/p>\n<\/li>\n<li data-start=\"829\" data-end=\"892\">\n<p data-start=\"832\" data-end=\"892\">Tryck p\u00e5 locket f\u00f6r att se temperaturen i realtid p\u00e5 sk\u00e4rmen.<\/p>\n<\/li>\n<li data-start=\"893\" data-end=\"958\">\n<p data-start=\"896\" data-end=\"958\">njut av perfekt filtrerat te eller fruktinfuserat vatten var som helst.<\/p>\n<\/li>\n<\/ol>\n<h2 style=\"text-align: center\" data-start=\"960\" data-end=\"984\">Produktdetaljer \ud83d\udccb<\/h2>\n<ul data-start=\"985\" data-end=\"1205\">\n<li data-start=\"985\" data-end=\"1005\">\n<p data-start=\"987\" data-end=\"1005\">Kapacitet: 450 ml<\/p>\n<\/li>\n<li data-start=\"1006\" data-end=\"1062\">\n<p data-start=\"1008\" data-end=\"1062\">Material: Inredning i rostfritt st\u00e5l med matt finish<\/p>\n<\/li>\n<li data-start=\"1063\" data-end=\"1117\">\n<p data-start=\"1065\" data-end=\"1117\">Display: LED-temperatursensor inbyggd i locket<\/p>\n<\/li>\n<li data-start=\"1118\" data-end=\"1159\">\n<p data-start=\"1120\" data-end=\"1159\">Isolering: Dubbelv\u00e4ggig vakuumf\u00f6rsegling<\/p>\n<\/li>\n<li data-start=\"1160\" data-end=\"1205\">\n<p data-start=\"1162\" data-end=\"1205\">F\u00e4rger: Flera eleganta nyanser tillg\u00e4ngliga<\/p>\n<\/li>\n<\/ul>\n<h2 style=\"text-align: center\" data-start=\"1207\" data-end=\"1232\">Paketet Inneh\u00e5ller \ud83d\udce6<\/h2>\n<ul data-start=\"1233\" data-end=\"1322\">\n<li data-start=\"1233\" data-end=\"1282\">\n<p data-start=\"1235\" data-end=\"1282\">1x smart termos med LED-temperaturdisplay<\/p>\n<\/li>\n<li data-start=\"1283\" data-end=\"1322\">\n<p data-start=\"1285\" data-end=\"1322\">1x l\u00f6stagbart filter i rostfritt st\u00e5l.<\/p>\n<\/li>\n<\/ul>\n","protected":false},"excerpt":{"rendered":"<p>H\u00e5ll Din Dryck Vid Perfekt Temperatur Hela Dagen \u2615 Den h\u00e4r smarta termosen har en digital temperaturdisplay s\u00e5 att du [&hellip;]<\/p>\n","protected":false},"featured_media":18690,"comment_status":"open","ping_status":"closed","template":"","meta":{"site-sidebar-layout":"default","site-content-layout":"","ast-site-content-layout":"default","site-content-style":"default","site-sidebar-style":"default","ast-global-header-display":"","ast-banner-title-visibility":"","ast-main-header-display":"","ast-hfb-above-header-display":"","ast-hfb-below-header-display":"","ast-hfb-mobile-header-display":"","site-post-title":"","ast-breadcrumbs-content":"","ast-featured-img":"","footer-sml-layout":"","theme-transparent-header-meta":"default","adv-header-id-meta":"","stick-header-meta":"","header-above-stick-meta":"","header-main-stick-meta":"","header-below-stick-meta":"","astra-migrate-meta-layouts":"set","ast-page-background-enabled":"default","ast-page-background-meta":{"desktop":{"background-color":"var(--ast-global-color-4)","background-image":"","background-repeat":"repeat","background-position":"center center","background-size":"auto","background-attachment":"scroll","background-type":"","background-media":"","overlay-type":"","overlay-color":"","overlay-opacity":"","overlay-gradient":""},"tablet":{"background-color":"","background-image":"","background-repeat":"repeat","background-position":"center center","background-size":"auto","background-attachment":"scroll","background-type":"","background-media":"","overlay-type":"","overlay-color":"","overlay-opacity":"","overlay-gradient":""},"mobile":{"background-color":"","background-image":"","background-repeat":"repeat","background-position":"center center","background-size":"auto","background-attachment":"scroll","background-type":"","background-media":"","overlay-type":"","overlay-color":"","overlay-opacity":"","overlay-gradient":""}},"ast-content-background-meta":{"desktop":{"background-color":"var(--ast-global-color-5)","background-image":"","background-repeat":"repeat","background-position":"center center","background-size":"auto","background-attachment":"scroll","background-type":"","background-media":"","overlay-type":"","overlay-color":"","overlay-opacity":"","overlay-gradient":""},"tablet":{"background-color":"var(--ast-global-color-5)","background-image":"","background-repeat":"repeat","background-position":"center center","background-size":"auto","background-attachment":"scroll","background-type":"","background-media":"","overlay-type":"","overlay-color":"","overlay-opacity":"","overlay-gradient":""},"mobile":{"background-color":"var(--ast-global-color-5)","background-image":"","background-repeat":"repeat","background-position":"center center","background-size":"auto","background-attachment":"scroll","background-type":"","background-media":"","overlay-type":"","overlay-color":"","overlay-opacity":"","overlay-gradient":""}}},"product_brand":[],"product_cat":[1001],"product_tag":[],"class_list":{"0":"post-18694","1":"product","2":"type-product","3":"status-publish","4":"has-post-thumbnail","6":"product_cat-household-goods","7":"pa_20872_wh8ckt6f-bla","8":"pa_20872_wh8ckt6f-brun","9":"pa_20872_wh8ckt6f-silverbrun","10":"pa_20872_wh8ckt6f-svart","11":"desktop-align-left","12":"tablet-align-left","13":"mobile-align-left","15":"first","16":"instock","17":"shipping-taxable","18":"purchasable","19":"product-type-variable"},"_links":{"self":[{"href":"https:\/\/keluvo.com\/se\/wp-json\/wp\/v2\/product\/18694","targetHints":{"allow":["GET"]}}],"collection":[{"href":"https:\/\/keluvo.com\/se\/wp-json\/wp\/v2\/product"}],"about":[{"href":"https:\/\/keluvo.com\/se\/wp-json\/wp\/v2\/types\/product"}],"replies":[{"embeddable":true,"href":"https:\/\/keluvo.com\/se\/wp-json\/wp\/v2\/comments?post=18694"}],"wp:featuredmedia":[{"embeddable":true,"href":"https:\/\/keluvo.com\/se\/wp-json\/wp\/v2\/media\/18690"}],"wp:attachment":[{"href":"https:\/\/keluvo.com\/se\/wp-json\/wp\/v2\/media?parent=18694"}],"wp:term":[{"taxonomy":"product_brand","embeddable":true,"href":"https:\/\/keluvo.com\/se\/wp-json\/wp\/v2\/product_brand?post=18694"},{"taxonomy":"product_cat","embeddable":true,"href":"https:\/\/keluvo.com\/se\/wp-json\/wp\/v2\/product_cat?post=18694"},{"taxonomy":"product_tag","embeddable":true,"href":"https:\/\/keluvo.com\/se\/wp-json\/wp\/v2\/product_tag?post=18694"}],"curies":[{"name":"wp","href":"https:\/\/api.w.org\/{rel}","templated":true}]}}