{"id":18554,"date":"2025-08-08T13:04:08","date_gmt":"2025-08-08T11:04:08","guid":{"rendered":"https:\/\/keluvo.com\/se\/product\/kudde\/"},"modified":"2025-08-08T13:04:14","modified_gmt":"2025-08-08T11:04:14","slug":"kudde","status":"publish","type":"product","link":"https:\/\/keluvo.com\/se\/product\/kudde\/","title":{"rendered":"Kudde"},"content":{"rendered":"<p style=\"text-align: center\" data-start=\"126\" data-end=\"164\"><strong data-start=\"126\" data-end=\"164\">Vakna Utvilad Och Sm\u00e4rtfri \ud83d\ude34<\/strong><\/p>\n<p style=\"text-align: center\" data-start=\"166\" data-end=\"402\">3D-kudden \u00e4r utformad f\u00f6r att st\u00f6dja ditt huvud, nacke och axlar medan du sover &#8211; vilket hj\u00e4lper till att minska sm\u00e4rta och f\u00f6rb\u00e4ttra s\u00f6mnkvaliteten. Dess ergonomiska design anpassar sig till alla s\u00f6mnpositioner, vilket ger dig djup vila och varaktig komfort.<\/p>\n<p data-start=\"166\" data-end=\"402\"><img decoding=\"async\" class=\"size-full wp-image-29960 aligncenter\" src=\"https:\/\/keluvo.com\/template\/wp-content\/uploads\/sites\/5\/2025\/08\/33d7329a3d27b4e20c77df117efbef2237c56a46.gif\" alt=\"\" \/><\/p>\n<h2 style=\"text-align: center\" data-start=\"404\" data-end=\"423\">Huvudf\u00f6rdelar \ud83d\udca4<\/h2>\n<p data-start=\"426\" data-end=\"476\">\ud83d\udca4 Minskar sm\u00e4rta i nacke och axlar n\u00e4r du sover<\/p>\n<p data-start=\"479\" data-end=\"527\">\ud83c\udf19 St\u00f6der korrekt inriktning av ryggrad och huvud<\/p>\n<p data-start=\"530\" data-end=\"577\">\ud83d\udd04 Fungerar f\u00f6r sido-, rygg- och mags\u00f6mn<\/p>\n<p data-start=\"580\" data-end=\"628\">\ud83d\udca8 Andningsbara och mjuka material h\u00e5ller dig sval<\/p>\n<p data-start=\"631\" data-end=\"666\">\ud83e\uddfa Maskintv\u00e4ttbar f\u00f6r enkel sk\u00f6tsel<\/p>\n<p data-start=\"631\" data-end=\"666\"><img decoding=\"async\" class=\"size-full wp-image-29959 aligncenter\" src=\"https:\/\/keluvo.com\/template\/wp-content\/uploads\/sites\/5\/2025\/08\/254d754d3cc47fe83c0431e54b51a75723d116e1.webp\" alt=\"\" \/><\/p>\n<h2 style=\"text-align: center\" data-start=\"668\" data-end=\"686\">Hur Man Anv\u00e4nder \u2728<\/h2>\n<ol data-start=\"687\" data-end=\"879\">\n<li data-start=\"687\" data-end=\"756\">\n<p data-start=\"690\" data-end=\"756\">Placera kudden p\u00e5 din s\u00e4ng med mittdippen under huvudet.<\/p>\n<\/li>\n<li data-start=\"757\" data-end=\"837\">\n<p data-start=\"760\" data-end=\"837\">Justera din position &#8211; kudden anpassar sig till att sova p\u00e5 sidan, ryggen eller magen.<\/p>\n<\/li>\n<li data-start=\"838\" data-end=\"879\">\n<p data-start=\"841\" data-end=\"879\">njut av b\u00e4ttre h\u00e5llning och djupare vila.<\/p>\n<\/li>\n<\/ol>\n<h2 style=\"text-align: center\" data-start=\"881\" data-end=\"905\">Produktdetaljer \ud83d\udccb<\/h2>\n<ul data-start=\"906\" data-end=\"1099\">\n<li data-start=\"906\" data-end=\"944\">\n<p data-start=\"908\" data-end=\"944\">Material: L\u00e5ngsam \u00e5terfj\u00e4drande minnesskum<\/p>\n<\/li>\n<li data-start=\"945\" data-end=\"989\">\n<p data-start=\"947\" data-end=\"989\">Ytter\u00f6verdrag: Andningsbart, tv\u00e4ttbart tyg<\/p>\n<\/li>\n<li data-start=\"990\" data-end=\"1022\">\n<p data-start=\"992\" data-end=\"1022\">Storlek: Passar alla standards\u00e4ngar<\/p>\n<\/li>\n<li data-start=\"1023\" data-end=\"1078\">\n<p data-start=\"1025\" data-end=\"1078\">Anv\u00e4ndning: Vardagligt s\u00f6mnst\u00f6d f\u00f6r alla s\u00f6mnpositioner<\/p>\n<\/li>\n<\/ul>\n<h2 style=\"text-align: center\" data-start=\"1101\" data-end=\"1126\">Paketet Inneh\u00e5ller \ud83d\udce6<\/h2>\n<ul data-start=\"1127\" data-end=\"1154\">\n<li data-start=\"1127\" data-end=\"1154\">\n<p data-start=\"1129\" data-end=\"1154\">1x 3D-kudde.<\/p>\n<\/li>\n<\/ul>\n","protected":false},"excerpt":{"rendered":"<p>Vakna Utvilad Och Sm\u00e4rtfri \ud83d\ude34 3D-kudden \u00e4r utformad f\u00f6r att st\u00f6dja ditt huvud, nacke och axlar medan du sover &#8211; [&hellip;]<\/p>\n","protected":false},"featured_media":18550,"comment_status":"open","ping_status":"closed","template":"","meta":{"site-sidebar-layout":"default","site-content-layout":"","ast-site-content-layout":"default","site-content-style":"default","site-sidebar-style":"default","ast-global-header-display":"","ast-banner-title-visibility":"","ast-main-header-display":"","ast-hfb-above-header-display":"","ast-hfb-below-header-display":"","ast-hfb-mobile-header-display":"","site-post-title":"","ast-breadcrumbs-content":"","ast-featured-img":"","footer-sml-layout":"","theme-transparent-header-meta":"default","adv-header-id-meta":"","stick-header-meta":"","header-above-stick-meta":"","header-main-stick-meta":"","header-below-stick-meta":"","astra-migrate-meta-layouts":"set","ast-page-background-enabled":"default","ast-page-background-meta":{"desktop":{"background-color":"var(--ast-global-color-4)","background-image":"","background-repeat":"repeat","background-position":"center center","background-size":"auto","background-attachment":"scroll","background-type":"","background-media":"","overlay-type":"","overlay-color":"","overlay-opacity":"","overlay-gradient":""},"tablet":{"background-color":"","background-image":"","background-repeat":"repeat","background-position":"center center","background-size":"auto","background-attachment":"scroll","background-type":"","background-media":"","overlay-type":"","overlay-color":"","overlay-opacity":"","overlay-gradient":""},"mobile":{"background-color":"","background-image":"","background-repeat":"repeat","background-position":"center center","background-size":"auto","background-attachment":"scroll","background-type":"","background-media":"","overlay-type":"","overlay-color":"","overlay-opacity":"","overlay-gradient":""}},"ast-content-background-meta":{"desktop":{"background-color":"var(--ast-global-color-5)","background-image":"","background-repeat":"repeat","background-position":"center center","background-size":"auto","background-attachment":"scroll","background-type":"","background-media":"","overlay-type":"","overlay-color":"","overlay-opacity":"","overlay-gradient":""},"tablet":{"background-color":"var(--ast-global-color-5)","background-image":"","background-repeat":"repeat","background-position":"center center","background-size":"auto","background-attachment":"scroll","background-type":"","background-media":"","overlay-type":"","overlay-color":"","overlay-opacity":"","overlay-gradient":""},"mobile":{"background-color":"var(--ast-global-color-5)","background-image":"","background-repeat":"repeat","background-position":"center center","background-size":"auto","background-attachment":"scroll","background-type":"","background-media":"","overlay-type":"","overlay-color":"","overlay-opacity":"","overlay-gradient":""}}},"product_brand":[],"product_cat":[1001,991],"product_tag":[],"class_list":{"0":"post-18554","1":"product","2":"type-product","3":"status-publish","4":"has-post-thumbnail","6":"product_cat-household-goods","7":"product_cat-health-care-supplies","8":"pa_27537_tgwu2q5s-bla","9":"pa_27537_tgwu2q5s-gra","10":"pa_27537_tgwu2q5s-vit","11":"desktop-align-left","12":"tablet-align-left","13":"mobile-align-left","15":"first","16":"instock","17":"shipping-taxable","18":"purchasable","19":"product-type-variable"},"_links":{"self":[{"href":"https:\/\/keluvo.com\/se\/wp-json\/wp\/v2\/product\/18554","targetHints":{"allow":["GET"]}}],"collection":[{"href":"https:\/\/keluvo.com\/se\/wp-json\/wp\/v2\/product"}],"about":[{"href":"https:\/\/keluvo.com\/se\/wp-json\/wp\/v2\/types\/product"}],"replies":[{"embeddable":true,"href":"https:\/\/keluvo.com\/se\/wp-json\/wp\/v2\/comments?post=18554"}],"wp:featuredmedia":[{"embeddable":true,"href":"https:\/\/keluvo.com\/se\/wp-json\/wp\/v2\/media\/18550"}],"wp:attachment":[{"href":"https:\/\/keluvo.com\/se\/wp-json\/wp\/v2\/media?parent=18554"}],"wp:term":[{"taxonomy":"product_brand","embeddable":true,"href":"https:\/\/keluvo.com\/se\/wp-json\/wp\/v2\/product_brand?post=18554"},{"taxonomy":"product_cat","embeddable":true,"href":"https:\/\/keluvo.com\/se\/wp-json\/wp\/v2\/product_cat?post=18554"},{"taxonomy":"product_tag","embeddable":true,"href":"https:\/\/keluvo.com\/se\/wp-json\/wp\/v2\/product_tag?post=18554"}],"curies":[{"name":"wp","href":"https:\/\/api.w.org\/{rel}","templated":true}]}}