{"id":18518,"date":"2025-08-08T13:00:44","date_gmt":"2025-08-08T11:00:44","guid":{"rendered":"https:\/\/keluvo.com\/se\/product\/nackkudde\/"},"modified":"2025-08-08T13:00:53","modified_gmt":"2025-08-08T11:00:53","slug":"nackkudde","status":"publish","type":"product","link":"https:\/\/keluvo.com\/se\/product\/nackkudde\/","title":{"rendered":"Nackkudde"},"content":{"rendered":"<p style=\"text-align: center\" data-start=\"145\" data-end=\"188\"><strong data-start=\"145\" data-end=\"188\">Sl\u00e4pp Nacksp\u00e4nningar P\u00e5 Bara N\u00e5gra Minuter \ud83d\udca4<\/strong><\/p>\n<p style=\"text-align: center\" data-start=\"190\" data-end=\"421\">Den h\u00e4r nackkudden \u00e4r en kiropraktorrekommenderad kudde som hj\u00e4lper till att slappna av sp\u00e4nda nackmuskler, f\u00f6rb\u00e4ttra h\u00e5llningen och lindra daglig stress. Luta dig bara tillbaka och k\u00e4nn hur trycket sm\u00e4lter bort &#8211; ingen elektricitet, ingen anstr\u00e4ngning, bara naturlig l\u00e4ttnad.<\/p>\n<p data-start=\"190\" data-end=\"421\"><img decoding=\"async\" class=\"size-full wp-image-29924 aligncenter\" src=\"https:\/\/keluvo.com\/template\/wp-content\/uploads\/sites\/5\/2025\/08\/1713940414-Funnel-500-2024-04-24T143251.878.webp\" alt=\"\" \/><\/p>\n<h2 style=\"text-align: center\" data-start=\"423\" data-end=\"442\">Huvudf\u00f6rdelar \ud83c\udf1f<\/h2>\n<p data-start=\"445\" data-end=\"502\">\ud83d\udc86 Lindrar nacksm\u00e4rta, stelhet och sp\u00e4nningshuvudv\u00e4rk<\/p>\n<p data-start=\"505\" data-end=\"555\">\ud83c\udf19 Uppmuntrar korrekt ryggradsinriktning och h\u00e5llning<\/p>\n<p data-start=\"558\" data-end=\"611\">\ud83e\udde0 Minskar stress genom att frig\u00f6ra djupa muskler pressure<\/p>\n<p data-start=\"614\" data-end=\"649\">\u23f1\ufe0f Fungerar p\u00e5 bara 10 minuter om dagen<\/p>\n<p data-start=\"652\" data-end=\"699\">\ud83e\uddf3 L\u00e4tt och b\u00e4rbar &#8211; anv\u00e4nd den var som helst<\/p>\n<p data-start=\"652\" data-end=\"699\"><img decoding=\"async\" class=\"size-full wp-image-29920 aligncenter\" src=\"https:\/\/keluvo.com\/template\/wp-content\/uploads\/sites\/5\/2025\/08\/1713949044-Screenshot-2024-04-24-165649.webp\" alt=\"\" \/><\/p>\n<h2 style=\"text-align: center\" data-start=\"701\" data-end=\"719\">Anv\u00e4ndning \u2728<\/h2>\n<ol data-start=\"720\" data-end=\"880\">\n<li data-start=\"720\" data-end=\"759\">\n<p data-start=\"723\" data-end=\"759\">Placera kudden p\u00e5 en plan yta.<\/p>\n<\/li>\n<li data-start=\"760\" data-end=\"824\">\n<p data-start=\"763\" data-end=\"824\">Ligg ner med basen av din skalle vilande p\u00e5 st\u00f6det.<\/p>\n<\/li>\n<li data-start=\"825\" data-end=\"880\">\n<p data-start=\"828\" data-end=\"880\">slappna av i 5-10 minuter och l\u00e5t gravitationen g\u00f6ra jobbet.<\/p>\n<\/li>\n<\/ol>\n<h2 style=\"text-align: center\" data-start=\"882\" data-end=\"906\">Produktinformation \ud83d\udccb<\/h2>\n<ul data-start=\"907\" data-end=\"1183\">\n<li data-start=\"907\" data-end=\"945\">\n<p data-start=\"909\" data-end=\"945\">Material: Mjukt, huds\u00e4kert EVA-skum<\/p>\n<\/li>\n<li data-start=\"946\" data-end=\"1007\">\n<p data-start=\"948\" data-end=\"1007\">Form: Ergonomisk &#8221;fj\u00e4rils&#8221;-design f\u00f6r fullt st\u00f6d f\u00f6r nacken<\/p>\n<\/li>\n<li data-start=\"1008\" data-end=\"1056\">\n<p data-start=\"1010\" data-end=\"1056\">Storlek: En storlek passar alla halsar och kroppstyper<\/p>\n<\/li>\n<li data-start=\"1057\" data-end=\"1108\">\n<p data-start=\"1059\" data-end=\"1108\">Anv\u00e4ndning: Perfekt f\u00f6r pauser hemma, p\u00e5 resan eller p\u00e5 kontoret<\/p>\n<\/li>\n<li data-start=\"1109\" data-end=\"1183\">\n<p data-start=\"1111\" data-end=\"1183\">L\u00e4mplig f\u00f6r: Nacksm\u00e4rta, sp\u00e4nningar, fram\u00e5tlutad huvudst\u00e4llning, TMJ, teknisk nacke<\/p>\n<\/li>\n<\/ul>\n<h2 style=\"text-align: center\" data-start=\"1185\" data-end=\"1210\">Paketet Inneh\u00e5ller \ud83d\udce6<\/h2>\n<ul data-start=\"1211\" data-end=\"1256\">\n<li data-start=\"1211\" data-end=\"1256\">\n<p data-start=\"1213\" data-end=\"1256\">1x nackkudde.<\/p>\n<\/li>\n<\/ul>\n","protected":false},"excerpt":{"rendered":"<p>Sl\u00e4pp Nacksp\u00e4nningar P\u00e5 Bara N\u00e5gra Minuter \ud83d\udca4 Den h\u00e4r nackkudden \u00e4r en kiropraktorrekommenderad kudde som hj\u00e4lper till att slappna av [&hellip;]<\/p>\n","protected":false},"featured_media":18514,"comment_status":"open","ping_status":"closed","template":"","meta":{"site-sidebar-layout":"default","site-content-layout":"","ast-site-content-layout":"default","site-content-style":"default","site-sidebar-style":"default","ast-global-header-display":"","ast-banner-title-visibility":"","ast-main-header-display":"","ast-hfb-above-header-display":"","ast-hfb-below-header-display":"","ast-hfb-mobile-header-display":"","site-post-title":"","ast-breadcrumbs-content":"","ast-featured-img":"","footer-sml-layout":"","theme-transparent-header-meta":"default","adv-header-id-meta":"","stick-header-meta":"","header-above-stick-meta":"","header-main-stick-meta":"","header-below-stick-meta":"","astra-migrate-meta-layouts":"set","ast-page-background-enabled":"default","ast-page-background-meta":{"desktop":{"background-color":"var(--ast-global-color-4)","background-image":"","background-repeat":"repeat","background-position":"center center","background-size":"auto","background-attachment":"scroll","background-type":"","background-media":"","overlay-type":"","overlay-color":"","overlay-opacity":"","overlay-gradient":""},"tablet":{"background-color":"","background-image":"","background-repeat":"repeat","background-position":"center center","background-size":"auto","background-attachment":"scroll","background-type":"","background-media":"","overlay-type":"","overlay-color":"","overlay-opacity":"","overlay-gradient":""},"mobile":{"background-color":"","background-image":"","background-repeat":"repeat","background-position":"center center","background-size":"auto","background-attachment":"scroll","background-type":"","background-media":"","overlay-type":"","overlay-color":"","overlay-opacity":"","overlay-gradient":""}},"ast-content-background-meta":{"desktop":{"background-color":"var(--ast-global-color-5)","background-image":"","background-repeat":"repeat","background-position":"center center","background-size":"auto","background-attachment":"scroll","background-type":"","background-media":"","overlay-type":"","overlay-color":"","overlay-opacity":"","overlay-gradient":""},"tablet":{"background-color":"var(--ast-global-color-5)","background-image":"","background-repeat":"repeat","background-position":"center center","background-size":"auto","background-attachment":"scroll","background-type":"","background-media":"","overlay-type":"","overlay-color":"","overlay-opacity":"","overlay-gradient":""},"mobile":{"background-color":"var(--ast-global-color-5)","background-image":"","background-repeat":"repeat","background-position":"center center","background-size":"auto","background-attachment":"scroll","background-type":"","background-media":"","overlay-type":"","overlay-color":"","overlay-opacity":"","overlay-gradient":""}}},"product_brand":[],"product_cat":[991],"product_tag":[],"class_list":{"0":"post-18518","1":"product","2":"type-product","3":"status-publish","4":"has-post-thumbnail","6":"product_cat-health-care-supplies","7":"pa_31861_1gerbeiw-bla","8":"pa_31861_1gerbeiw-lila","9":"pa_31861_1gerbeiw-rosa","10":"pa_31861_1gerbeiw-svart","11":"desktop-align-left","12":"tablet-align-left","13":"mobile-align-left","15":"first","16":"instock","17":"shipping-taxable","18":"purchasable","19":"product-type-variable"},"_links":{"self":[{"href":"https:\/\/keluvo.com\/se\/wp-json\/wp\/v2\/product\/18518","targetHints":{"allow":["GET"]}}],"collection":[{"href":"https:\/\/keluvo.com\/se\/wp-json\/wp\/v2\/product"}],"about":[{"href":"https:\/\/keluvo.com\/se\/wp-json\/wp\/v2\/types\/product"}],"replies":[{"embeddable":true,"href":"https:\/\/keluvo.com\/se\/wp-json\/wp\/v2\/comments?post=18518"}],"wp:featuredmedia":[{"embeddable":true,"href":"https:\/\/keluvo.com\/se\/wp-json\/wp\/v2\/media\/18514"}],"wp:attachment":[{"href":"https:\/\/keluvo.com\/se\/wp-json\/wp\/v2\/media?parent=18518"}],"wp:term":[{"taxonomy":"product_brand","embeddable":true,"href":"https:\/\/keluvo.com\/se\/wp-json\/wp\/v2\/product_brand?post=18518"},{"taxonomy":"product_cat","embeddable":true,"href":"https:\/\/keluvo.com\/se\/wp-json\/wp\/v2\/product_cat?post=18518"},{"taxonomy":"product_tag","embeddable":true,"href":"https:\/\/keluvo.com\/se\/wp-json\/wp\/v2\/product_tag?post=18518"}],"curies":[{"name":"wp","href":"https:\/\/api.w.org\/{rel}","templated":true}]}}