{"id":18437,"date":"2025-08-06T14:14:27","date_gmt":"2025-08-06T12:14:27","guid":{"rendered":"https:\/\/keluvo.com\/se\/product\/elektrisk-kvarn-2\/"},"modified":"2025-08-06T14:14:27","modified_gmt":"2025-08-06T12:14:27","slug":"elektrisk-kvarn-2","status":"publish","type":"product","link":"https:\/\/keluvo.com\/se\/product\/elektrisk-kvarn-2\/","title":{"rendered":"Elektrisk kvarn"},"content":{"rendered":"<h2 style=\"text-align: center\">M\u00e5ngsidigt Malningsverktyg<\/h2>\n<p style=\"text-align: center\">Den elektriska kvarnen \u00e4r utformad f\u00f6r att enkelt hantera kaffeb\u00f6nor, kryddor, fr\u00f6n, n\u00f6tter och \u00f6rter. Dess m\u00e5ngsidiga funktionalitet g\u00f6r den till ett v\u00e4rdefullt tillskott i alla k\u00f6k och f\u00f6renklar matlagningen.<\/p>\n<p><img decoding=\"async\" class=\"alignnone size-medium wp-image-4486 aligncenter\" src=\"https:\/\/keluvo.com\/template\/wp-content\/uploads\/sites\/5\/2024\/11\/1e0283f1-e6b9-41cf-8465-f073c5f74f93.webp\" alt=\"\" \/><\/p>\n<h2 style=\"text-align: center\">H\u00e5llbar Konstruktion I Rostfritt St\u00e5l<\/h2>\n<p style=\"text-align: center\">Den elektriska kvarnen \u00e4r tillverkad av h\u00f6gkvalitativt rostfritt st\u00e5l och \u00e4r byggd f\u00f6r att h\u00e5lla. Dess robusta konstruktion s\u00e4kerst\u00e4ller konsekvent prestanda, medan den eleganta designen ger en modern touch till din b\u00e4nkskiva.<\/p>\n<p><img decoding=\"async\" class=\"alignnone size-medium wp-image-4489 aligncenter\" src=\"https:\/\/keluvo.com\/template\/wp-content\/uploads\/sites\/5\/2024\/11\/5a532273-7cd0-407d-8a83-6c50f39282e4.webp\" alt=\"\" \/><\/p>\n","protected":false},"excerpt":{"rendered":"<p>M\u00e5ngsidigt Malningsverktyg Den elektriska kvarnen \u00e4r utformad f\u00f6r att enkelt hantera kaffeb\u00f6nor, kryddor, fr\u00f6n, n\u00f6tter och \u00f6rter. Dess m\u00e5ngsidiga funktionalitet [&hellip;]<\/p>\n","protected":false},"featured_media":18433,"comment_status":"open","ping_status":"closed","template":"","meta":{"site-sidebar-layout":"default","site-content-layout":"","ast-site-content-layout":"default","site-content-style":"default","site-sidebar-style":"default","ast-global-header-display":"","ast-banner-title-visibility":"","ast-main-header-display":"","ast-hfb-above-header-display":"","ast-hfb-below-header-display":"","ast-hfb-mobile-header-display":"","site-post-title":"","ast-breadcrumbs-content":"","ast-featured-img":"","footer-sml-layout":"","theme-transparent-header-meta":"default","adv-header-id-meta":"","stick-header-meta":"","header-above-stick-meta":"","header-main-stick-meta":"","header-below-stick-meta":"","astra-migrate-meta-layouts":"set","ast-page-background-enabled":"default","ast-page-background-meta":{"desktop":{"background-color":"var(--ast-global-color-4)","background-image":"","background-repeat":"repeat","background-position":"center center","background-size":"auto","background-attachment":"scroll","background-type":"","background-media":"","overlay-type":"","overlay-color":"","overlay-opacity":"","overlay-gradient":""},"tablet":{"background-color":"","background-image":"","background-repeat":"repeat","background-position":"center center","background-size":"auto","background-attachment":"scroll","background-type":"","background-media":"","overlay-type":"","overlay-color":"","overlay-opacity":"","overlay-gradient":""},"mobile":{"background-color":"","background-image":"","background-repeat":"repeat","background-position":"center center","background-size":"auto","background-attachment":"scroll","background-type":"","background-media":"","overlay-type":"","overlay-color":"","overlay-opacity":"","overlay-gradient":""}},"ast-content-background-meta":{"desktop":{"background-color":"var(--ast-global-color-5)","background-image":"","background-repeat":"repeat","background-position":"center center","background-size":"auto","background-attachment":"scroll","background-type":"","background-media":"","overlay-type":"","overlay-color":"","overlay-opacity":"","overlay-gradient":""},"tablet":{"background-color":"var(--ast-global-color-5)","background-image":"","background-repeat":"repeat","background-position":"center center","background-size":"auto","background-attachment":"scroll","background-type":"","background-media":"","overlay-type":"","overlay-color":"","overlay-opacity":"","overlay-gradient":""},"mobile":{"background-color":"var(--ast-global-color-5)","background-image":"","background-repeat":"repeat","background-position":"center center","background-size":"auto","background-attachment":"scroll","background-type":"","background-media":"","overlay-type":"","overlay-color":"","overlay-opacity":"","overlay-gradient":""}}},"product_brand":[],"product_cat":[1001],"product_tag":[],"class_list":{"0":"post-18437","1":"product","2":"type-product","3":"status-publish","4":"has-post-thumbnail","6":"product_cat-household-goods","7":"desktop-align-left","8":"tablet-align-left","9":"mobile-align-left","11":"first","12":"instock","13":"shipping-taxable","14":"purchasable","15":"product-type-simple"},"_links":{"self":[{"href":"https:\/\/keluvo.com\/se\/wp-json\/wp\/v2\/product\/18437","targetHints":{"allow":["GET"]}}],"collection":[{"href":"https:\/\/keluvo.com\/se\/wp-json\/wp\/v2\/product"}],"about":[{"href":"https:\/\/keluvo.com\/se\/wp-json\/wp\/v2\/types\/product"}],"replies":[{"embeddable":true,"href":"https:\/\/keluvo.com\/se\/wp-json\/wp\/v2\/comments?post=18437"}],"wp:featuredmedia":[{"embeddable":true,"href":"https:\/\/keluvo.com\/se\/wp-json\/wp\/v2\/media\/18433"}],"wp:attachment":[{"href":"https:\/\/keluvo.com\/se\/wp-json\/wp\/v2\/media?parent=18437"}],"wp:term":[{"taxonomy":"product_brand","embeddable":true,"href":"https:\/\/keluvo.com\/se\/wp-json\/wp\/v2\/product_brand?post=18437"},{"taxonomy":"product_cat","embeddable":true,"href":"https:\/\/keluvo.com\/se\/wp-json\/wp\/v2\/product_cat?post=18437"},{"taxonomy":"product_tag","embeddable":true,"href":"https:\/\/keluvo.com\/se\/wp-json\/wp\/v2\/product_tag?post=18437"}],"curies":[{"name":"wp","href":"https:\/\/api.w.org\/{rel}","templated":true}]}}