{"id":18424,"date":"2025-08-06T14:14:05","date_gmt":"2025-08-06T12:14:05","guid":{"rendered":"https:\/\/keluvo.com\/se\/product\/pop-up-lektalt\/"},"modified":"2025-08-06T14:14:13","modified_gmt":"2025-08-06T12:14:13","slug":"pop-up-lektalt","status":"publish","type":"product","link":"https:\/\/keluvo.com\/se\/product\/pop-up-lektalt\/","title":{"rendered":"Pop up-lekt\u00e4lt"},"content":{"rendered":"<h2 style=\"text-align: center\">Snabb och enkel upps\u00e4ttning<\/h2>\n<p style=\"text-align: center\">Det hopf\u00e4llbara lekt\u00e4ltet har en hopf\u00e4llbar design som g\u00f6r att du kan s\u00e4tta upp det p\u00e5 n\u00e5gra sekunder. Det \u00f6ppnas direkt, vilket g\u00f6r det perfekt f\u00f6r b\u00e5de inomhus- och utomhuslek. N\u00e4r lekstunden \u00e4r \u00f6ver f\u00e4lls det ihop platt f\u00f6r enkel f\u00f6rvaring eller transport, vilket g\u00f6r det till ett bekv\u00e4mt alternativ f\u00f6r upptagna familjer.<\/p>\n<p><img fetchpriority=\"high\" decoding=\"async\" width=\"800\" height=\"800\" class=\"alignnone size-medium wp-image-3636 aligncenter\" src=\"https:\/\/keluvo.com\/template\/wp-content\/uploads\/sites\/5\/2024\/11\/Sc52bb736d80744c195852b8fd8619f05J.jpg\" alt=\"\" srcset=\"https:\/\/keluvo.com\/se\/wp-content\/uploads\/sites\/12\/2024\/11\/Sc52bb736d80744c195852b8fd8619f05J.jpg 800w, https:\/\/keluvo.com\/se\/wp-content\/uploads\/sites\/12\/2024\/11\/Sc52bb736d80744c195852b8fd8619f05J-300x300.jpg 300w, https:\/\/keluvo.com\/se\/wp-content\/uploads\/sites\/12\/2024\/11\/Sc52bb736d80744c195852b8fd8619f05J-150x150.jpg 150w, https:\/\/keluvo.com\/se\/wp-content\/uploads\/sites\/12\/2024\/11\/Sc52bb736d80744c195852b8fd8619f05J-768x768.jpg 768w, https:\/\/keluvo.com\/se\/wp-content\/uploads\/sites\/12\/2024\/11\/Sc52bb736d80744c195852b8fd8619f05J-600x600.jpg 600w, https:\/\/keluvo.com\/se\/wp-content\/uploads\/sites\/12\/2024\/11\/Sc52bb736d80744c195852b8fd8619f05J-100x100.jpg 100w, https:\/\/keluvo.com\/se\/wp-content\/uploads\/sites\/12\/2024\/11\/Sc52bb736d80744c195852b8fd8619f05J-50x50.jpg 50w\" sizes=\"(max-width: 800px) 100vw, 800px\" \/><\/p>\n<h2 style=\"text-align: center\">Uppmuntrar till kreativ lek<\/h2>\n<p style=\"text-align: center\">Detta pop up-lekt\u00e4lt ger en rolig och s\u00e4ker plats f\u00f6r barn att utforska sin fantasi. Oavsett om det handlar om att l\u00e5tsas driva en butik eller campa inomhus uppmuntrar t\u00e4ltet till kreativitet och rollspel. Det \u00e4r perfekt f\u00f6r solo-\u00e4ventyr eller interaktiv lek med v\u00e4nner och familj.<\/p>\n<p><img decoding=\"async\" width=\"1000\" height=\"1000\" class=\"alignnone size-medium wp-image-3634 aligncenter\" src=\"https:\/\/keluvo.com\/template\/wp-content\/uploads\/sites\/5\/2024\/11\/e5f4dbc6-e0ae-4930-b224-1b294610f632.webp\" alt=\"\" srcset=\"https:\/\/keluvo.com\/se\/wp-content\/uploads\/sites\/12\/2024\/11\/e5f4dbc6-e0ae-4930-b224-1b294610f632.webp 1000w, https:\/\/keluvo.com\/se\/wp-content\/uploads\/sites\/12\/2024\/11\/e5f4dbc6-e0ae-4930-b224-1b294610f632-300x300.webp 300w, https:\/\/keluvo.com\/se\/wp-content\/uploads\/sites\/12\/2024\/11\/e5f4dbc6-e0ae-4930-b224-1b294610f632-150x150.webp 150w, https:\/\/keluvo.com\/se\/wp-content\/uploads\/sites\/12\/2024\/11\/e5f4dbc6-e0ae-4930-b224-1b294610f632-768x768.webp 768w, https:\/\/keluvo.com\/se\/wp-content\/uploads\/sites\/12\/2024\/11\/e5f4dbc6-e0ae-4930-b224-1b294610f632-600x600.webp 600w, https:\/\/keluvo.com\/se\/wp-content\/uploads\/sites\/12\/2024\/11\/e5f4dbc6-e0ae-4930-b224-1b294610f632-100x100.webp 100w, https:\/\/keluvo.com\/se\/wp-content\/uploads\/sites\/12\/2024\/11\/e5f4dbc6-e0ae-4930-b224-1b294610f632-50x50.webp 50w\" sizes=\"(max-width: 1000px) 100vw, 1000px\" \/><\/p>\n","protected":false},"excerpt":{"rendered":"<p>Snabb och enkel upps\u00e4ttning Det hopf\u00e4llbara lekt\u00e4ltet har en hopf\u00e4llbar design som g\u00f6r att du kan s\u00e4tta upp det p\u00e5 [&hellip;]<\/p>\n","protected":false},"featured_media":18420,"comment_status":"open","ping_status":"closed","template":"","meta":{"site-sidebar-layout":"default","site-content-layout":"","ast-site-content-layout":"default","site-content-style":"default","site-sidebar-style":"default","ast-global-header-display":"","ast-banner-title-visibility":"","ast-main-header-display":"","ast-hfb-above-header-display":"","ast-hfb-below-header-display":"","ast-hfb-mobile-header-display":"","site-post-title":"","ast-breadcrumbs-content":"","ast-featured-img":"","footer-sml-layout":"","theme-transparent-header-meta":"default","adv-header-id-meta":"","stick-header-meta":"","header-above-stick-meta":"","header-main-stick-meta":"","header-below-stick-meta":"","astra-migrate-meta-layouts":"set","ast-page-background-enabled":"default","ast-page-background-meta":{"desktop":{"background-color":"var(--ast-global-color-4)","background-image":"","background-repeat":"repeat","background-position":"center center","background-size":"auto","background-attachment":"scroll","background-type":"","background-media":"","overlay-type":"","overlay-color":"","overlay-opacity":"","overlay-gradient":""},"tablet":{"background-color":"","background-image":"","background-repeat":"repeat","background-position":"center center","background-size":"auto","background-attachment":"scroll","background-type":"","background-media":"","overlay-type":"","overlay-color":"","overlay-opacity":"","overlay-gradient":""},"mobile":{"background-color":"","background-image":"","background-repeat":"repeat","background-position":"center center","background-size":"auto","background-attachment":"scroll","background-type":"","background-media":"","overlay-type":"","overlay-color":"","overlay-opacity":"","overlay-gradient":""}},"ast-content-background-meta":{"desktop":{"background-color":"var(--ast-global-color-5)","background-image":"","background-repeat":"repeat","background-position":"center center","background-size":"auto","background-attachment":"scroll","background-type":"","background-media":"","overlay-type":"","overlay-color":"","overlay-opacity":"","overlay-gradient":""},"tablet":{"background-color":"var(--ast-global-color-5)","background-image":"","background-repeat":"repeat","background-position":"center center","background-size":"auto","background-attachment":"scroll","background-type":"","background-media":"","overlay-type":"","overlay-color":"","overlay-opacity":"","overlay-gradient":""},"mobile":{"background-color":"var(--ast-global-color-5)","background-image":"","background-repeat":"repeat","background-position":"center center","background-size":"auto","background-attachment":"scroll","background-type":"","background-media":"","overlay-type":"","overlay-color":"","overlay-opacity":"","overlay-gradient":""}}},"product_brand":[],"product_cat":[990],"product_tag":[],"class_list":{"0":"post-18424","1":"product","2":"type-product","3":"status-publish","4":"has-post-thumbnail","6":"product_cat-toys-childrens-and-baby-products","7":"pa_37923_btk5tmn5-bla","8":"pa_37923_btk5tmn5-gul","9":"pa_37923_btk5tmn5-rod","10":"pa_37923_btk5tmn5-rosa","11":"desktop-align-left","12":"tablet-align-left","13":"mobile-align-left","15":"first","16":"instock","17":"shipping-taxable","18":"purchasable","19":"product-type-variable"},"_links":{"self":[{"href":"https:\/\/keluvo.com\/se\/wp-json\/wp\/v2\/product\/18424","targetHints":{"allow":["GET"]}}],"collection":[{"href":"https:\/\/keluvo.com\/se\/wp-json\/wp\/v2\/product"}],"about":[{"href":"https:\/\/keluvo.com\/se\/wp-json\/wp\/v2\/types\/product"}],"replies":[{"embeddable":true,"href":"https:\/\/keluvo.com\/se\/wp-json\/wp\/v2\/comments?post=18424"}],"wp:featuredmedia":[{"embeddable":true,"href":"https:\/\/keluvo.com\/se\/wp-json\/wp\/v2\/media\/18420"}],"wp:attachment":[{"href":"https:\/\/keluvo.com\/se\/wp-json\/wp\/v2\/media?parent=18424"}],"wp:term":[{"taxonomy":"product_brand","embeddable":true,"href":"https:\/\/keluvo.com\/se\/wp-json\/wp\/v2\/product_brand?post=18424"},{"taxonomy":"product_cat","embeddable":true,"href":"https:\/\/keluvo.com\/se\/wp-json\/wp\/v2\/product_cat?post=18424"},{"taxonomy":"product_tag","embeddable":true,"href":"https:\/\/keluvo.com\/se\/wp-json\/wp\/v2\/product_tag?post=18424"}],"curies":[{"name":"wp","href":"https:\/\/api.w.org\/{rel}","templated":true}]}}