{"id":18415,"date":"2025-08-06T14:13:42","date_gmt":"2025-08-06T12:13:42","guid":{"rendered":"https:\/\/keluvo.com\/se\/product\/3d-pussel-med-kubformade-trabitar\/"},"modified":"2025-08-06T14:13:46","modified_gmt":"2025-08-06T12:13:46","slug":"3d-pussel-med-kubformade-trabitar","status":"publish","type":"product","link":"https:\/\/keluvo.com\/se\/product\/3d-pussel-med-kubformade-trabitar\/","title":{"rendered":"3D-pussel med kubformade tr\u00e4bitar"},"content":{"rendered":"<h2 style=\"text-align: center\">Utmanande hj\u00e4rngympa<\/h2>\n<p style=\"text-align: center\">3D-tr\u00e4dkubspusslet \u00e4r utformat f\u00f6r att utmana och engagera din hj\u00e4rna. Det uppmuntrar probleml\u00f6sning och logiskt t\u00e4nkande n\u00e4r du arbetar f\u00f6r att sammankoppla tr\u00e4bitarna till den perfekta formen. Detta pussel \u00e4r roligt f\u00f6r b\u00e5de barn och vuxna, vilket g\u00f6r det perfekt f\u00f6r familjeband och interaktiv lek.<\/p>\n<p><img fetchpriority=\"high\" decoding=\"async\" width=\"800\" height=\"800\" class=\"alignnone size-medium wp-image-3652 aligncenter\" src=\"https:\/\/keluvo.com\/template\/wp-content\/uploads\/sites\/5\/2024\/11\/3a4bc68b-93ec-4094-b24b-405430316504.webp\" alt=\"\" srcset=\"https:\/\/keluvo.com\/se\/wp-content\/uploads\/sites\/12\/2024\/11\/3a4bc68b-93ec-4094-b24b-405430316504.webp 800w, https:\/\/keluvo.com\/se\/wp-content\/uploads\/sites\/12\/2024\/11\/3a4bc68b-93ec-4094-b24b-405430316504-300x300.webp 300w, https:\/\/keluvo.com\/se\/wp-content\/uploads\/sites\/12\/2024\/11\/3a4bc68b-93ec-4094-b24b-405430316504-150x150.webp 150w, https:\/\/keluvo.com\/se\/wp-content\/uploads\/sites\/12\/2024\/11\/3a4bc68b-93ec-4094-b24b-405430316504-768x768.webp 768w, https:\/\/keluvo.com\/se\/wp-content\/uploads\/sites\/12\/2024\/11\/3a4bc68b-93ec-4094-b24b-405430316504-600x600.webp 600w, https:\/\/keluvo.com\/se\/wp-content\/uploads\/sites\/12\/2024\/11\/3a4bc68b-93ec-4094-b24b-405430316504-100x100.webp 100w, https:\/\/keluvo.com\/se\/wp-content\/uploads\/sites\/12\/2024\/11\/3a4bc68b-93ec-4094-b24b-405430316504-50x50.webp 50w\" sizes=\"(max-width: 800px) 100vw, 800px\" \/><\/p>\n<h2 style=\"text-align: center\">S\u00e4kra och h\u00e5llbara material<\/h2>\n<p style=\"text-align: center\">Tr\u00e4kubspusslet i 3D \u00e4r tillverkat av h\u00f6gkvalitativt tr\u00e4 och \u00e4r s\u00e4kert, giftfritt och h\u00e5llbart. De sl\u00e4ta kanterna g\u00f6r det s\u00e4kert f\u00f6r barn fr\u00e5n 3 \u00e5r och upp\u00e5t, medan det naturliga materialet ger en klassisk touch. Den robusta designen s\u00e4kerst\u00e4ller att det kan anv\u00e4ndas upprepade g\u00e5nger utan att slitas ut.<\/p>\n<p><img decoding=\"async\" width=\"800\" height=\"800\" class=\"alignnone size-medium wp-image-3654 aligncenter\" src=\"https:\/\/keluvo.com\/template\/wp-content\/uploads\/sites\/5\/2024\/11\/41f96425-310f-4618-ac9b-52f3b0d7898c.webp\" alt=\"\" srcset=\"https:\/\/keluvo.com\/se\/wp-content\/uploads\/sites\/12\/2024\/11\/41f96425-310f-4618-ac9b-52f3b0d7898c.webp 800w, https:\/\/keluvo.com\/se\/wp-content\/uploads\/sites\/12\/2024\/11\/41f96425-310f-4618-ac9b-52f3b0d7898c-300x300.webp 300w, https:\/\/keluvo.com\/se\/wp-content\/uploads\/sites\/12\/2024\/11\/41f96425-310f-4618-ac9b-52f3b0d7898c-150x150.webp 150w, https:\/\/keluvo.com\/se\/wp-content\/uploads\/sites\/12\/2024\/11\/41f96425-310f-4618-ac9b-52f3b0d7898c-768x768.webp 768w, https:\/\/keluvo.com\/se\/wp-content\/uploads\/sites\/12\/2024\/11\/41f96425-310f-4618-ac9b-52f3b0d7898c-600x600.webp 600w, https:\/\/keluvo.com\/se\/wp-content\/uploads\/sites\/12\/2024\/11\/41f96425-310f-4618-ac9b-52f3b0d7898c-100x100.webp 100w, https:\/\/keluvo.com\/se\/wp-content\/uploads\/sites\/12\/2024\/11\/41f96425-310f-4618-ac9b-52f3b0d7898c-50x50.webp 50w\" sizes=\"(max-width: 800px) 100vw, 800px\" \/><\/p>\n","protected":false},"excerpt":{"rendered":"<p>Utmanande hj\u00e4rngympa 3D-tr\u00e4dkubspusslet \u00e4r utformat f\u00f6r att utmana och engagera din hj\u00e4rna. Det uppmuntrar probleml\u00f6sning och logiskt t\u00e4nkande n\u00e4r du [&hellip;]<\/p>\n","protected":false},"featured_media":18411,"comment_status":"open","ping_status":"closed","template":"","meta":{"site-sidebar-layout":"default","site-content-layout":"","ast-site-content-layout":"default","site-content-style":"default","site-sidebar-style":"default","ast-global-header-display":"","ast-banner-title-visibility":"","ast-main-header-display":"","ast-hfb-above-header-display":"","ast-hfb-below-header-display":"","ast-hfb-mobile-header-display":"","site-post-title":"","ast-breadcrumbs-content":"","ast-featured-img":"","footer-sml-layout":"","theme-transparent-header-meta":"default","adv-header-id-meta":"","stick-header-meta":"","header-above-stick-meta":"","header-main-stick-meta":"","header-below-stick-meta":"","astra-migrate-meta-layouts":"set","ast-page-background-enabled":"default","ast-page-background-meta":{"desktop":{"background-color":"var(--ast-global-color-4)","background-image":"","background-repeat":"repeat","background-position":"center center","background-size":"auto","background-attachment":"scroll","background-type":"","background-media":"","overlay-type":"","overlay-color":"","overlay-opacity":"","overlay-gradient":""},"tablet":{"background-color":"","background-image":"","background-repeat":"repeat","background-position":"center center","background-size":"auto","background-attachment":"scroll","background-type":"","background-media":"","overlay-type":"","overlay-color":"","overlay-opacity":"","overlay-gradient":""},"mobile":{"background-color":"","background-image":"","background-repeat":"repeat","background-position":"center center","background-size":"auto","background-attachment":"scroll","background-type":"","background-media":"","overlay-type":"","overlay-color":"","overlay-opacity":"","overlay-gradient":""}},"ast-content-background-meta":{"desktop":{"background-color":"var(--ast-global-color-5)","background-image":"","background-repeat":"repeat","background-position":"center center","background-size":"auto","background-attachment":"scroll","background-type":"","background-media":"","overlay-type":"","overlay-color":"","overlay-opacity":"","overlay-gradient":""},"tablet":{"background-color":"var(--ast-global-color-5)","background-image":"","background-repeat":"repeat","background-position":"center center","background-size":"auto","background-attachment":"scroll","background-type":"","background-media":"","overlay-type":"","overlay-color":"","overlay-opacity":"","overlay-gradient":""},"mobile":{"background-color":"var(--ast-global-color-5)","background-image":"","background-repeat":"repeat","background-position":"center center","background-size":"auto","background-attachment":"scroll","background-type":"","background-media":"","overlay-type":"","overlay-color":"","overlay-opacity":"","overlay-gradient":""}}},"product_brand":[],"product_cat":[990],"product_tag":[],"class_list":{"0":"post-18415","1":"product","2":"type-product","3":"status-publish","4":"has-post-thumbnail","6":"product_cat-toys-childrens-and-baby-products","7":"pa_37611_zus225rl-l","8":"pa_37611_zus225rl-t","9":"desktop-align-left","10":"tablet-align-left","11":"mobile-align-left","13":"first","14":"instock","15":"shipping-taxable","16":"purchasable","17":"product-type-variable"},"_links":{"self":[{"href":"https:\/\/keluvo.com\/se\/wp-json\/wp\/v2\/product\/18415","targetHints":{"allow":["GET"]}}],"collection":[{"href":"https:\/\/keluvo.com\/se\/wp-json\/wp\/v2\/product"}],"about":[{"href":"https:\/\/keluvo.com\/se\/wp-json\/wp\/v2\/types\/product"}],"replies":[{"embeddable":true,"href":"https:\/\/keluvo.com\/se\/wp-json\/wp\/v2\/comments?post=18415"}],"wp:featuredmedia":[{"embeddable":true,"href":"https:\/\/keluvo.com\/se\/wp-json\/wp\/v2\/media\/18411"}],"wp:attachment":[{"href":"https:\/\/keluvo.com\/se\/wp-json\/wp\/v2\/media?parent=18415"}],"wp:term":[{"taxonomy":"product_brand","embeddable":true,"href":"https:\/\/keluvo.com\/se\/wp-json\/wp\/v2\/product_brand?post=18415"},{"taxonomy":"product_cat","embeddable":true,"href":"https:\/\/keluvo.com\/se\/wp-json\/wp\/v2\/product_cat?post=18415"},{"taxonomy":"product_tag","embeddable":true,"href":"https:\/\/keluvo.com\/se\/wp-json\/wp\/v2\/product_tag?post=18415"}],"curies":[{"name":"wp","href":"https:\/\/api.w.org\/{rel}","templated":true}]}}