{"id":18231,"date":"2025-08-05T16:18:27","date_gmt":"2025-08-05T14:18:27","guid":{"rendered":"https:\/\/keluvo.com\/se\/product\/gronsaksskarare-2\/"},"modified":"2025-08-05T16:18:27","modified_gmt":"2025-08-05T14:18:27","slug":"gronsaksskarare-2","status":"publish","type":"product","link":"https:\/\/keluvo.com\/se\/product\/gronsaksskarare-2\/","title":{"rendered":"Gr\u00f6nsakssk\u00e4rare"},"content":{"rendered":"<h2 style=\"text-align: center\">Enkel Gr\u00f6nsaksf\u00f6rberedelse<\/h2>\n<p style=\"text-align: center\">Med gr\u00f6nsakssk\u00e4raren kan du skapa perfekt enhetliga spiraler, skivor och snitt p\u00e5 n\u00e5gra sekunder. Detta verktyg snabbar upp m\u00e5ltidsf\u00f6rberedelserna s\u00e5 att du enkelt kan g\u00f6ra pommes frites, sallader och gr\u00f6nsaksbaserad pasta.<\/p>\n<p><img fetchpriority=\"high\" decoding=\"async\" width=\"1200\" height=\"1200\" class=\"alignnone size-medium wp-image-3212 aligncenter\" src=\"https:\/\/keluvo.com\/template\/wp-content\/uploads\/sites\/5\/2024\/11\/3-In-1-Vegetable-Slicer-Manual-Kitchen-Accessories-Grater-For-Vegetable-Cutter-Round-Chopper-Kitchen-Supplies.jpg_.png\" alt=\"\" srcset=\"https:\/\/keluvo.com\/se\/wp-content\/uploads\/sites\/12\/2024\/11\/3-In-1-Vegetable-Slicer-Manual-Kitchen-Accessories-Grater-For-Vegetable-Cutter-Round-Chopper-Kitchen-Supplies.jpg_.png 1200w, https:\/\/keluvo.com\/se\/wp-content\/uploads\/sites\/12\/2024\/11\/3-In-1-Vegetable-Slicer-Manual-Kitchen-Accessories-Grater-For-Vegetable-Cutter-Round-Chopper-Kitchen-Supplies.jpg_-300x300.png 300w, https:\/\/keluvo.com\/se\/wp-content\/uploads\/sites\/12\/2024\/11\/3-In-1-Vegetable-Slicer-Manual-Kitchen-Accessories-Grater-For-Vegetable-Cutter-Round-Chopper-Kitchen-Supplies.jpg_-1024x1024.png 1024w, https:\/\/keluvo.com\/se\/wp-content\/uploads\/sites\/12\/2024\/11\/3-In-1-Vegetable-Slicer-Manual-Kitchen-Accessories-Grater-For-Vegetable-Cutter-Round-Chopper-Kitchen-Supplies.jpg_-150x150.png 150w, https:\/\/keluvo.com\/se\/wp-content\/uploads\/sites\/12\/2024\/11\/3-In-1-Vegetable-Slicer-Manual-Kitchen-Accessories-Grater-For-Vegetable-Cutter-Round-Chopper-Kitchen-Supplies.jpg_-768x768.png 768w, https:\/\/keluvo.com\/se\/wp-content\/uploads\/sites\/12\/2024\/11\/3-In-1-Vegetable-Slicer-Manual-Kitchen-Accessories-Grater-For-Vegetable-Cutter-Round-Chopper-Kitchen-Supplies.jpg_-600x600.png 600w, https:\/\/keluvo.com\/se\/wp-content\/uploads\/sites\/12\/2024\/11\/3-In-1-Vegetable-Slicer-Manual-Kitchen-Accessories-Grater-For-Vegetable-Cutter-Round-Chopper-Kitchen-Supplies.jpg_-100x100.png 100w, https:\/\/keluvo.com\/se\/wp-content\/uploads\/sites\/12\/2024\/11\/3-In-1-Vegetable-Slicer-Manual-Kitchen-Accessories-Grater-For-Vegetable-Cutter-Round-Chopper-Kitchen-Supplies.jpg_-50x50.png 50w\" sizes=\"(max-width: 1200px) 100vw, 1200px\" \/><\/p>\n<h2 style=\"text-align: center\">Multifunktionsdesign<\/h2>\n<p style=\"text-align: center\">Den h\u00e4r 3-i-1-gr\u00f6nsakssvarven kombinerar skivning, julienning och malning i ett kompakt verktyg, vilket sparar utrymme i k\u00f6ket. Dess m\u00e5ngsidiga design inneb\u00e4r mindre r\u00f6ran och mer bekv\u00e4mlighet, vilket g\u00f6r den n\u00f6dv\u00e4ndig f\u00f6r alla k\u00f6k.<\/p>\n<p><img decoding=\"async\" width=\"1200\" height=\"1200\" class=\"alignnone size-medium wp-image-3213 aligncenter\" src=\"https:\/\/keluvo.com\/template\/wp-content\/uploads\/sites\/5\/2024\/11\/3-in1-Vegetable-Slicer-Chopper-Grater-Manual-Kitchen-Tools-For-Cucumber-Carrot-Cutter-Garlic-Round-Mandolin.jpg_.png\" alt=\"\" srcset=\"https:\/\/keluvo.com\/se\/wp-content\/uploads\/sites\/12\/2024\/11\/3-in1-Vegetable-Slicer-Chopper-Grater-Manual-Kitchen-Tools-For-Cucumber-Carrot-Cutter-Garlic-Round-Mandolin.jpg_.png 1200w, https:\/\/keluvo.com\/se\/wp-content\/uploads\/sites\/12\/2024\/11\/3-in1-Vegetable-Slicer-Chopper-Grater-Manual-Kitchen-Tools-For-Cucumber-Carrot-Cutter-Garlic-Round-Mandolin.jpg_-300x300.png 300w, https:\/\/keluvo.com\/se\/wp-content\/uploads\/sites\/12\/2024\/11\/3-in1-Vegetable-Slicer-Chopper-Grater-Manual-Kitchen-Tools-For-Cucumber-Carrot-Cutter-Garlic-Round-Mandolin.jpg_-1024x1024.png 1024w, https:\/\/keluvo.com\/se\/wp-content\/uploads\/sites\/12\/2024\/11\/3-in1-Vegetable-Slicer-Chopper-Grater-Manual-Kitchen-Tools-For-Cucumber-Carrot-Cutter-Garlic-Round-Mandolin.jpg_-150x150.png 150w, https:\/\/keluvo.com\/se\/wp-content\/uploads\/sites\/12\/2024\/11\/3-in1-Vegetable-Slicer-Chopper-Grater-Manual-Kitchen-Tools-For-Cucumber-Carrot-Cutter-Garlic-Round-Mandolin.jpg_-768x768.png 768w, https:\/\/keluvo.com\/se\/wp-content\/uploads\/sites\/12\/2024\/11\/3-in1-Vegetable-Slicer-Chopper-Grater-Manual-Kitchen-Tools-For-Cucumber-Carrot-Cutter-Garlic-Round-Mandolin.jpg_-600x600.png 600w, https:\/\/keluvo.com\/se\/wp-content\/uploads\/sites\/12\/2024\/11\/3-in1-Vegetable-Slicer-Chopper-Grater-Manual-Kitchen-Tools-For-Cucumber-Carrot-Cutter-Garlic-Round-Mandolin.jpg_-100x100.png 100w, https:\/\/keluvo.com\/se\/wp-content\/uploads\/sites\/12\/2024\/11\/3-in1-Vegetable-Slicer-Chopper-Grater-Manual-Kitchen-Tools-For-Cucumber-Carrot-Cutter-Garlic-Round-Mandolin.jpg_-50x50.png 50w\" sizes=\"(max-width: 1200px) 100vw, 1200px\" \/><\/p>\n","protected":false},"excerpt":{"rendered":"<p>Enkel Gr\u00f6nsaksf\u00f6rberedelse Med gr\u00f6nsakssk\u00e4raren kan du skapa perfekt enhetliga spiraler, skivor och snitt p\u00e5 n\u00e5gra sekunder. Detta verktyg snabbar upp [&hellip;]<\/p>\n","protected":false},"featured_media":18227,"comment_status":"open","ping_status":"closed","template":"","meta":{"site-sidebar-layout":"default","site-content-layout":"","ast-site-content-layout":"default","site-content-style":"default","site-sidebar-style":"default","ast-global-header-display":"","ast-banner-title-visibility":"","ast-main-header-display":"","ast-hfb-above-header-display":"","ast-hfb-below-header-display":"","ast-hfb-mobile-header-display":"","site-post-title":"","ast-breadcrumbs-content":"","ast-featured-img":"","footer-sml-layout":"","theme-transparent-header-meta":"default","adv-header-id-meta":"","stick-header-meta":"","header-above-stick-meta":"","header-main-stick-meta":"","header-below-stick-meta":"","astra-migrate-meta-layouts":"set","ast-page-background-enabled":"default","ast-page-background-meta":{"desktop":{"background-color":"var(--ast-global-color-4)","background-image":"","background-repeat":"repeat","background-position":"center center","background-size":"auto","background-attachment":"scroll","background-type":"","background-media":"","overlay-type":"","overlay-color":"","overlay-opacity":"","overlay-gradient":""},"tablet":{"background-color":"","background-image":"","background-repeat":"repeat","background-position":"center center","background-size":"auto","background-attachment":"scroll","background-type":"","background-media":"","overlay-type":"","overlay-color":"","overlay-opacity":"","overlay-gradient":""},"mobile":{"background-color":"","background-image":"","background-repeat":"repeat","background-position":"center center","background-size":"auto","background-attachment":"scroll","background-type":"","background-media":"","overlay-type":"","overlay-color":"","overlay-opacity":"","overlay-gradient":""}},"ast-content-background-meta":{"desktop":{"background-color":"var(--ast-global-color-5)","background-image":"","background-repeat":"repeat","background-position":"center center","background-size":"auto","background-attachment":"scroll","background-type":"","background-media":"","overlay-type":"","overlay-color":"","overlay-opacity":"","overlay-gradient":""},"tablet":{"background-color":"var(--ast-global-color-5)","background-image":"","background-repeat":"repeat","background-position":"center center","background-size":"auto","background-attachment":"scroll","background-type":"","background-media":"","overlay-type":"","overlay-color":"","overlay-opacity":"","overlay-gradient":""},"mobile":{"background-color":"var(--ast-global-color-5)","background-image":"","background-repeat":"repeat","background-position":"center center","background-size":"auto","background-attachment":"scroll","background-type":"","background-media":"","overlay-type":"","overlay-color":"","overlay-opacity":"","overlay-gradient":""}}},"product_brand":[],"product_cat":[1001],"product_tag":[],"class_list":{"0":"post-18231","1":"product","2":"type-product","3":"status-publish","4":"has-post-thumbnail","6":"product_cat-household-goods","7":"desktop-align-left","8":"tablet-align-left","9":"mobile-align-left","11":"first","12":"instock","13":"shipping-taxable","14":"purchasable","15":"product-type-simple"},"_links":{"self":[{"href":"https:\/\/keluvo.com\/se\/wp-json\/wp\/v2\/product\/18231","targetHints":{"allow":["GET"]}}],"collection":[{"href":"https:\/\/keluvo.com\/se\/wp-json\/wp\/v2\/product"}],"about":[{"href":"https:\/\/keluvo.com\/se\/wp-json\/wp\/v2\/types\/product"}],"replies":[{"embeddable":true,"href":"https:\/\/keluvo.com\/se\/wp-json\/wp\/v2\/comments?post=18231"}],"wp:featuredmedia":[{"embeddable":true,"href":"https:\/\/keluvo.com\/se\/wp-json\/wp\/v2\/media\/18227"}],"wp:attachment":[{"href":"https:\/\/keluvo.com\/se\/wp-json\/wp\/v2\/media?parent=18231"}],"wp:term":[{"taxonomy":"product_brand","embeddable":true,"href":"https:\/\/keluvo.com\/se\/wp-json\/wp\/v2\/product_brand?post=18231"},{"taxonomy":"product_cat","embeddable":true,"href":"https:\/\/keluvo.com\/se\/wp-json\/wp\/v2\/product_cat?post=18231"},{"taxonomy":"product_tag","embeddable":true,"href":"https:\/\/keluvo.com\/se\/wp-json\/wp\/v2\/product_tag?post=18231"}],"curies":[{"name":"wp","href":"https:\/\/api.w.org\/{rel}","templated":true}]}}