{"id":18166,"date":"2025-08-05T16:15:42","date_gmt":"2025-08-05T14:15:42","guid":{"rendered":"https:\/\/keluvo.com\/se\/product\/rund-badd-i-plysch-for-husdjur\/"},"modified":"2025-08-05T16:45:55","modified_gmt":"2025-08-05T14:45:55","slug":"rund-badd-i-plysch-for-husdjur","status":"publish","type":"product","link":"https:\/\/keluvo.com\/se\/product\/rund-badd-i-plysch-for-husdjur\/","title":{"rendered":"Rund b\u00e4dd i plysch f\u00f6r husdjur"},"content":{"rendered":"<h2 style=\"text-align: center\">Extra Mjuk Plyschkomfort<\/h2>\n<p style=\"text-align: center\">Den h\u00e4r runda plyschb\u00e4dden f\u00f6r husdjur \u00e4r tillverkad av tjocka, mjuka material som ger ett mysigt och varmt utrymme f\u00f6r ditt husdjur att vila. Den mjuka ytan \u00e4r utformad f\u00f6r maximal komfort, vilket g\u00f6r den till en idealisk tillflyktsort f\u00f6r din h\u00e5riga v\u00e4n att koppla av och k\u00e4nna sig trygg.<\/p>\n<p><img fetchpriority=\"high\" decoding=\"async\" width=\"679\" height=\"679\" class=\"alignnone size-medium wp-image-3408 aligncenter\" src=\"https:\/\/keluvo.com\/template\/wp-content\/uploads\/sites\/5\/2024\/11\/Winter-Long-Plush-Pet-Cat-Bed-Round-Cat-Cushion-House-Warm-Cat-Basket-Cat-Sleep-Bag.jpg_.png\" alt=\"\" srcset=\"https:\/\/keluvo.com\/se\/wp-content\/uploads\/sites\/12\/2024\/11\/Winter-Long-Plush-Pet-Cat-Bed-Round-Cat-Cushion-House-Warm-Cat-Basket-Cat-Sleep-Bag.jpg_.png 679w, https:\/\/keluvo.com\/se\/wp-content\/uploads\/sites\/12\/2024\/11\/Winter-Long-Plush-Pet-Cat-Bed-Round-Cat-Cushion-House-Warm-Cat-Basket-Cat-Sleep-Bag.jpg_-300x300.png 300w, https:\/\/keluvo.com\/se\/wp-content\/uploads\/sites\/12\/2024\/11\/Winter-Long-Plush-Pet-Cat-Bed-Round-Cat-Cushion-House-Warm-Cat-Basket-Cat-Sleep-Bag.jpg_-150x150.png 150w, https:\/\/keluvo.com\/se\/wp-content\/uploads\/sites\/12\/2024\/11\/Winter-Long-Plush-Pet-Cat-Bed-Round-Cat-Cushion-House-Warm-Cat-Basket-Cat-Sleep-Bag.jpg_-600x600.png 600w, https:\/\/keluvo.com\/se\/wp-content\/uploads\/sites\/12\/2024\/11\/Winter-Long-Plush-Pet-Cat-Bed-Round-Cat-Cushion-House-Warm-Cat-Basket-Cat-Sleep-Bag.jpg_-100x100.png 100w, https:\/\/keluvo.com\/se\/wp-content\/uploads\/sites\/12\/2024\/11\/Winter-Long-Plush-Pet-Cat-Bed-Round-Cat-Cushion-House-Warm-Cat-Basket-Cat-Sleep-Bag.jpg_-50x50.png 50w\" sizes=\"(max-width: 679px) 100vw, 679px\" \/><\/p>\n<h2 style=\"text-align: center\">Lugnande Och Sj\u00e4lvuppv\u00e4rmande<\/h2>\n<p style=\"text-align: center\">Med sin sj\u00e4lvuppv\u00e4rmande isolering str\u00e5lar denna husdjursb\u00e4dd v\u00e4rme tillbaka till ditt husdjur och erbjuder en lugnande och lugnande upplevelse. Den h\u00e4r s\u00e4ngen \u00e4r perfekt f\u00f6r att minska \u00e5ngest och \u00e4r utformad f\u00f6r att hj\u00e4lpa husdjur att k\u00e4nna sig trygga, vilket fr\u00e4mjar djupare och mer vilsam s\u00f6mn.<\/p>\n<p><img decoding=\"async\" width=\"790\" height=\"830\" class=\"alignnone size-medium wp-image-3404 aligncenter\" src=\"https:\/\/keluvo.com\/template\/wp-content\/uploads\/sites\/5\/2024\/11\/See9958fcbcb6448cb04724dcc9404b13i.jpg\" alt=\"\" srcset=\"https:\/\/keluvo.com\/se\/wp-content\/uploads\/sites\/12\/2024\/11\/See9958fcbcb6448cb04724dcc9404b13i.jpg 790w, https:\/\/keluvo.com\/se\/wp-content\/uploads\/sites\/12\/2024\/11\/See9958fcbcb6448cb04724dcc9404b13i-286x300.jpg 286w, https:\/\/keluvo.com\/se\/wp-content\/uploads\/sites\/12\/2024\/11\/See9958fcbcb6448cb04724dcc9404b13i-768x807.jpg 768w, https:\/\/keluvo.com\/se\/wp-content\/uploads\/sites\/12\/2024\/11\/See9958fcbcb6448cb04724dcc9404b13i-600x630.jpg 600w\" sizes=\"(max-width: 790px) 100vw, 790px\" \/><\/p>\n","protected":false},"excerpt":{"rendered":"<p>Extra Mjuk Plyschkomfort Den h\u00e4r runda plyschb\u00e4dden f\u00f6r husdjur \u00e4r tillverkad av tjocka, mjuka material som ger ett mysigt och [&hellip;]<\/p>\n","protected":false},"featured_media":18162,"comment_status":"open","ping_status":"closed","template":"","meta":{"site-sidebar-layout":"default","site-content-layout":"","ast-site-content-layout":"default","site-content-style":"default","site-sidebar-style":"default","ast-global-header-display":"","ast-banner-title-visibility":"","ast-main-header-display":"","ast-hfb-above-header-display":"","ast-hfb-below-header-display":"","ast-hfb-mobile-header-display":"","site-post-title":"","ast-breadcrumbs-content":"","ast-featured-img":"","footer-sml-layout":"","theme-transparent-header-meta":"default","adv-header-id-meta":"","stick-header-meta":"","header-above-stick-meta":"","header-main-stick-meta":"","header-below-stick-meta":"","astra-migrate-meta-layouts":"set","ast-page-background-enabled":"default","ast-page-background-meta":{"desktop":{"background-color":"var(--ast-global-color-4)","background-image":"","background-repeat":"repeat","background-position":"center center","background-size":"auto","background-attachment":"scroll","background-type":"","background-media":"","overlay-type":"","overlay-color":"","overlay-opacity":"","overlay-gradient":""},"tablet":{"background-color":"","background-image":"","background-repeat":"repeat","background-position":"center center","background-size":"auto","background-attachment":"scroll","background-type":"","background-media":"","overlay-type":"","overlay-color":"","overlay-opacity":"","overlay-gradient":""},"mobile":{"background-color":"","background-image":"","background-repeat":"repeat","background-position":"center center","background-size":"auto","background-attachment":"scroll","background-type":"","background-media":"","overlay-type":"","overlay-color":"","overlay-opacity":"","overlay-gradient":""}},"ast-content-background-meta":{"desktop":{"background-color":"var(--ast-global-color-5)","background-image":"","background-repeat":"repeat","background-position":"center center","background-size":"auto","background-attachment":"scroll","background-type":"","background-media":"","overlay-type":"","overlay-color":"","overlay-opacity":"","overlay-gradient":""},"tablet":{"background-color":"var(--ast-global-color-5)","background-image":"","background-repeat":"repeat","background-position":"center center","background-size":"auto","background-attachment":"scroll","background-type":"","background-media":"","overlay-type":"","overlay-color":"","overlay-opacity":"","overlay-gradient":""},"mobile":{"background-color":"var(--ast-global-color-5)","background-image":"","background-repeat":"repeat","background-position":"center center","background-size":"auto","background-attachment":"scroll","background-type":"","background-media":"","overlay-type":"","overlay-color":"","overlay-opacity":"","overlay-gradient":""}}},"product_brand":[],"product_cat":[997],"product_tag":[],"class_list":{"0":"post-18166","1":"product","2":"type-product","3":"status-publish","4":"has-post-thumbnail","6":"product_cat-pets-products","7":"pa_15929_g0moyy9q-40x40cm","8":"pa_15929_g0moyy9q-50x50cm","9":"pa_15929_g0moyy9q-60x60cm","10":"pa_15929_q68fz9n4-brun","11":"pa_15929_q68fz9n4-gra","12":"pa_15929_q68fz9n4-gron","13":"pa_15929_q68fz9n4-rosa","14":"desktop-align-left","15":"tablet-align-left","16":"mobile-align-left","18":"first","19":"instock","20":"shipping-taxable","21":"purchasable","22":"product-type-variable","23":"has-default-attributes"},"_links":{"self":[{"href":"https:\/\/keluvo.com\/se\/wp-json\/wp\/v2\/product\/18166","targetHints":{"allow":["GET"]}}],"collection":[{"href":"https:\/\/keluvo.com\/se\/wp-json\/wp\/v2\/product"}],"about":[{"href":"https:\/\/keluvo.com\/se\/wp-json\/wp\/v2\/types\/product"}],"replies":[{"embeddable":true,"href":"https:\/\/keluvo.com\/se\/wp-json\/wp\/v2\/comments?post=18166"}],"wp:featuredmedia":[{"embeddable":true,"href":"https:\/\/keluvo.com\/se\/wp-json\/wp\/v2\/media\/18162"}],"wp:attachment":[{"href":"https:\/\/keluvo.com\/se\/wp-json\/wp\/v2\/media?parent=18166"}],"wp:term":[{"taxonomy":"product_brand","embeddable":true,"href":"https:\/\/keluvo.com\/se\/wp-json\/wp\/v2\/product_brand?post=18166"},{"taxonomy":"product_cat","embeddable":true,"href":"https:\/\/keluvo.com\/se\/wp-json\/wp\/v2\/product_cat?post=18166"},{"taxonomy":"product_tag","embeddable":true,"href":"https:\/\/keluvo.com\/se\/wp-json\/wp\/v2\/product_tag?post=18166"}],"curies":[{"name":"wp","href":"https:\/\/api.w.org\/{rel}","templated":true}]}}