{"id":18094,"date":"2025-08-05T16:03:33","date_gmt":"2025-08-05T14:03:33","guid":{"rendered":"https:\/\/keluvo.com\/se\/product\/hange-med-rod-zirkon\/"},"modified":"2025-08-05T16:03:38","modified_gmt":"2025-08-05T14:03:38","slug":"hange-med-rod-zirkon","status":"publish","type":"product","link":"https:\/\/keluvo.com\/se\/product\/hange-med-rod-zirkon\/","title":{"rendered":"H\u00e4nge med r\u00f6d zirkon"},"content":{"rendered":"<h2 style=\"text-align: center\">Elegant Hj\u00e4rtformad Design<\/h2>\n<p style=\"text-align: center\">H\u00e4ngsmycket med r\u00f6da zirkoner har en klassisk hj\u00e4rtform som symboliserar k\u00e4rlek och tillgivenhet. Denna tidl\u00f6sa design g\u00f6r det till en perfekt g\u00e5va till n\u00e5gon speciell, och ger en touch av romantik och elegans till alla outfits. Dess livfulla r\u00f6da zirkon ger en f\u00e4rgklick som drar till sig uppm\u00e4rksamhet.<\/p>\n<p><img fetchpriority=\"high\" decoding=\"async\" width=\"800\" height=\"800\" class=\"alignnone size-medium wp-image-2961 aligncenter\" src=\"https:\/\/keluvo.com\/template\/wp-content\/uploads\/sites\/5\/2024\/11\/S15b82697b6f44dca97e2c988975816dad.jpg\" alt=\"\" srcset=\"https:\/\/keluvo.com\/se\/wp-content\/uploads\/sites\/12\/2024\/11\/S15b82697b6f44dca97e2c988975816dad.jpg 800w, https:\/\/keluvo.com\/se\/wp-content\/uploads\/sites\/12\/2024\/11\/S15b82697b6f44dca97e2c988975816dad-300x300.jpg 300w, https:\/\/keluvo.com\/se\/wp-content\/uploads\/sites\/12\/2024\/11\/S15b82697b6f44dca97e2c988975816dad-150x150.jpg 150w, https:\/\/keluvo.com\/se\/wp-content\/uploads\/sites\/12\/2024\/11\/S15b82697b6f44dca97e2c988975816dad-768x768.jpg 768w, https:\/\/keluvo.com\/se\/wp-content\/uploads\/sites\/12\/2024\/11\/S15b82697b6f44dca97e2c988975816dad-600x600.jpg 600w, https:\/\/keluvo.com\/se\/wp-content\/uploads\/sites\/12\/2024\/11\/S15b82697b6f44dca97e2c988975816dad-100x100.jpg 100w, https:\/\/keluvo.com\/se\/wp-content\/uploads\/sites\/12\/2024\/11\/S15b82697b6f44dca97e2c988975816dad-50x50.jpg 50w\" sizes=\"(max-width: 800px) 100vw, 800px\" \/><\/p>\n<h2 style=\"text-align: center\">Idealisk G\u00e5va<\/h2>\n<p style=\"text-align: center\">H\u00e4ngsmycket med r\u00f6d zirkon levereras i en charmig presentask med rosenblommor, vilket g\u00f6r det redo f\u00f6r g\u00e5vor. Den unika f\u00f6rpackningen tillf\u00f6r ett extra element av omtanke, vilket g\u00f6r den till en idealisk present f\u00f6r \u00e5rsdagar, f\u00f6delsedagar eller romantiska gester. Detta smycke kommer garanterat att gl\u00e4dja och l\u00e4mna ett best\u00e5ende intryck.<\/p>\n<p><img decoding=\"async\" width=\"800\" height=\"800\" class=\"alignnone size-medium wp-image-2962 aligncenter\" src=\"https:\/\/keluvo.com\/template\/wp-content\/uploads\/sites\/5\/2024\/11\/S409493eb5bee47c18443f32fc72866aeN.jpg\" alt=\"\" srcset=\"https:\/\/keluvo.com\/se\/wp-content\/uploads\/sites\/12\/2024\/11\/S409493eb5bee47c18443f32fc72866aeN.jpg 800w, https:\/\/keluvo.com\/se\/wp-content\/uploads\/sites\/12\/2024\/11\/S409493eb5bee47c18443f32fc72866aeN-300x300.jpg 300w, https:\/\/keluvo.com\/se\/wp-content\/uploads\/sites\/12\/2024\/11\/S409493eb5bee47c18443f32fc72866aeN-150x150.jpg 150w, https:\/\/keluvo.com\/se\/wp-content\/uploads\/sites\/12\/2024\/11\/S409493eb5bee47c18443f32fc72866aeN-768x768.jpg 768w, https:\/\/keluvo.com\/se\/wp-content\/uploads\/sites\/12\/2024\/11\/S409493eb5bee47c18443f32fc72866aeN-600x600.jpg 600w, https:\/\/keluvo.com\/se\/wp-content\/uploads\/sites\/12\/2024\/11\/S409493eb5bee47c18443f32fc72866aeN-100x100.jpg 100w, https:\/\/keluvo.com\/se\/wp-content\/uploads\/sites\/12\/2024\/11\/S409493eb5bee47c18443f32fc72866aeN-50x50.jpg 50w\" sizes=\"(max-width: 800px) 100vw, 800px\" \/><\/p>\n","protected":false},"excerpt":{"rendered":"<p>Elegant Hj\u00e4rtformad Design H\u00e4ngsmycket med r\u00f6da zirkoner har en klassisk hj\u00e4rtform som symboliserar k\u00e4rlek och tillgivenhet. Denna tidl\u00f6sa design g\u00f6r [&hellip;]<\/p>\n","protected":false},"featured_media":18090,"comment_status":"open","ping_status":"closed","template":"","meta":{"site-sidebar-layout":"default","site-content-layout":"","ast-site-content-layout":"default","site-content-style":"default","site-sidebar-style":"default","ast-global-header-display":"","ast-banner-title-visibility":"","ast-main-header-display":"","ast-hfb-above-header-display":"","ast-hfb-below-header-display":"","ast-hfb-mobile-header-display":"","site-post-title":"","ast-breadcrumbs-content":"","ast-featured-img":"","footer-sml-layout":"","theme-transparent-header-meta":"default","adv-header-id-meta":"","stick-header-meta":"","header-above-stick-meta":"","header-main-stick-meta":"","header-below-stick-meta":"","astra-migrate-meta-layouts":"set","ast-page-background-enabled":"default","ast-page-background-meta":{"desktop":{"background-color":"var(--ast-global-color-4)","background-image":"","background-repeat":"repeat","background-position":"center center","background-size":"auto","background-attachment":"scroll","background-type":"","background-media":"","overlay-type":"","overlay-color":"","overlay-opacity":"","overlay-gradient":""},"tablet":{"background-color":"","background-image":"","background-repeat":"repeat","background-position":"center center","background-size":"auto","background-attachment":"scroll","background-type":"","background-media":"","overlay-type":"","overlay-color":"","overlay-opacity":"","overlay-gradient":""},"mobile":{"background-color":"","background-image":"","background-repeat":"repeat","background-position":"center center","background-size":"auto","background-attachment":"scroll","background-type":"","background-media":"","overlay-type":"","overlay-color":"","overlay-opacity":"","overlay-gradient":""}},"ast-content-background-meta":{"desktop":{"background-color":"var(--ast-global-color-5)","background-image":"","background-repeat":"repeat","background-position":"center center","background-size":"auto","background-attachment":"scroll","background-type":"","background-media":"","overlay-type":"","overlay-color":"","overlay-opacity":"","overlay-gradient":""},"tablet":{"background-color":"var(--ast-global-color-5)","background-image":"","background-repeat":"repeat","background-position":"center center","background-size":"auto","background-attachment":"scroll","background-type":"","background-media":"","overlay-type":"","overlay-color":"","overlay-opacity":"","overlay-gradient":""},"mobile":{"background-color":"var(--ast-global-color-5)","background-image":"","background-repeat":"repeat","background-position":"center center","background-size":"auto","background-attachment":"scroll","background-type":"","background-media":"","overlay-type":"","overlay-color":"","overlay-opacity":"","overlay-gradient":""}}},"product_brand":[],"product_cat":[993],"product_tag":[],"class_list":{"0":"post-18094","1":"product","2":"type-product","3":"status-publish","4":"has-post-thumbnail","6":"product_cat-footwear-accessories","7":"pa_15287_2y1mc4x0-endast-halsband","8":"pa_15287_2y1mc4x0-med-lada","9":"desktop-align-left","10":"tablet-align-left","11":"mobile-align-left","13":"first","14":"instock","15":"shipping-taxable","16":"purchasable","17":"product-type-variable"},"_links":{"self":[{"href":"https:\/\/keluvo.com\/se\/wp-json\/wp\/v2\/product\/18094","targetHints":{"allow":["GET"]}}],"collection":[{"href":"https:\/\/keluvo.com\/se\/wp-json\/wp\/v2\/product"}],"about":[{"href":"https:\/\/keluvo.com\/se\/wp-json\/wp\/v2\/types\/product"}],"replies":[{"embeddable":true,"href":"https:\/\/keluvo.com\/se\/wp-json\/wp\/v2\/comments?post=18094"}],"wp:featuredmedia":[{"embeddable":true,"href":"https:\/\/keluvo.com\/se\/wp-json\/wp\/v2\/media\/18090"}],"wp:attachment":[{"href":"https:\/\/keluvo.com\/se\/wp-json\/wp\/v2\/media?parent=18094"}],"wp:term":[{"taxonomy":"product_brand","embeddable":true,"href":"https:\/\/keluvo.com\/se\/wp-json\/wp\/v2\/product_brand?post=18094"},{"taxonomy":"product_cat","embeddable":true,"href":"https:\/\/keluvo.com\/se\/wp-json\/wp\/v2\/product_cat?post=18094"},{"taxonomy":"product_tag","embeddable":true,"href":"https:\/\/keluvo.com\/se\/wp-json\/wp\/v2\/product_tag?post=18094"}],"curies":[{"name":"wp","href":"https:\/\/api.w.org\/{rel}","templated":true}]}}