{"id":17776,"date":"2025-08-01T14:04:48","date_gmt":"2025-08-01T12:04:48","guid":{"rendered":"https:\/\/keluvo.com\/se\/product\/barfotaskor-med-halkskydd\/"},"modified":"2025-08-01T14:06:20","modified_gmt":"2025-08-01T12:06:20","slug":"barfotaskor-med-halkskydd","status":"publish","type":"product","link":"https:\/\/keluvo.com\/se\/product\/barfotaskor-med-halkskydd\/","title":{"rendered":"Barfotaskor med halkskydd"},"content":{"rendered":"<p style=\"text-align: center\" data-start=\"155\" data-end=\"190\"><strong data-start=\"155\" data-end=\"190\">G\u00e5 Naturligt. K\u00e4nn Dig B\u00e4ttre. \ud83c\udf3f<\/strong><\/p>\n<p style=\"text-align: center\" data-start=\"192\" data-end=\"410\">Non-slip barfotaskor \u00e4r utformade f\u00f6r att efterlikna naturlig g\u00e5ng samtidigt som de ger dina f\u00f6tter det st\u00f6d och den komfort de beh\u00f6ver. Perfekt f\u00f6r alla som vill f\u00f6rb\u00e4ttra h\u00e5llningen, lindra ledv\u00e4rk och g\u00e5 med l\u00e4tthet varje dag.<\/p>\n<p data-start=\"192\" data-end=\"410\"><img decoding=\"async\" class=\"size-full wp-image-29820 aligncenter\" src=\"https:\/\/keluvo.com\/template\/wp-content\/uploads\/sites\/5\/2025\/07\/Screenshot_3.png\" alt=\"\" \/><\/p>\n<h2 style=\"text-align: center\" data-start=\"412\" data-end=\"431\">Huvudf\u00f6rdelar \ud83d\udc63<\/h2>\n<p data-start=\"434\" data-end=\"481\">\ud83e\uddb6 Fr\u00e4mjar naturlig fotr\u00f6relse och h\u00e5llning<\/p>\n<p data-start=\"484\" data-end=\"534\">\ud83d\udc63 St\u00e4rker fotmusklerna och f\u00f6rb\u00e4ttrar balansen<\/p>\n<p data-start=\"537\" data-end=\"588\">\ud83d\udca8 L\u00e4tt och andas f\u00f6r hela dagen comfort<\/p>\n<p data-start=\"591\" data-end=\"645\">\ud83d\udee1\ufe0f Halkfri sula h\u00e5ller dig stabil p\u00e5 alla ytor<\/p>\n<p data-start=\"648\" data-end=\"700\">\ud83c\udf1f Hj\u00e4lper till att lindra tryck p\u00e5 kn\u00e4n, h\u00f6fter och rygg<\/p>\n<p data-start=\"648\" data-end=\"700\"><img decoding=\"async\" class=\"size-full wp-image-29814 aligncenter\" src=\"https:\/\/keluvo.com\/template\/wp-content\/uploads\/sites\/5\/2025\/07\/BAREO15313__10190a85-1.jpg\" alt=\"\" \/><\/p>\n<h2 style=\"text-align: center\" data-start=\"702\" data-end=\"721\">Hur Man Anv\u00e4nder \ud83e\uddfc<\/h2>\n<ol data-start=\"722\" data-end=\"870\">\n<li data-start=\"722\" data-end=\"757\">\n<p data-start=\"725\" data-end=\"757\">Anv\u00e4nd dem som vanliga sneakers.<\/p>\n<\/li>\n<li data-start=\"758\" data-end=\"816\">\n<p data-start=\"761\" data-end=\"816\">Anv\u00e4nd dem f\u00f6r promenader, \u00e4renden eller vardagsaktiviteter.<\/p>\n<\/li>\n<li data-start=\"817\" data-end=\"870\">\n<p data-start=\"820\" data-end=\"870\">reng\u00f6r med en fuktig trasa eller handtv\u00e4tt vid behov.<\/p>\n<\/li>\n<\/ol>\n<h2 style=\"text-align: center\" data-start=\"872\" data-end=\"896\">Produktdetaljer \ud83d\udccb<\/h2>\n<ul data-start=\"897\" data-end=\"1126\">\n<li data-start=\"897\" data-end=\"932\">\n<p data-start=\"899\" data-end=\"932\">Obermaterial: Andningsaktiv mesh<\/p>\n<\/li>\n<li data-start=\"933\" data-end=\"987\">\n<p data-start=\"935\" data-end=\"987\">Sula: Halkfritt gummi med ergonomiskt h\u00e5lfotsst\u00f6d<\/p>\n<\/li>\n<li data-start=\"988\" data-end=\"1031\">\n<p data-start=\"990\" data-end=\"1031\">Passform: Passar perfekt i storlek (se storlekstabell)<\/p>\n<\/li>\n<li data-start=\"1032\" data-end=\"1073\">\n<p data-start=\"1034\" data-end=\"1073\">Stil: Unisex, avslappnad och l\u00e4tt<\/p>\n<\/li>\n<\/ul>\n<h2 style=\"text-align: center\" data-start=\"1128\" data-end=\"1153\">Paketet Inneh\u00e5ller \ud83d\udce6<\/h2>\n<ul data-start=\"1154\" data-end=\"1223\">\n<li data-start=\"1154\" data-end=\"1223\">\n<p data-start=\"1156\" data-end=\"1223\">1x par halkfria barfotaskor.<\/p>\n<\/li>\n<\/ul>\n","protected":false},"excerpt":{"rendered":"<p>G\u00e5 Naturligt. K\u00e4nn Dig B\u00e4ttre. \ud83c\udf3f Non-slip barfotaskor \u00e4r utformade f\u00f6r att efterlikna naturlig g\u00e5ng samtidigt som de ger dina [&hellip;]<\/p>\n","protected":false},"featured_media":17772,"comment_status":"open","ping_status":"closed","template":"","meta":{"site-sidebar-layout":"default","site-content-layout":"","ast-site-content-layout":"default","site-content-style":"default","site-sidebar-style":"default","ast-global-header-display":"","ast-banner-title-visibility":"","ast-main-header-display":"","ast-hfb-above-header-display":"","ast-hfb-below-header-display":"","ast-hfb-mobile-header-display":"","site-post-title":"","ast-breadcrumbs-content":"","ast-featured-img":"","footer-sml-layout":"","theme-transparent-header-meta":"default","adv-header-id-meta":"","stick-header-meta":"","header-above-stick-meta":"","header-main-stick-meta":"","header-below-stick-meta":"","astra-migrate-meta-layouts":"set","ast-page-background-enabled":"default","ast-page-background-meta":{"desktop":{"background-color":"var(--ast-global-color-4)","background-image":"","background-repeat":"repeat","background-position":"center center","background-size":"auto","background-attachment":"scroll","background-type":"","background-media":"","overlay-type":"","overlay-color":"","overlay-opacity":"","overlay-gradient":""},"tablet":{"background-color":"","background-image":"","background-repeat":"repeat","background-position":"center center","background-size":"auto","background-attachment":"scroll","background-type":"","background-media":"","overlay-type":"","overlay-color":"","overlay-opacity":"","overlay-gradient":""},"mobile":{"background-color":"","background-image":"","background-repeat":"repeat","background-position":"center center","background-size":"auto","background-attachment":"scroll","background-type":"","background-media":"","overlay-type":"","overlay-color":"","overlay-opacity":"","overlay-gradient":""}},"ast-content-background-meta":{"desktop":{"background-color":"var(--ast-global-color-5)","background-image":"","background-repeat":"repeat","background-position":"center center","background-size":"auto","background-attachment":"scroll","background-type":"","background-media":"","overlay-type":"","overlay-color":"","overlay-opacity":"","overlay-gradient":""},"tablet":{"background-color":"var(--ast-global-color-5)","background-image":"","background-repeat":"repeat","background-position":"center center","background-size":"auto","background-attachment":"scroll","background-type":"","background-media":"","overlay-type":"","overlay-color":"","overlay-opacity":"","overlay-gradient":""},"mobile":{"background-color":"var(--ast-global-color-5)","background-image":"","background-repeat":"repeat","background-position":"center center","background-size":"auto","background-attachment":"scroll","background-type":"","background-media":"","overlay-type":"","overlay-color":"","overlay-opacity":"","overlay-gradient":""}}},"product_brand":[],"product_cat":[993],"product_tag":[],"class_list":{"0":"post-17776","1":"product","2":"type-product","3":"status-publish","4":"has-post-thumbnail","6":"product_cat-footwear-accessories","7":"pa_48251_jocvlsi9-3075","8":"pa_48251_jocvlsi9-3076","9":"pa_48251_jocvlsi9-3077","10":"pa_48251_jocvlsi9-3078","11":"pa_48251_jocvlsi9-3079","12":"pa_48251_jocvlsi9-3080","13":"pa_48251_jocvlsi9-3081","14":"pa_48251_jocvlsi9-3082","15":"pa_48251_jocvlsi9-3083","16":"pa_48251_jocvlsi9-3084","17":"pa_48251_jocvlsi9-3085","18":"pa_48251_jocvlsi9-3086","19":"pa_48251_sau5ipxt-bla","20":"pa_48251_sau5ipxt-rosa-vit","21":"pa_48251_sau5ipxt-svart","22":"desktop-align-left","23":"tablet-align-left","24":"mobile-align-left","26":"first","27":"instock","28":"shipping-taxable","29":"purchasable","30":"product-type-variable","31":"has-default-attributes"},"_links":{"self":[{"href":"https:\/\/keluvo.com\/se\/wp-json\/wp\/v2\/product\/17776","targetHints":{"allow":["GET"]}}],"collection":[{"href":"https:\/\/keluvo.com\/se\/wp-json\/wp\/v2\/product"}],"about":[{"href":"https:\/\/keluvo.com\/se\/wp-json\/wp\/v2\/types\/product"}],"replies":[{"embeddable":true,"href":"https:\/\/keluvo.com\/se\/wp-json\/wp\/v2\/comments?post=17776"}],"wp:featuredmedia":[{"embeddable":true,"href":"https:\/\/keluvo.com\/se\/wp-json\/wp\/v2\/media\/17772"}],"wp:attachment":[{"href":"https:\/\/keluvo.com\/se\/wp-json\/wp\/v2\/media?parent=17776"}],"wp:term":[{"taxonomy":"product_brand","embeddable":true,"href":"https:\/\/keluvo.com\/se\/wp-json\/wp\/v2\/product_brand?post=17776"},{"taxonomy":"product_cat","embeddable":true,"href":"https:\/\/keluvo.com\/se\/wp-json\/wp\/v2\/product_cat?post=17776"},{"taxonomy":"product_tag","embeddable":true,"href":"https:\/\/keluvo.com\/se\/wp-json\/wp\/v2\/product_tag?post=17776"}],"curies":[{"name":"wp","href":"https:\/\/api.w.org\/{rel}","templated":true}]}}