{"id":17583,"date":"2025-08-01T10:54:53","date_gmt":"2025-08-01T08:54:53","guid":{"rendered":"https:\/\/keluvo.com\/se\/product\/nagellackspenna\/"},"modified":"2025-08-01T10:55:17","modified_gmt":"2025-08-01T08:55:17","slug":"nagellackspenna","status":"publish","type":"product","link":"https:\/\/keluvo.com\/se\/product\/nagellackspenna\/","title":{"rendered":"Nagellackspenna"},"content":{"rendered":"<p style=\"text-align: center\" data-start=\"0\" data-end=\"89\"><strong data-start=\"0\" data-end=\"89\">\ud83d\udc85 F\u00e5 Naglar Av Salongskvalitet N\u00e4r Som Helst, Var Som Helst Med Denna L\u00e4ttanv\u00e4nda Neon Nagellackspenna!<\/strong><\/p>\n<p style=\"text-align: center\" data-start=\"91\" data-end=\"436\">Denna nagellackspenna \u00e4r perfekt f\u00f6r dj\u00e4rva, l\u00e5ngvariga manikyr hemma. Med livfulla f\u00e4rger, l\u00e5g lukt och en sl\u00e4t geltextur h\u00e4rdar den snabbt under UV- eller LED-lampor och h\u00e5ller dina naglar skinande i upp till 30 dagar. Oavsett om du f\u00f6rbereder dig f\u00f6r en fest eller bara \u00e4lskar snygga naglar, g\u00f6r den h\u00e4r pennan felfri applicering snabb och enkel.<\/p>\n<p data-start=\"91\" data-end=\"436\"><img decoding=\"async\" class=\"size-full wp-image-29573 aligncenter\" src=\"https:\/\/keluvo.com\/template\/wp-content\/uploads\/sites\/5\/2025\/07\/2_63374424-6e2c-47cd-b327-50375f8e0663_480x480.webp\" alt=\"\" \/><\/p>\n<h2 style=\"text-align: center\" data-start=\"443\" data-end=\"465\">\ud83c\udf1f Huvudf\u00f6rdelar<\/h2>\n<p data-start=\"468\" data-end=\"530\">\ud83c\udfa8 14 dj\u00e4rva neonf\u00e4rger &#8211; perfekt f\u00f6r alla \u00e5rstider och evenemang<\/p>\n<p data-start=\"533\" data-end=\"594\">\ud83d\udc85 Pennliknande design &#8211; snabb, exakt och enkel att applicera<\/p>\n<p data-start=\"597\" data-end=\"649\">\u2728 Upp till 30 dagars glans &#8211; inga flisor, ingen blekning<\/p>\n<p data-start=\"652\" data-end=\"718\">\ud83c\udf31 Organisk formula med l\u00e5g lukt &#8211; s\u00e4ker f\u00f6r naglar och hud<\/p>\n<p data-start=\"721\" data-end=\"775\">\ud83d\udd25 H\u00e4rdar snabbt &#8211; fungerar med b\u00e5de UV- och LED-lampor<\/p>\n<p data-start=\"721\" data-end=\"775\"><img decoding=\"async\" class=\"size-full wp-image-29572 aligncenter\" src=\"https:\/\/keluvo.com\/template\/wp-content\/uploads\/sites\/5\/2025\/07\/2_d33537d4-3812-4d59-97e2-985c8dc33101_480x480.webp\" alt=\"\" \/><\/p>\n<h2 style=\"text-align: center\" data-start=\"782\" data-end=\"801\">\ud83e\udded Anv\u00e4ndning<\/h2>\n<ol data-start=\"802\" data-end=\"1173\">\n<li data-start=\"802\" data-end=\"864\">\n<p data-start=\"805\" data-end=\"864\">F\u00f6rbered naglarna &#8211; forma, polera och reng\u00f6r ytan.<\/p>\n<\/li>\n<li data-start=\"865\" data-end=\"920\">\n<p data-start=\"868\" data-end=\"920\">Applicera baslack och h\u00e4rda (10s LED eller 2min UV).<\/p>\n<\/li>\n<li data-start=\"921\" data-end=\"1002\">\n<p data-start=\"924\" data-end=\"1002\">Applicera ett tunt lager gelf\u00e4rg med hj\u00e4lp av pennan. H\u00e4rda (30s LED \/ 2min UV).<\/p>\n<\/li>\n<li data-start=\"1003\" data-end=\"1060\">\n<p data-start=\"1006\" data-end=\"1060\">Upprepa ett andra lager f\u00f6r full f\u00e4rg. H\u00e4rda igen.<\/p>\n<\/li>\n<li data-start=\"1061\" data-end=\"1104\">\n<p data-start=\"1064\" data-end=\"1104\">Applicera topplack och h\u00e4rda (30s LED).<\/p>\n<\/li>\n<li data-start=\"1105\" data-end=\"1173\">\n<p data-start=\"1108\" data-end=\"1173\">Torka bort rester med reng\u00f6ringsmedel och avsluta med nagelbandsolja.<\/p>\n<\/li>\n<\/ol>\n<p data-start=\"1175\" data-end=\"1187\">F\u00f6r att ta bort:<\/p>\n<ol data-start=\"1188\" data-end=\"1276\">\n<li data-start=\"1188\" data-end=\"1243\">\n<p data-start=\"1191\" data-end=\"1243\">Bl\u00f6tl\u00e4gg naglarna i akrylborttagningsmedel i ca 5 minuter.<\/p>\n<\/li>\n<li data-start=\"1244\" data-end=\"1276\">\n<p data-start=\"1247\" data-end=\"1276\">Dra f\u00f6rsiktigt bort polishen.<\/p>\n<\/li>\n<\/ol>\n<h2 style=\"text-align: center\" data-start=\"1283\" data-end=\"1307\">\ud83d\udccf Produktdetaljer<\/h2>\n<ul data-start=\"1308\" data-end=\"1518\">\n<li data-start=\"1364\" data-end=\"1412\">\n<p data-start=\"1366\" data-end=\"1412\">Volym: 5 ml<\/p>\n<\/li>\n<li data-start=\"1448\" data-end=\"1479\">\n<p data-start=\"1450\" data-end=\"1479\">H\u00e4rdar med: UV- eller LED-lampor<\/p>\n<\/li>\n<li data-start=\"1480\" data-end=\"1518\">\n<p data-start=\"1482\" data-end=\"1518\">Anv\u00e4ndning: Hemma eller professionell nagelkonst<\/p>\n<\/li>\n<\/ul>\n<h2 style=\"text-align: center\" data-start=\"1525\" data-end=\"1550\">\ud83d\udce6 Paketet Inneh\u00e5ller<\/h2>\n<ul data-start=\"1551\" data-end=\"1607\">\n<li data-start=\"1551\" data-end=\"1607\">\n<p data-start=\"1553\" data-end=\"1607\">1x nagellackspenna.<\/p>\n<\/li>\n<\/ul>\n","protected":false},"excerpt":{"rendered":"<p>\ud83d\udc85 F\u00e5 Naglar Av Salongskvalitet N\u00e4r Som Helst, Var Som Helst Med Denna L\u00e4ttanv\u00e4nda Neon Nagellackspenna! Denna nagellackspenna \u00e4r perfekt [&hellip;]<\/p>\n","protected":false},"featured_media":17579,"comment_status":"open","ping_status":"closed","template":"","meta":{"site-sidebar-layout":"default","site-content-layout":"","ast-site-content-layout":"default","site-content-style":"default","site-sidebar-style":"default","ast-global-header-display":"","ast-banner-title-visibility":"","ast-main-header-display":"","ast-hfb-above-header-display":"","ast-hfb-below-header-display":"","ast-hfb-mobile-header-display":"","site-post-title":"","ast-breadcrumbs-content":"","ast-featured-img":"","footer-sml-layout":"","theme-transparent-header-meta":"default","adv-header-id-meta":"","stick-header-meta":"","header-above-stick-meta":"","header-main-stick-meta":"","header-below-stick-meta":"","astra-migrate-meta-layouts":"set","ast-page-background-enabled":"default","ast-page-background-meta":{"desktop":{"background-color":"var(--ast-global-color-4)","background-image":"","background-repeat":"repeat","background-position":"center center","background-size":"auto","background-attachment":"scroll","background-type":"","background-media":"","overlay-type":"","overlay-color":"","overlay-opacity":"","overlay-gradient":""},"tablet":{"background-color":"","background-image":"","background-repeat":"repeat","background-position":"center center","background-size":"auto","background-attachment":"scroll","background-type":"","background-media":"","overlay-type":"","overlay-color":"","overlay-opacity":"","overlay-gradient":""},"mobile":{"background-color":"","background-image":"","background-repeat":"repeat","background-position":"center center","background-size":"auto","background-attachment":"scroll","background-type":"","background-media":"","overlay-type":"","overlay-color":"","overlay-opacity":"","overlay-gradient":""}},"ast-content-background-meta":{"desktop":{"background-color":"var(--ast-global-color-5)","background-image":"","background-repeat":"repeat","background-position":"center center","background-size":"auto","background-attachment":"scroll","background-type":"","background-media":"","overlay-type":"","overlay-color":"","overlay-opacity":"","overlay-gradient":""},"tablet":{"background-color":"var(--ast-global-color-5)","background-image":"","background-repeat":"repeat","background-position":"center center","background-size":"auto","background-attachment":"scroll","background-type":"","background-media":"","overlay-type":"","overlay-color":"","overlay-opacity":"","overlay-gradient":""},"mobile":{"background-color":"var(--ast-global-color-5)","background-image":"","background-repeat":"repeat","background-position":"center center","background-size":"auto","background-attachment":"scroll","background-type":"","background-media":"","overlay-type":"","overlay-color":"","overlay-opacity":"","overlay-gradient":""}}},"product_brand":[],"product_cat":[992],"product_tag":[],"class_list":{"0":"post-17583","1":"product","2":"type-product","3":"status-publish","4":"has-post-thumbnail","6":"product_cat-beauty-and-hygiene-products","7":"pa_41413_986bui2o-a","8":"pa_41413_986bui2o-b","9":"pa_41413_986bui2o-c","10":"pa_41413_986bui2o-d","11":"pa_41413_986bui2o-e","12":"pa_41413_986bui2o-f","13":"pa_41413_986bui2o-g","14":"pa_41413_986bui2o-h","15":"pa_41413_986bui2o-i","16":"pa_41413_986bui2o-j","17":"pa_41413_986bui2o-k","18":"pa_41413_986bui2o-l","19":"pa_41413_986bui2o-m","20":"pa_41413_986bui2o-n","21":"desktop-align-left","22":"tablet-align-left","23":"mobile-align-left","25":"first","26":"instock","27":"shipping-taxable","28":"purchasable","29":"product-type-variable"},"_links":{"self":[{"href":"https:\/\/keluvo.com\/se\/wp-json\/wp\/v2\/product\/17583","targetHints":{"allow":["GET"]}}],"collection":[{"href":"https:\/\/keluvo.com\/se\/wp-json\/wp\/v2\/product"}],"about":[{"href":"https:\/\/keluvo.com\/se\/wp-json\/wp\/v2\/types\/product"}],"replies":[{"embeddable":true,"href":"https:\/\/keluvo.com\/se\/wp-json\/wp\/v2\/comments?post=17583"}],"wp:featuredmedia":[{"embeddable":true,"href":"https:\/\/keluvo.com\/se\/wp-json\/wp\/v2\/media\/17579"}],"wp:attachment":[{"href":"https:\/\/keluvo.com\/se\/wp-json\/wp\/v2\/media?parent=17583"}],"wp:term":[{"taxonomy":"product_brand","embeddable":true,"href":"https:\/\/keluvo.com\/se\/wp-json\/wp\/v2\/product_brand?post=17583"},{"taxonomy":"product_cat","embeddable":true,"href":"https:\/\/keluvo.com\/se\/wp-json\/wp\/v2\/product_cat?post=17583"},{"taxonomy":"product_tag","embeddable":true,"href":"https:\/\/keluvo.com\/se\/wp-json\/wp\/v2\/product_tag?post=17583"}],"curies":[{"name":"wp","href":"https:\/\/api.w.org\/{rel}","templated":true}]}}