{"id":17439,"date":"2025-08-01T10:47:27","date_gmt":"2025-08-01T08:47:27","guid":{"rendered":"https:\/\/keluvo.com\/se\/product\/handvaska\/"},"modified":"2025-08-01T11:16:36","modified_gmt":"2025-08-01T09:16:36","slug":"handvaska","status":"publish","type":"product","link":"https:\/\/keluvo.com\/se\/product\/handvaska\/","title":{"rendered":"Handv\u00e4ska"},"content":{"rendered":"<p style=\"text-align: center;\" data-start=\"111\" data-end=\"181\"><strong data-start=\"111\" data-end=\"181\">V\u00e4nd Huvuden Med Varje Steg \u2013 H\u00e4r \u00c4r Din Nya Statementv\u00e4ska \ud83c\udf80\u2728<\/strong><\/p>\n<p style=\"text-align: center;\" data-start=\"183\" data-end=\"395\">Chic, stilren och omsorgsfullt tillverkad, denna handv\u00e4vda handv\u00e4ska med rosett ger den perfekta touchen av elegans till alla outfits. Oavsett om du \u00e4r p\u00e5 v\u00e4g till brunch eller en utekv\u00e4ll b\u00e4r den dina viktigaste saker med enkel stil.<\/p>\n<p data-start=\"183\" data-end=\"395\"><img decoding=\"async\" class=\"size-full wp-image-29048 aligncenter\" src=\"https:\/\/keluvo.com\/template\/wp-content\/uploads\/sites\/5\/2025\/07\/S759e18626c16466e90da27ba8a9dde0en.webp\" alt=\"\" \/><\/p>\n<h2 style=\"text-align: center;\" data-start=\"397\" data-end=\"418\">\ud83d\udc5c Huvudf\u00f6rdelar<\/h2>\n<p data-start=\"421\" data-end=\"464\">\ud83c\udf80 Unikt rosetthandtag ger en elegant twist<\/p>\n<p data-start=\"467\" data-end=\"519\">\ud83d\udce6 Fickan med dragkedja h\u00e5ller dina saker s\u00e4kra och organiserade<\/p>\n<p data-start=\"522\" data-end=\"556\">\ud83e\udeb6 L\u00e4tt och enkel att b\u00e4ra<\/p>\n<p data-start=\"559\" data-end=\"610\">\ud83c\udf38 Handv\u00e4vd textur f\u00f6r en naturlig, tidl\u00f6s look<\/p>\n<p data-start=\"613\" data-end=\"641\">\ud83c\udf1e Perfekt f\u00f6r alla seasons<\/p>\n<p data-start=\"613\" data-end=\"641\"><img decoding=\"async\" class=\"size-full wp-image-29045 aligncenter\" src=\"https:\/\/keluvo.com\/template\/wp-content\/uploads\/sites\/5\/2025\/07\/S3385be8beac54470b5888bace042beefW.webp\" alt=\"\" \/><\/p>\n<h2 style=\"text-align: center;\" data-start=\"643\" data-end=\"662\">\ud83d\udee0\ufe0f Hur Man Anv\u00e4nder<\/h2>\n<ol data-start=\"663\" data-end=\"824\">\n<li data-start=\"663\" data-end=\"705\">\n<p data-start=\"666\" data-end=\"705\">\u00d6ppna dragkedjan och packa dina m\u00e5sten.<\/p>\n<\/li>\n<li data-start=\"706\" data-end=\"749\">\n<p data-start=\"709\" data-end=\"749\">Kombinera med avslappnade eller dressade outfits.<\/p>\n<\/li>\n<li data-start=\"750\" data-end=\"789\">\n<p data-start=\"753\" data-end=\"789\">G\u00e5 ut med stil varje g\u00e5ng.<\/p>\n<\/li>\n<\/ol>\n<h2 style=\"text-align: center;\" data-start=\"826\" data-end=\"849\">\ud83d\udccf Produktdetaljer<\/h2>\n<ul data-start=\"850\" data-end=\"978\">\n<li data-start=\"850\" data-end=\"877\">\n<p data-start=\"852\" data-end=\"877\">Handv\u00e4vd texturerad kropp<\/p>\n<\/li>\n<li data-start=\"878\" data-end=\"914\">\n<p data-start=\"880\" data-end=\"914\">Inbyggd ficka med dragkedja f\u00f6r s\u00e4kerhet<\/p>\n<\/li>\n<li data-start=\"915\" data-end=\"945\">\n<p data-start=\"917\" data-end=\"945\">Slitstarka men mjuka material<\/p>\n<\/li>\n<li data-start=\"946\" data-end=\"978\">\n<p data-start=\"948\" data-end=\"978\">Designad f\u00f6r att anv\u00e4ndas \u00e5ret runt<\/p>\n<\/li>\n<\/ul>\n<h2 style=\"text-align: center;\" data-start=\"980\" data-end=\"1004\">\ud83d\udce6 F\u00f6rpackningen Inneh\u00e5ller<\/h2>\n<ul data-start=\"1005\" data-end=\"1036\">\n<li data-start=\"1005\" data-end=\"1036\">\n<p data-start=\"1007\" data-end=\"1036\">1x handv\u00e4ska.<\/p>\n<\/li>\n<\/ul>\n","protected":false},"excerpt":{"rendered":"<p>V\u00e4nd Huvuden Med Varje Steg \u2013 H\u00e4r \u00c4r Din Nya Statementv\u00e4ska \ud83c\udf80\u2728 Chic, stilren och omsorgsfullt tillverkad, denna handv\u00e4vda handv\u00e4ska [&hellip;]<\/p>\n","protected":false},"featured_media":17435,"comment_status":"open","ping_status":"closed","template":"","meta":{"site-sidebar-layout":"default","site-content-layout":"","ast-site-content-layout":"default","site-content-style":"default","site-sidebar-style":"default","ast-global-header-display":"","ast-banner-title-visibility":"","ast-main-header-display":"","ast-hfb-above-header-display":"","ast-hfb-below-header-display":"","ast-hfb-mobile-header-display":"","site-post-title":"","ast-breadcrumbs-content":"","ast-featured-img":"","footer-sml-layout":"","theme-transparent-header-meta":"default","adv-header-id-meta":"","stick-header-meta":"","header-above-stick-meta":"","header-main-stick-meta":"","header-below-stick-meta":"","astra-migrate-meta-layouts":"set","ast-page-background-enabled":"default","ast-page-background-meta":{"desktop":{"background-color":"var(--ast-global-color-4)","background-image":"","background-repeat":"repeat","background-position":"center center","background-size":"auto","background-attachment":"scroll","background-type":"","background-media":"","overlay-type":"","overlay-color":"","overlay-opacity":"","overlay-gradient":""},"tablet":{"background-color":"","background-image":"","background-repeat":"repeat","background-position":"center center","background-size":"auto","background-attachment":"scroll","background-type":"","background-media":"","overlay-type":"","overlay-color":"","overlay-opacity":"","overlay-gradient":""},"mobile":{"background-color":"","background-image":"","background-repeat":"repeat","background-position":"center center","background-size":"auto","background-attachment":"scroll","background-type":"","background-media":"","overlay-type":"","overlay-color":"","overlay-opacity":"","overlay-gradient":""}},"ast-content-background-meta":{"desktop":{"background-color":"var(--ast-global-color-5)","background-image":"","background-repeat":"repeat","background-position":"center center","background-size":"auto","background-attachment":"scroll","background-type":"","background-media":"","overlay-type":"","overlay-color":"","overlay-opacity":"","overlay-gradient":""},"tablet":{"background-color":"var(--ast-global-color-5)","background-image":"","background-repeat":"repeat","background-position":"center center","background-size":"auto","background-attachment":"scroll","background-type":"","background-media":"","overlay-type":"","overlay-color":"","overlay-opacity":"","overlay-gradient":""},"mobile":{"background-color":"var(--ast-global-color-5)","background-image":"","background-repeat":"repeat","background-position":"center center","background-size":"auto","background-attachment":"scroll","background-type":"","background-media":"","overlay-type":"","overlay-color":"","overlay-opacity":"","overlay-gradient":""}}},"product_brand":[],"product_cat":[15],"product_tag":[],"class_list":{"0":"post-17439","1":"product","2":"type-product","3":"status-publish","4":"has-post-thumbnail","6":"product_cat-uncategorized","7":"desktop-align-left","8":"tablet-align-left","9":"mobile-align-left","11":"first","12":"instock","13":"shipping-taxable","14":"purchasable","15":"product-type-simple"},"_links":{"self":[{"href":"https:\/\/keluvo.com\/se\/wp-json\/wp\/v2\/product\/17439","targetHints":{"allow":["GET"]}}],"collection":[{"href":"https:\/\/keluvo.com\/se\/wp-json\/wp\/v2\/product"}],"about":[{"href":"https:\/\/keluvo.com\/se\/wp-json\/wp\/v2\/types\/product"}],"replies":[{"embeddable":true,"href":"https:\/\/keluvo.com\/se\/wp-json\/wp\/v2\/comments?post=17439"}],"wp:featuredmedia":[{"embeddable":true,"href":"https:\/\/keluvo.com\/se\/wp-json\/wp\/v2\/media\/17435"}],"wp:attachment":[{"href":"https:\/\/keluvo.com\/se\/wp-json\/wp\/v2\/media?parent=17439"}],"wp:term":[{"taxonomy":"product_brand","embeddable":true,"href":"https:\/\/keluvo.com\/se\/wp-json\/wp\/v2\/product_brand?post=17439"},{"taxonomy":"product_cat","embeddable":true,"href":"https:\/\/keluvo.com\/se\/wp-json\/wp\/v2\/product_cat?post=17439"},{"taxonomy":"product_tag","embeddable":true,"href":"https:\/\/keluvo.com\/se\/wp-json\/wp\/v2\/product_tag?post=17439"}],"curies":[{"name":"wp","href":"https:\/\/api.w.org\/{rel}","templated":true}]}}