{"id":17303,"date":"2025-08-01T10:41:47","date_gmt":"2025-08-01T08:41:47","guid":{"rendered":"https:\/\/keluvo.com\/se\/product\/dackfargspennor\/"},"modified":"2025-10-14T18:36:38","modified_gmt":"2025-10-14T15:36:38","slug":"dackfargspennor","status":"publish","type":"product","link":"https:\/\/keluvo.com\/se\/product\/dackfargspennor\/","title":{"rendered":"D\u00e4ckf\u00e4rgspennor"},"content":{"rendered":"<p style=\"text-align: center\" data-start=\"94\" data-end=\"156\"><strong>\ud83c\udfa8 F\u00f6rvandla dina d\u00e4ck till blickf\u00e5ng &#8211; med ett st\u00e4nk av f\u00e4rg!<\/strong><\/p>\n<p style=\"text-align: center\" data-start=\"158\" data-end=\"363\">Denna d\u00e4ckf\u00e4rgmark\u00f6r ger dj\u00e4rva, livfulla f\u00e4rger till dina d\u00e4ck samtidigt som den t\u00e4cker skrapm\u00e4rken och repor. Oavsett om du vill g\u00f6ra din bil mer personlig eller restaurera gamla d\u00e4ck, g\u00f6r den h\u00e4r mark\u00f6ren det enkelt och roligt.<\/p>\n<p data-start=\"158\" data-end=\"363\"><img decoding=\"async\" class=\"size-full wp-image-28895 aligncenter\" src=\"https:\/\/keluvo.com\/template\/wp-content\/uploads\/sites\/5\/2025\/07\/1_3_large.webp\" alt=\"\" \/><\/p>\n<h2 style=\"text-align: center\" data-start=\"365\" data-end=\"385\"><strong>\u2705 Huvudf\u00f6rdelar<\/strong><\/h2>\n<p data-start=\"388\" data-end=\"446\">\ud83d\udede Perfekt f\u00f6r bilar, cyklar, skotrar och till och med leksaker tires<\/p>\n<p data-start=\"449\" data-end=\"495\">\ud83c\udf27\ufe0f Vattent\u00e4t och v\u00e4derbest\u00e4ndig formula<\/p>\n<p data-start=\"498\" data-end=\"552\">\ud83c\udfaf Exakt spets f\u00f6r rena, skarpa bokst\u00e4ver eller m\u00f6nster<\/p>\n<p data-start=\"555\" data-end=\"609\">\ud83c\udfa8 Finns i 12+ livfulla f\u00e4rger f\u00f6r att matcha din stil<\/p>\n<p data-start=\"612\" data-end=\"657\">\ud83d\udcaa Snabbtorkande, l\u00e5ngvarig och super durable<\/p>\n<p data-start=\"612\" data-end=\"657\"><img decoding=\"async\" class=\"size-full wp-image-28897 aligncenter\" src=\"https:\/\/keluvo.com\/template\/wp-content\/uploads\/sites\/5\/2025\/07\/deb76903-2052-4043-837c-4074f6f0d63e.webp\" alt=\"\" \/><\/p>\n<h2 style=\"text-align: center\" data-start=\"659\" data-end=\"678\"><strong>\ud83d\udee0\ufe0f Hur man anv\u00e4nder<\/strong><\/h2>\n<ol data-start=\"679\" data-end=\"830\">\n<li data-start=\"679\" data-end=\"703\">\n<p data-start=\"682\" data-end=\"703\">Skaka mark\u00f6ren v\u00e4l.<\/p>\n<\/li>\n<li data-start=\"704\" data-end=\"739\">\n<p data-start=\"707\" data-end=\"739\">Tryck p\u00e5 spetsen tills bl\u00e4cket rinner.<\/p>\n<\/li>\n<li data-start=\"740\" data-end=\"791\">\n<p data-start=\"743\" data-end=\"791\">rita, skriv eller fyll i direkt p\u00e5 d\u00e4cket.<\/p>\n<\/li>\n<li data-start=\"792\" data-end=\"830\">\n<p data-start=\"795\" data-end=\"830\">l\u00e5t torka &#8211; och du \u00e4r redo att rulla!<\/p>\n<\/li>\n<\/ol>\n<h2 style=\"text-align: center\" data-start=\"832\" data-end=\"855\"><strong>\ud83d\udccf Produktdetaljer<\/strong><\/h2>\n<ul data-start=\"856\" data-end=\"1059\">\n<li data-start=\"856\" data-end=\"909\">\n<p data-start=\"858\" data-end=\"909\">Anv\u00e4ndning: D\u00e4ckbokst\u00e4ver, dekoration, repor<\/p>\n<\/li>\n<li data-start=\"1017\" data-end=\"1059\">\n<p data-start=\"1019\" data-end=\"1059\">L\u00e4mplig f\u00f6r alla d\u00e4cktyper och ytor<\/p>\n<\/li>\n<\/ul>\n<h2 style=\"text-align: center\" data-start=\"1061\" data-end=\"1085\"><strong>\ud83d\udce6 Paketet inneh\u00e5ller<\/strong><\/h2>\n<ul data-start=\"1086\" data-end=\"1148\">\n<li data-start=\"1086\" data-end=\"1148\">\n<p data-start=\"1088\" data-end=\"1148\">3, 6x d\u00e4ckf\u00e4rgmark\u00f6rer.<\/p>\n<\/li>\n<\/ul>\n","protected":false},"excerpt":{"rendered":"<p>\ud83c\udfa8 F\u00f6rvandla dina d\u00e4ck till blickf\u00e5ng &#8211; med ett st\u00e4nk av f\u00e4rg! Denna d\u00e4ckf\u00e4rgmark\u00f6r ger dj\u00e4rva, livfulla f\u00e4rger till dina [&hellip;]<\/p>\n","protected":false},"featured_media":17299,"comment_status":"open","ping_status":"closed","template":"","meta":{"site-sidebar-layout":"default","site-content-layout":"","ast-site-content-layout":"default","site-content-style":"default","site-sidebar-style":"default","ast-global-header-display":"","ast-banner-title-visibility":"","ast-main-header-display":"","ast-hfb-above-header-display":"","ast-hfb-below-header-display":"","ast-hfb-mobile-header-display":"","site-post-title":"","ast-breadcrumbs-content":"","ast-featured-img":"","footer-sml-layout":"","theme-transparent-header-meta":"default","adv-header-id-meta":"","stick-header-meta":"","header-above-stick-meta":"","header-main-stick-meta":"","header-below-stick-meta":"","astra-migrate-meta-layouts":"set","ast-page-background-enabled":"default","ast-page-background-meta":{"desktop":{"background-color":"var(--ast-global-color-4)","background-image":"","background-repeat":"repeat","background-position":"center center","background-size":"auto","background-attachment":"scroll","background-type":"","background-media":"","overlay-type":"","overlay-color":"","overlay-opacity":"","overlay-gradient":""},"tablet":{"background-color":"","background-image":"","background-repeat":"repeat","background-position":"center center","background-size":"auto","background-attachment":"scroll","background-type":"","background-media":"","overlay-type":"","overlay-color":"","overlay-opacity":"","overlay-gradient":""},"mobile":{"background-color":"","background-image":"","background-repeat":"repeat","background-position":"center center","background-size":"auto","background-attachment":"scroll","background-type":"","background-media":"","overlay-type":"","overlay-color":"","overlay-opacity":"","overlay-gradient":""}},"ast-content-background-meta":{"desktop":{"background-color":"var(--ast-global-color-5)","background-image":"","background-repeat":"repeat","background-position":"center center","background-size":"auto","background-attachment":"scroll","background-type":"","background-media":"","overlay-type":"","overlay-color":"","overlay-opacity":"","overlay-gradient":""},"tablet":{"background-color":"var(--ast-global-color-5)","background-image":"","background-repeat":"repeat","background-position":"center center","background-size":"auto","background-attachment":"scroll","background-type":"","background-media":"","overlay-type":"","overlay-color":"","overlay-opacity":"","overlay-gradient":""},"mobile":{"background-color":"var(--ast-global-color-5)","background-image":"","background-repeat":"repeat","background-position":"center center","background-size":"auto","background-attachment":"scroll","background-type":"","background-media":"","overlay-type":"","overlay-color":"","overlay-opacity":"","overlay-gradient":""}}},"product_brand":[],"product_cat":[998],"product_tag":[],"class_list":{"0":"post-17303","1":"product","2":"type-product","3":"status-publish","4":"has-post-thumbnail","6":"product_cat-automotive-products","7":"pa_32024_3ckrr5lp-3-st","8":"pa_32024_3ckrr5lp-6-st","9":"pa_32024_oj5igerz-bla","10":"pa_32024_oj5igerz-brun","11":"pa_32024_oj5igerz-gron","12":"pa_32024_oj5igerz-gul","13":"pa_32024_oj5igerz-guld","14":"pa_32024_oj5igerz-lila","15":"pa_32024_oj5igerz-orange","16":"pa_32024_oj5igerz-rod","17":"pa_32024_oj5igerz-rosa","18":"pa_32024_oj5igerz-silver","19":"pa_32024_oj5igerz-svart","20":"pa_32024_oj5igerz-vit","21":"desktop-align-left","22":"tablet-align-left","23":"mobile-align-left","25":"first","26":"instock","27":"shipping-taxable","28":"purchasable","29":"product-type-variable","30":"has-default-attributes"},"_links":{"self":[{"href":"https:\/\/keluvo.com\/se\/wp-json\/wp\/v2\/product\/17303","targetHints":{"allow":["GET"]}}],"collection":[{"href":"https:\/\/keluvo.com\/se\/wp-json\/wp\/v2\/product"}],"about":[{"href":"https:\/\/keluvo.com\/se\/wp-json\/wp\/v2\/types\/product"}],"replies":[{"embeddable":true,"href":"https:\/\/keluvo.com\/se\/wp-json\/wp\/v2\/comments?post=17303"}],"wp:featuredmedia":[{"embeddable":true,"href":"https:\/\/keluvo.com\/se\/wp-json\/wp\/v2\/media\/17299"}],"wp:attachment":[{"href":"https:\/\/keluvo.com\/se\/wp-json\/wp\/v2\/media?parent=17303"}],"wp:term":[{"taxonomy":"product_brand","embeddable":true,"href":"https:\/\/keluvo.com\/se\/wp-json\/wp\/v2\/product_brand?post=17303"},{"taxonomy":"product_cat","embeddable":true,"href":"https:\/\/keluvo.com\/se\/wp-json\/wp\/v2\/product_cat?post=17303"},{"taxonomy":"product_tag","embeddable":true,"href":"https:\/\/keluvo.com\/se\/wp-json\/wp\/v2\/product_tag?post=17303"}],"curies":[{"name":"wp","href":"https:\/\/api.w.org\/{rel}","templated":true}]}}