{"id":17292,"date":"2025-08-01T10:40:56","date_gmt":"2025-08-01T08:40:56","guid":{"rendered":"https:\/\/keluvo.com\/se\/product\/avvisande-ultraljud\/"},"modified":"2025-08-01T10:41:04","modified_gmt":"2025-08-01T08:41:04","slug":"avvisande-ultraljud","status":"publish","type":"product","link":"https:\/\/keluvo.com\/se\/product\/avvisande-ultraljud\/","title":{"rendered":"Avvisande ultraljud"},"content":{"rendered":"<p style=\"text-align: center\" data-start=\"105\" data-end=\"166\"><strong>\ud83d\uded1 S\u00e4g adj\u00f6 till skadedjur &#8211; inga kemikalier, inga f\u00e4llor, bara lugn och ro!<\/strong><\/p>\n<p style=\"text-align: center\" data-start=\"168\" data-end=\"361\">Ultraljudsrepellern h\u00e5ller ditt hem fritt fr\u00e5n m\u00f6ss, spindlar, kackerlackor, myror och mycket mer &#8211; helt utan skadliga kemikalier. Koppla bara in den och njut av ett skadedjursfritt utrymme p\u00e5 n\u00e5gra dagar!<\/p>\n<p data-start=\"168\" data-end=\"361\"><img decoding=\"async\" class=\"size-full wp-image-28875 aligncenter\" src=\"https:\/\/keluvo.com\/template\/wp-content\/uploads\/sites\/5\/2025\/07\/BUGBUSTER_PP_rd8u80-ezgif.com-video-to-webp-converter.webp\" alt=\"\" \/><\/p>\n<h2 style=\"text-align: center\" data-start=\"363\" data-end=\"383\"><strong>\u2705 Huvudf\u00f6rdelar<\/strong><\/h2>\n<p data-start=\"386\" data-end=\"449\">\ud83d\udd0a Avger ultraljudsv\u00e5gor f\u00f6r att avvisa skadedjur &#8211; inte m\u00e4nniskor eller husdjur<\/p>\n<p data-start=\"452\" data-end=\"505\">\ud83e\uddfc 100 % giftfri, luktfri och s\u00e4ker f\u00f6r familjer<\/p>\n<p data-start=\"508\" data-end=\"565\">\ud83d\udc36 S\u00e4ker f\u00f6r barn, hundar, katter och alla hush\u00e5llsmedlemmar<\/p>\n<p data-start=\"568\" data-end=\"624\">\ud83d\udd0c Enkel plug-in-anv\u00e4ndning &#8211; fungerar 24\/7 utan underh\u00e5ll<\/p>\n<p data-start=\"627\" data-end=\"687\">\ud83c\udfe1 T\u00e4cker upp till 150 m\u00b2 &#8211; perfekt f\u00f6r hemmet, kontoret eller garage<\/p>\n<p data-start=\"627\" data-end=\"687\"><img decoding=\"async\" class=\"size-full wp-image-28873 aligncenter\" src=\"https:\/\/keluvo.com\/template\/wp-content\/uploads\/sites\/5\/2025\/07\/BUGBUSTER21754__4572098e.webp\" alt=\"\" \/><\/p>\n<h2 style=\"text-align: center\" data-start=\"689\" data-end=\"708\"><strong>\ud83d\udee0\ufe0f Hur man anv\u00e4nder<\/strong><\/h2>\n<ol data-start=\"709\" data-end=\"878\">\n<li data-start=\"709\" data-end=\"760\">\n<p data-start=\"712\" data-end=\"760\">Anslut enheten till ett vanligt v\u00e4gguttag.<\/p>\n<\/li>\n<li data-start=\"761\" data-end=\"818\">\n<p data-start=\"764\" data-end=\"818\">Se till att den inte blockeras av m\u00f6bler eller gardiner.<\/p>\n<\/li>\n<li data-start=\"819\" data-end=\"878\">\n<p data-start=\"822\" data-end=\"878\">l\u00e5t den g\u00e5 kontinuerligt &#8211; resultat visas inom 3 till 7 dagar.<\/p>\n<\/li>\n<\/ol>\n<h2 style=\"text-align: center\" data-start=\"880\" data-end=\"903\"><strong>\ud83d\udccf Produktdetaljer<\/strong><\/h2>\n<ul data-start=\"904\" data-end=\"1051\">\n<li data-start=\"904\" data-end=\"940\">\n<p data-start=\"906\" data-end=\"940\">Teknik: Ultraljudsavst\u00f6tning<\/p>\n<\/li>\n<li data-start=\"941\" data-end=\"962\">\n<p data-start=\"943\" data-end=\"962\">Sp\u00e4nning: 100-240V<\/p>\n<\/li>\n<li data-start=\"963\" data-end=\"985\">\n<p data-start=\"965\" data-end=\"985\">Peffekt: 5-6W<\/p>\n<\/li>\n<li data-start=\"986\" data-end=\"1012\">\n<p data-start=\"988\" data-end=\"1012\">T\u00e4ckning: Upp till 150 m\u00b2<\/p>\n<\/li>\n<\/ul>\n<h2 style=\"text-align: center\" data-start=\"1053\" data-end=\"1077\"><strong>\ud83d\udce6 Paketet inneh\u00e5ller<\/strong><\/h2>\n<ul data-start=\"1078\" data-end=\"1118\">\n<li data-start=\"1078\" data-end=\"1118\">\n<p data-start=\"1080\" data-end=\"1118\">1x ultraljudsrepeller.<\/p>\n<\/li>\n<\/ul>\n","protected":false},"excerpt":{"rendered":"<p>\ud83d\uded1 S\u00e4g adj\u00f6 till skadedjur &#8211; inga kemikalier, inga f\u00e4llor, bara lugn och ro! Ultraljudsrepellern h\u00e5ller ditt hem fritt fr\u00e5n [&hellip;]<\/p>\n","protected":false},"featured_media":17288,"comment_status":"open","ping_status":"closed","template":"","meta":{"site-sidebar-layout":"default","site-content-layout":"","ast-site-content-layout":"default","site-content-style":"default","site-sidebar-style":"default","ast-global-header-display":"","ast-banner-title-visibility":"","ast-main-header-display":"","ast-hfb-above-header-display":"","ast-hfb-below-header-display":"","ast-hfb-mobile-header-display":"","site-post-title":"","ast-breadcrumbs-content":"","ast-featured-img":"","footer-sml-layout":"","theme-transparent-header-meta":"default","adv-header-id-meta":"","stick-header-meta":"","header-above-stick-meta":"","header-main-stick-meta":"","header-below-stick-meta":"","astra-migrate-meta-layouts":"set","ast-page-background-enabled":"default","ast-page-background-meta":{"desktop":{"background-color":"var(--ast-global-color-4)","background-image":"","background-repeat":"repeat","background-position":"center center","background-size":"auto","background-attachment":"scroll","background-type":"","background-media":"","overlay-type":"","overlay-color":"","overlay-opacity":"","overlay-gradient":""},"tablet":{"background-color":"","background-image":"","background-repeat":"repeat","background-position":"center center","background-size":"auto","background-attachment":"scroll","background-type":"","background-media":"","overlay-type":"","overlay-color":"","overlay-opacity":"","overlay-gradient":""},"mobile":{"background-color":"","background-image":"","background-repeat":"repeat","background-position":"center center","background-size":"auto","background-attachment":"scroll","background-type":"","background-media":"","overlay-type":"","overlay-color":"","overlay-opacity":"","overlay-gradient":""}},"ast-content-background-meta":{"desktop":{"background-color":"var(--ast-global-color-5)","background-image":"","background-repeat":"repeat","background-position":"center center","background-size":"auto","background-attachment":"scroll","background-type":"","background-media":"","overlay-type":"","overlay-color":"","overlay-opacity":"","overlay-gradient":""},"tablet":{"background-color":"var(--ast-global-color-5)","background-image":"","background-repeat":"repeat","background-position":"center center","background-size":"auto","background-attachment":"scroll","background-type":"","background-media":"","overlay-type":"","overlay-color":"","overlay-opacity":"","overlay-gradient":""},"mobile":{"background-color":"var(--ast-global-color-5)","background-image":"","background-repeat":"repeat","background-position":"center center","background-size":"auto","background-attachment":"scroll","background-type":"","background-media":"","overlay-type":"","overlay-color":"","overlay-opacity":"","overlay-gradient":""}}},"product_brand":[],"product_cat":[1001],"product_tag":[],"class_list":{"0":"post-17292","1":"product","2":"type-product","3":"status-publish","4":"has-post-thumbnail","6":"product_cat-household-goods","7":"pa_23529_p17m34jl-1-st","8":"pa_23529_p17m34jl-2-st","9":"pa_23529_p17m34jl-3-st","10":"desktop-align-left","11":"tablet-align-left","12":"mobile-align-left","14":"first","15":"instock","16":"shipping-taxable","17":"purchasable","18":"product-type-variable"},"_links":{"self":[{"href":"https:\/\/keluvo.com\/se\/wp-json\/wp\/v2\/product\/17292","targetHints":{"allow":["GET"]}}],"collection":[{"href":"https:\/\/keluvo.com\/se\/wp-json\/wp\/v2\/product"}],"about":[{"href":"https:\/\/keluvo.com\/se\/wp-json\/wp\/v2\/types\/product"}],"replies":[{"embeddable":true,"href":"https:\/\/keluvo.com\/se\/wp-json\/wp\/v2\/comments?post=17292"}],"wp:featuredmedia":[{"embeddable":true,"href":"https:\/\/keluvo.com\/se\/wp-json\/wp\/v2\/media\/17288"}],"wp:attachment":[{"href":"https:\/\/keluvo.com\/se\/wp-json\/wp\/v2\/media?parent=17292"}],"wp:term":[{"taxonomy":"product_brand","embeddable":true,"href":"https:\/\/keluvo.com\/se\/wp-json\/wp\/v2\/product_brand?post=17292"},{"taxonomy":"product_cat","embeddable":true,"href":"https:\/\/keluvo.com\/se\/wp-json\/wp\/v2\/product_cat?post=17292"},{"taxonomy":"product_tag","embeddable":true,"href":"https:\/\/keluvo.com\/se\/wp-json\/wp\/v2\/product_tag?post=17292"}],"curies":[{"name":"wp","href":"https:\/\/api.w.org\/{rel}","templated":true}]}}