{"id":17267,"date":"2025-08-01T10:38:55","date_gmt":"2025-08-01T08:38:55","guid":{"rendered":"https:\/\/keluvo.com\/se\/product\/nagelfil\/"},"modified":"2025-08-01T11:07:51","modified_gmt":"2025-08-01T09:07:51","slug":"nagelfil","status":"publish","type":"product","link":"https:\/\/keluvo.com\/se\/product\/nagelfil\/","title":{"rendered":"Nagelfil"},"content":{"rendered":"<p style=\"text-align: center;\" data-start=\"122\" data-end=\"165\"><strong>\ud83d\udc85 Naglar Av Salongskvalitet &#8211; N\u00e4r Som Helst, Var Som Helst!<\/strong><\/p>\n<p style=\"text-align: center;\" data-start=\"167\" data-end=\"389\">Den h\u00e4r nagelfilen g\u00f6r det enkelt att forma, polera och polera naglarna hemma eller p\u00e5 spr\u00e5ng. Med flera huvuden, hastighetsinst\u00e4llningar och en snygg sladdl\u00f6s design \u00e4r din perfekta manikyr alltid inom r\u00e4ckh\u00e5ll.<\/p>\n<p data-start=\"167\" data-end=\"389\"><img decoding=\"async\" class=\"size-full wp-image-28834 aligncenter\" src=\"https:\/\/keluvo.com\/template\/wp-content\/uploads\/sites\/5\/2025\/07\/072118-ezgif.com-video-to-webp-converter.webp\" alt=\"\" \/><\/p>\n<h2 style=\"text-align: center;\" data-start=\"391\" data-end=\"411\">\u2705 Huvudf\u00f6rdelar<\/h2>\n<p data-start=\"414\" data-end=\"473\">\ud83d\udca8 Justerbara hastigheter och rotationsl\u00e4gen f\u00f6r total kontroll<\/p>\n<p data-start=\"476\" data-end=\"548\">\ud83d\udd01 5 utbytbara huvuden f\u00f6r att forma, polera och ta bort f\u00f6rh\u00e5rdnader<\/p>\n<p data-start=\"551\" data-end=\"605\">\ud83d\udc5c Kompakt och USB-laddningsbar &#8211; perfekt f\u00f6r resan<\/p>\n<p data-start=\"608\" data-end=\"662\">\ud83c\udfaf L\u00e4ttanv\u00e4nt, ergonomiskt grepp f\u00f6r exakt nagelv\u00e5rd<\/p>\n<p data-start=\"665\" data-end=\"709\">\ud83d\udca1 Professionella resultat utan salong visits<\/p>\n<p data-start=\"665\" data-end=\"709\"><img decoding=\"async\" class=\"size-full wp-image-28830 aligncenter\" src=\"https:\/\/keluvo.com\/template\/wp-content\/uploads\/sites\/5\/2025\/07\/mc-nail3_1024x1024@2x.webp\" alt=\"\" \/><\/p>\n<h2 style=\"text-align: center;\" data-start=\"711\" data-end=\"730\">\ud83d\udee0\ufe0f Hur Man Anv\u00e4nder<\/h2>\n<ol data-start=\"731\" data-end=\"914\">\n<li data-start=\"731\" data-end=\"767\">\n<p data-start=\"734\" data-end=\"767\">F\u00e4st \u00f6nskat borrhuvud.<\/p>\n<\/li>\n<li data-start=\"768\" data-end=\"811\">\n<p data-start=\"771\" data-end=\"811\">Forma, sl\u00e4ta ut eller polera naglarna efter behov.<\/p>\n<\/li>\n<li data-start=\"812\" data-end=\"863\">\n<p data-start=\"815\" data-end=\"863\">Ladda efter anv\u00e4ndning med den medf\u00f6ljande USB-kabeln.<\/p>\n<\/li>\n<\/ol>\n<h2 style=\"text-align: center;\" data-start=\"916\" data-end=\"939\">\ud83d\udccf Produktdetaljer<\/h2>\n<ul data-start=\"940\" data-end=\"1002\">\n<li data-start=\"940\" data-end=\"962\">\n<p data-start=\"942\" data-end=\"962\">Storlek: 16 cm x 2 cm<\/p>\n<\/li>\n<li data-start=\"979\" data-end=\"1002\">\n<p data-start=\"981\" data-end=\"1002\">Laddning: USB-driven<\/p>\n<\/li>\n<\/ul>\n<h2 style=\"text-align: center;\" data-start=\"1004\" data-end=\"1028\">\ud83d\udce6 F\u00f6rpackningen Inneh\u00e5ller<\/h2>\n<ul data-start=\"1029\" data-end=\"1154\">\n<li data-start=\"1029\" data-end=\"1067\">\n<p data-start=\"1031\" data-end=\"1067\">1x elektrisk nagelfil<\/p>\n<\/li>\n<li data-start=\"1068\" data-end=\"1092\">\n<p data-start=\"1070\" data-end=\"1092\">1x USB-laddningskabel<\/p>\n<\/li>\n<li data-start=\"1093\" data-end=\"1131\">\n<p data-start=\"1095\" data-end=\"1131\">5x utbytbara nagelborrhuvuden<\/p>\n<\/li>\n<li data-start=\"1132\" data-end=\"1154\">\n<p data-start=\"1134\" data-end=\"1154\">1x bruksanvisning.<\/p>\n<\/li>\n<\/ul>\n","protected":false},"excerpt":{"rendered":"<p>\ud83d\udc85 Naglar Av Salongskvalitet &#8211; N\u00e4r Som Helst, Var Som Helst! Den h\u00e4r nagelfilen g\u00f6r det enkelt att forma, polera [&hellip;]<\/p>\n","protected":false},"featured_media":17263,"comment_status":"open","ping_status":"closed","template":"","meta":{"site-sidebar-layout":"default","site-content-layout":"","ast-site-content-layout":"default","site-content-style":"default","site-sidebar-style":"default","ast-global-header-display":"","ast-banner-title-visibility":"","ast-main-header-display":"","ast-hfb-above-header-display":"","ast-hfb-below-header-display":"","ast-hfb-mobile-header-display":"","site-post-title":"","ast-breadcrumbs-content":"","ast-featured-img":"","footer-sml-layout":"","theme-transparent-header-meta":"default","adv-header-id-meta":"","stick-header-meta":"","header-above-stick-meta":"","header-main-stick-meta":"","header-below-stick-meta":"","astra-migrate-meta-layouts":"set","ast-page-background-enabled":"default","ast-page-background-meta":{"desktop":{"background-color":"var(--ast-global-color-4)","background-image":"","background-repeat":"repeat","background-position":"center center","background-size":"auto","background-attachment":"scroll","background-type":"","background-media":"","overlay-type":"","overlay-color":"","overlay-opacity":"","overlay-gradient":""},"tablet":{"background-color":"","background-image":"","background-repeat":"repeat","background-position":"center center","background-size":"auto","background-attachment":"scroll","background-type":"","background-media":"","overlay-type":"","overlay-color":"","overlay-opacity":"","overlay-gradient":""},"mobile":{"background-color":"","background-image":"","background-repeat":"repeat","background-position":"center center","background-size":"auto","background-attachment":"scroll","background-type":"","background-media":"","overlay-type":"","overlay-color":"","overlay-opacity":"","overlay-gradient":""}},"ast-content-background-meta":{"desktop":{"background-color":"var(--ast-global-color-5)","background-image":"","background-repeat":"repeat","background-position":"center center","background-size":"auto","background-attachment":"scroll","background-type":"","background-media":"","overlay-type":"","overlay-color":"","overlay-opacity":"","overlay-gradient":""},"tablet":{"background-color":"var(--ast-global-color-5)","background-image":"","background-repeat":"repeat","background-position":"center center","background-size":"auto","background-attachment":"scroll","background-type":"","background-media":"","overlay-type":"","overlay-color":"","overlay-opacity":"","overlay-gradient":""},"mobile":{"background-color":"var(--ast-global-color-5)","background-image":"","background-repeat":"repeat","background-position":"center center","background-size":"auto","background-attachment":"scroll","background-type":"","background-media":"","overlay-type":"","overlay-color":"","overlay-opacity":"","overlay-gradient":""}}},"product_brand":[],"product_cat":[992],"product_tag":[],"class_list":{"0":"post-17267","1":"product","2":"type-product","3":"status-publish","4":"has-post-thumbnail","6":"product_cat-beauty-and-hygiene-products","7":"pa_16305_3tg1ilh3-rosa","8":"pa_16305_3tg1ilh3-vit","9":"desktop-align-left","10":"tablet-align-left","11":"mobile-align-left","13":"first","14":"instock","15":"shipping-taxable","16":"purchasable","17":"product-type-variable"},"_links":{"self":[{"href":"https:\/\/keluvo.com\/se\/wp-json\/wp\/v2\/product\/17267","targetHints":{"allow":["GET"]}}],"collection":[{"href":"https:\/\/keluvo.com\/se\/wp-json\/wp\/v2\/product"}],"about":[{"href":"https:\/\/keluvo.com\/se\/wp-json\/wp\/v2\/types\/product"}],"replies":[{"embeddable":true,"href":"https:\/\/keluvo.com\/se\/wp-json\/wp\/v2\/comments?post=17267"}],"wp:featuredmedia":[{"embeddable":true,"href":"https:\/\/keluvo.com\/se\/wp-json\/wp\/v2\/media\/17263"}],"wp:attachment":[{"href":"https:\/\/keluvo.com\/se\/wp-json\/wp\/v2\/media?parent=17267"}],"wp:term":[{"taxonomy":"product_brand","embeddable":true,"href":"https:\/\/keluvo.com\/se\/wp-json\/wp\/v2\/product_brand?post=17267"},{"taxonomy":"product_cat","embeddable":true,"href":"https:\/\/keluvo.com\/se\/wp-json\/wp\/v2\/product_cat?post=17267"},{"taxonomy":"product_tag","embeddable":true,"href":"https:\/\/keluvo.com\/se\/wp-json\/wp\/v2\/product_tag?post=17267"}],"curies":[{"name":"wp","href":"https:\/\/api.w.org\/{rel}","templated":true}]}}