{"id":17216,"date":"2025-08-01T10:36:19","date_gmt":"2025-08-01T08:36:19","guid":{"rendered":"https:\/\/keluvo.com\/se\/product\/luftfraschare-for-bil\/"},"modified":"2025-08-01T11:06:05","modified_gmt":"2025-08-01T09:06:05","slug":"luftfraschare-for-bil","status":"publish","type":"product","link":"https:\/\/keluvo.com\/se\/product\/luftfraschare-for-bil\/","title":{"rendered":"Luftfr\u00e4schare f\u00f6r bil"},"content":{"rendered":"<p style=\"text-align: center;\" data-start=\"0\" data-end=\"78\"><strong data-start=\"0\" data-end=\"78\">\ud83d\ude97H\u00e5ll Din Bil Doftande Fr\u00e4sch Med Denna Smarta Ultraljudsluftfr\u00e4schare F\u00f6r Bilar!<\/strong><\/p>\n<p style=\"text-align: center;\" data-start=\"80\" data-end=\"354\">Denna eleganta och kompakta luftfr\u00e4schare anv\u00e4nder ultraljudsf\u00f6rstoftning f\u00f6r att synligt frig\u00f6ra doft och rena luften i din bil. Med sin automatiska p\u00e5 \/ av-funktion startar den n\u00e4r du g\u00e5r in och stannar n\u00e4r du l\u00e4mnar, vilket g\u00f6r att din resa alltid luktar rent utan att lyfta ett finger.<\/p>\n<p data-start=\"80\" data-end=\"354\"><img decoding=\"async\" class=\"size-full wp-image-28770 aligncenter\" src=\"https:\/\/keluvo.com\/template\/wp-content\/uploads\/sites\/5\/2025\/07\/072117-ezgif.com-video-to-webp-converter.webp\" alt=\"\" \/><\/p>\n<h2 style=\"text-align: center;\" data-start=\"361\" data-end=\"383\">\ud83c\udf1f <strong>Huvudf\u00f6rdelar<\/strong><\/h2>\n<p data-start=\"386\" data-end=\"453\">\ud83c\udf2b\ufe0f Ultraljudsmistning sprider doften j\u00e4mnt och synligt<\/p>\n<p data-start=\"456\" data-end=\"517\">\ud83d\ude97 Smart automatisk p\u00e5\/av &#8211; k\u00f6rs bara n\u00e4r du \u00e4r i car<\/p>\n<p data-start=\"520\" data-end=\"579\">\ud83c\udf2c\ufe0f Justerbar doftstyrka med enknappskontrollknappkontroll<\/p>\n<p data-start=\"582\" data-end=\"637\">\u2728 Snygg metalldesign &#8211; ser modern och lyxig ut<\/p>\n<p data-start=\"640\" data-end=\"691\">\ud83c\udf43 Renar luften och tar bort d\u00e5lig lukt snabbt<\/p>\n<p data-start=\"694\" data-end=\"746\">\ud83d\udcce Luftventilationsclips &#8211; kompakt och l\u00e4tt att installera<\/p>\n<p data-start=\"694\" data-end=\"746\"><img decoding=\"async\" class=\"size-full wp-image-28776 aligncenter\" src=\"https:\/\/keluvo.com\/template\/wp-content\/uploads\/sites\/5\/2025\/07\/S43b8ae5dbcb1487e8a5514bd9a2eed50q.jpg_960x960q75.jpg_.avif\" alt=\"\" \/><\/p>\n<h2 style=\"text-align: center;\" data-start=\"753\" data-end=\"772\">\ud83e\udded Hur Man Anv\u00e4nder<\/h2>\n<ol data-start=\"773\" data-end=\"1052\">\n<li data-start=\"773\" data-end=\"826\">\n<p data-start=\"776\" data-end=\"826\">F\u00e4st luftfr\u00e4scharen p\u00e5 bilens luftventil<\/p>\n<\/li>\n<li data-start=\"827\" data-end=\"876\">\n<p data-start=\"830\" data-end=\"876\">Tills\u00e4tt 10 ml parfymolja i p\u00e5fyllningsbeh\u00e5llaren.<\/p>\n<\/li>\n<li data-start=\"877\" data-end=\"936\">\n<p data-start=\"880\" data-end=\"936\">Enheten sl\u00e5s p\u00e5 automatiskt n\u00e4r bilen startar.<\/p>\n<\/li>\n<li data-start=\"937\" data-end=\"1004\">\n<p data-start=\"940\" data-end=\"1004\">Tryck p\u00e5 knappen f\u00f6r att v\u00e4xla mellan doftintensitetsniv\u00e5erna.<\/p>\n<\/li>\n<li data-start=\"1005\" data-end=\"1052\">\n<p data-start=\"1008\" data-end=\"1052\">Enheten st\u00e4ngs av n\u00e4r bilen st\u00e4ngs av.<\/p>\n<\/li>\n<\/ol>\n<h2 style=\"text-align: center;\" data-start=\"1059\" data-end=\"1083\">\ud83d\udccf Produktdetaljer<\/h2>\n<ul data-start=\"1084\" data-end=\"1297\">\n<li data-start=\"1084\" data-end=\"1122\">\n<p data-start=\"1086\" data-end=\"1122\">Material: Aluminiumlegering + PC + PP<\/p>\n<\/li>\n<li data-start=\"1123\" data-end=\"1169\">\n<p data-start=\"1125\" data-end=\"1169\">Storlek: 60 x 53 x 44 mm<\/p>\n<\/li>\n<li data-start=\"1170\" data-end=\"1189\">\n<p data-start=\"1172\" data-end=\"1189\">Nettovikt: 35g<\/p>\n<\/li>\n<li data-start=\"1190\" data-end=\"1218\">\n<p data-start=\"1192\" data-end=\"1218\">Batterikapacitet: 116mAh<\/p>\n<\/li>\n<li data-start=\"1219\" data-end=\"1232\">\n<p data-start=\"1221\" data-end=\"1232\">Effekt: 1W<\/p>\n<\/li>\n<li data-start=\"1233\" data-end=\"1265\">\n<p data-start=\"1235\" data-end=\"1265\">Ekapacitet f\u00f6r essentiell olja: 10ml<\/p>\n<\/li>\n<\/ul>\n<h2 style=\"text-align: center;\" data-start=\"1304\" data-end=\"1329\">\ud83d\udce6 Paketet Inneh\u00e5ller<\/h2>\n<ul data-start=\"1330\" data-end=\"1384\">\n<li data-start=\"1330\" data-end=\"1360\">\n<p data-start=\"1332\" data-end=\"1360\">1x luftfuktare f\u00f6r bil<\/p>\n<\/li>\n<li data-start=\"1361\" data-end=\"1384\">\n<p data-start=\"1363\" data-end=\"1384\">1x 10ml oljeparfym.<\/p>\n<\/li>\n<\/ul>\n","protected":false},"excerpt":{"rendered":"<p>\ud83d\ude97H\u00e5ll Din Bil Doftande Fr\u00e4sch Med Denna Smarta Ultraljudsluftfr\u00e4schare F\u00f6r Bilar! Denna eleganta och kompakta luftfr\u00e4schare anv\u00e4nder ultraljudsf\u00f6rstoftning f\u00f6r att [&hellip;]<\/p>\n","protected":false},"featured_media":17212,"comment_status":"open","ping_status":"closed","template":"","meta":{"site-sidebar-layout":"default","site-content-layout":"","ast-site-content-layout":"default","site-content-style":"default","site-sidebar-style":"default","ast-global-header-display":"","ast-banner-title-visibility":"","ast-main-header-display":"","ast-hfb-above-header-display":"","ast-hfb-below-header-display":"","ast-hfb-mobile-header-display":"","site-post-title":"","ast-breadcrumbs-content":"","ast-featured-img":"","footer-sml-layout":"","theme-transparent-header-meta":"default","adv-header-id-meta":"","stick-header-meta":"","header-above-stick-meta":"","header-main-stick-meta":"","header-below-stick-meta":"","astra-migrate-meta-layouts":"set","ast-page-background-enabled":"default","ast-page-background-meta":{"desktop":{"background-color":"var(--ast-global-color-4)","background-image":"","background-repeat":"repeat","background-position":"center center","background-size":"auto","background-attachment":"scroll","background-type":"","background-media":"","overlay-type":"","overlay-color":"","overlay-opacity":"","overlay-gradient":""},"tablet":{"background-color":"","background-image":"","background-repeat":"repeat","background-position":"center center","background-size":"auto","background-attachment":"scroll","background-type":"","background-media":"","overlay-type":"","overlay-color":"","overlay-opacity":"","overlay-gradient":""},"mobile":{"background-color":"","background-image":"","background-repeat":"repeat","background-position":"center center","background-size":"auto","background-attachment":"scroll","background-type":"","background-media":"","overlay-type":"","overlay-color":"","overlay-opacity":"","overlay-gradient":""}},"ast-content-background-meta":{"desktop":{"background-color":"var(--ast-global-color-5)","background-image":"","background-repeat":"repeat","background-position":"center center","background-size":"auto","background-attachment":"scroll","background-type":"","background-media":"","overlay-type":"","overlay-color":"","overlay-opacity":"","overlay-gradient":""},"tablet":{"background-color":"var(--ast-global-color-5)","background-image":"","background-repeat":"repeat","background-position":"center center","background-size":"auto","background-attachment":"scroll","background-type":"","background-media":"","overlay-type":"","overlay-color":"","overlay-opacity":"","overlay-gradient":""},"mobile":{"background-color":"var(--ast-global-color-5)","background-image":"","background-repeat":"repeat","background-position":"center center","background-size":"auto","background-attachment":"scroll","background-type":"","background-media":"","overlay-type":"","overlay-color":"","overlay-opacity":"","overlay-gradient":""}}},"product_brand":[],"product_cat":[998],"product_tag":[],"class_list":{"0":"post-17216","1":"product","2":"type-product","3":"status-publish","4":"has-post-thumbnail","6":"product_cat-automotive-products","7":"desktop-align-left","8":"tablet-align-left","9":"mobile-align-left","11":"first","12":"instock","13":"shipping-taxable","14":"purchasable","15":"product-type-simple"},"_links":{"self":[{"href":"https:\/\/keluvo.com\/se\/wp-json\/wp\/v2\/product\/17216","targetHints":{"allow":["GET"]}}],"collection":[{"href":"https:\/\/keluvo.com\/se\/wp-json\/wp\/v2\/product"}],"about":[{"href":"https:\/\/keluvo.com\/se\/wp-json\/wp\/v2\/types\/product"}],"replies":[{"embeddable":true,"href":"https:\/\/keluvo.com\/se\/wp-json\/wp\/v2\/comments?post=17216"}],"wp:featuredmedia":[{"embeddable":true,"href":"https:\/\/keluvo.com\/se\/wp-json\/wp\/v2\/media\/17212"}],"wp:attachment":[{"href":"https:\/\/keluvo.com\/se\/wp-json\/wp\/v2\/media?parent=17216"}],"wp:term":[{"taxonomy":"product_brand","embeddable":true,"href":"https:\/\/keluvo.com\/se\/wp-json\/wp\/v2\/product_brand?post=17216"},{"taxonomy":"product_cat","embeddable":true,"href":"https:\/\/keluvo.com\/se\/wp-json\/wp\/v2\/product_cat?post=17216"},{"taxonomy":"product_tag","embeddable":true,"href":"https:\/\/keluvo.com\/se\/wp-json\/wp\/v2\/product_tag?post=17216"}],"curies":[{"name":"wp","href":"https:\/\/api.w.org\/{rel}","templated":true}]}}